{"id":1055,"date":"2012-07-20T15:39:05","date_gmt":"2012-07-20T13:39:05","guid":{"rendered":"https:\/\/www.luzine-happel.de\/?page_id=1055"},"modified":"2018-03-18T12:46:10","modified_gmt":"2018-03-18T10:46:10","slug":"grundlagen-der-schwalmer-weisstickerei-fur-linkshander","status":"publish","type":"page","link":"https:\/\/www.luzine-happel.de\/?page_id=1055","title":{"rendered":"Grundlagen der Schw\u00e4lmer Wei\u00dfstickerei \u2013 f\u00fcr Linksh\u00e4nder"},"content":{"rendered":"<div class='content-column one_half'><strong><a href=\"https:\/\/www.luzine-happel.de\/wp-content\/uploads\/2012\/07\/Grundlagen_der_Schw\u00e4lmer_Weissstickerei_-_Links011.jpg\"><img loading=\"lazy\" decoding=\"async\" style=\"border:1px solid #000000;float:none;\" class=\"alignleft lupenb\" title=\"Grundlagen der Schw\u00e4lmer Wei\u00dfstickerei \u2013 f\u00fcr Linksh\u00e4nder\" src=\"https:\/\/www.luzine-happel.de\/wp-content\/uploads\/2012\/07\/Grundlagen_der_Schw\u00e4lmer_Weissstickerei_-_Links011-438x619.jpg\" alt=\"Grundlagen der Schw\u00e4lmer Wei\u00dfstickerei \u2013 f\u00fcr Linksh\u00e4nder\" width=\"438\" height=\"619\" \/><\/a><center>Grundlagen der Schw\u00e4lmer Wei\u00dfstickerei \u2013 f\u00fcr Linksh\u00e4nder<\/strong><\/center><br \/><\/div>\n<div class='content-column one_half last_column'><strong>Grundlagen der Schw\u00e4lmer Wei\u00dfstickerei \u2013 f\u00fcr Linksh\u00e4nder<\/strong><br \/>\nLuzine Happel<\/p>\n<ul>\n<li>ausf\u00fchrlich vermittelt durch bebilderte Schritt-f\u00fcr-Schritt-Anleitung<\/li>\n<li>Eigenverlag 2012<\/li>\n<li>Text deutsch<\/li>\n<li>88 Seiten farbig; Ringbindung<\/li>\n<\/ul>\n<p>In letzter Zeit kommen ja &#8211; speziell auf dem englisch-sprachigen Markt &#8211; verst\u00e4rkt Anleitungsb\u00fccher f\u00fcr Linksh\u00e4nder heraus.<br \/>\nBisher war ich immer der Meinung, eine spezielle Ausgabe sei nicht notwendig, weil ein Linksh\u00e4nder auch in der Lage ist, anhand eine Buches f\u00fcr Rechtsh\u00e4nder zu arbeiten. Das ist auch richtig bei einer einzelnen Technik.<br \/>\nIn der Schw\u00e4lmer Wei\u00dfstickerei aber muss jemand eine komplett neue Technik mit einer ganzen Reihe verschiedener Stiche erlernen. Das ist sehr schwierig f\u00fcr einen linksh\u00e4ndigen Stickanf\u00e4nger. (Und ich wei\u00df, dass viele solcher Stickerinnen, die zun\u00e4chst enthusiastisch an die Sache herangegangen waren, entnervt und entt\u00e4uscht aufgegeben haben &#8211; das ist nun nicht mehr n\u00f6tig.)<\/p>\n<p>Begleittext: <a title=\"Grundlagen der Schw\u00e4lmer Wei\u00dfstickerei\" href=\"https:\/\/www.luzine-happel.de\/?page_id=748\">siehe deutsche Ausgabe f\u00fcr Rechtsh\u00e4nder<\/a><br \/>\nEinen Einblick in das Buch kann man nehmen unter <a title=\"Grundlagen der Schw\u00e4lmer Wei\u00dfstickerei \u2013 f\u00fcr Linksh\u00e4nder\" href=\"https:\/\/www.luzine-happel.de\/?page_id=991\">shop<\/a>.<br \/><\/div><div class='clear_column'><\/div>\n","protected":false},"excerpt":{"rendered":"","protected":false},"author":1,"featured_media":0,"parent":55,"menu_order":0,"comment_status":"open","ping_status":"open","template":"page-FullWidth.php","meta":{"inline_featured_image":false,"footnotes":""},"class_list":["post-1055","page","type-page","status-publish","hentry","wpautop"],"yoast_head":"<!-- This site is optimized with the Yoast SEO plugin v27.4 - https:\/\/yoast.com\/product\/yoast-seo-wordpress\/ -->\n<title>Grundlagen der Schw\u00e4lmer Wei\u00dfstickerei \u2013 f\u00fcr Linksh\u00e4nder - Luzine Happel<\/title>\n<meta name=\"robots\" content=\"index, follow, max-snippet:-1, max-image-preview:large, max-video-preview:-1\" \/>\n<link rel=\"canonical\" href=\"https:\/\/www.luzine-happel.de\/?page_id=1055&lang=en\" \/>\n<meta property=\"og:locale\" content=\"de_DE\" \/>\n<meta property=\"og:type\" content=\"article\" \/>\n<meta property=\"og:title\" content=\"Grundlagen der Schw\u00e4lmer Wei\u00dfstickerei \u2013 f\u00fcr Linksh\u00e4nder - Luzine Happel\" \/>\n<meta property=\"og:url\" content=\"https:\/\/www.luzine-happel.de\/?page_id=1055&amp;lang=en\" \/>\n<meta property=\"og:site_name\" content=\"Luzine Happel\" \/>\n<meta property=\"article:modified_time\" content=\"2018-03-18T10:46:10+00:00\" \/>\n<meta property=\"og:image\" content=\"https:\/\/www.luzine-happel.de\/wp-content\/uploads\/2012\/07\/Grundlagen_der_Schw\u00e4lmer_Weissstickerei_-_Links011-438x619.jpg\" \/>\n<meta name=\"twitter:card\" content=\"summary_large_image\" \/>\n<meta name=\"twitter:label1\" content=\"Gesch\u00e4tzte Lesezeit\" \/>\n\t<meta name=\"twitter:data1\" content=\"1\u00a0Minute\" \/>\n<script type=\"application\/ld+json\" class=\"yoast-schema-graph\">{\"@context\":\"https:\\\/\\\/schema.org\",\"@graph\":[{\"@type\":\"WebPage\",\"@id\":\"https:\\\/\\\/www.luzine-happel.de\\\/?page_id=1055&lang=en\",\"url\":\"https:\\\/\\\/www.luzine-happel.de\\\/?page_id=1055&lang=en\",\"name\":\"Grundlagen der Schw\u00e4lmer Wei\u00dfstickerei \u2013 f\u00fcr Linksh\u00e4nder - Luzine Happel\",\"isPartOf\":{\"@id\":\"https:\\\/\\\/www.luzine-happel.de\\\/#website\"},\"datePublished\":\"2012-07-20T13:39:05+00:00\",\"dateModified\":\"2018-03-18T10:46:10+00:00\",\"breadcrumb\":{\"@id\":\"https:\\\/\\\/www.luzine-happel.de\\\/?page_id=1055&lang=en#breadcrumb\"},\"inLanguage\":\"de\",\"potentialAction\":[{\"@type\":\"ReadAction\",\"target\":[\"https:\\\/\\\/www.luzine-happel.de\\\/?page_id=1055&lang=en\"]}]},{\"@type\":\"BreadcrumbList\",\"@id\":\"https:\\\/\\\/www.luzine-happel.de\\\/?page_id=1055&lang=en#breadcrumb\",\"itemListElement\":[{\"@type\":\"ListItem\",\"position\":1,\"name\":\"Startseite\",\"item\":\"https:\\\/\\\/www.luzine-happel.de\\\/\"},{\"@type\":\"ListItem\",\"position\":2,\"name\":\"Library\",\"item\":\"https:\\\/\\\/www.luzine-happel.de\\\/?page_id=55&lang=en\"},{\"@type\":\"ListItem\",\"position\":3,\"name\":\"Grundlagen der Schw\u00e4lmer Wei\u00dfstickerei \u2013 f\u00fcr Linksh\u00e4nder\"}]},{\"@type\":\"WebSite\",\"@id\":\"https:\\\/\\\/www.luzine-happel.de\\\/#website\",\"url\":\"https:\\\/\\\/www.luzine-happel.de\\\/\",\"name\":\"Luzine Happel\",\"description\":\"\",\"potentialAction\":[{\"@type\":\"SearchAction\",\"target\":{\"@type\":\"EntryPoint\",\"urlTemplate\":\"https:\\\/\\\/www.luzine-happel.de\\\/?s={search_term_string}\"},\"query-input\":{\"@type\":\"PropertyValueSpecification\",\"valueRequired\":true,\"valueName\":\"search_term_string\"}}],\"inLanguage\":\"de\"}]}<\/script>\n<!-- \/ Yoast SEO plugin. -->","yoast_head_json":{"title":"Grundlagen der Schw\u00e4lmer Wei\u00dfstickerei \u2013 f\u00fcr Linksh\u00e4nder - Luzine Happel","robots":{"index":"index","follow":"follow","max-snippet":"max-snippet:-1","max-image-preview":"max-image-preview:large","max-video-preview":"max-video-preview:-1"},"canonical":"https:\/\/www.luzine-happel.de\/?page_id=1055&lang=en","og_locale":"de_DE","og_type":"article","og_title":"Grundlagen der Schw\u00e4lmer Wei\u00dfstickerei \u2013 f\u00fcr Linksh\u00e4nder - Luzine Happel","og_url":"https:\/\/www.luzine-happel.de\/?page_id=1055&lang=en","og_site_name":"Luzine Happel","article_modified_time":"2018-03-18T10:46:10+00:00","og_image":[{"url":"https:\/\/www.luzine-happel.de\/wp-content\/uploads\/2012\/07\/Grundlagen_der_Schw\u00e4lmer_Weissstickerei_-_Links011-438x619.jpg","type":"","width":"","height":""}],"twitter_card":"summary_large_image","twitter_misc":{"Gesch\u00e4tzte Lesezeit":"1\u00a0Minute"},"schema":{"@context":"https:\/\/schema.org","@graph":[{"@type":"WebPage","@id":"https:\/\/www.luzine-happel.de\/?page_id=1055&lang=en","url":"https:\/\/www.luzine-happel.de\/?page_id=1055&lang=en","name":"Grundlagen der Schw\u00e4lmer Wei\u00dfstickerei \u2013 f\u00fcr Linksh\u00e4nder - Luzine Happel","isPartOf":{"@id":"https:\/\/www.luzine-happel.de\/#website"},"datePublished":"2012-07-20T13:39:05+00:00","dateModified":"2018-03-18T10:46:10+00:00","breadcrumb":{"@id":"https:\/\/www.luzine-happel.de\/?page_id=1055&lang=en#breadcrumb"},"inLanguage":"de","potentialAction":[{"@type":"ReadAction","target":["https:\/\/www.luzine-happel.de\/?page_id=1055&lang=en"]}]},{"@type":"BreadcrumbList","@id":"https:\/\/www.luzine-happel.de\/?page_id=1055&lang=en#breadcrumb","itemListElement":[{"@type":"ListItem","position":1,"name":"Startseite","item":"https:\/\/www.luzine-happel.de\/"},{"@type":"ListItem","position":2,"name":"Library","item":"https:\/\/www.luzine-happel.de\/?page_id=55&lang=en"},{"@type":"ListItem","position":3,"name":"Grundlagen der Schw\u00e4lmer Wei\u00dfstickerei \u2013 f\u00fcr Linksh\u00e4nder"}]},{"@type":"WebSite","@id":"https:\/\/www.luzine-happel.de\/#website","url":"https:\/\/www.luzine-happel.de\/","name":"Luzine Happel","description":"","potentialAction":[{"@type":"SearchAction","target":{"@type":"EntryPoint","urlTemplate":"https:\/\/www.luzine-happel.de\/?s={search_term_string}"},"query-input":{"@type":"PropertyValueSpecification","valueRequired":true,"valueName":"search_term_string"}}],"inLanguage":"de"}]}},"_links":{"self":[{"href":"https:\/\/www.luzine-happel.de\/index.php?rest_route=\/wp\/v2\/pages\/1055","targetHints":{"allow":["GET"]}}],"collection":[{"href":"https:\/\/www.luzine-happel.de\/index.php?rest_route=\/wp\/v2\/pages"}],"about":[{"href":"https:\/\/www.luzine-happel.de\/index.php?rest_route=\/wp\/v2\/types\/page"}],"author":[{"embeddable":true,"href":"https:\/\/www.luzine-happel.de\/index.php?rest_route=\/wp\/v2\/users\/1"}],"replies":[{"embeddable":true,"href":"https:\/\/www.luzine-happel.de\/index.php?rest_route=%2Fwp%2Fv2%2Fcomments&post=1055"}],"version-history":[{"count":1,"href":"https:\/\/www.luzine-happel.de\/index.php?rest_route=\/wp\/v2\/pages\/1055\/revisions"}],"predecessor-version":[{"id":11206,"href":"https:\/\/www.luzine-happel.de\/index.php?rest_route=\/wp\/v2\/pages\/1055\/revisions\/11206"}],"up":[{"embeddable":true,"href":"https:\/\/www.luzine-happel.de\/index.php?rest_route=\/wp\/v2\/pages\/55"}],"wp:attachment":[{"href":"https:\/\/www.luzine-happel.de\/index.php?rest_route=%2Fwp%2Fv2%2Fmedia&parent=1055"}],"curies":[{"name":"wp","href":"https:\/\/api.w.org\/{rel}","templated":true}]}}