{"id":1063,"date":"2012-07-20T15:49:49","date_gmt":"2012-07-20T13:49:49","guid":{"rendered":"https:\/\/www.luzine-happel.de\/?page_id=1063"},"modified":"2018-03-18T12:45:49","modified_gmt":"2018-03-18T10:45:49","slug":"les-bases-de-la-broderie-de-schwalm-decrit-pour-les-gaucheres","status":"publish","type":"page","link":"https:\/\/www.luzine-happel.de\/?page_id=1063","title":{"rendered":"Les Bases de la Broderie de Schwalm \u2013 d\u00e9crit pour les gauch\u00e8res"},"content":{"rendered":"<div class='content-column one_half'><a href=\"https:\/\/www.luzine-happel.de\/wp-content\/uploads\/2012\/07\/LES_BASES_DE_LA_BRODERIE_DE_SCHWALM_-_links011.jpg\"><img loading=\"lazy\" decoding=\"async\" style=\"border:1px solid #000000;float:none;\" class=\"alignleft lupenb\" title=\"Les Bases de la Broderie de Schwalm \u2013 d\u00e9crit pour les gauch\u00e8res\" src=\"https:\/\/www.luzine-happel.de\/wp-content\/uploads\/2012\/07\/LES_BASES_DE_LA_BRODERIE_DE_SCHWALM_-_links011-438x619.jpg\" alt=\"Les Bases de la Broderie de Schwalm \u2013 d\u00e9crit pour les gauch\u00e8res\" width=\"438\" height=\"619\" \/><\/a><center><strong>Les Bases de la Broderie de Schwalm \u2013 d\u00e9crit pour les gauch\u00e8res<\/strong><\/center><br \/><\/div>\n<div class='content-column one_half last_column'><strong>Les Bases de la Broderie de Schwalm \u2013 d\u00e9crit pour les gauch\u00e8res<\/strong><br \/>\nLuzine Happel<\/p>\n<p>Franz\u00f6sische Ausgabe von \u201eGrundlagen der Schw\u00e4lmer Wei\u00dfstickerei \u2013 f\u00fcr Linksh\u00e4nder<\/p>\n<ul>\n<li>Eigenverlag 2012<\/li>\n<li>Text franz\u00f6sisch<\/li>\n<li>88 Seiten farbig; Ringbindung<\/li>\n<\/ul>\n<p>Begleittext: <a title=\"Grundlagen der Schw\u00e4lmer Wei\u00dfstickerei\" href=\"https:\/\/www.luzine-happel.de\/?page_id=748\">siehe deutsche Ausgabe<\/a><br \/>\nEinen Einblick in das Buch kann man nehmen unter <a title=\"LES BASES DE LA BRODERIE DE SCHWALM \u2013 f\u00fcr Linksh\u00e4nder\" href=\"https:\/\/www.luzine-happel.de\/?page_id=1002\">shop<\/a>.<br \/><\/div><div class='clear_column'><\/div>","protected":false},"excerpt":{"rendered":"","protected":false},"author":1,"featured_media":0,"parent":55,"menu_order":0,"comment_status":"open","ping_status":"open","template":"page-FullWidth.php","meta":{"inline_featured_image":false,"footnotes":""},"class_list":["post-1063","page","type-page","status-publish","hentry","wpautop"],"yoast_head":"<!-- This site is optimized with the Yoast SEO plugin v27.4 - https:\/\/yoast.com\/product\/yoast-seo-wordpress\/ -->\n<title>Les Bases de la Broderie de Schwalm \u2013 d\u00e9crit pour les gauch\u00e8res - Luzine Happel<\/title>\n<meta name=\"robots\" content=\"index, follow, max-snippet:-1, max-image-preview:large, max-video-preview:-1\" \/>\n<link rel=\"canonical\" href=\"https:\/\/www.luzine-happel.de\/?page_id=1063&lang=en\" \/>\n<meta property=\"og:locale\" content=\"de_DE\" \/>\n<meta property=\"og:type\" content=\"article\" \/>\n<meta property=\"og:title\" content=\"Les Bases de la Broderie de Schwalm \u2013 d\u00e9crit pour les gauch\u00e8res - Luzine Happel\" \/>\n<meta property=\"og:url\" content=\"https:\/\/www.luzine-happel.de\/?page_id=1063&amp;lang=en\" \/>\n<meta property=\"og:site_name\" content=\"Luzine Happel\" \/>\n<meta property=\"article:modified_time\" content=\"2018-03-18T10:45:49+00:00\" \/>\n<meta property=\"og:image\" content=\"https:\/\/www.luzine-happel.de\/wp-content\/uploads\/2012\/07\/LES_BASES_DE_LA_BRODERIE_DE_SCHWALM_-_links011-438x619.jpg\" \/>\n<meta name=\"twitter:card\" content=\"summary_large_image\" \/>\n<meta name=\"twitter:label1\" content=\"Gesch\u00e4tzte Lesezeit\" \/>\n\t<meta name=\"twitter:data1\" content=\"1\u00a0Minute\" \/>\n<script type=\"application\/ld+json\" class=\"yoast-schema-graph\">{\"@context\":\"https:\\\/\\\/schema.org\",\"@graph\":[{\"@type\":\"WebPage\",\"@id\":\"https:\\\/\\\/www.luzine-happel.de\\\/?page_id=1063&lang=en\",\"url\":\"https:\\\/\\\/www.luzine-happel.de\\\/?page_id=1063&lang=en\",\"name\":\"Les Bases de la Broderie de Schwalm \u2013 d\u00e9crit pour les gauch\u00e8res - Luzine Happel\",\"isPartOf\":{\"@id\":\"https:\\\/\\\/www.luzine-happel.de\\\/#website\"},\"primaryImageOfPage\":{\"@id\":\"https:\\\/\\\/www.luzine-happel.de\\\/?page_id=1063&lang=en#primaryimage\"},\"image\":{\"@id\":\"https:\\\/\\\/www.luzine-happel.de\\\/?page_id=1063&lang=en#primaryimage\"},\"thumbnailUrl\":\"https:\\\/\\\/www.luzine-happel.de\\\/wp-content\\\/uploads\\\/2012\\\/07\\\/LES_BASES_DE_LA_BRODERIE_DE_SCHWALM_-_links011-438x619.jpg\",\"datePublished\":\"2012-07-20T13:49:49+00:00\",\"dateModified\":\"2018-03-18T10:45:49+00:00\",\"breadcrumb\":{\"@id\":\"https:\\\/\\\/www.luzine-happel.de\\\/?page_id=1063&lang=en#breadcrumb\"},\"inLanguage\":\"de\",\"potentialAction\":[{\"@type\":\"ReadAction\",\"target\":[\"https:\\\/\\\/www.luzine-happel.de\\\/?page_id=1063&lang=en\"]}]},{\"@type\":\"ImageObject\",\"inLanguage\":\"de\",\"@id\":\"https:\\\/\\\/www.luzine-happel.de\\\/?page_id=1063&lang=en#primaryimage\",\"url\":\"https:\\\/\\\/www.luzine-happel.de\\\/wp-content\\\/uploads\\\/2012\\\/07\\\/LES_BASES_DE_LA_BRODERIE_DE_SCHWALM_-_links011.jpg\",\"contentUrl\":\"https:\\\/\\\/www.luzine-happel.de\\\/wp-content\\\/uploads\\\/2012\\\/07\\\/LES_BASES_DE_LA_BRODERIE_DE_SCHWALM_-_links011.jpg\",\"width\":\"1240\",\"height\":\"1754\",\"caption\":\"Les Bases de la Broderie de Schwalm \u2013 d\u00e9crit pour les gauch\u00e8res Luzine Happel Seite \u00f6ffnen\"},{\"@type\":\"BreadcrumbList\",\"@id\":\"https:\\\/\\\/www.luzine-happel.de\\\/?page_id=1063&lang=en#breadcrumb\",\"itemListElement\":[{\"@type\":\"ListItem\",\"position\":1,\"name\":\"Startseite\",\"item\":\"https:\\\/\\\/www.luzine-happel.de\\\/\"},{\"@type\":\"ListItem\",\"position\":2,\"name\":\"Library\",\"item\":\"https:\\\/\\\/www.luzine-happel.de\\\/?page_id=55&lang=en\"},{\"@type\":\"ListItem\",\"position\":3,\"name\":\"Les Bases de la Broderie de Schwalm \u2013 d\u00e9crit pour les gauch\u00e8res\"}]},{\"@type\":\"WebSite\",\"@id\":\"https:\\\/\\\/www.luzine-happel.de\\\/#website\",\"url\":\"https:\\\/\\\/www.luzine-happel.de\\\/\",\"name\":\"Luzine Happel\",\"description\":\"\",\"potentialAction\":[{\"@type\":\"SearchAction\",\"target\":{\"@type\":\"EntryPoint\",\"urlTemplate\":\"https:\\\/\\\/www.luzine-happel.de\\\/?s={search_term_string}\"},\"query-input\":{\"@type\":\"PropertyValueSpecification\",\"valueRequired\":true,\"valueName\":\"search_term_string\"}}],\"inLanguage\":\"de\"}]}<\/script>\n<!-- \/ Yoast SEO plugin. -->","yoast_head_json":{"title":"Les Bases de la Broderie de Schwalm \u2013 d\u00e9crit pour les gauch\u00e8res - Luzine Happel","robots":{"index":"index","follow":"follow","max-snippet":"max-snippet:-1","max-image-preview":"max-image-preview:large","max-video-preview":"max-video-preview:-1"},"canonical":"https:\/\/www.luzine-happel.de\/?page_id=1063&lang=en","og_locale":"de_DE","og_type":"article","og_title":"Les Bases de la Broderie de Schwalm \u2013 d\u00e9crit pour les gauch\u00e8res - Luzine Happel","og_url":"https:\/\/www.luzine-happel.de\/?page_id=1063&lang=en","og_site_name":"Luzine Happel","article_modified_time":"2018-03-18T10:45:49+00:00","og_image":[{"url":"https:\/\/www.luzine-happel.de\/wp-content\/uploads\/2012\/07\/LES_BASES_DE_LA_BRODERIE_DE_SCHWALM_-_links011-438x619.jpg","type":"","width":"","height":""}],"twitter_card":"summary_large_image","twitter_misc":{"Gesch\u00e4tzte Lesezeit":"1\u00a0Minute"},"schema":{"@context":"https:\/\/schema.org","@graph":[{"@type":"WebPage","@id":"https:\/\/www.luzine-happel.de\/?page_id=1063&lang=en","url":"https:\/\/www.luzine-happel.de\/?page_id=1063&lang=en","name":"Les Bases de la Broderie de Schwalm \u2013 d\u00e9crit pour les gauch\u00e8res - Luzine Happel","isPartOf":{"@id":"https:\/\/www.luzine-happel.de\/#website"},"primaryImageOfPage":{"@id":"https:\/\/www.luzine-happel.de\/?page_id=1063&lang=en#primaryimage"},"image":{"@id":"https:\/\/www.luzine-happel.de\/?page_id=1063&lang=en#primaryimage"},"thumbnailUrl":"https:\/\/www.luzine-happel.de\/wp-content\/uploads\/2012\/07\/LES_BASES_DE_LA_BRODERIE_DE_SCHWALM_-_links011-438x619.jpg","datePublished":"2012-07-20T13:49:49+00:00","dateModified":"2018-03-18T10:45:49+00:00","breadcrumb":{"@id":"https:\/\/www.luzine-happel.de\/?page_id=1063&lang=en#breadcrumb"},"inLanguage":"de","potentialAction":[{"@type":"ReadAction","target":["https:\/\/www.luzine-happel.de\/?page_id=1063&lang=en"]}]},{"@type":"ImageObject","inLanguage":"de","@id":"https:\/\/www.luzine-happel.de\/?page_id=1063&lang=en#primaryimage","url":"https:\/\/www.luzine-happel.de\/wp-content\/uploads\/2012\/07\/LES_BASES_DE_LA_BRODERIE_DE_SCHWALM_-_links011.jpg","contentUrl":"https:\/\/www.luzine-happel.de\/wp-content\/uploads\/2012\/07\/LES_BASES_DE_LA_BRODERIE_DE_SCHWALM_-_links011.jpg","width":"1240","height":"1754","caption":"Les Bases de la Broderie de Schwalm \u2013 d\u00e9crit pour les gauch\u00e8res Luzine Happel Seite \u00f6ffnen"},{"@type":"BreadcrumbList","@id":"https:\/\/www.luzine-happel.de\/?page_id=1063&lang=en#breadcrumb","itemListElement":[{"@type":"ListItem","position":1,"name":"Startseite","item":"https:\/\/www.luzine-happel.de\/"},{"@type":"ListItem","position":2,"name":"Library","item":"https:\/\/www.luzine-happel.de\/?page_id=55&lang=en"},{"@type":"ListItem","position":3,"name":"Les Bases de la Broderie de Schwalm \u2013 d\u00e9crit pour les gauch\u00e8res"}]},{"@type":"WebSite","@id":"https:\/\/www.luzine-happel.de\/#website","url":"https:\/\/www.luzine-happel.de\/","name":"Luzine Happel","description":"","potentialAction":[{"@type":"SearchAction","target":{"@type":"EntryPoint","urlTemplate":"https:\/\/www.luzine-happel.de\/?s={search_term_string}"},"query-input":{"@type":"PropertyValueSpecification","valueRequired":true,"valueName":"search_term_string"}}],"inLanguage":"de"}]}},"_links":{"self":[{"href":"https:\/\/www.luzine-happel.de\/index.php?rest_route=\/wp\/v2\/pages\/1063","targetHints":{"allow":["GET"]}}],"collection":[{"href":"https:\/\/www.luzine-happel.de\/index.php?rest_route=\/wp\/v2\/pages"}],"about":[{"href":"https:\/\/www.luzine-happel.de\/index.php?rest_route=\/wp\/v2\/types\/page"}],"author":[{"embeddable":true,"href":"https:\/\/www.luzine-happel.de\/index.php?rest_route=\/wp\/v2\/users\/1"}],"replies":[{"embeddable":true,"href":"https:\/\/www.luzine-happel.de\/index.php?rest_route=%2Fwp%2Fv2%2Fcomments&post=1063"}],"version-history":[{"count":1,"href":"https:\/\/www.luzine-happel.de\/index.php?rest_route=\/wp\/v2\/pages\/1063\/revisions"}],"predecessor-version":[{"id":11201,"href":"https:\/\/www.luzine-happel.de\/index.php?rest_route=\/wp\/v2\/pages\/1063\/revisions\/11201"}],"up":[{"embeddable":true,"href":"https:\/\/www.luzine-happel.de\/index.php?rest_route=\/wp\/v2\/pages\/55"}],"wp:attachment":[{"href":"https:\/\/www.luzine-happel.de\/index.php?rest_route=%2Fwp%2Fv2%2Fmedia&parent=1063"}],"curies":[{"name":"wp","href":"https:\/\/api.w.org\/{rel}","templated":true}]}}