{"id":13,"date":"2012-06-16T11:57:36","date_gmt":"2012-06-16T11:57:36","guid":{"rendered":""},"modified":"2023-08-22T07:55:26","modified_gmt":"2023-08-22T05:55:26","slug":"versandkosten","status":"publish","type":"page","link":"https:\/\/www.luzine-happel.de\/?page_id=13","title":{"rendered":"Versandkosten"},"content":{"rendered":"<strong>Versandkosten:<\/strong><br \/>\nInnerhalb Deutschlands versende ich als Gro\u00df- (bis 500 g) oder Maxibrief (bis 1000 g) mit der Deutschen Post; bei gr\u00f6\u00dferen Bestellungen versende ich per DHL Paketdienst. Au\u00dferhalb Deutschlands versende ich mit &#8222;DHL Paket international&#8220;.<br \/>\nBei Mehrfachbestellungen bin ich immer bem\u00fcht, die Versandkosten so gering wie m\u00f6glich zu halten, indem ich die Gewichtsgrenzen so gut wie m\u00f6glich ausnutze. (Gewichte der einzelnen Titel siehe unten.)<br \/>\nBei gro\u00dfen Bestellungen treten Sie bitte mit mir pers\u00f6nlich in Kontakt.<br \/>\nDie Versandkosten werden je nach L\u00e4nderwahl und Menge\/bzw. Gewicht der bestellten B\u00fccher zugeteilt:<\/p>\n<p><strong>Deutschland:<\/strong><\/p>\n<table>\n<tbody>\n<tr>\n<td width=\"80px\">Anzahl<\/td>\n<td width=\"20px\">:<\/td>\n<td>Preis in EURO inklusive 7 % Mehrwertsteuer<\/td>\n<\/tr>\n<tr>\n<td>1<\/td>\n<td>:<\/td>\n<td>1,71<\/td>\n<\/tr>\n<tr>\n<td>2<\/td>\n<td>:<\/td>\n<td>2,94<\/td>\n<\/tr>\n<\/tbody>\n<\/table>\n<p><strong>EU:<\/strong><\/p>\n<table>\n<tbody>\n<tr>\n<td width=\"80px\">Anzahl<\/td>\n<td width=\"20px\">:<\/td>\n<td>Preis in EURO inklusive 7 % Mehrwertsteuer<\/td>\n<\/tr>\n<tr>\n<td>1<\/td>\n<td>:<\/td>\n<td>6,94 ohne Sendungsnummer<\/td>\n<\/tr>\n<tr>\n<td>1<\/td>\n<td>:<\/td>\n<td>9,62 mit Sendungsnummer<\/td>\n<\/tr>\n<tr>\n<td>2<\/td>\n<td>:<\/td>\n<td>6,94 ohne Sendungsnummer<\/td>\n<\/tr>\n<tr>\n<td>2<\/td>\n<td>:<\/td>\n<td>9,62 mit Sendungsnummer<\/td>\n<\/tr>\n<tr>\n<td>3<\/td>\n<td>:<\/td>\n<td>6,94 ohne Sendungsnummer<\/td>\n<\/tr>\n<tr>\n<td>3<\/td>\n<td>:<\/td>\n<td>9,62 mit Sendungsnummer<\/td>\n<\/tr>\n<\/tbody>\n<\/table>\n<p><strong>World:<\/strong><\/p>\n<table>\n<tbody>\n<tr>\n<td width=\"80px\">Anzahl<\/td>\n<td width=\"20px\">:<\/td>\n<td>Preis in EURO inklusive 7 % Mehrwertsteuer<\/td>\n<\/tr>\n<tr>\n<td>1<\/td>\n<td>:<\/td>\n<td>11,99 ohne Sendungsnummer<\/td>\n<\/tr>\n<tr>\n<td>1<\/td>\n<td>:<\/td>\n<td>15,99 mit Sendungsnummer<\/td>\n<\/tr>\n<tr>\n<td>2<\/td>\n<td>:<\/td>\n<td>11,99 ohne Sendungsnummer<\/td>\n<\/tr>\n<tr>\n<td>2<\/td>\n<td>:<\/td>\n<td>15,99 mit Sendungsnummer<\/td>\n<\/tr>\n<tr>\n<td>3<\/td>\n<td>:<\/td>\n<td>11,99 ohne Sendungsnummer<\/td>\n<\/tr>\n<tr>\n<td>3<\/td>\n<td>:<\/td>\n<td>15,99 mit Sendungsnummer<\/td>\n<\/tr>\n<\/tbody>\n<\/table>\n<p><strong>Gewichte :<\/strong><\/p>\n<table>\n<tbody>\n<tr>\n<td width=\"300px\"><\/td>\n<td width=\"20px\">:<\/td>\n<td>ca. Gewicht in Gramm<\/td>\n<\/tr>\n<tr>\n<td><strong>Umschlag-Verpackung<\/strong><\/td>\n<td>:<\/td>\n<td>90<\/td>\n<\/tr>\n<tr>\n<td width=\"150px\">Titel<\/td>\n<tr>\n<td>Lektion #1<\/td>\n<td>:<\/td>\n<td>220<\/td>\n<\/tr>\n<tr>\n<td>Lesson #1<\/td>\n<td>:<\/td>\n<td>220<\/td>\n<\/tr>\n<tr>\n<td>Lektion #2<\/td>\n<td>:<\/td>\n<td>335<\/td>\n<\/tr>\n<tr>\n<td>Lesson #2<\/td>\n<td>:<\/td>\n<td>335<\/td>\n<\/tr>\n<tr>\n<td>Lektion #3<\/td>\n<td>:<\/td>\n<td>138<\/td>\n<\/tr>\n<tr>\n<td>Lesson #3<\/td>\n<td>:<\/td>\n<td>138<\/td>\n<\/tr>\n<tr>\n<td>Lektion #4<\/td>\n<td>:<\/td>\n<td>200<\/td>\n<\/tr>\n<tr>\n<td>Lesson #4<\/td>\n<td>:<\/td>\n<td>200<\/td>\n<\/tr>\n<tr>\n<td>Materialpackung #1<\/td>\n<td>:<\/td>\n<td>220<\/td>\n<\/tr>\n<tr>\n<td>Kit #1<\/td>\n<td>:<\/td>\n<td>200<\/td>\n<\/tr>\n<tr>\n<td>Materialpackung #2 A<\/td>\n<td>:<\/td>\n<td>130<\/td>\n<\/tr>\n<tr>\n<td>Kit #2 A<\/td>\n<td>:<\/td>\n<td>130<\/td>\n<\/tr>\n<tr>\n<td>Materialpackung #2 B<\/td>\n<td>:<\/td>\n<td>158<\/td>\n<\/tr>\n<tr>\n<td>Kit #2 B<\/td>\n<td>:<\/td>\n<td>158<\/td>\n<\/tr>\n<tr>\n<td>Materialpackung #4<\/td>\n<td>:<\/td>\n<td>140<\/td>\n<\/tr>\n<tr>\n<td>Kit #4<\/td>\n<td>:<\/td>\n<td>140<\/td>\n<\/tr>\n<tr>\n<td>Grundlagen der Schw\u00e4lmer Wei\u00dfstickerei<\/td>\n<td>:<\/td>\n<td>330<\/td>\n<\/tr>\n<tr>\n<td>Basic Principles of Schwalm Whitework<\/td>\n<td>:<\/td>\n<td>330<\/td>\n<\/tr>\n<tr>\n<td>Les Bases de la Broderie de Schwalm<\/td>\n<td>:<\/td>\n<td>330<\/td>\n<\/tr>\n<tr>\n<td>Randabschl\u00fcsse<\/td>\n<td>:<\/td>\n<td>390<\/td>\n<\/tr>\n<tr>\n<td>Fancy Hems<\/td>\n<td>:<\/td>\n<td>350<\/td>\n<\/tr>\n<tr>\n<td>Finitions et Bordures<\/td>\n<td>:<\/td>\n<td>326<\/td>\n<\/tr>\n<tr>\n<td>Fr\u00fche Schw\u00e4lmer Wei\u00dfstickerei<\/td>\n<td>:<\/td>\n<td>415<\/td>\n<\/tr>\n<tr>\n<td>Early Schwalm Whitework<\/td>\n<td>:<\/td>\n<td>415<\/td>\n<\/tr>\n<tr>\n<td>La Broderie des Schwalm Ancienne<\/td>\n<td>:<\/td>\n<td>415<\/td>\n<\/tr>\n<tr>\n<td>Mustert\u00fccher `Lichte Muster\u00b4<\/td>\n<td>:<\/td>\n<td>385<\/td>\n<\/tr>\n<tr>\n<td>Openwork Pattern Samplers<\/td>\n<td>:<\/td>\n<td>385<\/td>\n<\/tr>\n<tr>\n<td>Samplers<\/td>\n<td>:<\/td>\n<td>385<\/td>\n<\/tr>\n<tr>\n<td>Stickereien<\/td>\n<td>:<\/td>\n<td>320<\/td>\n<\/tr>\n<tr>\n<td>Stickereien &#8211; englisch<\/td>\n<td>:<\/td>\n<td>320<\/td>\n<\/tr>\n<tr>\n<td>Wickelstiche<\/td>\n<td>:<\/td>\n<td>426<\/td>\n<\/tr>\n<tr>\n<td>Wickelstiche + englisches Leaflet<\/td>\n<td>:<\/td>\n<td>494<\/td>\n<\/tr>\n<tr>\n<td>Wickelstiche + franz\u00f6sisches Tableau<\/td>\n<td>:<\/td>\n<td>481<\/td>\n<\/tr>\n<tr>\n<td>Limetrosen I<\/td>\n<td>:<\/td>\n<td>332<\/td>\n<\/tr>\n<tr>\n<td>Limetrosen I &#8211; englisch<\/td>\n<td>:<\/td>\n<td>332<\/td>\n<\/tr>\n<tr>\n<td>Limetrosen II<\/td>\n<td>:<\/td>\n<td>324<\/td>\n<\/tr>\n<tr>\n<td>Limetrosen II &#8211; farnz\u00f6sisch<\/td>\n<td>:<\/td>\n<td>324<\/td>\n<\/tr>\n<tr>\n<td>Lichte Muster `Stopfstiche\u00b4<\/td>\n<td>:<\/td>\n<td>355<\/td>\n<\/tr>\n<tr>\n<td>Openwork Needleweaving Patterns<\/td>\n<td>:<\/td>\n<td>355<\/td>\n<\/tr>\n<tr>\n<td>Sterne<\/td>\n<td>:<\/td>\n<td>378<\/td>\n<\/tr>\n<tr>\n<td>Stars<\/td>\n<td>:<\/td>\n<td>378<\/td>\n<\/tr>\n<tr>\n<td>Etoiles<\/td>\n<td>:<\/td>\n<td>378<\/td>\n<\/tr>\n<tr>\n<td>Randabschl\u00fcsse<\/td>\n<td>:<\/td>\n<td>390<\/td>\n<\/tr>\n<tr>\n<td>Fancy Hems<\/td>\n<td>:<\/td>\n<td>350<\/td>\n<\/tr>\n<tr>\n<td>Finitions et Bordures<\/td>\n<td>:<\/td>\n<td>326<\/td>\n<\/tr>\n<tr>\n<td>Schw\u00e4lmer Kronen<\/td>\n<td>:<\/td>\n<td>365<\/td>\n<\/tr>\n<tr>\n<td>Schwalm Crowns<\/td>\n<td>:<\/td>\n<td>365<\/td>\n<\/tr>\n<tr>\n<td>Couronnes du pay de Schwalm<\/td>\n<td>:<\/td>\n<td>365<\/td>\n<\/tr>\n<tr>\n<td>Pr\u00e4chtige Schw\u00e4lmer Kronen<\/td>\n<td>:<\/td>\n<td>298<\/td>\n<\/tr>\n<tr>\n<td>Grand Schwalm Crowns<\/td>\n<td>:<\/td>\n<td>298<\/td>\n<\/tr>\n<tr>\n<td>Prestigieuses Couronnes de Schwalm<\/td>\n<td>:<\/td>\n<td>298<\/td>\n<\/tr>\n<tr>\n<td>Kust der Schw\u00e4lmer Wei\u00dfstickerei &#8211; Ausstellungskatalog 2011<\/td>\n<td>:<\/td>\n<td>512<\/td>\n<\/tr>\n<tr>\n<td>Dokumentation &#8211; Globales Schw\u00e4lmer Mustertuch<\/td>\n<td>:<\/td>\n<td>520<\/td>\n<\/tr>\n<tr>\n<td>Documentation &#8211; Global Schwalm Sampler<\/td>\n<td>:<\/td>\n<td>520<\/td>\n<\/tr>\n<tr>\n<td>The Art of Schwalm Whitework &#8211; Exhibition Catalogue 2011<\/td>\n<td>:<\/td>\n<td>512<\/td>\n<\/tr>\n<tr>\n<td>Randverzierende Schw\u00e4lmer Nadelspitze<\/td>\n<td>:<\/td>\n<td>214<\/td>\n<\/tr>\n<tr>\n<td>Schwalm Needlelace Edge Decorations<\/td>\n<td>:<\/td>\n<td>214<\/td>\n<\/tr>\n<tr>\n<td>Schw\u00e4lmer Stopfhohls\u00e4ume<\/td>\n<td>:<\/td>\n<td>250<\/td>\n<\/tr>\n<tr>\n<td>Schwalm Needleweaving Bands<\/td>\n<td>:<\/td>\n<td>250<\/td>\n<\/tr>\n<tr>\n<td>Ostereier &#8211; mit Motiven aus der Schw\u00e4lmer Wei\u00dfstickerei in Kratztechnik verziert<\/td>\n<td>:<\/td>\n<td>113<\/td>\n<\/tr>\n<tr>\n<td>Easter Eggs<\/td>\n<td>:<\/td>\n<td>113<\/td>\n<\/tr>\n<tr>\n<td>Bestickte Ostereier<\/td>\n<td>:<\/td>\n<td>139<\/td>\n<\/tr>\n<tr>\n<td>Embroidered Easter Eggs<\/td>\n<td>:<\/td>\n<td>139<\/td>\n<\/tr>\n<tr>\n<td>Engel &#8211; Adventskalender 2018<\/td>\n<td>:<\/td>\n<td>266<\/td>\n<\/tr>\n<\/tbody>\n<\/table>","protected":false},"excerpt":{"rendered":"<p>Versandkosten: Innerhalb Deutschlands versende ich als Gro\u00df- (bis 500 g) oder Maxibrief (bis 1000 g) mit der Deutschen Post; bei gr\u00f6\u00dferen Bestellungen versende ich per DHL Paketdienst. Au\u00dferhalb Deutschlands versende ich mit &#8222;DHL Paket international&#8220;. Bei Mehrfachbestellungen bin ich immer bem\u00fcht, die Versandkosten so gering wie m\u00f6glich zu halten, indem ich die Gewichtsgrenzen so gut wie m\u00f6glich ausnutze. (Gewichte der einzelnen Titel siehe unten.) Bei gro\u00dfen Bestellungen treten Sie bitte mit mir pers\u00f6nlich in Kontakt. Die Versandkosten werden je nach L\u00e4nderwahl und Menge\/bzw. Gewicht der bestellten B\u00fccher zugeteilt: Deutschland: Anzahl : Preis in EURO inklusive 7 % Mehrwertsteuer 1 : 1,71 2 : 2,94 EU: Anzahl : Preis in EURO inklusive 7 % Mehrwertsteuer 1 : 6,94 ohne Sendungsnummer 1 : 9,62 mit Sendungsnummer 2 : 6,94 ohne Sendungsnummer 2 : 9,62 mit Sendungsnummer 3 : 6,94 ohne Sendungsnummer 3 : 9,62 mit Sendungsnummer World: Anzahl : Preis in EURO inklusive 7 % Mehrwertsteuer 1 : 11,99 ohne Sendungsnummer 1 : 15,99 mit Sendungsnummer 2 : 11,99 ohne Sendungsnummer 2 : 15,99 mit Sendungsnummer 3 : 11,99 ohne Sendungsnummer 3 : 15,99 mit Sendungsnummer Gewichte : : ca. Gewicht in Gramm Umschlag-Verpackung : 90 Titel Lektion #1 : 220 Lesson #1 : 220 Lektion #2 : 335 Lesson #2 : 335 Lektion #3 : 138 Lesson #3 : 138 Lektion #4 : 200 Lesson #4 : 200 Materialpackung #1 : 220 Kit #1 : 200 Materialpackung #2 A : 130 Kit #2 A : 130 Materialpackung #2 B : 158 Kit #2 B : 158 Materialpackung #4 : 140 Kit #4 : 140 Grundlagen der Schw\u00e4lmer Wei\u00dfstickerei : 330 Basic Principles of Schwalm Whitework : 330 Les Bases de la Broderie de Schwalm : 330 Randabschl\u00fcsse : 390 Fancy Hems : 350 Finitions et Bordures : 326 Fr\u00fche Schw\u00e4lmer Wei\u00dfstickerei : 415 Early Schwalm Whitework : 415 La Broderie des Schwalm Ancienne : 415 Mustert\u00fccher `Lichte Muster\u00b4 : 385 Openwork Pattern Samplers : 385 Samplers : 385 Stickereien : 320 Stickereien &#8211; englisch : 320 Wickelstiche : 426 Wickelstiche + englisches Leaflet : 494 Wickelstiche + franz\u00f6sisches Tableau : 481 Limetrosen I : 332 Limetrosen I &#8211; englisch : 332 Limetrosen II : 324 Limetrosen II &#8211; farnz\u00f6sisch : 324 Lichte Muster `Stopfstiche\u00b4 : 355 Openwork Needleweaving Patterns : 355 Sterne : 378 Stars : 378 Etoiles : 378 Randabschl\u00fcsse : 390 Fancy Hems : 350 Finitions et Bordures : 326 Schw\u00e4lmer Kronen : 365 Schwalm Crowns : 365 Couronnes du pay de Schwalm : 365 Pr\u00e4chtige Schw\u00e4lmer Kronen : 298 Grand Schwalm Crowns : 298 Prestigieuses Couronnes de Schwalm : 298 Kust der Schw\u00e4lmer Wei\u00dfstickerei &#8211; Ausstellungskatalog 2011 : 512 Dokumentation &#8211; Globales Schw\u00e4lmer Mustertuch : 520 Documentation &#8211; Global Schwalm Sampler : 520 The Art of Schwalm Whitework &#8211; Exhibition Catalogue 2011 : 512 Randverzierende Schw\u00e4lmer Nadelspitze : 214 Schwalm Needlelace Edge Decorations : 214 Schw\u00e4lmer Stopfhohls\u00e4ume : 250 Schwalm Needleweaving Bands : 250 Ostereier &#8211; mit Motiven aus der Schw\u00e4lmer Wei\u00dfstickerei in Kratztechnik verziert : 113 Easter Eggs : 113 Bestickte Ostereier : 139 Embroidered Easter Eggs : 139 Engel &#8211; Adventskalender 2018 : 266<\/p>\n","protected":false},"author":1,"featured_media":0,"parent":57,"menu_order":0,"comment_status":"closed","ping_status":"closed","template":"page-PageTemplate7.php","meta":{"inline_featured_image":false,"footnotes":""},"yoast_head":"<!-- This site is optimized with the Yoast SEO plugin v24.5 - https:\/\/yoast.com\/wordpress\/plugins\/seo\/ -->\n<title>Versandkosten - Luzine Happel<\/title>\n<meta name=\"robots\" content=\"index, follow, max-snippet:-1, max-image-preview:large, max-video-preview:-1\" \/>\n<link rel=\"canonical\" href=\"https:\/\/www.luzine-happel.de\/?page_id=13\" \/>\n<meta property=\"og:locale\" content=\"de_DE\" \/>\n<meta property=\"og:type\" content=\"article\" \/>\n<meta property=\"og:title\" content=\"Versandkosten - Luzine Happel\" \/>\n<meta property=\"og:description\" content=\"Versandkosten: Innerhalb Deutschlands versende ich als Gro\u00df- (bis 500 g) oder Maxibrief (bis 1000 g) mit der Deutschen Post; bei gr\u00f6\u00dferen Bestellungen versende ich per DHL Paketdienst. Au\u00dferhalb Deutschlands versende ich mit &#8222;DHL Paket international&#8220;. Bei Mehrfachbestellungen bin ich immer bem\u00fcht, die Versandkosten so gering wie m\u00f6glich zu halten, indem ich die Gewichtsgrenzen so gut wie m\u00f6glich ausnutze. (Gewichte der einzelnen Titel siehe unten.) Bei gro\u00dfen Bestellungen treten Sie bitte mit mir pers\u00f6nlich in Kontakt. Die Versandkosten werden je nach L\u00e4nderwahl und Menge\/bzw. Gewicht der bestellten B\u00fccher zugeteilt: Deutschland: Anzahl : Preis in EURO inklusive 7 % Mehrwertsteuer 1 : 1,71 2 : 2,94 EU: Anzahl : Preis in EURO inklusive 7 % Mehrwertsteuer 1 : 6,94 ohne Sendungsnummer 1 : 9,62 mit Sendungsnummer 2 : 6,94 ohne Sendungsnummer 2 : 9,62 mit Sendungsnummer 3 : 6,94 ohne Sendungsnummer 3 : 9,62 mit Sendungsnummer World: Anzahl : Preis in EURO inklusive 7 % Mehrwertsteuer 1 : 11,99 ohne Sendungsnummer 1 : 15,99 mit Sendungsnummer 2 : 11,99 ohne Sendungsnummer 2 : 15,99 mit Sendungsnummer 3 : 11,99 ohne Sendungsnummer 3 : 15,99 mit Sendungsnummer Gewichte : : ca. Gewicht in Gramm Umschlag-Verpackung : 90 Titel Lektion #1 : 220 Lesson #1 : 220 Lektion #2 : 335 Lesson #2 : 335 Lektion #3 : 138 Lesson #3 : 138 Lektion #4 : 200 Lesson #4 : 200 Materialpackung #1 : 220 Kit #1 : 200 Materialpackung #2 A : 130 Kit #2 A : 130 Materialpackung #2 B : 158 Kit #2 B : 158 Materialpackung #4 : 140 Kit #4 : 140 Grundlagen der Schw\u00e4lmer Wei\u00dfstickerei : 330 Basic Principles of Schwalm Whitework : 330 Les Bases de la Broderie de Schwalm : 330 Randabschl\u00fcsse : 390 Fancy Hems : 350 Finitions et Bordures : 326 Fr\u00fche Schw\u00e4lmer Wei\u00dfstickerei : 415 Early Schwalm Whitework : 415 La Broderie des Schwalm Ancienne : 415 Mustert\u00fccher `Lichte Muster\u00b4 : 385 Openwork Pattern Samplers : 385 Samplers : 385 Stickereien : 320 Stickereien &#8211; englisch : 320 Wickelstiche : 426 Wickelstiche + englisches Leaflet : 494 Wickelstiche + franz\u00f6sisches Tableau : 481 Limetrosen I : 332 Limetrosen I &#8211; englisch : 332 Limetrosen II : 324 Limetrosen II &#8211; farnz\u00f6sisch : 324 Lichte Muster `Stopfstiche\u00b4 : 355 Openwork Needleweaving Patterns : 355 Sterne : 378 Stars : 378 Etoiles : 378 Randabschl\u00fcsse : 390 Fancy Hems : 350 Finitions et Bordures : 326 Schw\u00e4lmer Kronen : 365 Schwalm Crowns : 365 Couronnes du pay de Schwalm : 365 Pr\u00e4chtige Schw\u00e4lmer Kronen : 298 Grand Schwalm Crowns : 298 Prestigieuses Couronnes de Schwalm : 298 Kust der Schw\u00e4lmer Wei\u00dfstickerei &#8211; Ausstellungskatalog 2011 : 512 Dokumentation &#8211; Globales Schw\u00e4lmer Mustertuch : 520 Documentation &#8211; Global Schwalm Sampler : 520 The Art of Schwalm Whitework &#8211; Exhibition Catalogue 2011 : 512 Randverzierende Schw\u00e4lmer Nadelspitze : 214 Schwalm Needlelace Edge Decorations : 214 Schw\u00e4lmer Stopfhohls\u00e4ume : 250 Schwalm Needleweaving Bands : 250 Ostereier &#8211; mit Motiven aus der Schw\u00e4lmer Wei\u00dfstickerei in Kratztechnik verziert : 113 Easter Eggs : 113 Bestickte Ostereier : 139 Embroidered Easter Eggs : 139 Engel &#8211; Adventskalender 2018 : 266\" \/>\n<meta property=\"og:url\" content=\"https:\/\/www.luzine-happel.de\/?page_id=13\" \/>\n<meta property=\"og:site_name\" content=\"Luzine Happel\" \/>\n<meta property=\"article:modified_time\" content=\"2023-08-22T05:55:26+00:00\" \/>\n<meta name=\"twitter:card\" content=\"summary_large_image\" \/>\n<meta name=\"twitter:label1\" content=\"Gesch\u00e4tzte Lesezeit\" \/>\n\t<meta name=\"twitter:data1\" content=\"5\u00a0Minuten\" \/>\n<script type=\"application\/ld+json\" class=\"yoast-schema-graph\">{\"@context\":\"https:\/\/schema.org\",\"@graph\":[{\"@type\":\"WebPage\",\"@id\":\"https:\/\/www.luzine-happel.de\/?page_id=13\",\"url\":\"https:\/\/www.luzine-happel.de\/?page_id=13\",\"name\":\"Versandkosten - Luzine Happel\",\"isPartOf\":{\"@id\":\"https:\/\/www.luzine-happel.de\/#website\"},\"datePublished\":\"2012-06-16T11:57:36+00:00\",\"dateModified\":\"2023-08-22T05:55:26+00:00\",\"breadcrumb\":{\"@id\":\"https:\/\/www.luzine-happel.de\/?page_id=13#breadcrumb\"},\"inLanguage\":\"de\",\"potentialAction\":[{\"@type\":\"ReadAction\",\"target\":[\"https:\/\/www.luzine-happel.de\/?page_id=13\"]}]},{\"@type\":\"BreadcrumbList\",\"@id\":\"https:\/\/www.luzine-happel.de\/?page_id=13#breadcrumb\",\"itemListElement\":[{\"@type\":\"ListItem\",\"position\":1,\"name\":\"Startseite\",\"item\":\"https:\/\/www.luzine-happel.de\/\"},{\"@type\":\"ListItem\",\"position\":2,\"name\":\"Shop\",\"item\":\"https:\/\/www.luzine-happel.de\/?page_id=57&lang=en\"},{\"@type\":\"ListItem\",\"position\":3,\"name\":\"Versandkosten\"}]},{\"@type\":\"WebSite\",\"@id\":\"https:\/\/www.luzine-happel.de\/#website\",\"url\":\"https:\/\/www.luzine-happel.de\/\",\"name\":\"Luzine Happel\",\"description\":\"\",\"potentialAction\":[{\"@type\":\"SearchAction\",\"target\":{\"@type\":\"EntryPoint\",\"urlTemplate\":\"https:\/\/www.luzine-happel.de\/?s={search_term_string}\"},\"query-input\":{\"@type\":\"PropertyValueSpecification\",\"valueRequired\":true,\"valueName\":\"search_term_string\"}}],\"inLanguage\":\"de\"}]}<\/script>\n<!-- \/ Yoast SEO plugin. -->","yoast_head_json":{"title":"Versandkosten - Luzine Happel","robots":{"index":"index","follow":"follow","max-snippet":"max-snippet:-1","max-image-preview":"max-image-preview:large","max-video-preview":"max-video-preview:-1"},"canonical":"https:\/\/www.luzine-happel.de\/?page_id=13","og_locale":"de_DE","og_type":"article","og_title":"Versandkosten - Luzine Happel","og_description":"Versandkosten: Innerhalb Deutschlands versende ich als Gro\u00df- (bis 500 g) oder Maxibrief (bis 1000 g) mit der Deutschen Post; bei gr\u00f6\u00dferen Bestellungen versende ich per DHL Paketdienst. Au\u00dferhalb Deutschlands versende ich mit &#8222;DHL Paket international&#8220;. Bei Mehrfachbestellungen bin ich immer bem\u00fcht, die Versandkosten so gering wie m\u00f6glich zu halten, indem ich die Gewichtsgrenzen so gut wie m\u00f6glich ausnutze. (Gewichte der einzelnen Titel siehe unten.) Bei gro\u00dfen Bestellungen treten Sie bitte mit mir pers\u00f6nlich in Kontakt. Die Versandkosten werden je nach L\u00e4nderwahl und Menge\/bzw. Gewicht der bestellten B\u00fccher zugeteilt: Deutschland: Anzahl : Preis in EURO inklusive 7 % Mehrwertsteuer 1 : 1,71 2 : 2,94 EU: Anzahl : Preis in EURO inklusive 7 % Mehrwertsteuer 1 : 6,94 ohne Sendungsnummer 1 : 9,62 mit Sendungsnummer 2 : 6,94 ohne Sendungsnummer 2 : 9,62 mit Sendungsnummer 3 : 6,94 ohne Sendungsnummer 3 : 9,62 mit Sendungsnummer World: Anzahl : Preis in EURO inklusive 7 % Mehrwertsteuer 1 : 11,99 ohne Sendungsnummer 1 : 15,99 mit Sendungsnummer 2 : 11,99 ohne Sendungsnummer 2 : 15,99 mit Sendungsnummer 3 : 11,99 ohne Sendungsnummer 3 : 15,99 mit Sendungsnummer Gewichte : : ca. Gewicht in Gramm Umschlag-Verpackung : 90 Titel Lektion #1 : 220 Lesson #1 : 220 Lektion #2 : 335 Lesson #2 : 335 Lektion #3 : 138 Lesson #3 : 138 Lektion #4 : 200 Lesson #4 : 200 Materialpackung #1 : 220 Kit #1 : 200 Materialpackung #2 A : 130 Kit #2 A : 130 Materialpackung #2 B : 158 Kit #2 B : 158 Materialpackung #4 : 140 Kit #4 : 140 Grundlagen der Schw\u00e4lmer Wei\u00dfstickerei : 330 Basic Principles of Schwalm Whitework : 330 Les Bases de la Broderie de Schwalm : 330 Randabschl\u00fcsse : 390 Fancy Hems : 350 Finitions et Bordures : 326 Fr\u00fche Schw\u00e4lmer Wei\u00dfstickerei : 415 Early Schwalm Whitework : 415 La Broderie des Schwalm Ancienne : 415 Mustert\u00fccher `Lichte Muster\u00b4 : 385 Openwork Pattern Samplers : 385 Samplers : 385 Stickereien : 320 Stickereien &#8211; englisch : 320 Wickelstiche : 426 Wickelstiche + englisches Leaflet : 494 Wickelstiche + franz\u00f6sisches Tableau : 481 Limetrosen I : 332 Limetrosen I &#8211; englisch : 332 Limetrosen II : 324 Limetrosen II &#8211; farnz\u00f6sisch : 324 Lichte Muster `Stopfstiche\u00b4 : 355 Openwork Needleweaving Patterns : 355 Sterne : 378 Stars : 378 Etoiles : 378 Randabschl\u00fcsse : 390 Fancy Hems : 350 Finitions et Bordures : 326 Schw\u00e4lmer Kronen : 365 Schwalm Crowns : 365 Couronnes du pay de Schwalm : 365 Pr\u00e4chtige Schw\u00e4lmer Kronen : 298 Grand Schwalm Crowns : 298 Prestigieuses Couronnes de Schwalm : 298 Kust der Schw\u00e4lmer Wei\u00dfstickerei &#8211; Ausstellungskatalog 2011 : 512 Dokumentation &#8211; Globales Schw\u00e4lmer Mustertuch : 520 Documentation &#8211; Global Schwalm Sampler : 520 The Art of Schwalm Whitework &#8211; Exhibition Catalogue 2011 : 512 Randverzierende Schw\u00e4lmer Nadelspitze : 214 Schwalm Needlelace Edge Decorations : 214 Schw\u00e4lmer Stopfhohls\u00e4ume : 250 Schwalm Needleweaving Bands : 250 Ostereier &#8211; mit Motiven aus der Schw\u00e4lmer Wei\u00dfstickerei in Kratztechnik verziert : 113 Easter Eggs : 113 Bestickte Ostereier : 139 Embroidered Easter Eggs : 139 Engel &#8211; Adventskalender 2018 : 266","og_url":"https:\/\/www.luzine-happel.de\/?page_id=13","og_site_name":"Luzine Happel","article_modified_time":"2023-08-22T05:55:26+00:00","twitter_card":"summary_large_image","twitter_misc":{"Gesch\u00e4tzte Lesezeit":"5\u00a0Minuten"},"schema":{"@context":"https:\/\/schema.org","@graph":[{"@type":"WebPage","@id":"https:\/\/www.luzine-happel.de\/?page_id=13","url":"https:\/\/www.luzine-happel.de\/?page_id=13","name":"Versandkosten - Luzine Happel","isPartOf":{"@id":"https:\/\/www.luzine-happel.de\/#website"},"datePublished":"2012-06-16T11:57:36+00:00","dateModified":"2023-08-22T05:55:26+00:00","breadcrumb":{"@id":"https:\/\/www.luzine-happel.de\/?page_id=13#breadcrumb"},"inLanguage":"de","potentialAction":[{"@type":"ReadAction","target":["https:\/\/www.luzine-happel.de\/?page_id=13"]}]},{"@type":"BreadcrumbList","@id":"https:\/\/www.luzine-happel.de\/?page_id=13#breadcrumb","itemListElement":[{"@type":"ListItem","position":1,"name":"Startseite","item":"https:\/\/www.luzine-happel.de\/"},{"@type":"ListItem","position":2,"name":"Shop","item":"https:\/\/www.luzine-happel.de\/?page_id=57&lang=en"},{"@type":"ListItem","position":3,"name":"Versandkosten"}]},{"@type":"WebSite","@id":"https:\/\/www.luzine-happel.de\/#website","url":"https:\/\/www.luzine-happel.de\/","name":"Luzine Happel","description":"","potentialAction":[{"@type":"SearchAction","target":{"@type":"EntryPoint","urlTemplate":"https:\/\/www.luzine-happel.de\/?s={search_term_string}"},"query-input":{"@type":"PropertyValueSpecification","valueRequired":true,"valueName":"search_term_string"}}],"inLanguage":"de"}]}},"_links":{"self":[{"href":"https:\/\/www.luzine-happel.de\/index.php?rest_route=\/wp\/v2\/pages\/13"}],"collection":[{"href":"https:\/\/www.luzine-happel.de\/index.php?rest_route=\/wp\/v2\/pages"}],"about":[{"href":"https:\/\/www.luzine-happel.de\/index.php?rest_route=\/wp\/v2\/types\/page"}],"author":[{"embeddable":true,"href":"https:\/\/www.luzine-happel.de\/index.php?rest_route=\/wp\/v2\/users\/1"}],"replies":[{"embeddable":true,"href":"https:\/\/www.luzine-happel.de\/index.php?rest_route=%2Fwp%2Fv2%2Fcomments&post=13"}],"version-history":[{"count":39,"href":"https:\/\/www.luzine-happel.de\/index.php?rest_route=\/wp\/v2\/pages\/13\/revisions"}],"predecessor-version":[{"id":22567,"href":"https:\/\/www.luzine-happel.de\/index.php?rest_route=\/wp\/v2\/pages\/13\/revisions\/22567"}],"up":[{"embeddable":true,"href":"https:\/\/www.luzine-happel.de\/index.php?rest_route=\/wp\/v2\/pages\/57"}],"wp:attachment":[{"href":"https:\/\/www.luzine-happel.de\/index.php?rest_route=%2Fwp%2Fv2%2Fmedia&parent=13"}],"curies":[{"name":"wp","href":"https:\/\/api.w.org\/{rel}","templated":true}]}}