{"id":14712,"date":"2019-03-10T17:07:19","date_gmt":"2019-03-10T15:07:19","guid":{"rendered":"https:\/\/www.luzine-happel.de\/?page_id=14712"},"modified":"2019-03-10T17:07:19","modified_gmt":"2019-03-10T15:07:19","slug":"kappenbodenlaeufer","status":"publish","type":"page","link":"https:\/\/www.luzine-happel.de\/?page_id=14712","title":{"rendered":"Kappenbodenl\u00e4ufer"},"content":{"rendered":"<p><\/p>\n<div class=\"product-description\" data-name=\"Kappenbodenl\u00e4ufer - download\" data-price=\"12,50\">\n<h3 class=\"product-name\">Kappenbodenl\u00e4ufer &#8211; download<\/h3>\n<div class=\"produktbeschreibung\">\n<p>Konturenmuster<br \/>\nOvale gleicher Gr\u00f6\u00dfe mit Bogenrand in f\u00fcnf verschiedenen, punktsymmetrischen Motiven, dazu f\u00fcnf Bilder mit gestickten Beispielen <\/p>\n<ul>\n<li>10 Seiten <\/li>\n<li>4,32 MB Dateigr\u00f6\u00dfe in 2 pdf-Dateien<\/li>\n<li>Text: deutsch<\/li>\n<\/ul>\n<p>Weitergehende Informationen finden Sie <a href=\"https:\/\/www.luzine-happel.de\/?p=14701\">hier<\/a>.<\/p>\n<\/div>\n<p class=\"produktpreis\">12,50 \u20ac <\/p>\n<p class=\"produktzusatz\">Ohne Steuerausweis gem\u00e4\u00df Kleinunternehmerregelung \u00a7 19 UStG<\/p>\n<p><button class=\"btn btn-danger my-cart-btn luzinebutton\" data-id=\"124\" data-name=\"124 | Kappenbodenl\u00e4ufer - download\" data-summary=\"124 | Kappenbodenl\u00e4ufer - download\" data-price=\"12,50\" data-quantity=\"1\" data-image=\"https:\/\/www.luzine-happel.de\/wp-content\/uploads\/formidable\/21\/Titel_Kappenbodenl\u00e4ufer-198x280.jpg\" data-tax=\"7\">In den Warenkorb<\/button><\/p>\n<\/div>\n<p><\/p>\n<img decoding=\"async\" src=\"https:\/\/www.luzine-happel.de\/wp-content\/uploads\/2019\/03\/Titel_Kappenbodenl\u00e4ufer-724x1024.jpg\" width=\"500\" class=\"alignleft size-bibli_big\" style=\"border:1px solid #000000\"  \/><\/p>","protected":false},"excerpt":{"rendered":"","protected":false},"author":1,"featured_media":0,"parent":57,"menu_order":0,"comment_status":"closed","ping_status":"closed","template":"page-FullWidth.php","meta":{"inline_featured_image":false,"footnotes":""},"yoast_head":"<!-- This site is optimized with the Yoast SEO plugin v24.5 - https:\/\/yoast.com\/wordpress\/plugins\/seo\/ -->\n<title>Kappenbodenl\u00e4ufer - Luzine Happel<\/title>\n<meta name=\"robots\" content=\"index, follow, max-snippet:-1, max-image-preview:large, max-video-preview:-1\" \/>\n<link rel=\"canonical\" href=\"https:\/\/www.luzine-happel.de\/?page_id=14712&lang=en\" \/>\n<meta property=\"og:locale\" content=\"de_DE\" \/>\n<meta property=\"og:type\" content=\"article\" \/>\n<meta property=\"og:title\" content=\"Kappenbodenl\u00e4ufer - Luzine Happel\" \/>\n<meta property=\"og:url\" content=\"https:\/\/www.luzine-happel.de\/?page_id=14712&amp;lang=en\" \/>\n<meta property=\"og:site_name\" content=\"Luzine Happel\" \/>\n<meta property=\"og:image\" content=\"https:\/\/www.luzine-happel.de\/wp-content\/uploads\/2019\/03\/Titel_Kappenbodenl\u00e4ufer-724x1024.jpg\" \/>\n<meta name=\"twitter:card\" content=\"summary_large_image\" \/>\n<script type=\"application\/ld+json\" class=\"yoast-schema-graph\">{\"@context\":\"https:\/\/schema.org\",\"@graph\":[{\"@type\":\"WebPage\",\"@id\":\"https:\/\/www.luzine-happel.de\/?page_id=14712&lang=en\",\"url\":\"https:\/\/www.luzine-happel.de\/?page_id=14712&lang=en\",\"name\":\"Kappenbodenl\u00e4ufer - Luzine Happel\",\"isPartOf\":{\"@id\":\"https:\/\/www.luzine-happel.de\/#website\"},\"datePublished\":\"2019-03-10T15:07:19+00:00\",\"breadcrumb\":{\"@id\":\"https:\/\/www.luzine-happel.de\/?page_id=14712&lang=en#breadcrumb\"},\"inLanguage\":\"de\",\"potentialAction\":[{\"@type\":\"ReadAction\",\"target\":[\"https:\/\/www.luzine-happel.de\/?page_id=14712&lang=en\"]}]},{\"@type\":\"BreadcrumbList\",\"@id\":\"https:\/\/www.luzine-happel.de\/?page_id=14712&lang=en#breadcrumb\",\"itemListElement\":[{\"@type\":\"ListItem\",\"position\":1,\"name\":\"Startseite\",\"item\":\"https:\/\/www.luzine-happel.de\/\"},{\"@type\":\"ListItem\",\"position\":2,\"name\":\"Shop\",\"item\":\"https:\/\/www.luzine-happel.de\/?page_id=57&lang=en\"},{\"@type\":\"ListItem\",\"position\":3,\"name\":\"Kappenbodenl\u00e4ufer\"}]},{\"@type\":\"WebSite\",\"@id\":\"https:\/\/www.luzine-happel.de\/#website\",\"url\":\"https:\/\/www.luzine-happel.de\/\",\"name\":\"Luzine Happel\",\"description\":\"\",\"potentialAction\":[{\"@type\":\"SearchAction\",\"target\":{\"@type\":\"EntryPoint\",\"urlTemplate\":\"https:\/\/www.luzine-happel.de\/?s={search_term_string}\"},\"query-input\":{\"@type\":\"PropertyValueSpecification\",\"valueRequired\":true,\"valueName\":\"search_term_string\"}}],\"inLanguage\":\"de\"}]}<\/script>\n<!-- \/ Yoast SEO plugin. -->","yoast_head_json":{"title":"Kappenbodenl\u00e4ufer - Luzine Happel","robots":{"index":"index","follow":"follow","max-snippet":"max-snippet:-1","max-image-preview":"max-image-preview:large","max-video-preview":"max-video-preview:-1"},"canonical":"https:\/\/www.luzine-happel.de\/?page_id=14712&lang=en","og_locale":"de_DE","og_type":"article","og_title":"Kappenbodenl\u00e4ufer - Luzine Happel","og_url":"https:\/\/www.luzine-happel.de\/?page_id=14712&lang=en","og_site_name":"Luzine Happel","og_image":[{"url":"https:\/\/www.luzine-happel.de\/wp-content\/uploads\/2019\/03\/Titel_Kappenbodenl\u00e4ufer-724x1024.jpg","type":"","width":"","height":""}],"twitter_card":"summary_large_image","schema":{"@context":"https:\/\/schema.org","@graph":[{"@type":"WebPage","@id":"https:\/\/www.luzine-happel.de\/?page_id=14712&lang=en","url":"https:\/\/www.luzine-happel.de\/?page_id=14712&lang=en","name":"Kappenbodenl\u00e4ufer - Luzine Happel","isPartOf":{"@id":"https:\/\/www.luzine-happel.de\/#website"},"datePublished":"2019-03-10T15:07:19+00:00","breadcrumb":{"@id":"https:\/\/www.luzine-happel.de\/?page_id=14712&lang=en#breadcrumb"},"inLanguage":"de","potentialAction":[{"@type":"ReadAction","target":["https:\/\/www.luzine-happel.de\/?page_id=14712&lang=en"]}]},{"@type":"BreadcrumbList","@id":"https:\/\/www.luzine-happel.de\/?page_id=14712&lang=en#breadcrumb","itemListElement":[{"@type":"ListItem","position":1,"name":"Startseite","item":"https:\/\/www.luzine-happel.de\/"},{"@type":"ListItem","position":2,"name":"Shop","item":"https:\/\/www.luzine-happel.de\/?page_id=57&lang=en"},{"@type":"ListItem","position":3,"name":"Kappenbodenl\u00e4ufer"}]},{"@type":"WebSite","@id":"https:\/\/www.luzine-happel.de\/#website","url":"https:\/\/www.luzine-happel.de\/","name":"Luzine Happel","description":"","potentialAction":[{"@type":"SearchAction","target":{"@type":"EntryPoint","urlTemplate":"https:\/\/www.luzine-happel.de\/?s={search_term_string}"},"query-input":{"@type":"PropertyValueSpecification","valueRequired":true,"valueName":"search_term_string"}}],"inLanguage":"de"}]}},"_links":{"self":[{"href":"https:\/\/www.luzine-happel.de\/index.php?rest_route=\/wp\/v2\/pages\/14712"}],"collection":[{"href":"https:\/\/www.luzine-happel.de\/index.php?rest_route=\/wp\/v2\/pages"}],"about":[{"href":"https:\/\/www.luzine-happel.de\/index.php?rest_route=\/wp\/v2\/types\/page"}],"author":[{"embeddable":true,"href":"https:\/\/www.luzine-happel.de\/index.php?rest_route=\/wp\/v2\/users\/1"}],"replies":[{"embeddable":true,"href":"https:\/\/www.luzine-happel.de\/index.php?rest_route=%2Fwp%2Fv2%2Fcomments&post=14712"}],"version-history":[{"count":1,"href":"https:\/\/www.luzine-happel.de\/index.php?rest_route=\/wp\/v2\/pages\/14712\/revisions"}],"predecessor-version":[{"id":14713,"href":"https:\/\/www.luzine-happel.de\/index.php?rest_route=\/wp\/v2\/pages\/14712\/revisions\/14713"}],"up":[{"embeddable":true,"href":"https:\/\/www.luzine-happel.de\/index.php?rest_route=\/wp\/v2\/pages\/57"}],"wp:attachment":[{"href":"https:\/\/www.luzine-happel.de\/index.php?rest_route=%2Fwp%2Fv2%2Fmedia&parent=14712"}],"curies":[{"name":"wp","href":"https:\/\/api.w.org\/{rel}","templated":true}]}}