{"id":2347,"date":"2012-11-29T14:35:35","date_gmt":"2012-11-29T12:35:35","guid":{"rendered":"https:\/\/www.luzine-happel.de\/?page_id=2347"},"modified":"2018-03-18T12:45:37","modified_gmt":"2018-03-18T10:45:37","slug":"prachtige-schwalmer-kronen-band-1","status":"publish","type":"page","link":"https:\/\/www.luzine-happel.de\/?page_id=2347","title":{"rendered":"Schw\u00e4lmer Kronen"},"content":{"rendered":"<div class='content-column one_half'><a href=\"https:\/\/www.luzine-happel.de\/wp-content\/uploads\/2012\/11\/Schw\u00e4lmer-Kronen-Band-1.jpg\"><img loading=\"lazy\" decoding=\"async\" style=\"border:1px solid #000000;float:none;\" src=\"https:\/\/www.luzine-happel.de\/wp-content\/uploads\/2012\/11\/Schw\u00e4lmer-Kronen-Band-1-438x619.jpg\" alt=\"Schw\u00e4lmer Kronen Band 1\" title=\"Schw\u00e4lmer Kronen Band 1\" width=\"438\" height=\"619\" class=\"alignleft lupenb\" \/><\/a><strong>Schw\u00e4lmer Kronen<\/strong><\/center><br \/><\/div>\n<div class='content-column one_half last_column'><strong>Schw\u00e4lmer Kronen<\/strong><br \/>\nmit Konturenzeichnungen<br \/>\nund grafischen Darstellungen der dazugeh\u00f6rigen Kreuzstichornamente <\/p>\n<p>Luzine Happel <\/p>\n<li>Eigenverlag 2012<\/li>\n<li>Text deutsch<\/li>\n<li>92 Seiten farbig<\/li>\n<li>Ringbindung<\/li>\n<p>Schw\u00e4lmer Kronen sind eine weltweite Besonderheit: mit ihnen \u201ekr\u00f6nten\u201c die B\u00e4uerinnen der Schwalm ihre prachtvolle Wei\u00dfstickerei. Meist wurde auch der Name der Besitzerin, manchmal auch das Jahr der Entstehung durch Stickerei auf dem Leinen festgehalten. <\/p>\n<p>Kronen sind ca. handtellergro\u00dfe, meist dicht verzierte, oft halbkreis\u00e4hnlich konturierte Lebensbaum- oder Dreisprossgebilde. Die vielen verschiedenen Entw\u00fcrfe zeugen von h\u00f6chster Kreativit\u00e4t und einem ausgepr\u00e4gten Gef\u00fchl f\u00fcr \u00c4sthetik. Es gibt Kronen mit wuchtigen Elementen und filigran gestaltete Exemplare, Kronen, die mit nur einem einzigen Gestaltungselement auskommen und andere, die alles bieten, was an Einzelmotiven f\u00fcr die Schw\u00e4lmer Kronen \u00fcberhaupt verwendet wurde.<\/p>\n<p>Die wundersch\u00f6ne Kronenstickerei kann man zwar in den Museen der Schwalm betrachten, aber leider gab es bisher keine \u00f6ffentlich zug\u00e4ngliche Sammlung f\u00fcr deren Musterzeichnungen. Ich fand diesen uns hinterlassenen enormen Schatz zu wertvoll, um ihn in der Vergessenheit versinken zu lassen, denn Kronen sind nicht nur zu reizvoll und attraktiv, sie haben auch in der heutigen Zeit durchaus noch ihre Daseinsberechtigung. Denn auch heute investiert man viele, viele Stunden in die Wei\u00dfstickerei, und was sollte dagegen sprechen, diese Arbeit zu \u201ekr\u00f6nen\u201c. Zumindest verdienen es die Initialen der Stickerin, aber auch die Jahreszahl des Jahres der Entstehung, festgehalten zu werden. Wichtig finde ich es auch, dass man den ungef\u00e4hren Zeitaufwand \u2013 die Anzahl der Arbeitsstunden -, den man gehabt hat, auf der Stickerei festh\u00e4lt.<\/p>\n<p>Daher habe ich eine professionelle Designerin beauftragt, anhand von \u00fcberbrachten Kronenstickereien mit heutigen Mitteln Konturenmuster zu zeichnen. Das war nicht immer ganz einfach \u2013 manche Kronen waren auf Grund ihres Alters und langen Gebrauchs nur noch bruchst\u00fcckhaft vorhanden. Von anderen hatte ich nur schemenhafte Abbildungen. Dennoch ist es gelungen.<\/p>\n<p>An Hand dieser Zeichnungen habe ich fast all die Kronen nachgearbeitet. Dazu habe ich einen ganzen Ballen handgewebten Leinens  &#8211; in kleine Teile zerschnitten \u2013 bestickt. Die fertigen Kronen habe ich fotografiert und zusammen mit den Konturenzeichnungen zur Ver\u00f6ffentlichung aufbereitet.<br \/>\nBesonders beliebte Kronen existierten in verschiedensten Abwandlungen. Diese m\u00f6chte ich Ihnen nicht vorenthalten. Daher gibt es zu vielen der gestickten Kronen mehrere Konturenzeichnungen. Diese enorme Menge an Material passte leider nicht in ein Buch \u2013 es wurden zwei!<\/p>\n<p>Der erste Band<br \/>\n<strong>\u201eSchw\u00e4lmer Kronen\u201c<\/strong><br \/>\nbietet<br \/>\nauf 13 Seiten eine kurze Beschreibung mit den Themen:<\/p>\n<ul>\n<li style=\"margin-left:30px\"> Was sind Kronen?<\/li>\n<li style=\"margin-left:30px\"> Welche Farbe haben Kronen?<\/li>\n<li style=\"margin-left:30px\"> Wo platziert man Kronen?<\/li>\n<li style=\"margin-left:30px\"> Wie kommen die Kronen-Konturen auf den Stoff?<\/li>\n<li style=\"margin-left:60px\"> Wie werden Kronen gestickt?<\/li>\n<li style=\"margin-left:60px\"> Wie werden K\u00f6rbe gestickt?<\/li>\n<li style=\"margin-left:30px\"> Wie werden V\u00f6gel gestickt?<\/li>\n<li style=\"margin-left:30px\"> Wie ordnet man Kreuzstichstickerei unter Kronen an?<\/li>\n<li style=\"margin-left:30px\"> Was sind Doppelkronen?<\/li>\n<li style=\"margin-left:30px\"> Materialliste<\/li>\n<li style=\"margin-left:30px\"> Hinweise<\/li>\n<\/ul>\n<p>auf 8 Seiten graphische Darstellungen von Kreuzstichornamenten und Kreuzstichbuchstaben und \u2013 zahlen, die im Zusammenhang mit Kronen verwendet wurden;<br \/>\nund auf 70 Seiten 96 gestickte Kronen \u2013 ein paar kleine, viele mittelgro\u00dfe und auch Eckkronen \u2013 mit insgesamt 184 unterschiedlichen Kronenzeichnungen.<\/p>\n<p>Einen Einblick in das Buch kann man nehmen unter \u201e<a href=\"https:\/\/www.luzine-happel.de\/?page_id=2376\">Shop<\/a>\u201c.<br \/><\/div><div class='clear_column'><\/div>","protected":false},"excerpt":{"rendered":"","protected":false},"author":1,"featured_media":0,"parent":55,"menu_order":0,"comment_status":"open","ping_status":"open","template":"page-FullWidth.php","meta":{"inline_featured_image":false,"footnotes":""},"yoast_head":"<!-- This site is optimized with the Yoast SEO plugin v24.5 - https:\/\/yoast.com\/wordpress\/plugins\/seo\/ -->\n<title>Schw\u00e4lmer Kronen - Luzine Happel<\/title>\n<meta name=\"robots\" content=\"index, follow, max-snippet:-1, max-image-preview:large, max-video-preview:-1\" \/>\n<link rel=\"canonical\" href=\"https:\/\/www.luzine-happel.de\/?page_id=2347&lang=en\" \/>\n<meta property=\"og:locale\" content=\"de_DE\" \/>\n<meta property=\"og:type\" content=\"article\" \/>\n<meta property=\"og:title\" content=\"Schw\u00e4lmer Kronen - Luzine Happel\" \/>\n<meta property=\"og:url\" content=\"https:\/\/www.luzine-happel.de\/?page_id=2347&amp;lang=en\" \/>\n<meta property=\"og:site_name\" content=\"Luzine Happel\" \/>\n<meta property=\"article:modified_time\" content=\"2018-03-18T10:45:37+00:00\" \/>\n<meta property=\"og:image\" content=\"https:\/\/www.luzine-happel.de\/wp-content\/uploads\/2012\/11\/Schw\u00e4lmer-Kronen-Band-1-438x619.jpg\" \/>\n<meta name=\"twitter:card\" content=\"summary_large_image\" \/>\n<meta name=\"twitter:label1\" content=\"Gesch\u00e4tzte Lesezeit\" \/>\n\t<meta name=\"twitter:data1\" content=\"5\u00a0Minuten\" \/>\n<script type=\"application\/ld+json\" class=\"yoast-schema-graph\">{\"@context\":\"https:\/\/schema.org\",\"@graph\":[{\"@type\":\"WebPage\",\"@id\":\"https:\/\/www.luzine-happel.de\/?page_id=2347&lang=en\",\"url\":\"https:\/\/www.luzine-happel.de\/?page_id=2347&lang=en\",\"name\":\"Schw\u00e4lmer Kronen - Luzine Happel\",\"isPartOf\":{\"@id\":\"https:\/\/www.luzine-happel.de\/#website\"},\"datePublished\":\"2012-11-29T12:35:35+00:00\",\"dateModified\":\"2018-03-18T10:45:37+00:00\",\"breadcrumb\":{\"@id\":\"https:\/\/www.luzine-happel.de\/?page_id=2347&lang=en#breadcrumb\"},\"inLanguage\":\"de\",\"potentialAction\":[{\"@type\":\"ReadAction\",\"target\":[\"https:\/\/www.luzine-happel.de\/?page_id=2347&lang=en\"]}]},{\"@type\":\"BreadcrumbList\",\"@id\":\"https:\/\/www.luzine-happel.de\/?page_id=2347&lang=en#breadcrumb\",\"itemListElement\":[{\"@type\":\"ListItem\",\"position\":1,\"name\":\"Startseite\",\"item\":\"https:\/\/www.luzine-happel.de\/\"},{\"@type\":\"ListItem\",\"position\":2,\"name\":\"Library\",\"item\":\"https:\/\/www.luzine-happel.de\/?page_id=55&lang=en\"},{\"@type\":\"ListItem\",\"position\":3,\"name\":\"Schw\u00e4lmer Kronen\"}]},{\"@type\":\"WebSite\",\"@id\":\"https:\/\/www.luzine-happel.de\/#website\",\"url\":\"https:\/\/www.luzine-happel.de\/\",\"name\":\"Luzine Happel\",\"description\":\"\",\"potentialAction\":[{\"@type\":\"SearchAction\",\"target\":{\"@type\":\"EntryPoint\",\"urlTemplate\":\"https:\/\/www.luzine-happel.de\/?s={search_term_string}\"},\"query-input\":{\"@type\":\"PropertyValueSpecification\",\"valueRequired\":true,\"valueName\":\"search_term_string\"}}],\"inLanguage\":\"de\"}]}<\/script>\n<!-- \/ Yoast SEO plugin. -->","yoast_head_json":{"title":"Schw\u00e4lmer Kronen - Luzine Happel","robots":{"index":"index","follow":"follow","max-snippet":"max-snippet:-1","max-image-preview":"max-image-preview:large","max-video-preview":"max-video-preview:-1"},"canonical":"https:\/\/www.luzine-happel.de\/?page_id=2347&lang=en","og_locale":"de_DE","og_type":"article","og_title":"Schw\u00e4lmer Kronen - Luzine Happel","og_url":"https:\/\/www.luzine-happel.de\/?page_id=2347&lang=en","og_site_name":"Luzine Happel","article_modified_time":"2018-03-18T10:45:37+00:00","og_image":[{"url":"https:\/\/www.luzine-happel.de\/wp-content\/uploads\/2012\/11\/Schw\u00e4lmer-Kronen-Band-1-438x619.jpg","type":"","width":"","height":""}],"twitter_card":"summary_large_image","twitter_misc":{"Gesch\u00e4tzte Lesezeit":"5\u00a0Minuten"},"schema":{"@context":"https:\/\/schema.org","@graph":[{"@type":"WebPage","@id":"https:\/\/www.luzine-happel.de\/?page_id=2347&lang=en","url":"https:\/\/www.luzine-happel.de\/?page_id=2347&lang=en","name":"Schw\u00e4lmer Kronen - Luzine Happel","isPartOf":{"@id":"https:\/\/www.luzine-happel.de\/#website"},"datePublished":"2012-11-29T12:35:35+00:00","dateModified":"2018-03-18T10:45:37+00:00","breadcrumb":{"@id":"https:\/\/www.luzine-happel.de\/?page_id=2347&lang=en#breadcrumb"},"inLanguage":"de","potentialAction":[{"@type":"ReadAction","target":["https:\/\/www.luzine-happel.de\/?page_id=2347&lang=en"]}]},{"@type":"BreadcrumbList","@id":"https:\/\/www.luzine-happel.de\/?page_id=2347&lang=en#breadcrumb","itemListElement":[{"@type":"ListItem","position":1,"name":"Startseite","item":"https:\/\/www.luzine-happel.de\/"},{"@type":"ListItem","position":2,"name":"Library","item":"https:\/\/www.luzine-happel.de\/?page_id=55&lang=en"},{"@type":"ListItem","position":3,"name":"Schw\u00e4lmer Kronen"}]},{"@type":"WebSite","@id":"https:\/\/www.luzine-happel.de\/#website","url":"https:\/\/www.luzine-happel.de\/","name":"Luzine Happel","description":"","potentialAction":[{"@type":"SearchAction","target":{"@type":"EntryPoint","urlTemplate":"https:\/\/www.luzine-happel.de\/?s={search_term_string}"},"query-input":{"@type":"PropertyValueSpecification","valueRequired":true,"valueName":"search_term_string"}}],"inLanguage":"de"}]}},"_links":{"self":[{"href":"https:\/\/www.luzine-happel.de\/index.php?rest_route=\/wp\/v2\/pages\/2347"}],"collection":[{"href":"https:\/\/www.luzine-happel.de\/index.php?rest_route=\/wp\/v2\/pages"}],"about":[{"href":"https:\/\/www.luzine-happel.de\/index.php?rest_route=\/wp\/v2\/types\/page"}],"author":[{"embeddable":true,"href":"https:\/\/www.luzine-happel.de\/index.php?rest_route=\/wp\/v2\/users\/1"}],"replies":[{"embeddable":true,"href":"https:\/\/www.luzine-happel.de\/index.php?rest_route=%2Fwp%2Fv2%2Fcomments&post=2347"}],"version-history":[{"count":1,"href":"https:\/\/www.luzine-happel.de\/index.php?rest_route=\/wp\/v2\/pages\/2347\/revisions"}],"predecessor-version":[{"id":11198,"href":"https:\/\/www.luzine-happel.de\/index.php?rest_route=\/wp\/v2\/pages\/2347\/revisions\/11198"}],"up":[{"embeddable":true,"href":"https:\/\/www.luzine-happel.de\/index.php?rest_route=\/wp\/v2\/pages\/55"}],"wp:attachment":[{"href":"https:\/\/www.luzine-happel.de\/index.php?rest_route=%2Fwp%2Fv2%2Fmedia&parent=2347"}],"curies":[{"name":"wp","href":"https:\/\/api.w.org\/{rel}","templated":true}]}}