{"id":246,"date":"2012-06-29T09:37:35","date_gmt":"2012-06-29T07:37:35","guid":{"rendered":"https:\/\/www.luzine-happel.de\/?page_id=246"},"modified":"2015-02-14T09:36:16","modified_gmt":"2015-02-14T08:36:16","slug":"vielfalt-der-weis%c2%adstic%c2%adkerei-2","status":"publish","type":"page","link":"https:\/\/www.luzine-happel.de\/?page_id=246","title":{"rendered":"Vielfalt"},"content":{"rendered":"<p>Heute pr\u00e4sen\u00adtiert sich die Schw\u00e4lmer Wei\u00df\u00adstic\u00adkerei vielf\u00e4ltig und facetten\u00adreich.<\/p>\n<p>Alexandra Thielmann, Thekla Gombert, Anna Elisabeth Grein, Leni Klinge\u00adlh\u00f6fer, Maria Jung, Herta Schneider, Irmgard Mengel sowie Luzine Happel sind Namen, mit denen sich unter\u00adschied\u00adliche Stilrich\u00adtungen verbinden lassen.<\/p>\n<p>Und nicht zu vergessen die hunderte von Mustern, die sich in Nuancen von den hier genannten unter\u00adscheiden und die andere engagierte und begeis\u00adterte Frauen entwarfen, die hier leider nicht alle namentlich genannt werden k\u00f6nnen.<\/p>\n<div style=\"width: 100%; float: left;\">\n<h2 style=\"width: 100%;\">Alexandra Thielmann<\/h2>\n<p><a href=\"https:\/\/www.luzine-happel.de\/wp-content\/uploads\/2012\/06\/Thielmann.jpg\"><img loading=\"lazy\" decoding=\"async\" class=\"alignleft size-280-breit\" title=\"Alexandra Thielmann\" src=\"https:\/\/www.luzine-happel.de\/wp-content\/uploads\/2012\/06\/Thielmann-280x280.jpg\" alt=\"Alexandra Thielmann\" width=\"280\" height=\"280\" \/><\/a>Alexandra Thielmann zeigt ausge\u00adpr\u00e4gte Bl\u00fcten\u00adformen mit unter\u00adschied\u00adlichsten Variationen von Tulpen- und anderen Bl\u00fcten.<br \/>\nSie bevorzugt spitz zulaufende Bl\u00e4tter und setzt einzelne Bl\u00e4tter zu 2- oder 3-teiligen Blattge\u00adbilden zusammen.<br \/>\nIhre Entw\u00fcrfe sind meist mit einer gro\u00dfen Anzahl solcher Bl\u00e4tter versehen.<\/p>\n<\/div>\n<div style=\"width: 100%; float: left;\">\n<h2 style=\"width: 100%;\">Thekla Gombert<\/h2>\n<p><a href=\"https:\/\/www.luzine-happel.de\/wp-content\/uploads\/2012\/06\/Gombert1.jpg\"><img loading=\"lazy\" decoding=\"async\" class=\"alignleft size-280-breit\" title=\"Thekla Gombert\" src=\"https:\/\/www.luzine-happel.de\/wp-content\/uploads\/2012\/06\/Gombert1-280x264.jpg\" alt=\"Thekla Gombert\" width=\"280\" height=\"264\" \/><\/a><!-- <a href=\"https:\/\/www.luzine-happel.de\/wp-content\/uploads\/2012\/06\/Gombert-neu.jpg\"><img loading=\"lazy\" decoding=\"async\" src=\"https:\/\/www.luzine-happel.de\/wp-content\/uploads\/2012\/06\/Gombert-neu-280x280.jpg\" alt=\"Thekla Gombert\" title=\"Thekla Gombert\" width=\"280\" height=\"280\" class=\"alignleft size-280-breit\" \/><\/a>-->Thekla Gombert zeigt klare und \u201eleichte\u201c Muster aus meist einfachen Formen.<\/p>\n<p>Sie verwendet sehr viele sehr kleine, einteilige Bl\u00e4ttchen oder abge\u00adrundete, im Schling\u00adstich gear\u00adbeitete Bl\u00e4tter.<\/p>\n<\/div>\n<div style=\"width: 100%; float: left;\">\n<h2 style=\"width: 100%;\">Anna Elisabeth Grein<\/h2>\n<p><a href=\"https:\/\/www.luzine-happel.de\/wp-content\/uploads\/2012\/06\/Grein_klein.jpg\"><img loading=\"lazy\" decoding=\"async\" class=\"alignleft size-280-breit\" title=\"Anna Elisabeth Grein\" src=\"https:\/\/www.luzine-happel.de\/wp-content\/uploads\/2012\/06\/Grein_klein-280x285.jpg\" alt=\"Anna Elisabeth Grein\" width=\"280\" height=\"285\" \/><\/a>Alle Entw\u00fcrfe von Anna Elisabeth Grein sind stark an historischen Vorlagen orien\u00adtiert. Sie verwendet meist sehr gro\u00dfe, sehr einfache Motive, die dicht nebeneinander gesetzt sind. F\u00fcllendes Beiwerk wie Bl\u00e4ttchen und Ranken spielen nur eine unter\u00adgeordnete Rolle. Das l\u00e4sst die Stickerei oftmals \u201eschwer\u201c und ein wenig \u201estreng\u201c erscheinen.<\/p>\n<p>Sie setzt die Motive meist zu geraden Borten zusammen, die durch kleine B\u00f6rtchen, durch K\u00e4st\u00adchen\u00adstich\u00adreihen oder durch Stopfhohl\u00ads\u00e4ume einge\u00adgrenzt werden.<\/p>\n<\/div>\n<div style=\"width: 100%; float: left;\">\n<h2 style=\"width: 100%;\">Maria Jung<\/h2>\n<p><a href=\"https:\/\/www.luzine-happel.de\/wp-content\/uploads\/2012\/06\/Jung.jpg\"><img loading=\"lazy\" decoding=\"async\" class=\"alignleft size-280-breit\" title=\"Maria Jung\" src=\"https:\/\/www.luzine-happel.de\/wp-content\/uploads\/2012\/06\/Jung-280x275.jpg\" alt=\"Maria Jung\" width=\"280\" height=\"275\" \/><\/a>Die Muster von Maria Jung wirken schwungvoll und sind meist mit sehr ausge\u00adpr\u00e4gten Spiralen versehen.<\/p>\n<\/div>\n<div style=\"width: 100%; float: left;\">\n<h2 style=\"width: 100%;\">Herta Schneider<\/h2>\n<p><a href=\"https:\/\/www.luzine-happel.de\/wp-content\/uploads\/2012\/06\/Schneider-neu.jpg\"><img loading=\"lazy\" decoding=\"async\" class=\"alignleft size-280-breit\" title=\"Herta Schneider \" src=\"https:\/\/www.luzine-happel.de\/wp-content\/uploads\/2012\/06\/Schneider-neu-280x263.jpg\" alt=\"Herta Schneider \" width=\"280\" height=\"263\" \/><\/a>Herta Schneider zeigt sehr aufw\u00e4ndige, manchmal ein wenig m\u00e4rchenhaft anmutende Entw\u00fcrfe.<\/p>\n<\/div>\n<div style=\"width: 100%; float: left;\"><\/div>\n<div style=\"width: 100%; float: left;\">\n<h2 style=\"width: 100%;\">Leni Klinge\u00adlh\u00f6fer<\/h2>\n<p><a href=\"https:\/\/www.luzine-happel.de\/wp-content\/uploads\/2012\/06\/Klingelh\u00f6fer.jpg\"><br \/>\n<a href=\"https:\/\/www.luzine-happel.de\/wp-content\/uploads\/2012\/06\/Klingelhoefer_neu.jpg\"><img loading=\"lazy\" decoding=\"async\" src=\"https:\/\/www.luzine-happel.de\/wp-content\/uploads\/2012\/06\/Klingelhoefer_neu-280x280.jpg\" alt=\"Leni Klingelh\u00f6fer\" title=\"Leni Klinge\u00adlh\u00f6fer\" width=\"280\" height=\"280\" class=\"alignleft size-280-breit\" \/><\/a>Auch Leni Klinge\u00adlh\u00f6fer zeigt kompakte Stickerei. Doch geschwungene Formen und sehr viel Platt\u00adstich-Beiwerk lassen ihre Entw\u00fcrfe verspielt erscheinen.<\/p>\n<\/div>\n<div style=\"width: 100%; float: left;\">\n<h2 style=\"width: 100%;\">Irmgard Mengel<\/h2>\n<p><a href=\"https:\/\/www.luzine-happel.de\/wp-content\/uploads\/2012\/06\/Mengel-neu.jpg\"><img loading=\"lazy\" decoding=\"async\" class=\"alignleft size-280-breit\" title=\"Irmgard Mengel\" src=\"https:\/\/www.luzine-happel.de\/wp-content\/uploads\/2012\/06\/Mengel-neu-280x285.jpg\" alt=\"Irmgard Mengel\" width=\"280\" height=\"285\" \/><\/a>Irmgard Mengel hat einen riesigen Schatz an Muster\u00adzeich\u00adnungen hervorge\u00adbracht. Sie sind sehr verschiedenartig, aber meist schlicht gehalten.<\/p>\n<\/div>\n<div style=\"width: 100%; float: left;\">\n<h2 style=\"width: 100%;\">Luzine Happel<\/h2>\n<p><a href=\"https:\/\/www.luzine-happel.de\/wp-content\/uploads\/2012\/06\/Happel-neu.jpg\"><img loading=\"lazy\" decoding=\"async\" class=\"alignleft size-280-breit\" title=\"Luzine Happel\" src=\"https:\/\/www.luzine-happel.de\/wp-content\/uploads\/2012\/06\/Happel-neu-280x294.jpg\" alt=\"Luzine Happel\" width=\"280\" height=\"294\" \/><\/a>Luzine Happel gibt der Stickerei ein anderes Aussehen durch die von ihr erson\u00adnenen neuen Fl\u00e4chen\u00adf\u00fcll\u00admuster.<\/p>\n<\/div>\n<p><\/p>","protected":false},"excerpt":{"rendered":"<p>Heute pr\u00e4sen\u00adtiert sich die Schw\u00e4lmer Wei\u00df\u00adstic\u00adkerei vielf\u00e4ltig und facetten\u00adreich. Alexandra Thielmann, Thekla Gombert, Anna Elisabeth Grein, Leni Klinge\u00adlh\u00f6fer, Maria Jung, Herta Schneider, Irmgard Mengel sowie Luzine Happel sind Namen, mit denen sich unter\u00adschied\u00adliche Stilrich\u00adtungen verbinden lassen. Und nicht zu vergessen die hunderte von Mustern, die sich in Nuancen von den hier genannten unter\u00adscheiden und die andere engagierte und begeis\u00adterte Frauen entwarfen, die hier leider nicht alle namentlich genannt werden k\u00f6nnen. Alexandra Thielmann Alexandra Thielmann zeigt ausge\u00adpr\u00e4gte Bl\u00fcten\u00adformen mit unter\u00adschied\u00adlichsten Variationen von Tulpen- und anderen Bl\u00fcten. Sie bevorzugt spitz zulaufende Bl\u00e4tter und setzt einzelne Bl\u00e4tter zu 2- oder 3-teiligen Blattge\u00adbilden zusammen. Ihre Entw\u00fcrfe sind meist mit einer gro\u00dfen Anzahl solcher Bl\u00e4tter versehen. Thekla Gombert Thekla Gombert zeigt klare und \u201eleichte\u201c Muster aus meist einfachen Formen. Sie verwendet sehr viele sehr kleine, einteilige Bl\u00e4ttchen oder abge\u00adrundete, im Schling\u00adstich gear\u00adbeitete Bl\u00e4tter. Anna Elisabeth Grein Alle Entw\u00fcrfe von Anna Elisabeth Grein sind stark an historischen Vorlagen orien\u00adtiert. Sie verwendet meist sehr gro\u00dfe, sehr einfache Motive, die dicht nebeneinander gesetzt sind. F\u00fcllendes Beiwerk wie Bl\u00e4ttchen und Ranken spielen nur eine unter\u00adgeordnete Rolle. Das l\u00e4sst die Stickerei oftmals \u201eschwer\u201c und ein wenig \u201estreng\u201c erscheinen. Sie setzt die Motive meist zu geraden Borten zusammen, die durch kleine B\u00f6rtchen, durch K\u00e4st\u00adchen\u00adstich\u00adreihen oder durch Stopfhohl\u00ads\u00e4ume einge\u00adgrenzt werden. Maria Jung Die Muster von Maria Jung wirken schwungvoll und sind meist mit sehr ausge\u00adpr\u00e4gten Spiralen versehen. Herta Schneider Herta Schneider zeigt sehr aufw\u00e4ndige, manchmal ein wenig m\u00e4rchenhaft anmutende Entw\u00fcrfe. Leni Klinge\u00adlh\u00f6fer Auch Leni Klinge\u00adlh\u00f6fer zeigt kompakte Stickerei. Doch geschwungene Formen und sehr viel Platt\u00adstich-Beiwerk lassen ihre Entw\u00fcrfe verspielt erscheinen. Irmgard Mengel Irmgard Mengel hat einen riesigen Schatz an Muster\u00adzeich\u00adnungen hervorge\u00adbracht. Sie sind sehr verschiedenartig, aber meist schlicht gehalten. Luzine Happel Luzine Happel gibt der Stickerei ein anderes Aussehen durch die von ihr erson\u00adnenen neuen Fl\u00e4chen\u00adf\u00fcll\u00admuster.<\/p>\n","protected":false},"author":1,"featured_media":0,"parent":19,"menu_order":0,"comment_status":"open","ping_status":"open","template":"page-FullWidth.php","meta":{"inline_featured_image":false,"footnotes":""},"yoast_head":"<!-- This site is optimized with the Yoast SEO plugin v24.5 - https:\/\/yoast.com\/wordpress\/plugins\/seo\/ -->\n<title>Vielfalt - Luzine Happel<\/title>\n<meta name=\"robots\" content=\"index, follow, max-snippet:-1, max-image-preview:large, max-video-preview:-1\" \/>\n<link rel=\"canonical\" href=\"https:\/\/www.luzine-happel.de\/?page_id=246&lang=en\" \/>\n<meta property=\"og:locale\" content=\"de_DE\" \/>\n<meta property=\"og:type\" content=\"article\" \/>\n<meta property=\"og:title\" content=\"Vielfalt - Luzine Happel\" \/>\n<meta property=\"og:description\" content=\"Heute pr\u00e4sen\u00adtiert sich die Schw\u00e4lmer Wei\u00df\u00adstic\u00adkerei vielf\u00e4ltig und facetten\u00adreich. Alexandra Thielmann, Thekla Gombert, Anna Elisabeth Grein, Leni Klinge\u00adlh\u00f6fer, Maria Jung, Herta Schneider, Irmgard Mengel sowie Luzine Happel sind Namen, mit denen sich unter\u00adschied\u00adliche Stilrich\u00adtungen verbinden lassen. Und nicht zu vergessen die hunderte von Mustern, die sich in Nuancen von den hier genannten unter\u00adscheiden und die andere engagierte und begeis\u00adterte Frauen entwarfen, die hier leider nicht alle namentlich genannt werden k\u00f6nnen. Alexandra Thielmann Alexandra Thielmann zeigt ausge\u00adpr\u00e4gte Bl\u00fcten\u00adformen mit unter\u00adschied\u00adlichsten Variationen von Tulpen- und anderen Bl\u00fcten. Sie bevorzugt spitz zulaufende Bl\u00e4tter und setzt einzelne Bl\u00e4tter zu 2- oder 3-teiligen Blattge\u00adbilden zusammen. Ihre Entw\u00fcrfe sind meist mit einer gro\u00dfen Anzahl solcher Bl\u00e4tter versehen. Thekla Gombert Thekla Gombert zeigt klare und \u201eleichte\u201c Muster aus meist einfachen Formen. Sie verwendet sehr viele sehr kleine, einteilige Bl\u00e4ttchen oder abge\u00adrundete, im Schling\u00adstich gear\u00adbeitete Bl\u00e4tter. Anna Elisabeth Grein Alle Entw\u00fcrfe von Anna Elisabeth Grein sind stark an historischen Vorlagen orien\u00adtiert. Sie verwendet meist sehr gro\u00dfe, sehr einfache Motive, die dicht nebeneinander gesetzt sind. F\u00fcllendes Beiwerk wie Bl\u00e4ttchen und Ranken spielen nur eine unter\u00adgeordnete Rolle. Das l\u00e4sst die Stickerei oftmals \u201eschwer\u201c und ein wenig \u201estreng\u201c erscheinen. Sie setzt die Motive meist zu geraden Borten zusammen, die durch kleine B\u00f6rtchen, durch K\u00e4st\u00adchen\u00adstich\u00adreihen oder durch Stopfhohl\u00ads\u00e4ume einge\u00adgrenzt werden. Maria Jung Die Muster von Maria Jung wirken schwungvoll und sind meist mit sehr ausge\u00adpr\u00e4gten Spiralen versehen. Herta Schneider Herta Schneider zeigt sehr aufw\u00e4ndige, manchmal ein wenig m\u00e4rchenhaft anmutende Entw\u00fcrfe. Leni Klinge\u00adlh\u00f6fer Auch Leni Klinge\u00adlh\u00f6fer zeigt kompakte Stickerei. Doch geschwungene Formen und sehr viel Platt\u00adstich-Beiwerk lassen ihre Entw\u00fcrfe verspielt erscheinen. Irmgard Mengel Irmgard Mengel hat einen riesigen Schatz an Muster\u00adzeich\u00adnungen hervorge\u00adbracht. Sie sind sehr verschiedenartig, aber meist schlicht gehalten. Luzine Happel Luzine Happel gibt der Stickerei ein anderes Aussehen durch die von ihr erson\u00adnenen neuen Fl\u00e4chen\u00adf\u00fcll\u00admuster.\" \/>\n<meta property=\"og:url\" content=\"https:\/\/www.luzine-happel.de\/?page_id=246&amp;lang=en\" \/>\n<meta property=\"og:site_name\" content=\"Luzine Happel\" \/>\n<meta property=\"article:modified_time\" content=\"2015-02-14T08:36:16+00:00\" \/>\n<meta property=\"og:image\" content=\"https:\/\/www.luzine-happel.de\/wp-content\/uploads\/2012\/06\/Thielmann-280x280.jpg\" \/>\n<meta name=\"twitter:card\" content=\"summary_large_image\" \/>\n<meta name=\"twitter:label1\" content=\"Gesch\u00e4tzte Lesezeit\" \/>\n\t<meta name=\"twitter:data1\" content=\"3\u00a0Minuten\" \/>\n<script type=\"application\/ld+json\" class=\"yoast-schema-graph\">{\"@context\":\"https:\/\/schema.org\",\"@graph\":[{\"@type\":\"WebPage\",\"@id\":\"https:\/\/www.luzine-happel.de\/?page_id=246&lang=en\",\"url\":\"https:\/\/www.luzine-happel.de\/?page_id=246&lang=en\",\"name\":\"Vielfalt - Luzine Happel\",\"isPartOf\":{\"@id\":\"https:\/\/www.luzine-happel.de\/#website\"},\"primaryImageOfPage\":{\"@id\":\"https:\/\/www.luzine-happel.de\/?page_id=246&lang=en#primaryimage\"},\"image\":{\"@id\":\"https:\/\/www.luzine-happel.de\/?page_id=246&lang=en#primaryimage\"},\"thumbnailUrl\":\"https:\/\/www.luzine-happel.de\/wp-content\/uploads\/2012\/06\/Thielmann-280x280.jpg\",\"datePublished\":\"2012-06-29T07:37:35+00:00\",\"dateModified\":\"2015-02-14T08:36:16+00:00\",\"breadcrumb\":{\"@id\":\"https:\/\/www.luzine-happel.de\/?page_id=246&lang=en#breadcrumb\"},\"inLanguage\":\"de\",\"potentialAction\":[{\"@type\":\"ReadAction\",\"target\":[\"https:\/\/www.luzine-happel.de\/?page_id=246&lang=en\"]}]},{\"@type\":\"ImageObject\",\"inLanguage\":\"de\",\"@id\":\"https:\/\/www.luzine-happel.de\/?page_id=246&lang=en#primaryimage\",\"url\":\"https:\/\/www.luzine-happel.de\/wp-content\/uploads\/2012\/06\/Thielmann.jpg\",\"contentUrl\":\"https:\/\/www.luzine-happel.de\/wp-content\/uploads\/2012\/06\/Thielmann.jpg\",\"width\":\"1024\",\"height\":\"1024\",\"caption\":\"Alexandra Thielmann\"},{\"@type\":\"BreadcrumbList\",\"@id\":\"https:\/\/www.luzine-happel.de\/?page_id=246&lang=en#breadcrumb\",\"itemListElement\":[{\"@type\":\"ListItem\",\"position\":1,\"name\":\"Startseite\",\"item\":\"https:\/\/www.luzine-happel.de\/\"},{\"@type\":\"ListItem\",\"position\":2,\"name\":\"Schwalm Whitework\",\"item\":\"https:\/\/www.luzine-happel.de\/?page_id=19&lang=en\"},{\"@type\":\"ListItem\",\"position\":3,\"name\":\"Variety\"}]},{\"@type\":\"WebSite\",\"@id\":\"https:\/\/www.luzine-happel.de\/#website\",\"url\":\"https:\/\/www.luzine-happel.de\/\",\"name\":\"Luzine Happel\",\"description\":\"\",\"potentialAction\":[{\"@type\":\"SearchAction\",\"target\":{\"@type\":\"EntryPoint\",\"urlTemplate\":\"https:\/\/www.luzine-happel.de\/?s={search_term_string}\"},\"query-input\":{\"@type\":\"PropertyValueSpecification\",\"valueRequired\":true,\"valueName\":\"search_term_string\"}}],\"inLanguage\":\"de\"}]}<\/script>\n<!-- \/ Yoast SEO plugin. -->","yoast_head_json":{"title":"Vielfalt - Luzine Happel","robots":{"index":"index","follow":"follow","max-snippet":"max-snippet:-1","max-image-preview":"max-image-preview:large","max-video-preview":"max-video-preview:-1"},"canonical":"https:\/\/www.luzine-happel.de\/?page_id=246&lang=en","og_locale":"de_DE","og_type":"article","og_title":"Vielfalt - Luzine Happel","og_description":"Heute pr\u00e4sen\u00adtiert sich die Schw\u00e4lmer Wei\u00df\u00adstic\u00adkerei vielf\u00e4ltig und facetten\u00adreich. Alexandra Thielmann, Thekla Gombert, Anna Elisabeth Grein, Leni Klinge\u00adlh\u00f6fer, Maria Jung, Herta Schneider, Irmgard Mengel sowie Luzine Happel sind Namen, mit denen sich unter\u00adschied\u00adliche Stilrich\u00adtungen verbinden lassen. Und nicht zu vergessen die hunderte von Mustern, die sich in Nuancen von den hier genannten unter\u00adscheiden und die andere engagierte und begeis\u00adterte Frauen entwarfen, die hier leider nicht alle namentlich genannt werden k\u00f6nnen. Alexandra Thielmann Alexandra Thielmann zeigt ausge\u00adpr\u00e4gte Bl\u00fcten\u00adformen mit unter\u00adschied\u00adlichsten Variationen von Tulpen- und anderen Bl\u00fcten. Sie bevorzugt spitz zulaufende Bl\u00e4tter und setzt einzelne Bl\u00e4tter zu 2- oder 3-teiligen Blattge\u00adbilden zusammen. Ihre Entw\u00fcrfe sind meist mit einer gro\u00dfen Anzahl solcher Bl\u00e4tter versehen. Thekla Gombert Thekla Gombert zeigt klare und \u201eleichte\u201c Muster aus meist einfachen Formen. Sie verwendet sehr viele sehr kleine, einteilige Bl\u00e4ttchen oder abge\u00adrundete, im Schling\u00adstich gear\u00adbeitete Bl\u00e4tter. Anna Elisabeth Grein Alle Entw\u00fcrfe von Anna Elisabeth Grein sind stark an historischen Vorlagen orien\u00adtiert. Sie verwendet meist sehr gro\u00dfe, sehr einfache Motive, die dicht nebeneinander gesetzt sind. F\u00fcllendes Beiwerk wie Bl\u00e4ttchen und Ranken spielen nur eine unter\u00adgeordnete Rolle. Das l\u00e4sst die Stickerei oftmals \u201eschwer\u201c und ein wenig \u201estreng\u201c erscheinen. Sie setzt die Motive meist zu geraden Borten zusammen, die durch kleine B\u00f6rtchen, durch K\u00e4st\u00adchen\u00adstich\u00adreihen oder durch Stopfhohl\u00ads\u00e4ume einge\u00adgrenzt werden. Maria Jung Die Muster von Maria Jung wirken schwungvoll und sind meist mit sehr ausge\u00adpr\u00e4gten Spiralen versehen. Herta Schneider Herta Schneider zeigt sehr aufw\u00e4ndige, manchmal ein wenig m\u00e4rchenhaft anmutende Entw\u00fcrfe. Leni Klinge\u00adlh\u00f6fer Auch Leni Klinge\u00adlh\u00f6fer zeigt kompakte Stickerei. Doch geschwungene Formen und sehr viel Platt\u00adstich-Beiwerk lassen ihre Entw\u00fcrfe verspielt erscheinen. Irmgard Mengel Irmgard Mengel hat einen riesigen Schatz an Muster\u00adzeich\u00adnungen hervorge\u00adbracht. Sie sind sehr verschiedenartig, aber meist schlicht gehalten. Luzine Happel Luzine Happel gibt der Stickerei ein anderes Aussehen durch die von ihr erson\u00adnenen neuen Fl\u00e4chen\u00adf\u00fcll\u00admuster.","og_url":"https:\/\/www.luzine-happel.de\/?page_id=246&lang=en","og_site_name":"Luzine Happel","article_modified_time":"2015-02-14T08:36:16+00:00","og_image":[{"url":"https:\/\/www.luzine-happel.de\/wp-content\/uploads\/2012\/06\/Thielmann-280x280.jpg","type":"","width":"","height":""}],"twitter_card":"summary_large_image","twitter_misc":{"Gesch\u00e4tzte Lesezeit":"3\u00a0Minuten"},"schema":{"@context":"https:\/\/schema.org","@graph":[{"@type":"WebPage","@id":"https:\/\/www.luzine-happel.de\/?page_id=246&lang=en","url":"https:\/\/www.luzine-happel.de\/?page_id=246&lang=en","name":"Vielfalt - Luzine Happel","isPartOf":{"@id":"https:\/\/www.luzine-happel.de\/#website"},"primaryImageOfPage":{"@id":"https:\/\/www.luzine-happel.de\/?page_id=246&lang=en#primaryimage"},"image":{"@id":"https:\/\/www.luzine-happel.de\/?page_id=246&lang=en#primaryimage"},"thumbnailUrl":"https:\/\/www.luzine-happel.de\/wp-content\/uploads\/2012\/06\/Thielmann-280x280.jpg","datePublished":"2012-06-29T07:37:35+00:00","dateModified":"2015-02-14T08:36:16+00:00","breadcrumb":{"@id":"https:\/\/www.luzine-happel.de\/?page_id=246&lang=en#breadcrumb"},"inLanguage":"de","potentialAction":[{"@type":"ReadAction","target":["https:\/\/www.luzine-happel.de\/?page_id=246&lang=en"]}]},{"@type":"ImageObject","inLanguage":"de","@id":"https:\/\/www.luzine-happel.de\/?page_id=246&lang=en#primaryimage","url":"https:\/\/www.luzine-happel.de\/wp-content\/uploads\/2012\/06\/Thielmann.jpg","contentUrl":"https:\/\/www.luzine-happel.de\/wp-content\/uploads\/2012\/06\/Thielmann.jpg","width":"1024","height":"1024","caption":"Alexandra Thielmann"},{"@type":"BreadcrumbList","@id":"https:\/\/www.luzine-happel.de\/?page_id=246&lang=en#breadcrumb","itemListElement":[{"@type":"ListItem","position":1,"name":"Startseite","item":"https:\/\/www.luzine-happel.de\/"},{"@type":"ListItem","position":2,"name":"Schwalm Whitework","item":"https:\/\/www.luzine-happel.de\/?page_id=19&lang=en"},{"@type":"ListItem","position":3,"name":"Variety"}]},{"@type":"WebSite","@id":"https:\/\/www.luzine-happel.de\/#website","url":"https:\/\/www.luzine-happel.de\/","name":"Luzine Happel","description":"","potentialAction":[{"@type":"SearchAction","target":{"@type":"EntryPoint","urlTemplate":"https:\/\/www.luzine-happel.de\/?s={search_term_string}"},"query-input":{"@type":"PropertyValueSpecification","valueRequired":true,"valueName":"search_term_string"}}],"inLanguage":"de"}]}},"_links":{"self":[{"href":"https:\/\/www.luzine-happel.de\/index.php?rest_route=\/wp\/v2\/pages\/246"}],"collection":[{"href":"https:\/\/www.luzine-happel.de\/index.php?rest_route=\/wp\/v2\/pages"}],"about":[{"href":"https:\/\/www.luzine-happel.de\/index.php?rest_route=\/wp\/v2\/types\/page"}],"author":[{"embeddable":true,"href":"https:\/\/www.luzine-happel.de\/index.php?rest_route=\/wp\/v2\/users\/1"}],"replies":[{"embeddable":true,"href":"https:\/\/www.luzine-happel.de\/index.php?rest_route=%2Fwp%2Fv2%2Fcomments&post=246"}],"version-history":[{"count":3,"href":"https:\/\/www.luzine-happel.de\/index.php?rest_route=\/wp\/v2\/pages\/246\/revisions"}],"predecessor-version":[{"id":4872,"href":"https:\/\/www.luzine-happel.de\/index.php?rest_route=\/wp\/v2\/pages\/246\/revisions\/4872"}],"up":[{"embeddable":true,"href":"https:\/\/www.luzine-happel.de\/index.php?rest_route=\/wp\/v2\/pages\/19"}],"wp:attachment":[{"href":"https:\/\/www.luzine-happel.de\/index.php?rest_route=%2Fwp%2Fv2%2Fmedia&parent=246"}],"curies":[{"name":"wp","href":"https:\/\/api.w.org\/{rel}","templated":true}]}}