{"id":251,"date":"2012-06-29T09:54:32","date_gmt":"2012-06-29T07:54:32","guid":{"rendered":"https:\/\/www.luzine-happel.de\/?page_id=251"},"modified":"2024-04-17T14:23:58","modified_gmt":"2024-04-17T12:23:58","slug":"meine-ausstellung","status":"publish","type":"page","link":"https:\/\/www.luzine-happel.de\/?page_id=251","title":{"rendered":"Meine Ausstellungen"},"content":{"rendered":"<p style=\"text-align: center;\">Die Ausstellung<\/p>\n<h2 style=\"text-align: center;\"><strong>edel &#038; weiss<\/strong><\/h2>\n<p style=\"text-align: center;\">Stickereien vom Feinsten<\/p>\n<p style=\"text-align: center;\">pr\u00e4sentiere ich<br \/>\nim Hause Boyneburger Tor 3<br \/>\n37269 ESCHWEGE<\/p>\n<p style=\"text-align: center;\"><strong>Ab sofort kann die Ausstellung nach vorheriger Terminabsprache wieder jederzeit besucht werden.<\/strong><\/p>\n<p style=\"text-align: center;\">Ge\u00f6ffnet wird auf telefonische Anfrage unter Nummer 0 56 51 &#8211; 3 22 33 oder E-Mail Anfrage unter info@luzine-happel.de<\/p>\n<p style=\"text-align: center;\"><a href=\"https:\/\/www.luzine-happel.de\/?p=4258#preise\">Eintritt<\/a> <\/p>\n<p>Im Jahr 2019 besuchte <a href=\"https:\/\/www.luzine-happel.de\/?p=15248\">Mimi Chan aus Hong Kong<\/a> meine Ausstellung. Sie genoss die Betrachtung der breit gef\u00e4cherten Ausstellungsst\u00fccke, die so viele unterschiedliche Gestaltungsm\u00f6glichkeiten der Schw\u00e4lmer Wei\u00dfstickerei aufzeigen. Sie fotografierte und stellte ein Video zusammen, dass sie auf <a href=\"https:\/\/www.youtube.com\/watch?v=DLhIIW6aPQU\">YouTube<\/a> und Facebook zeigt. Auf diese Weise kann man schon mal einen kleinen Einblick gewinnen.<\/p>\n<div class='content-column one_third'><a href=\"https:\/\/www.luzine-happel.de\/wp-content\/uploads\/2014\/05\/Ausstellung_2014_1.jpg\"><img loading=\"lazy\" decoding=\"async\" src=\"https:\/\/www.luzine-happel.de\/wp-content\/uploads\/2014\/05\/Ausstellung_2014_1-280x186.jpg\" alt=\"Ausstellung\/Exhibition 2014 (1)\" width=\"280\" height=\"186\" class=\"alignnone size-280-breit\" \/><\/a><br \/>\nIn den drei aneinander grenzenden \u201eKronens\u00e4len\u201c finden Sie au\u00dfer einer beeindruckenden Vielfalt an historischen und nachempfundenen Schw\u00e4lmer Kronen viele imposante St\u00fccke neuzeitlicher Wei\u00dfstickereien.<br \/><\/div>\n<div class='content-column one_third'><a href=\"https:\/\/www.luzine-happel.de\/wp-content\/uploads\/2014\/05\/Ausstellung_2014_2.jpg\"><img loading=\"lazy\" decoding=\"async\" src=\"https:\/\/www.luzine-happel.de\/wp-content\/uploads\/2014\/05\/Ausstellung_2014_2-280x186.jpg\" alt=\"Ausstellung\/Exhibition 2014 (2)\" width=\"280\" height=\"186\" class=\"alignnone size-280-breit\" \/><\/a><br \/>\nDie Ausstellung wurde so aufgebaut, dass die gerahmten Kronen die R\u00e4ume wie ein Band durchziehen. Auf Tischen, Fensterb\u00e4nken und an der Wand gekonnt drapiert warten viele wundersch\u00f6ne Decken, sehr h\u00fcbsche Deckchen, edle Tischl\u00e4ufer und malerische Kissen auf interessierte Betrachter.<br \/><\/div>\n<div class='content-column one_third last_column'><a href=\"https:\/\/www.luzine-happel.de\/wp-content\/uploads\/2014\/05\/Ausstellung_2014_3.jpg\"><img loading=\"lazy\" decoding=\"async\" src=\"https:\/\/www.luzine-happel.de\/wp-content\/uploads\/2014\/05\/Ausstellung_2014_3-280x186.jpg\" alt=\"Ausstellung\/Exhibition 2014 (3)\" width=\"280\" height=\"186\" class=\"alignnone size-280-breit\" \/><\/a><br \/>\nSehr aufw\u00e4ndige und \u00fcppige Stickereien sind ebenso zu sehen wie schlichtere Ausf\u00fchrungen.<br \/><\/div><div class='clear_column'><\/div>\n<div style=\"width: 100%; float: left;\"><\/div>\n<div class='content-column one_third'><a href=\"https:\/\/www.luzine-happel.de\/wp-content\/uploads\/2014\/05\/Ausstellung_2014_4.jpg\"><img loading=\"lazy\" decoding=\"async\" src=\"https:\/\/www.luzine-happel.de\/wp-content\/uploads\/2014\/05\/Ausstellung_2014_4-280x186.jpg\" alt=\"Ausstellung\/Exhibition 2014 (4)\" width=\"280\" height=\"186\" class=\"alignnone size-280-breit\" \/><\/a><br \/>\n\u00dcberall laden Pl\u00e4tze zum Genie\u00dfen und Ausruhen ein. Von sehr alten, historischen Exponaten kann man viel lernen und auf neuzeitliche Stickereien \u00fcbertragen.<br \/>\nDie \u201eblaue Ecke\u201c, die \u201eWeihnachtsecke\u201c und nat\u00fcrlich die \u201eTrachtenecke\u201c bieten aparte Besonderheiten.<br \/><\/div>\n<div class='content-column one_third'><a href=\"https:\/\/www.luzine-happel.de\/wp-content\/uploads\/2014\/05\/Ausstellung_2014_5.jpg\"><img loading=\"lazy\" decoding=\"async\" src=\"https:\/\/www.luzine-happel.de\/wp-content\/uploads\/2014\/05\/Ausstellung_2014_5-280x186.jpg\" alt=\"Ausstellung\/Exhibition 2014 (5)\" width=\"280\" height=\"186\" class=\"alignnone size-280-breit\" \/><\/a><br \/>\nIn der \u201eVoliere\u201c sind all die pr\u00e4chtigen Vogelmotive untergebracht \u2013 der \u201eSchw\u00e4lmer Vogelbaum\u201c, das \u201eVogelhochzeits-Mustertuch\u201c, die \u201eVogelhochzeits-Decke\u201c werden staunende Blicke auf sich ziehen. Verschiedene schmuckvolle Vogelborten sowie Kranz-, Eck- und Mittelmotive mit V\u00f6geln runden das Angebot ab, wobei nat\u00fcrlich die Kronen mit integrierten Vogelmotiven nicht fehlen d\u00fcrfen.<br \/><\/div>\n<div class='content-column one_third last_column'><a href=\"https:\/\/www.luzine-happel.de\/wp-content\/uploads\/2014\/05\/Ausstellung_2014_6.jpg\"><img loading=\"lazy\" decoding=\"async\" src=\"https:\/\/www.luzine-happel.de\/wp-content\/uploads\/2014\/05\/Ausstellung_2014_6-280x186.jpg\" alt=\"Ausstellung\/Exhibition 2014 (6)\" width=\"280\" height=\"186\" class=\"alignnone size-280-breit\" \/><\/a><br \/>\nDer \u201erunde Tisch\u201c bietet Platz und Gelegenheit zum St\u00f6bern (B\u00fccher, Musterzeichnungen und Designaufdrucke), zum Kl\u00f6nen, zum Austausch und zum Lernen. Fast immer wird au\u00dfer mir Frau Mengel anwesend sein. Auch andere Kursleiterinnen haben ihr Kommen zugesagt.<br \/><\/div><div class='clear_column'><\/div>\n<div class=\"clear\"><\/div>\n<p style=\"text-align: center;margin-top:50px\"><a name=\"ausstellung2011\">&nbsp;<\/a>Gleichzeitig wird die Dauerausstellung<\/p>\n<h2 style=\"text-align: center;\"><strong>Kunst der Schw\u00e4lmer Wei\u00dfstickerei<\/strong><\/h2>\n<p style=\"text-align: center;\">ge\u00f6ffnet sein.<\/p>\n<div class='content-column one_third'><p style=\"text-align: left;\"><a href=\"https:\/\/www.luzine-happel.de\/wp-content\/uploads\/2012\/06\/Haus_Boyneburger_Tor_3.jpg\"><img loading=\"lazy\" decoding=\"async\" class=\"alignnone size-280-breit\" title=\"Altbauwohnung - Boyneburger Tor 3 (Humboldt\u00adschule)\" src=\"https:\/\/www.luzine-happel.de\/wp-content\/uploads\/2012\/06\/Haus_Boyneburger_Tor_3-280x187.jpg\" alt=\"Altbauwohnung - Boyneburger Tor 3 (Humboldt\u00adschule)\" width=\"280\" height=\"187\" \/><\/a>Eine Altbauwohnung mit viel Charme und einer Fl\u00e4che von 120m\u00b2 , aller\u00addings nur \u00fcber 61 Treppen\u00adstufen zu erreichen, bietet das Forum f\u00fcr all diese textilen Sch\u00e4tze:<br \/>\nBoyneburger Tor 3 (gegen\u00fcber der Humboldt\u00adschule; Bushaltestelle &#8222;Humboldtschule&#8220;)<br \/>\n37269 Eschwege<\/p><\/div>\n<div class='content-column one_third'><a href=\"https:\/\/www.luzine-happel.de\/wp-content\/uploads\/2012\/06\/Schlafgemach.jpg\"><img loading=\"lazy\" decoding=\"async\" class=\"alignnone size-280-breit\" title=\"\u201eSchlaf\u00adgemach\u201c\" src=\"https:\/\/www.luzine-happel.de\/wp-content\/uploads\/2012\/06\/Schlafgemach-280x186.jpg\" alt=\"\u201eSchlaf\u00adgemach\u201c\" width=\"280\" height=\"186\" \/><\/a><br \/>\nIm \u201eSchlaf\u00adgemach\u201c sind historische Stickereien zu sehen. Damals verzierte man Bett und Kleidung.<br \/>\nAuch einige Teile vom Trachten\u00adzubeh\u00f6r werden gezeigt und was aus Paradekissen und Miedern wurde, als diese nicht mehr gebraucht wurden.<br \/><\/div>\n<div class='content-column one_third last_column'><a href=\"https:\/\/www.luzine-happel.de\/wp-content\/uploads\/2012\/06\/Flur.jpg\"><img loading=\"lazy\" decoding=\"async\" class=\"alignnone size-280-breit\" title=\"der Flur\" src=\"https:\/\/www.luzine-happel.de\/wp-content\/uploads\/2012\/06\/Flur-280x186.jpg\" alt=\"der Flur\" width=\"280\" height=\"186\" \/><\/a><br \/>\nDer Flur beher\u00adbergt einige originelle Exponate.<br \/><\/div><div class='clear_column'><\/div>\n<div style=\"width: 100%; float: left;\"><\/div>\n<div class='content-column one_third'><a href=\"https:\/\/www.luzine-happel.de\/wp-content\/uploads\/2012\/06\/Schatzkammer.jpg\"><img loading=\"lazy\" decoding=\"async\" class=\"alignnone size-280-breit\" title=\"Schatzkammer\" src=\"https:\/\/www.luzine-happel.de\/wp-content\/uploads\/2012\/06\/Schatzkammer-280x186.jpg\" alt=\"Schatz\u00adkammer\" width=\"280\" height=\"186\" \/><\/a><br \/>\nIn der \u201eSchatz\u00adkammer\u201c findet man Zeugnisse aller Stilrich\u00adtungen der Schw\u00e4lmer Wei\u00df\u00adstic\u00adkerei \u2013 moderne Fl\u00e4chen\u00adf\u00fcll\u00admuster in \u00fcber\u00adlieferten Konturen, Beispiele der \u201efr\u00fchen\u201c Schw\u00e4lmer Wei\u00df\u00adstic\u00adkerei und altherge\u00adbrachte St\u00fccke auf altem, handge\u00adwebtem Leinen.<br \/><\/div>\n<div class='content-column one_third'><a href=\"https:\/\/www.luzine-happel.de\/wp-content\/uploads\/2012\/06\/Stoeberstuebchen.jpg\"><img loading=\"lazy\" decoding=\"async\" class=\"alignnone size-280-breit\" title=\"St\u00f6be\u00adrst\u00fcbchen\" src=\"https:\/\/www.luzine-happel.de\/wp-content\/uploads\/2012\/06\/Stoeberstuebchen-280x186.jpg\" alt=\"St\u00f6be\u00adrst\u00fcbchen\" width=\"280\" height=\"186\" \/><\/a><br \/>\nIm \u201eSt\u00f6be\u00adrst\u00fcbchen\u201c kann man sich in aller Ruhe mit dem Inhalt der von mir ange\u00adbotenen B\u00fccher vertraut machen.<br \/>\nNeulinge k\u00f6nnen den Werdegang einer Schw\u00e4lmer Wei\u00df\u00adstic\u00adkerei erfahren und erproben.<br \/><\/div>\n<div class='content-column one_third last_column'><a href=\"https:\/\/www.luzine-happel.de\/wp-content\/uploads\/2012\/06\/Hinterzimmer.jpg\"><img loading=\"lazy\" decoding=\"async\" class=\"alignnone size-280-breit\" title=\"Hinter\u00adzimmer\" src=\"https:\/\/www.luzine-happel.de\/wp-content\/uploads\/2012\/06\/Hinterzimmer-280x186.jpg\" alt=\"Hinter\u00adzimmer\" width=\"280\" height=\"186\" \/><\/a><br \/>\nIm \u201eHinter\u00adzimmer\u201c kann man neben traditionellen Stickereien einige moderne Entw\u00fcrfe sehen. Farbig gestickte Exponate, Oster\u00admotive sowie weihnacht\u00adliche Stickereien runden die Ausstel\u00adlungs\u00adpalette ab.<br \/><\/div><div class='clear_column'><\/div>\n<div class='content-column one_third'><a href=\"https:\/\/www.luzine-happel.de\/wp-content\/uploads\/2012\/06\/Muster-Magazin.jpg\"><img loading=\"lazy\" decoding=\"async\" class=\"alignnone size-280-breit\" title=\"Muster\u00admagazin\" src=\"https:\/\/www.luzine-happel.de\/wp-content\/uploads\/2012\/06\/Muster-Magazin-280x186.jpg\" alt=\"Muster\u00admagazin\" width=\"280\" height=\"186\" \/><\/a><br \/>\nDas \u201eMuster\u00admagazin\u201c bietet Raum f\u00fcr mehr als 500 verschiedene Fl\u00e4chen\u00adf\u00fcll\u00admuster und zeigt Beispiele f\u00fcr deren Einsatz in modernem Wohnam\u00adbiente.<br \/><\/div>","protected":false},"excerpt":{"rendered":"<p>Die Ausstellung edel &#038; weiss Stickereien vom Feinsten pr\u00e4sentiere ich im Hause Boyneburger Tor 3 37269 ESCHWEGE Ab sofort kann die Ausstellung nach vorheriger Terminabsprache wieder jederzeit besucht werden. Ge\u00f6ffnet wird auf telefonische Anfrage unter Nummer 0 56 51 &#8211; 3 22 33 oder E-Mail Anfrage unter info@luzine-happel.de Eintritt Im Jahr 2019 besuchte Mimi Chan aus Hong Kong meine Ausstellung. Sie genoss die Betrachtung der breit gef\u00e4cherten Ausstellungsst\u00fccke, die so viele unterschiedliche Gestaltungsm\u00f6glichkeiten der Schw\u00e4lmer Wei\u00dfstickerei aufzeigen. Sie fotografierte und stellte ein Video zusammen, dass sie auf YouTube und Facebook zeigt. Auf diese Weise kann man schon mal einen kleinen Einblick gewinnen. &nbsp;Gleichzeitig wird die Dauerausstellung Kunst der Schw\u00e4lmer Wei\u00dfstickerei ge\u00f6ffnet sein.<\/p>\n","protected":false},"author":1,"featured_media":0,"parent":26,"menu_order":0,"comment_status":"open","ping_status":"open","template":"page-FullWidth.php","meta":{"inline_featured_image":false,"footnotes":""},"class_list":["post-251","page","type-page","status-publish","hentry","wpautop"],"yoast_head":"<!-- This site is optimized with the Yoast SEO plugin v27.4 - https:\/\/yoast.com\/product\/yoast-seo-wordpress\/ -->\n<title>Meine Ausstellungen - Luzine Happel<\/title>\n<meta name=\"robots\" content=\"index, follow, max-snippet:-1, max-image-preview:large, max-video-preview:-1\" \/>\n<link rel=\"canonical\" href=\"https:\/\/www.luzine-happel.de\/?page_id=251\" \/>\n<meta property=\"og:locale\" content=\"de_DE\" \/>\n<meta property=\"og:type\" content=\"article\" \/>\n<meta property=\"og:title\" content=\"Meine Ausstellungen - Luzine Happel\" \/>\n<meta property=\"og:description\" content=\"Die Ausstellung edel &#038; weiss Stickereien vom Feinsten pr\u00e4sentiere ich im Hause Boyneburger Tor 3 37269 ESCHWEGE Ab sofort kann die Ausstellung nach vorheriger Terminabsprache wieder jederzeit besucht werden. Ge\u00f6ffnet wird auf telefonische Anfrage unter Nummer 0 56 51 &#8211; 3 22 33 oder E-Mail Anfrage unter info@luzine-happel.de Eintritt Im Jahr 2019 besuchte Mimi Chan aus Hong Kong meine Ausstellung. Sie genoss die Betrachtung der breit gef\u00e4cherten Ausstellungsst\u00fccke, die so viele unterschiedliche Gestaltungsm\u00f6glichkeiten der Schw\u00e4lmer Wei\u00dfstickerei aufzeigen. Sie fotografierte und stellte ein Video zusammen, dass sie auf YouTube und Facebook zeigt. Auf diese Weise kann man schon mal einen kleinen Einblick gewinnen. &nbsp;Gleichzeitig wird die Dauerausstellung Kunst der Schw\u00e4lmer Wei\u00dfstickerei ge\u00f6ffnet sein.\" \/>\n<meta property=\"og:url\" content=\"https:\/\/www.luzine-happel.de\/?page_id=251\" \/>\n<meta property=\"og:site_name\" content=\"Luzine Happel\" \/>\n<meta property=\"article:modified_time\" content=\"2024-04-17T12:23:58+00:00\" \/>\n<meta property=\"og:image\" content=\"https:\/\/www.luzine-happel.de\/wp-content\/uploads\/2014\/05\/Ausstellung_2014_1-280x186.jpg\" \/>\n<meta name=\"twitter:card\" content=\"summary_large_image\" \/>\n<meta name=\"twitter:label1\" content=\"Gesch\u00e4tzte Lesezeit\" \/>\n\t<meta name=\"twitter:data1\" content=\"11\u00a0Minuten\" \/>\n<script type=\"application\/ld+json\" class=\"yoast-schema-graph\">{\"@context\":\"https:\\\/\\\/schema.org\",\"@graph\":[{\"@type\":\"WebPage\",\"@id\":\"https:\\\/\\\/www.luzine-happel.de\\\/?page_id=251\",\"url\":\"https:\\\/\\\/www.luzine-happel.de\\\/?page_id=251\",\"name\":\"Meine Ausstellungen - Luzine Happel\",\"isPartOf\":{\"@id\":\"https:\\\/\\\/www.luzine-happel.de\\\/#website\"},\"primaryImageOfPage\":{\"@id\":\"https:\\\/\\\/www.luzine-happel.de\\\/?page_id=251#primaryimage\"},\"image\":{\"@id\":\"https:\\\/\\\/www.luzine-happel.de\\\/?page_id=251#primaryimage\"},\"thumbnailUrl\":\"https:\\\/\\\/www.luzine-happel.de\\\/wp-content\\\/uploads\\\/2014\\\/05\\\/Ausstellung_2014_1-280x186.jpg\",\"datePublished\":\"2012-06-29T07:54:32+00:00\",\"dateModified\":\"2024-04-17T12:23:58+00:00\",\"breadcrumb\":{\"@id\":\"https:\\\/\\\/www.luzine-happel.de\\\/?page_id=251#breadcrumb\"},\"inLanguage\":\"de\",\"potentialAction\":[{\"@type\":\"ReadAction\",\"target\":[\"https:\\\/\\\/www.luzine-happel.de\\\/?page_id=251\"]}]},{\"@type\":\"ImageObject\",\"inLanguage\":\"de\",\"@id\":\"https:\\\/\\\/www.luzine-happel.de\\\/?page_id=251#primaryimage\",\"url\":\"https:\\\/\\\/www.luzine-happel.de\\\/wp-content\\\/uploads\\\/2014\\\/05\\\/Ausstellung_2014_1-280x186.jpg\",\"contentUrl\":\"https:\\\/\\\/www.luzine-happel.de\\\/wp-content\\\/uploads\\\/2014\\\/05\\\/Ausstellung_2014_1-280x186.jpg\"},{\"@type\":\"BreadcrumbList\",\"@id\":\"https:\\\/\\\/www.luzine-happel.de\\\/?page_id=251#breadcrumb\",\"itemListElement\":[{\"@type\":\"ListItem\",\"position\":1,\"name\":\"Startseite\",\"item\":\"https:\\\/\\\/www.luzine-happel.de\\\/\"},{\"@type\":\"ListItem\",\"position\":2,\"name\":\"Luzine Happel\",\"item\":\"https:\\\/\\\/www.luzine-happel.de\\\/?page_id=26&lang=en\"},{\"@type\":\"ListItem\",\"position\":3,\"name\":\"Meine Ausstellungen\"}]},{\"@type\":\"WebSite\",\"@id\":\"https:\\\/\\\/www.luzine-happel.de\\\/#website\",\"url\":\"https:\\\/\\\/www.luzine-happel.de\\\/\",\"name\":\"Luzine Happel\",\"description\":\"\",\"potentialAction\":[{\"@type\":\"SearchAction\",\"target\":{\"@type\":\"EntryPoint\",\"urlTemplate\":\"https:\\\/\\\/www.luzine-happel.de\\\/?s={search_term_string}\"},\"query-input\":{\"@type\":\"PropertyValueSpecification\",\"valueRequired\":true,\"valueName\":\"search_term_string\"}}],\"inLanguage\":\"de\"}]}<\/script>\n<!-- \/ Yoast SEO plugin. -->","yoast_head_json":{"title":"Meine Ausstellungen - Luzine Happel","robots":{"index":"index","follow":"follow","max-snippet":"max-snippet:-1","max-image-preview":"max-image-preview:large","max-video-preview":"max-video-preview:-1"},"canonical":"https:\/\/www.luzine-happel.de\/?page_id=251","og_locale":"de_DE","og_type":"article","og_title":"Meine Ausstellungen - Luzine Happel","og_description":"Die Ausstellung edel &#038; weiss Stickereien vom Feinsten pr\u00e4sentiere ich im Hause Boyneburger Tor 3 37269 ESCHWEGE Ab sofort kann die Ausstellung nach vorheriger Terminabsprache wieder jederzeit besucht werden. Ge\u00f6ffnet wird auf telefonische Anfrage unter Nummer 0 56 51 &#8211; 3 22 33 oder E-Mail Anfrage unter info@luzine-happel.de Eintritt Im Jahr 2019 besuchte Mimi Chan aus Hong Kong meine Ausstellung. Sie genoss die Betrachtung der breit gef\u00e4cherten Ausstellungsst\u00fccke, die so viele unterschiedliche Gestaltungsm\u00f6glichkeiten der Schw\u00e4lmer Wei\u00dfstickerei aufzeigen. Sie fotografierte und stellte ein Video zusammen, dass sie auf YouTube und Facebook zeigt. Auf diese Weise kann man schon mal einen kleinen Einblick gewinnen. &nbsp;Gleichzeitig wird die Dauerausstellung Kunst der Schw\u00e4lmer Wei\u00dfstickerei ge\u00f6ffnet sein.","og_url":"https:\/\/www.luzine-happel.de\/?page_id=251","og_site_name":"Luzine Happel","article_modified_time":"2024-04-17T12:23:58+00:00","og_image":[{"url":"https:\/\/www.luzine-happel.de\/wp-content\/uploads\/2014\/05\/Ausstellung_2014_1-280x186.jpg","type":"","width":"","height":""}],"twitter_card":"summary_large_image","twitter_misc":{"Gesch\u00e4tzte Lesezeit":"11\u00a0Minuten"},"schema":{"@context":"https:\/\/schema.org","@graph":[{"@type":"WebPage","@id":"https:\/\/www.luzine-happel.de\/?page_id=251","url":"https:\/\/www.luzine-happel.de\/?page_id=251","name":"Meine Ausstellungen - Luzine Happel","isPartOf":{"@id":"https:\/\/www.luzine-happel.de\/#website"},"primaryImageOfPage":{"@id":"https:\/\/www.luzine-happel.de\/?page_id=251#primaryimage"},"image":{"@id":"https:\/\/www.luzine-happel.de\/?page_id=251#primaryimage"},"thumbnailUrl":"https:\/\/www.luzine-happel.de\/wp-content\/uploads\/2014\/05\/Ausstellung_2014_1-280x186.jpg","datePublished":"2012-06-29T07:54:32+00:00","dateModified":"2024-04-17T12:23:58+00:00","breadcrumb":{"@id":"https:\/\/www.luzine-happel.de\/?page_id=251#breadcrumb"},"inLanguage":"de","potentialAction":[{"@type":"ReadAction","target":["https:\/\/www.luzine-happel.de\/?page_id=251"]}]},{"@type":"ImageObject","inLanguage":"de","@id":"https:\/\/www.luzine-happel.de\/?page_id=251#primaryimage","url":"https:\/\/www.luzine-happel.de\/wp-content\/uploads\/2014\/05\/Ausstellung_2014_1-280x186.jpg","contentUrl":"https:\/\/www.luzine-happel.de\/wp-content\/uploads\/2014\/05\/Ausstellung_2014_1-280x186.jpg"},{"@type":"BreadcrumbList","@id":"https:\/\/www.luzine-happel.de\/?page_id=251#breadcrumb","itemListElement":[{"@type":"ListItem","position":1,"name":"Startseite","item":"https:\/\/www.luzine-happel.de\/"},{"@type":"ListItem","position":2,"name":"Luzine Happel","item":"https:\/\/www.luzine-happel.de\/?page_id=26&lang=en"},{"@type":"ListItem","position":3,"name":"Meine Ausstellungen"}]},{"@type":"WebSite","@id":"https:\/\/www.luzine-happel.de\/#website","url":"https:\/\/www.luzine-happel.de\/","name":"Luzine Happel","description":"","potentialAction":[{"@type":"SearchAction","target":{"@type":"EntryPoint","urlTemplate":"https:\/\/www.luzine-happel.de\/?s={search_term_string}"},"query-input":{"@type":"PropertyValueSpecification","valueRequired":true,"valueName":"search_term_string"}}],"inLanguage":"de"}]}},"_links":{"self":[{"href":"https:\/\/www.luzine-happel.de\/index.php?rest_route=\/wp\/v2\/pages\/251","targetHints":{"allow":["GET"]}}],"collection":[{"href":"https:\/\/www.luzine-happel.de\/index.php?rest_route=\/wp\/v2\/pages"}],"about":[{"href":"https:\/\/www.luzine-happel.de\/index.php?rest_route=\/wp\/v2\/types\/page"}],"author":[{"embeddable":true,"href":"https:\/\/www.luzine-happel.de\/index.php?rest_route=\/wp\/v2\/users\/1"}],"replies":[{"embeddable":true,"href":"https:\/\/www.luzine-happel.de\/index.php?rest_route=%2Fwp%2Fv2%2Fcomments&post=251"}],"version-history":[{"count":12,"href":"https:\/\/www.luzine-happel.de\/index.php?rest_route=\/wp\/v2\/pages\/251\/revisions"}],"predecessor-version":[{"id":23888,"href":"https:\/\/www.luzine-happel.de\/index.php?rest_route=\/wp\/v2\/pages\/251\/revisions\/23888"}],"up":[{"embeddable":true,"href":"https:\/\/www.luzine-happel.de\/index.php?rest_route=\/wp\/v2\/pages\/26"}],"wp:attachment":[{"href":"https:\/\/www.luzine-happel.de\/index.php?rest_route=%2Fwp%2Fv2%2Fmedia&parent=251"}],"curies":[{"name":"wp","href":"https:\/\/api.w.org\/{rel}","templated":true}]}}