{"id":2798,"date":"2013-06-06T12:17:12","date_gmt":"2013-06-06T10:17:12","guid":{"rendered":"https:\/\/www.luzine-happel.de\/?page_id=2798"},"modified":"2018-03-18T13:33:30","modified_gmt":"2018-03-18T11:33:30","slug":"prestigieuses-couronnes-de-schwalm","status":"publish","type":"page","link":"https:\/\/www.luzine-happel.de\/?page_id=2798","title":{"rendered":"Prestigieuses couronnes de Schwalm"},"content":{"rendered":"<div class='content-column one_half'><a href=\"https:\/\/www.luzine-happel.de\/wp-content\/uploads\/2013\/06\/Couronnes_du_pays_de_Schwalm_2_Title.jpg\"><img loading=\"lazy\" decoding=\"async\" style=\"border:1px solid #000000;float:none;\" src=\"https:\/\/www.luzine-happel.de\/wp-content\/uploads\/2013\/06\/Couronnes_du_pays_de_Schwalm_2_Title-438x619.jpg\" alt=\"Couronnes du pays de Schwalm\" width=\"438\" height=\"619\" class=\"alignleft lupenb\" \/><\/a><center><strong>Prestigieuses couronnes de Schwalm<\/strong><\/center><br \/><\/div>\n<div class='content-column one_half last_column'><strong>Prestigieuses couronnes de Schwalm<\/strong><br \/>\nmit Konturenzeichnungen<\/p>\n<p>Luzine Happel <\/p>\n<ul>\n<li>Eigenverlag 2013<\/li>\n<li>Text: franz\u00f6sisch<\/li>\n<li>83 Seiten farbig<\/li>\n<li>Ringbindung<\/li>\n<\/ul>\n<p>Schw\u00e4lmer Kronen sind eine weltweite Besonderheit: mit ihnen \u201ekr\u00f6nten\u201c die B\u00e4uerinnen der Schwalm ihre prachtvolle Wei\u00dfstickerei. Meist wurde auch der Name der Besitzerin, manchmal auch das Jahr der Entstehung durch Stickerei auf dem Leinen festgehalten. <\/p>\n<p>Kronen sind ca. handtellergro\u00dfe, meist dicht verzierte, oft halbkreis\u00e4hnlich konturierte Lebensbaum- oder Dreisprossgebilde. Die vielen verschiedenen Entw\u00fcrfe zeugen von h\u00f6chster Kreativit\u00e4t und einem ausgepr\u00e4gten Gef\u00fchl f\u00fcr \u00c4sthetik. Es gibt Kronen mit wuchtigen Elementen und filigran gestaltete Exemplare, Kronen, die mit nur einem einzigen Gestaltungselement auskommen und andere, die alles bieten, was an Einzelmotiven f\u00fcr die Schw\u00e4lmer Kronen \u00fcberhaupt verwendet wurde.<\/p>\n<p>Die wundersch\u00f6ne Kronenstickerei kann man zwar in den Museen der Schwalm betrachten, aber leider gab es bisher keine \u00f6ffentlich zug\u00e4ngliche Sammlung f\u00fcr deren Musterzeichnungen. Ich fand diesen uns hinterlassenen enormen Schatz zu wertvoll, um ihn in der Vergessenheit versinken zu lassen, denn Kronen sind nicht nur zu reizvoll und attraktiv, sie haben auch in der heutigen Zeit durchaus noch ihre Daseinsberechtigung. Denn auch heute investiert man viele, viele Stunden in die Wei\u00dfstickerei, und was sollte dagegen sprechen, diese Arbeit zu \u201ekr\u00f6nen\u201c. Zumindest verdienen es die Initialen der Stickerin, aber auch die Jahreszahl des Jahres der Entstehung, festgehalten zu werden. Wichtig finde ich es auch, dass man den ungef\u00e4hren Zeitaufwand \u2013 die Anzahl der Arbeitsstunden -, den man gehabt hat, auf der Stickerei festh\u00e4lt.<\/p>\n<p>Daher habe ich eine professionelle Designerin beauftragt, anhand von \u00fcberbrachten Kronenstickereien mit heutigen Mitteln Konturenmuster zu zeichnen. Das war nicht immer ganz einfach \u2013 manche Kronen waren auf Grund ihres Alters und langen Gebrauchs nur noch bruchst\u00fcckhaft vorhanden. Von anderen hatte ich nur schemenhafte Abbildungen. Dennoch ist es gelungen.<\/p>\n<p>An Hand dieser Zeichnungen habe ich fast all die Kronen nachgearbeitet. Dazu habe ich einen ganzen Ballen handgewebten Leinens  &#8211; in kleine Teile zerschnitten \u2013 bestickt. Die fertigen Kronen habe ich fotografiert und zusammen mit den Konturenzeichnungen zur Ver\u00f6ffentlichung aufbereitet.<br \/>\nBesonders beliebte Kronen existierten in verschiedensten Abwandlungen. Diese m\u00f6chte ich Ihnen nicht vorenthalten. Daher gibt es zu vielen der gestickten Kronen mehrere Konturenzeichnungen. Diese enorme Menge an Material passte leider nicht in ein Buch \u2013 es wurden zwei!<\/p>\n<p>Der zweite Band<br \/>\n<strong>\u201ePr\u00e4chtige Schw\u00e4lmer Kronen\u201c<\/strong><br \/>\nzeigt die sch\u00f6nsten, gr\u00f6\u00dften, aufw\u00e4ndigsten Stickereien \u2013 insgesamt 66 an der Zahl \u2013 und deren  100 Konturenvarianten.<\/p>\n<p>Einen Einblick in das Buch kann man nehmen unter \u201e<a href=\"https:\/\/www.luzine-happel.de\/?page_id=2796\">Shop<\/a>\u201c.<br \/><\/div><div class='clear_column'><\/div>","protected":false},"excerpt":{"rendered":"","protected":false},"author":1,"featured_media":0,"parent":55,"menu_order":0,"comment_status":"open","ping_status":"open","template":"page-FullWidth.php","meta":{"inline_featured_image":false,"footnotes":""},"yoast_head":"<!-- This site is optimized with the Yoast SEO plugin v24.5 - https:\/\/yoast.com\/wordpress\/plugins\/seo\/ -->\n<title>Prestigieuses couronnes de Schwalm - Luzine Happel<\/title>\n<meta name=\"robots\" content=\"index, follow, max-snippet:-1, max-image-preview:large, max-video-preview:-1\" \/>\n<link rel=\"canonical\" href=\"https:\/\/www.luzine-happel.de\/?page_id=2798&lang=en\" \/>\n<meta property=\"og:locale\" content=\"de_DE\" \/>\n<meta property=\"og:type\" content=\"article\" \/>\n<meta property=\"og:title\" content=\"Prestigieuses couronnes de Schwalm - Luzine Happel\" \/>\n<meta property=\"og:url\" content=\"https:\/\/www.luzine-happel.de\/?page_id=2798&amp;lang=en\" \/>\n<meta property=\"og:site_name\" content=\"Luzine Happel\" \/>\n<meta property=\"article:modified_time\" content=\"2018-03-18T11:33:30+00:00\" \/>\n<meta property=\"og:image\" content=\"https:\/\/www.luzine-happel.de\/wp-content\/uploads\/2013\/06\/Couronnes_du_pays_de_Schwalm_2_Title-438x619.jpg\" \/>\n<meta name=\"twitter:card\" content=\"summary_large_image\" \/>\n<meta name=\"twitter:label1\" content=\"Gesch\u00e4tzte Lesezeit\" \/>\n\t<meta name=\"twitter:data1\" content=\"4\u00a0Minuten\" \/>\n<script type=\"application\/ld+json\" class=\"yoast-schema-graph\">{\"@context\":\"https:\/\/schema.org\",\"@graph\":[{\"@type\":\"WebPage\",\"@id\":\"https:\/\/www.luzine-happel.de\/?page_id=2798&lang=en\",\"url\":\"https:\/\/www.luzine-happel.de\/?page_id=2798&lang=en\",\"name\":\"Prestigieuses couronnes de Schwalm - Luzine Happel\",\"isPartOf\":{\"@id\":\"https:\/\/www.luzine-happel.de\/#website\"},\"primaryImageOfPage\":{\"@id\":\"https:\/\/www.luzine-happel.de\/?page_id=2798&lang=en#primaryimage\"},\"image\":{\"@id\":\"https:\/\/www.luzine-happel.de\/?page_id=2798&lang=en#primaryimage\"},\"thumbnailUrl\":\"https:\/\/www.luzine-happel.de\/wp-content\/uploads\/2013\/06\/Couronnes_du_pays_de_Schwalm_2_Title-438x619.jpg\",\"datePublished\":\"2013-06-06T10:17:12+00:00\",\"dateModified\":\"2018-03-18T11:33:30+00:00\",\"breadcrumb\":{\"@id\":\"https:\/\/www.luzine-happel.de\/?page_id=2798&lang=en#breadcrumb\"},\"inLanguage\":\"de\",\"potentialAction\":[{\"@type\":\"ReadAction\",\"target\":[\"https:\/\/www.luzine-happel.de\/?page_id=2798&lang=en\"]}]},{\"@type\":\"ImageObject\",\"inLanguage\":\"de\",\"@id\":\"https:\/\/www.luzine-happel.de\/?page_id=2798&lang=en#primaryimage\",\"url\":\"https:\/\/www.luzine-happel.de\/wp-content\/uploads\/2013\/06\/Couronnes_du_pays_de_Schwalm_2_Title.jpg\",\"contentUrl\":\"https:\/\/www.luzine-happel.de\/wp-content\/uploads\/2013\/06\/Couronnes_du_pays_de_Schwalm_2_Title.jpg\",\"width\":1240,\"height\":1754,\"caption\":\"Prestigieuses couronnes de Schwalm zum Artikel\"},{\"@type\":\"BreadcrumbList\",\"@id\":\"https:\/\/www.luzine-happel.de\/?page_id=2798&lang=en#breadcrumb\",\"itemListElement\":[{\"@type\":\"ListItem\",\"position\":1,\"name\":\"Startseite\",\"item\":\"https:\/\/www.luzine-happel.de\/\"},{\"@type\":\"ListItem\",\"position\":2,\"name\":\"Library\",\"item\":\"https:\/\/www.luzine-happel.de\/?page_id=55&lang=en\"},{\"@type\":\"ListItem\",\"position\":3,\"name\":\"Prestigieuses couronnes de Schwalm\"}]},{\"@type\":\"WebSite\",\"@id\":\"https:\/\/www.luzine-happel.de\/#website\",\"url\":\"https:\/\/www.luzine-happel.de\/\",\"name\":\"Luzine Happel\",\"description\":\"\",\"potentialAction\":[{\"@type\":\"SearchAction\",\"target\":{\"@type\":\"EntryPoint\",\"urlTemplate\":\"https:\/\/www.luzine-happel.de\/?s={search_term_string}\"},\"query-input\":{\"@type\":\"PropertyValueSpecification\",\"valueRequired\":true,\"valueName\":\"search_term_string\"}}],\"inLanguage\":\"de\"}]}<\/script>\n<!-- \/ Yoast SEO plugin. -->","yoast_head_json":{"title":"Prestigieuses couronnes de Schwalm - Luzine Happel","robots":{"index":"index","follow":"follow","max-snippet":"max-snippet:-1","max-image-preview":"max-image-preview:large","max-video-preview":"max-video-preview:-1"},"canonical":"https:\/\/www.luzine-happel.de\/?page_id=2798&lang=en","og_locale":"de_DE","og_type":"article","og_title":"Prestigieuses couronnes de Schwalm - Luzine Happel","og_url":"https:\/\/www.luzine-happel.de\/?page_id=2798&lang=en","og_site_name":"Luzine Happel","article_modified_time":"2018-03-18T11:33:30+00:00","og_image":[{"url":"https:\/\/www.luzine-happel.de\/wp-content\/uploads\/2013\/06\/Couronnes_du_pays_de_Schwalm_2_Title-438x619.jpg","type":"","width":"","height":""}],"twitter_card":"summary_large_image","twitter_misc":{"Gesch\u00e4tzte Lesezeit":"4\u00a0Minuten"},"schema":{"@context":"https:\/\/schema.org","@graph":[{"@type":"WebPage","@id":"https:\/\/www.luzine-happel.de\/?page_id=2798&lang=en","url":"https:\/\/www.luzine-happel.de\/?page_id=2798&lang=en","name":"Prestigieuses couronnes de Schwalm - Luzine Happel","isPartOf":{"@id":"https:\/\/www.luzine-happel.de\/#website"},"primaryImageOfPage":{"@id":"https:\/\/www.luzine-happel.de\/?page_id=2798&lang=en#primaryimage"},"image":{"@id":"https:\/\/www.luzine-happel.de\/?page_id=2798&lang=en#primaryimage"},"thumbnailUrl":"https:\/\/www.luzine-happel.de\/wp-content\/uploads\/2013\/06\/Couronnes_du_pays_de_Schwalm_2_Title-438x619.jpg","datePublished":"2013-06-06T10:17:12+00:00","dateModified":"2018-03-18T11:33:30+00:00","breadcrumb":{"@id":"https:\/\/www.luzine-happel.de\/?page_id=2798&lang=en#breadcrumb"},"inLanguage":"de","potentialAction":[{"@type":"ReadAction","target":["https:\/\/www.luzine-happel.de\/?page_id=2798&lang=en"]}]},{"@type":"ImageObject","inLanguage":"de","@id":"https:\/\/www.luzine-happel.de\/?page_id=2798&lang=en#primaryimage","url":"https:\/\/www.luzine-happel.de\/wp-content\/uploads\/2013\/06\/Couronnes_du_pays_de_Schwalm_2_Title.jpg","contentUrl":"https:\/\/www.luzine-happel.de\/wp-content\/uploads\/2013\/06\/Couronnes_du_pays_de_Schwalm_2_Title.jpg","width":1240,"height":1754,"caption":"Prestigieuses couronnes de Schwalm zum Artikel"},{"@type":"BreadcrumbList","@id":"https:\/\/www.luzine-happel.de\/?page_id=2798&lang=en#breadcrumb","itemListElement":[{"@type":"ListItem","position":1,"name":"Startseite","item":"https:\/\/www.luzine-happel.de\/"},{"@type":"ListItem","position":2,"name":"Library","item":"https:\/\/www.luzine-happel.de\/?page_id=55&lang=en"},{"@type":"ListItem","position":3,"name":"Prestigieuses couronnes de Schwalm"}]},{"@type":"WebSite","@id":"https:\/\/www.luzine-happel.de\/#website","url":"https:\/\/www.luzine-happel.de\/","name":"Luzine Happel","description":"","potentialAction":[{"@type":"SearchAction","target":{"@type":"EntryPoint","urlTemplate":"https:\/\/www.luzine-happel.de\/?s={search_term_string}"},"query-input":{"@type":"PropertyValueSpecification","valueRequired":true,"valueName":"search_term_string"}}],"inLanguage":"de"}]}},"_links":{"self":[{"href":"https:\/\/www.luzine-happel.de\/index.php?rest_route=\/wp\/v2\/pages\/2798"}],"collection":[{"href":"https:\/\/www.luzine-happel.de\/index.php?rest_route=\/wp\/v2\/pages"}],"about":[{"href":"https:\/\/www.luzine-happel.de\/index.php?rest_route=\/wp\/v2\/types\/page"}],"author":[{"embeddable":true,"href":"https:\/\/www.luzine-happel.de\/index.php?rest_route=\/wp\/v2\/users\/1"}],"replies":[{"embeddable":true,"href":"https:\/\/www.luzine-happel.de\/index.php?rest_route=%2Fwp%2Fv2%2Fcomments&post=2798"}],"version-history":[{"count":1,"href":"https:\/\/www.luzine-happel.de\/index.php?rest_route=\/wp\/v2\/pages\/2798\/revisions"}],"predecessor-version":[{"id":11222,"href":"https:\/\/www.luzine-happel.de\/index.php?rest_route=\/wp\/v2\/pages\/2798\/revisions\/11222"}],"up":[{"embeddable":true,"href":"https:\/\/www.luzine-happel.de\/index.php?rest_route=\/wp\/v2\/pages\/55"}],"wp:attachment":[{"href":"https:\/\/www.luzine-happel.de\/index.php?rest_route=%2Fwp%2Fv2%2Fmedia&parent=2798"}],"curies":[{"name":"wp","href":"https:\/\/api.w.org\/{rel}","templated":true}]}}