{"id":2827,"date":"2013-06-06T13:57:32","date_gmt":"2013-06-06T11:57:32","guid":{"rendered":"https:\/\/www.luzine-happel.de\/?page_id=2827"},"modified":"2018-03-18T14:11:39","modified_gmt":"2018-03-18T12:11:39","slug":"openwork-needleweaving-patterns","status":"publish","type":"page","link":"https:\/\/www.luzine-happel.de\/?page_id=2827","title":{"rendered":"Openwork Needleweaving Patterns"},"content":{"rendered":"<div class='content-column one_half'><a href=\"https:\/\/www.luzine-happel.de\/wp-content\/uploads\/2013\/06\/Openwork_Needleweaving_Patterns_title.jpg\"><img loading=\"lazy\" decoding=\"async\" style=\"border:1px solid #000000;float:none;\" src=\"https:\/\/www.luzine-happel.de\/wp-content\/uploads\/2013\/06\/Openwork_Needleweaving_Patterns_title-438x619.jpg\" alt=\"Openwork Needleweaving Patterns\" width=\"438\" height=\"619\" class=\"alignleft lupenb\" \/><\/a><center><strong>Openwork Needleweaving Patterns<\/strong><\/center><br \/><\/div>\n<div class='content-column one_half last_column'><strong>Openwork Needleweaving Patterns<\/strong><br \/>\nLuzine Happel<\/p>\n<ul>\n<li>Eigenverlag 2013<\/li>\n<li>Text: englisch<\/li>\n<li>93 Seiten farbig; Ringbindung<\/li>\n<li>mit Schnellfinde-\u00dcbersicht<\/li>\n<\/ul>\n<p>\u201eLichte Muster\u201c werden auch als \u201eDoppeldurchbruch\u201c bezeichnet. Man entfernt aus einem Gewebe paarweise F\u00e4den in L\u00e4ngs- und Querrichtung und l\u00e4sst dazwischen Fadenpaare stehen. Das so entstehende Gitter wird mit Grundstichen gesichert und kann dann mit verschiedenen Musterungen verziert werden.<br \/>\nHier gezeigt werden ausschlie\u00dflich Endlos-Stopfstichmuster \u2013 insgesamt 175 verschiedene, deren Arbeitsweise durch einfach zu verstehende Schritt-f\u00fcr-Schritt-Fotos erkl\u00e4rt wird.<br \/>\nDazu gibt es wichtige Hinweise zum richtigen und effizienten Arbeiten der Muster und zum richtigen Einsatz in der jeweiligen Kontur sowie Beispiele. Hier wurde ein und dasselbe Schw\u00e4lmer Konturenmuster \u2013 eine Borte aus Tulpen, Knospen, Kreisen und Bl\u00e4ttern &#8211; 8 mal mit unterschiedlichen Stopfstichmustern gef\u00fcllt. So kann man die unterschiedliche Wirkungsweise der einzelnen Muster gut vergleichen.<br \/>\nEinen Einblick in das Buch kann man nehmen unter &#8222;<a title=\"Lichte Muster \u201eStopfstiche\u201c\" href=\"https:\/\/www.luzine-happel.de\/?page_id=2828\">Shop<\/a>&#8222;.<br \/><\/div><div class='clear_column'><\/div>","protected":false},"excerpt":{"rendered":"","protected":false},"author":1,"featured_media":0,"parent":55,"menu_order":0,"comment_status":"open","ping_status":"open","template":"page-FullWidth.php","meta":{"inline_featured_image":false,"footnotes":""},"class_list":["post-2827","page","type-page","status-publish","hentry","wpautop"],"yoast_head":"<!-- This site is optimized with the Yoast SEO plugin v27.4 - https:\/\/yoast.com\/product\/yoast-seo-wordpress\/ -->\n<title>Openwork Needleweaving Patterns - Luzine Happel<\/title>\n<meta name=\"robots\" content=\"index, follow, max-snippet:-1, max-image-preview:large, max-video-preview:-1\" \/>\n<link rel=\"canonical\" href=\"https:\/\/www.luzine-happel.de\/?page_id=2827&lang=en\" \/>\n<meta property=\"og:locale\" content=\"de_DE\" \/>\n<meta property=\"og:type\" content=\"article\" \/>\n<meta property=\"og:title\" content=\"Openwork Needleweaving Patterns - Luzine Happel\" \/>\n<meta property=\"og:url\" content=\"https:\/\/www.luzine-happel.de\/?page_id=2827&amp;lang=en\" \/>\n<meta property=\"og:site_name\" content=\"Luzine Happel\" \/>\n<meta property=\"article:modified_time\" content=\"2018-03-18T12:11:39+00:00\" \/>\n<meta property=\"og:image\" content=\"https:\/\/www.luzine-happel.de\/wp-content\/uploads\/2013\/06\/Openwork_Needleweaving_Patterns_title-438x619.jpg\" \/>\n<meta name=\"twitter:card\" content=\"summary_large_image\" \/>\n<meta name=\"twitter:label1\" content=\"Gesch\u00e4tzte Lesezeit\" \/>\n\t<meta name=\"twitter:data1\" content=\"2\u00a0Minuten\" \/>\n<script type=\"application\/ld+json\" class=\"yoast-schema-graph\">{\"@context\":\"https:\\\/\\\/schema.org\",\"@graph\":[{\"@type\":\"WebPage\",\"@id\":\"https:\\\/\\\/www.luzine-happel.de\\\/?page_id=2827&lang=en\",\"url\":\"https:\\\/\\\/www.luzine-happel.de\\\/?page_id=2827&lang=en\",\"name\":\"Openwork Needleweaving Patterns - Luzine Happel\",\"isPartOf\":{\"@id\":\"https:\\\/\\\/www.luzine-happel.de\\\/#website\"},\"primaryImageOfPage\":{\"@id\":\"https:\\\/\\\/www.luzine-happel.de\\\/?page_id=2827&lang=en#primaryimage\"},\"image\":{\"@id\":\"https:\\\/\\\/www.luzine-happel.de\\\/?page_id=2827&lang=en#primaryimage\"},\"thumbnailUrl\":\"https:\\\/\\\/www.luzine-happel.de\\\/wp-content\\\/uploads\\\/2013\\\/06\\\/Openwork_Needleweaving_Patterns_title-438x619.jpg\",\"datePublished\":\"2013-06-06T11:57:32+00:00\",\"dateModified\":\"2018-03-18T12:11:39+00:00\",\"breadcrumb\":{\"@id\":\"https:\\\/\\\/www.luzine-happel.de\\\/?page_id=2827&lang=en#breadcrumb\"},\"inLanguage\":\"de\",\"potentialAction\":[{\"@type\":\"ReadAction\",\"target\":[\"https:\\\/\\\/www.luzine-happel.de\\\/?page_id=2827&lang=en\"]}]},{\"@type\":\"ImageObject\",\"inLanguage\":\"de\",\"@id\":\"https:\\\/\\\/www.luzine-happel.de\\\/?page_id=2827&lang=en#primaryimage\",\"url\":\"https:\\\/\\\/www.luzine-happel.de\\\/wp-content\\\/uploads\\\/2013\\\/06\\\/Openwork_Needleweaving_Patterns_title.jpg\",\"contentUrl\":\"https:\\\/\\\/www.luzine-happel.de\\\/wp-content\\\/uploads\\\/2013\\\/06\\\/Openwork_Needleweaving_Patterns_title.jpg\",\"width\":1240,\"height\":1754,\"caption\":\"Openwork Needleweaving Patterns Luzine Happel Seite \u00f6ffnen\"},{\"@type\":\"BreadcrumbList\",\"@id\":\"https:\\\/\\\/www.luzine-happel.de\\\/?page_id=2827&lang=en#breadcrumb\",\"itemListElement\":[{\"@type\":\"ListItem\",\"position\":1,\"name\":\"Startseite\",\"item\":\"https:\\\/\\\/www.luzine-happel.de\\\/\"},{\"@type\":\"ListItem\",\"position\":2,\"name\":\"Library\",\"item\":\"https:\\\/\\\/www.luzine-happel.de\\\/?page_id=55&lang=en\"},{\"@type\":\"ListItem\",\"position\":3,\"name\":\"Openwork Needleweaving Patterns\"}]},{\"@type\":\"WebSite\",\"@id\":\"https:\\\/\\\/www.luzine-happel.de\\\/#website\",\"url\":\"https:\\\/\\\/www.luzine-happel.de\\\/\",\"name\":\"Luzine Happel\",\"description\":\"\",\"potentialAction\":[{\"@type\":\"SearchAction\",\"target\":{\"@type\":\"EntryPoint\",\"urlTemplate\":\"https:\\\/\\\/www.luzine-happel.de\\\/?s={search_term_string}\"},\"query-input\":{\"@type\":\"PropertyValueSpecification\",\"valueRequired\":true,\"valueName\":\"search_term_string\"}}],\"inLanguage\":\"de\"}]}<\/script>\n<!-- \/ Yoast SEO plugin. -->","yoast_head_json":{"title":"Openwork Needleweaving Patterns - Luzine Happel","robots":{"index":"index","follow":"follow","max-snippet":"max-snippet:-1","max-image-preview":"max-image-preview:large","max-video-preview":"max-video-preview:-1"},"canonical":"https:\/\/www.luzine-happel.de\/?page_id=2827&lang=en","og_locale":"de_DE","og_type":"article","og_title":"Openwork Needleweaving Patterns - Luzine Happel","og_url":"https:\/\/www.luzine-happel.de\/?page_id=2827&lang=en","og_site_name":"Luzine Happel","article_modified_time":"2018-03-18T12:11:39+00:00","og_image":[{"url":"https:\/\/www.luzine-happel.de\/wp-content\/uploads\/2013\/06\/Openwork_Needleweaving_Patterns_title-438x619.jpg","type":"","width":"","height":""}],"twitter_card":"summary_large_image","twitter_misc":{"Gesch\u00e4tzte Lesezeit":"2\u00a0Minuten"},"schema":{"@context":"https:\/\/schema.org","@graph":[{"@type":"WebPage","@id":"https:\/\/www.luzine-happel.de\/?page_id=2827&lang=en","url":"https:\/\/www.luzine-happel.de\/?page_id=2827&lang=en","name":"Openwork Needleweaving Patterns - Luzine Happel","isPartOf":{"@id":"https:\/\/www.luzine-happel.de\/#website"},"primaryImageOfPage":{"@id":"https:\/\/www.luzine-happel.de\/?page_id=2827&lang=en#primaryimage"},"image":{"@id":"https:\/\/www.luzine-happel.de\/?page_id=2827&lang=en#primaryimage"},"thumbnailUrl":"https:\/\/www.luzine-happel.de\/wp-content\/uploads\/2013\/06\/Openwork_Needleweaving_Patterns_title-438x619.jpg","datePublished":"2013-06-06T11:57:32+00:00","dateModified":"2018-03-18T12:11:39+00:00","breadcrumb":{"@id":"https:\/\/www.luzine-happel.de\/?page_id=2827&lang=en#breadcrumb"},"inLanguage":"de","potentialAction":[{"@type":"ReadAction","target":["https:\/\/www.luzine-happel.de\/?page_id=2827&lang=en"]}]},{"@type":"ImageObject","inLanguage":"de","@id":"https:\/\/www.luzine-happel.de\/?page_id=2827&lang=en#primaryimage","url":"https:\/\/www.luzine-happel.de\/wp-content\/uploads\/2013\/06\/Openwork_Needleweaving_Patterns_title.jpg","contentUrl":"https:\/\/www.luzine-happel.de\/wp-content\/uploads\/2013\/06\/Openwork_Needleweaving_Patterns_title.jpg","width":1240,"height":1754,"caption":"Openwork Needleweaving Patterns Luzine Happel Seite \u00f6ffnen"},{"@type":"BreadcrumbList","@id":"https:\/\/www.luzine-happel.de\/?page_id=2827&lang=en#breadcrumb","itemListElement":[{"@type":"ListItem","position":1,"name":"Startseite","item":"https:\/\/www.luzine-happel.de\/"},{"@type":"ListItem","position":2,"name":"Library","item":"https:\/\/www.luzine-happel.de\/?page_id=55&lang=en"},{"@type":"ListItem","position":3,"name":"Openwork Needleweaving Patterns"}]},{"@type":"WebSite","@id":"https:\/\/www.luzine-happel.de\/#website","url":"https:\/\/www.luzine-happel.de\/","name":"Luzine Happel","description":"","potentialAction":[{"@type":"SearchAction","target":{"@type":"EntryPoint","urlTemplate":"https:\/\/www.luzine-happel.de\/?s={search_term_string}"},"query-input":{"@type":"PropertyValueSpecification","valueRequired":true,"valueName":"search_term_string"}}],"inLanguage":"de"}]}},"_links":{"self":[{"href":"https:\/\/www.luzine-happel.de\/index.php?rest_route=\/wp\/v2\/pages\/2827","targetHints":{"allow":["GET"]}}],"collection":[{"href":"https:\/\/www.luzine-happel.de\/index.php?rest_route=\/wp\/v2\/pages"}],"about":[{"href":"https:\/\/www.luzine-happel.de\/index.php?rest_route=\/wp\/v2\/types\/page"}],"author":[{"embeddable":true,"href":"https:\/\/www.luzine-happel.de\/index.php?rest_route=\/wp\/v2\/users\/1"}],"replies":[{"embeddable":true,"href":"https:\/\/www.luzine-happel.de\/index.php?rest_route=%2Fwp%2Fv2%2Fcomments&post=2827"}],"version-history":[{"count":1,"href":"https:\/\/www.luzine-happel.de\/index.php?rest_route=\/wp\/v2\/pages\/2827\/revisions"}],"predecessor-version":[{"id":11246,"href":"https:\/\/www.luzine-happel.de\/index.php?rest_route=\/wp\/v2\/pages\/2827\/revisions\/11246"}],"up":[{"embeddable":true,"href":"https:\/\/www.luzine-happel.de\/index.php?rest_route=\/wp\/v2\/pages\/55"}],"wp:attachment":[{"href":"https:\/\/www.luzine-happel.de\/index.php?rest_route=%2Fwp%2Fv2%2Fmedia&parent=2827"}],"curies":[{"name":"wp","href":"https:\/\/api.w.org\/{rel}","templated":true}]}}