{"id":2942,"date":"2013-07-13T14:33:51","date_gmt":"2013-07-13T12:33:51","guid":{"rendered":"https:\/\/www.luzine-happel.de\/?page_id=2942"},"modified":"2023-03-27T21:30:39","modified_gmt":"2023-03-27T19:30:39","slug":"24-small-designs","status":"publish","type":"page","link":"https:\/\/www.luzine-happel.de\/?page_id=2942","title":{"rendered":"24 small Designs"},"content":{"rendered":"<p><\/p>\n<div class=\"product-description\" data-name=\"24 small Designs - download\" data-price=\"2,50\">\n<h3 class=\"product-name\">24 small Designs &#8211; download<\/h3>\n<div class=\"produktbeschreibung\">\n<p>geeignet zum Besticken von Ostereiern in H\u00fchnereigr\u00f6\u00dfe<\/p>\n<ul>\n<li>24 kleine Konturenmuster 4 x 5 cm<\/li>\n<li>2 Seiten<\/li>\n<li>Text: Englisch<\/li>\n<\/ul>\n<p>Weitergehende Informationen finden Sie <a href=\"http:\/\/www.luzine-happel.de\/?p=2611\">hier<\/a>.&#8220;<\/p>\n<\/div>\n<p class=\"produktpreis\">2,50 \u20ac <\/p>\n<p class=\"produktzusatz\">Ohne Steuerausweis gem\u00e4\u00df Kleinunternehmerregelung \u00a7 19 UStG<\/p>\n<p><button class=\"btn btn-danger my-cart-btn luzinebutton\" data-id=\"043\" data-name=\"043 | 24 small Designs - download\" data-summary=\"043 | 24 small Designs - download\" data-price=\"2,50\" data-quantity=\"1\" data-image=\"https:\/\/www.luzine-happel.de\/wp-content\/uploads\/formidable\/21\/043-24_small_designs_01-198x280.jpg\" data-tax=\"7\">In den Warenkorb<\/button><\/p>\n<\/div>\n<p><\/p>\n\n<div style=\"max-width: 580px;\">\n<div class=\"slick-slider-wrapper\">\n<div class=\"slick-slider slick-slider--size-large\" id=\"slick-slider-1\" >\n<div class=\"slide\" data-attachment-id=\"2943\">\n<div class=\"slide__inner\">\n<a href='https:\/\/www.luzine-happel.de\/?attachment_id=2943'><img width=\"391\" height=\"553\" class=\"attachment-large size-large\" alt=\"\" data-sizes=\"(max-width: 391px) 100vw, 391px\" data-lazy=\"https:\/\/www.luzine-happel.de\/wp-content\/uploads\/2013\/07\/24_small_designs_01.jpg\" data-srcset=\"https:\/\/www.luzine-happel.de\/wp-content\/uploads\/2013\/07\/24_small_designs_01.jpg 391w, https:\/\/www.luzine-happel.de\/wp-content\/uploads\/2013\/07\/24_small_designs_01-106x150.jpg 106w, https:\/\/www.luzine-happel.de\/wp-content\/uploads\/2013\/07\/24_small_designs_01-197x280.jpg 197w, https:\/\/www.luzine-happel.de\/wp-content\/uploads\/2013\/07\/24_small_designs_01-200x282.jpg 200w, https:\/\/www.luzine-happel.de\/wp-content\/uploads\/2013\/07\/24_small_designs_01-280x396.jpg 280w\" \/><\/a>\n<\/div>\n<\/div>\n<div class=\"slide\" data-attachment-id=\"2944\">\n<div class=\"slide__inner\">\n<a href='https:\/\/www.luzine-happel.de\/?attachment_id=2944'><img width=\"391\" height=\"553\" class=\"attachment-large size-large\" alt=\"\" data-sizes=\"(max-width: 391px) 100vw, 391px\" data-lazy=\"https:\/\/www.luzine-happel.de\/wp-content\/uploads\/2013\/07\/24_small_designs_02.jpg\" data-srcset=\"https:\/\/www.luzine-happel.de\/wp-content\/uploads\/2013\/07\/24_small_designs_02.jpg 391w, https:\/\/www.luzine-happel.de\/wp-content\/uploads\/2013\/07\/24_small_designs_02-106x150.jpg 106w, https:\/\/www.luzine-happel.de\/wp-content\/uploads\/2013\/07\/24_small_designs_02-197x280.jpg 197w, https:\/\/www.luzine-happel.de\/wp-content\/uploads\/2013\/07\/24_small_designs_02-200x282.jpg 200w, https:\/\/www.luzine-happel.de\/wp-content\/uploads\/2013\/07\/24_small_designs_02-280x396.jpg 280w\" \/><\/a>\n<\/div>\n<\/div>\n<\/div>\n<\/div>\n<\/div>","protected":false},"excerpt":{"rendered":"","protected":false},"author":1,"featured_media":0,"parent":57,"menu_order":0,"comment_status":"open","ping_status":"open","template":"page-FullWidth.php","meta":{"inline_featured_image":false,"footnotes":""},"class_list":["post-2942","page","type-page","status-publish","hentry","wpautop"],"yoast_head":"<!-- This site is optimized with the Yoast SEO plugin v27.4 - https:\/\/yoast.com\/product\/yoast-seo-wordpress\/ -->\n<title>24 small Designs - Luzine Happel<\/title>\n<meta name=\"robots\" content=\"index, follow, max-snippet:-1, max-image-preview:large, max-video-preview:-1\" \/>\n<link rel=\"canonical\" href=\"https:\/\/www.luzine-happel.de\/?page_id=2942\" \/>\n<meta property=\"og:locale\" content=\"de_DE\" \/>\n<meta property=\"og:type\" content=\"article\" \/>\n<meta property=\"og:title\" content=\"24 small Designs - Luzine Happel\" \/>\n<meta property=\"og:url\" content=\"https:\/\/www.luzine-happel.de\/?page_id=2942\" \/>\n<meta property=\"og:site_name\" content=\"Luzine Happel\" \/>\n<meta property=\"article:modified_time\" content=\"2023-03-27T19:30:39+00:00\" \/>\n<meta property=\"og:image\" content=\"https:\/\/www.luzine-happel.de\/wp-content\/uploads\/2013\/07\/24_small_designs_01.jpg\" \/>\n<meta name=\"twitter:card\" content=\"summary_large_image\" \/>\n<meta name=\"twitter:label1\" content=\"Gesch\u00e4tzte Lesezeit\" \/>\n\t<meta name=\"twitter:data1\" content=\"1\u00a0Minute\" \/>\n<script type=\"application\/ld+json\" class=\"yoast-schema-graph\">{\"@context\":\"https:\\\/\\\/schema.org\",\"@graph\":[{\"@type\":\"WebPage\",\"@id\":\"https:\\\/\\\/www.luzine-happel.de\\\/?page_id=2942\",\"url\":\"https:\\\/\\\/www.luzine-happel.de\\\/?page_id=2942\",\"name\":\"24 small Designs - Luzine Happel\",\"isPartOf\":{\"@id\":\"https:\\\/\\\/www.luzine-happel.de\\\/#website\"},\"datePublished\":\"2013-07-13T12:33:51+00:00\",\"dateModified\":\"2023-03-27T19:30:39+00:00\",\"breadcrumb\":{\"@id\":\"https:\\\/\\\/www.luzine-happel.de\\\/?page_id=2942#breadcrumb\"},\"inLanguage\":\"de\",\"potentialAction\":[{\"@type\":\"ReadAction\",\"target\":[\"https:\\\/\\\/www.luzine-happel.de\\\/?page_id=2942\"]}]},{\"@type\":\"BreadcrumbList\",\"@id\":\"https:\\\/\\\/www.luzine-happel.de\\\/?page_id=2942#breadcrumb\",\"itemListElement\":[{\"@type\":\"ListItem\",\"position\":1,\"name\":\"Startseite\",\"item\":\"https:\\\/\\\/www.luzine-happel.de\\\/\"},{\"@type\":\"ListItem\",\"position\":2,\"name\":\"Shop\",\"item\":\"https:\\\/\\\/www.luzine-happel.de\\\/?page_id=57&lang=en\"},{\"@type\":\"ListItem\",\"position\":3,\"name\":\"24 small Designs\"}]},{\"@type\":\"WebSite\",\"@id\":\"https:\\\/\\\/www.luzine-happel.de\\\/#website\",\"url\":\"https:\\\/\\\/www.luzine-happel.de\\\/\",\"name\":\"Luzine Happel\",\"description\":\"\",\"potentialAction\":[{\"@type\":\"SearchAction\",\"target\":{\"@type\":\"EntryPoint\",\"urlTemplate\":\"https:\\\/\\\/www.luzine-happel.de\\\/?s={search_term_string}\"},\"query-input\":{\"@type\":\"PropertyValueSpecification\",\"valueRequired\":true,\"valueName\":\"search_term_string\"}}],\"inLanguage\":\"de\"}]}<\/script>\n<!-- \/ Yoast SEO plugin. -->","yoast_head_json":{"title":"24 small Designs - Luzine Happel","robots":{"index":"index","follow":"follow","max-snippet":"max-snippet:-1","max-image-preview":"max-image-preview:large","max-video-preview":"max-video-preview:-1"},"canonical":"https:\/\/www.luzine-happel.de\/?page_id=2942","og_locale":"de_DE","og_type":"article","og_title":"24 small Designs - Luzine Happel","og_url":"https:\/\/www.luzine-happel.de\/?page_id=2942","og_site_name":"Luzine Happel","article_modified_time":"2023-03-27T19:30:39+00:00","og_image":[{"url":"https:\/\/www.luzine-happel.de\/wp-content\/uploads\/2013\/07\/24_small_designs_01.jpg","type":"","width":"","height":""}],"twitter_card":"summary_large_image","twitter_misc":{"Gesch\u00e4tzte Lesezeit":"1\u00a0Minute"},"schema":{"@context":"https:\/\/schema.org","@graph":[{"@type":"WebPage","@id":"https:\/\/www.luzine-happel.de\/?page_id=2942","url":"https:\/\/www.luzine-happel.de\/?page_id=2942","name":"24 small Designs - Luzine Happel","isPartOf":{"@id":"https:\/\/www.luzine-happel.de\/#website"},"datePublished":"2013-07-13T12:33:51+00:00","dateModified":"2023-03-27T19:30:39+00:00","breadcrumb":{"@id":"https:\/\/www.luzine-happel.de\/?page_id=2942#breadcrumb"},"inLanguage":"de","potentialAction":[{"@type":"ReadAction","target":["https:\/\/www.luzine-happel.de\/?page_id=2942"]}]},{"@type":"BreadcrumbList","@id":"https:\/\/www.luzine-happel.de\/?page_id=2942#breadcrumb","itemListElement":[{"@type":"ListItem","position":1,"name":"Startseite","item":"https:\/\/www.luzine-happel.de\/"},{"@type":"ListItem","position":2,"name":"Shop","item":"https:\/\/www.luzine-happel.de\/?page_id=57&lang=en"},{"@type":"ListItem","position":3,"name":"24 small Designs"}]},{"@type":"WebSite","@id":"https:\/\/www.luzine-happel.de\/#website","url":"https:\/\/www.luzine-happel.de\/","name":"Luzine Happel","description":"","potentialAction":[{"@type":"SearchAction","target":{"@type":"EntryPoint","urlTemplate":"https:\/\/www.luzine-happel.de\/?s={search_term_string}"},"query-input":{"@type":"PropertyValueSpecification","valueRequired":true,"valueName":"search_term_string"}}],"inLanguage":"de"}]}},"_links":{"self":[{"href":"https:\/\/www.luzine-happel.de\/index.php?rest_route=\/wp\/v2\/pages\/2942","targetHints":{"allow":["GET"]}}],"collection":[{"href":"https:\/\/www.luzine-happel.de\/index.php?rest_route=\/wp\/v2\/pages"}],"about":[{"href":"https:\/\/www.luzine-happel.de\/index.php?rest_route=\/wp\/v2\/types\/page"}],"author":[{"embeddable":true,"href":"https:\/\/www.luzine-happel.de\/index.php?rest_route=\/wp\/v2\/users\/1"}],"replies":[{"embeddable":true,"href":"https:\/\/www.luzine-happel.de\/index.php?rest_route=%2Fwp%2Fv2%2Fcomments&post=2942"}],"version-history":[{"count":6,"href":"https:\/\/www.luzine-happel.de\/index.php?rest_route=\/wp\/v2\/pages\/2942\/revisions"}],"predecessor-version":[{"id":22137,"href":"https:\/\/www.luzine-happel.de\/index.php?rest_route=\/wp\/v2\/pages\/2942\/revisions\/22137"}],"up":[{"embeddable":true,"href":"https:\/\/www.luzine-happel.de\/index.php?rest_route=\/wp\/v2\/pages\/57"}],"wp:attachment":[{"href":"https:\/\/www.luzine-happel.de\/index.php?rest_route=%2Fwp%2Fv2%2Fmedia&parent=2942"}],"curies":[{"name":"wp","href":"https:\/\/api.w.org\/{rel}","templated":true}]}}