{"id":297,"date":"2012-06-29T15:01:47","date_gmt":"2012-06-29T13:01:47","guid":{"rendered":"https:\/\/www.luzine-happel.de\/?page_id=297"},"modified":"2019-02-25T22:29:55","modified_gmt":"2019-02-25T20:29:55","slug":"les-bases-de-la-broderie-de-schwalm","status":"publish","type":"page","link":"https:\/\/www.luzine-happel.de\/?page_id=297","title":{"rendered":"Les Bases De La Broderie De Schwalm"},"content":{"rendered":"<p><\/p>\n<div class=\"product-description\" data-name=\"LES BASES DE LA BRODERIE DE SCHWALM\" data-price=\"29,90\">\n<h3 class=\"product-name\">LES BASES DE LA BRODERIE DE SCHWALM<\/h3>\n<div class=\"produktbeschreibung\">\n<ul>\n<li>88 Seiten; durchgehend farbig<\/li>\n<li>mehr als 350 Abbildungen<\/li>\n<li>Ringbindung<\/li>\n<li>Text: franz\u00f6sisch<\/li>\n<\/ul>\n<p>franz\u00f6sische Ausgabe von \u201eGrundlagen der Schw\u00e4lmer Wei\u00dfstickerei\u201c ausf\u00fchrlich vermittelt durch bebilderte Schritt-f\u00fcr-Schritt-Anleitung &#8211; am Beispiel eines alten Schw\u00e4lmer Konturenmusters \u2013 Weitergehende Informationen finden Sie in der \u201e<a href=\"http:\/\/www.luzine-happel.de\/?page_id=748\">Bibliothek<\/a>\u201c.&#8220;<\/p>\n<\/div>\n<p class=\"produktpreis\">29,90 \u20ac <\/p>\n<p class=\"produktzusatz\">(zzgl. <a href=\"https:\/\/www.luzine-happel.de\/?page_id=13\">Versandkosten<\/a>)<br \/>Ohne Steuerausweis gem\u00e4\u00df Kleinunternehmerregelung \u00a7 19 UStG<\/p>\n<p><button class=\"btn btn-danger my-cart-btn luzinebutton\" data-id=\"003\" data-name=\"003 | LES BASES DE LA BRODERIE DE SCHWALM\" data-summary=\"003 | LES BASES DE LA BRODERIE DE SCHWALM\" data-price=\"29,90\" data-quantity=\"1\" data-image=\"https:\/\/www.luzine-happel.de\/wp-content\/uploads\/formidable\/21\/003-LES-BASES-DE-LA-BRODERIE-DE-SCHWALM-01-198x280.jpg\" data-tax=\"7\">In den Warenkorb<\/button><\/p>\n<\/div>\n<p><\/p>\n<div class=\"gallery-buddy\" style=\"width: 610px\"><div class=\"gallery-buddy-slide\"><div class=\"gallery-buddy-img\"><img loading=\"lazy\" decoding=\"async\" width=\"516\" height=\"730\" src=\"https:\/\/www.luzine-happel.de\/wp-content\/uploads\/2012\/06\/LES-BASES-DE-LA-BRODERIE-DE-SCHWALM-012.jpg\" class=\"attachment-610x730 size-610x730\" alt=\"LES BASES DE LA BRODERIE DE SCHWALM 1 \/ 8\" srcset=\"https:\/\/www.luzine-happel.de\/wp-content\/uploads\/2012\/06\/LES-BASES-DE-LA-BRODERIE-DE-SCHWALM-012.jpg 1240w, https:\/\/www.luzine-happel.de\/wp-content\/uploads\/2012\/06\/LES-BASES-DE-LA-BRODERIE-DE-SCHWALM-012-106x150.jpg 106w, https:\/\/www.luzine-happel.de\/wp-content\/uploads\/2012\/06\/LES-BASES-DE-LA-BRODERIE-DE-SCHWALM-012-197x280.jpg 197w, https:\/\/www.luzine-happel.de\/wp-content\/uploads\/2012\/06\/LES-BASES-DE-LA-BRODERIE-DE-SCHWALM-012-723x1024.jpg 723w, https:\/\/www.luzine-happel.de\/wp-content\/uploads\/2012\/06\/LES-BASES-DE-LA-BRODERIE-DE-SCHWALM-012-438x619.jpg 438w, https:\/\/www.luzine-happel.de\/wp-content\/uploads\/2012\/06\/LES-BASES-DE-LA-BRODERIE-DE-SCHWALM-012-200x282.jpg 200w, https:\/\/www.luzine-happel.de\/wp-content\/uploads\/2012\/06\/LES-BASES-DE-LA-BRODERIE-DE-SCHWALM-012-280x396.jpg 280w\" sizes=\"(max-width: 516px) 100vw, 516px\" \/><div class=\"gallery-buddy-prev\"><span class=\"gallery-buddy-btn\">\u2039<\/span><\/div><div class=\"gallery-buddy-next\"><span class=\"gallery-buddy-btn\">\u203a<\/span><\/div><\/div><p>LES BASES DE LA BRODERIE DE SCHWALM 1 \/ 8<\/p><\/div><div class=\"gallery-buddy-slide\"><div class=\"gallery-buddy-img\"><img loading=\"lazy\" decoding=\"async\" width=\"516\" height=\"730\" src=\"https:\/\/www.luzine-happel.de\/wp-content\/uploads\/2012\/06\/LES-BASES-DE-LA-BRODERIE-DE-SCHWALM-02.jpg\" class=\"attachment-610x730 size-610x730\" alt=\"LES BASES DE LA BRODERIE DE SCHWALM 2 \/ 8\" srcset=\"https:\/\/www.luzine-happel.de\/wp-content\/uploads\/2012\/06\/LES-BASES-DE-LA-BRODERIE-DE-SCHWALM-02.jpg 620w, https:\/\/www.luzine-happel.de\/wp-content\/uploads\/2012\/06\/LES-BASES-DE-LA-BRODERIE-DE-SCHWALM-02-197x280.jpg 197w\" sizes=\"(max-width: 516px) 100vw, 516px\" \/><div class=\"gallery-buddy-prev\"><span class=\"gallery-buddy-btn\">\u2039<\/span><\/div><div class=\"gallery-buddy-next\"><span class=\"gallery-buddy-btn\">\u203a<\/span><\/div><\/div><p>LES BASES DE LA BRODERIE DE SCHWALM 2 \/ 8<\/p><\/div><div class=\"gallery-buddy-slide\"><div class=\"gallery-buddy-img\"><img loading=\"lazy\" decoding=\"async\" width=\"516\" height=\"730\" src=\"https:\/\/www.luzine-happel.de\/wp-content\/uploads\/2012\/06\/LES-BASES-DE-LA-BRODERIE-DE-SCHWALM-03.jpg\" class=\"attachment-610x730 size-610x730\" alt=\"LES BASES DE LA BRODERIE DE SCHWALM 3 \/ 8\" srcset=\"https:\/\/www.luzine-happel.de\/wp-content\/uploads\/2012\/06\/LES-BASES-DE-LA-BRODERIE-DE-SCHWALM-03.jpg 620w, https:\/\/www.luzine-happel.de\/wp-content\/uploads\/2012\/06\/LES-BASES-DE-LA-BRODERIE-DE-SCHWALM-03-197x280.jpg 197w\" sizes=\"(max-width: 516px) 100vw, 516px\" \/><div class=\"gallery-buddy-prev\"><span class=\"gallery-buddy-btn\">\u2039<\/span><\/div><div class=\"gallery-buddy-next\"><span class=\"gallery-buddy-btn\">\u203a<\/span><\/div><\/div><p>LES BASES DE LA BRODERIE DE SCHWALM 3 \/ 8<\/p><\/div><div class=\"gallery-buddy-slide\"><div class=\"gallery-buddy-img\"><img loading=\"lazy\" decoding=\"async\" width=\"516\" height=\"730\" src=\"https:\/\/www.luzine-happel.de\/wp-content\/uploads\/2012\/06\/LES-BASES-DE-LA-BRODERIE-DE-SCHWALM-04.jpg\" class=\"attachment-610x730 size-610x730\" alt=\"LES BASES DE LA BRODERIE DE SCHWALM 4 \/ 8\" srcset=\"https:\/\/www.luzine-happel.de\/wp-content\/uploads\/2012\/06\/LES-BASES-DE-LA-BRODERIE-DE-SCHWALM-04.jpg 620w, https:\/\/www.luzine-happel.de\/wp-content\/uploads\/2012\/06\/LES-BASES-DE-LA-BRODERIE-DE-SCHWALM-04-197x280.jpg 197w\" sizes=\"(max-width: 516px) 100vw, 516px\" \/><div class=\"gallery-buddy-prev\"><span class=\"gallery-buddy-btn\">\u2039<\/span><\/div><div class=\"gallery-buddy-next\"><span class=\"gallery-buddy-btn\">\u203a<\/span><\/div><\/div><p>LES BASES DE LA BRODERIE DE SCHWALM 4 \/ 8<\/p><\/div><div class=\"gallery-buddy-slide\"><div class=\"gallery-buddy-img\"><img loading=\"lazy\" decoding=\"async\" width=\"516\" height=\"730\" src=\"https:\/\/www.luzine-happel.de\/wp-content\/uploads\/2012\/06\/LES-BASES-DE-LA-BRODERIE-DE-SCHWALM-05.jpg\" class=\"attachment-610x730 size-610x730\" alt=\"LES BASES DE LA BRODERIE DE SCHWALM 5 \/ 8\" srcset=\"https:\/\/www.luzine-happel.de\/wp-content\/uploads\/2012\/06\/LES-BASES-DE-LA-BRODERIE-DE-SCHWALM-05.jpg 620w, https:\/\/www.luzine-happel.de\/wp-content\/uploads\/2012\/06\/LES-BASES-DE-LA-BRODERIE-DE-SCHWALM-05-197x280.jpg 197w\" sizes=\"(max-width: 516px) 100vw, 516px\" \/><div class=\"gallery-buddy-prev\"><span class=\"gallery-buddy-btn\">\u2039<\/span><\/div><div class=\"gallery-buddy-next\"><span class=\"gallery-buddy-btn\">\u203a<\/span><\/div><\/div><p>LES BASES DE LA BRODERIE DE SCHWALM 5 \/ 8<\/p><\/div><div class=\"gallery-buddy-slide\"><div class=\"gallery-buddy-img\"><img loading=\"lazy\" decoding=\"async\" width=\"516\" height=\"730\" src=\"https:\/\/www.luzine-happel.de\/wp-content\/uploads\/2012\/06\/LES-BASES-DE-LA-BRODERIE-DE-SCHWALM-06.jpg\" class=\"attachment-610x730 size-610x730\" alt=\"LES BASES DE LA BRODERIE DE SCHWALM 6 \/ 8\" srcset=\"https:\/\/www.luzine-happel.de\/wp-content\/uploads\/2012\/06\/LES-BASES-DE-LA-BRODERIE-DE-SCHWALM-06.jpg 620w, https:\/\/www.luzine-happel.de\/wp-content\/uploads\/2012\/06\/LES-BASES-DE-LA-BRODERIE-DE-SCHWALM-06-197x280.jpg 197w\" sizes=\"(max-width: 516px) 100vw, 516px\" \/><div class=\"gallery-buddy-prev\"><span class=\"gallery-buddy-btn\">\u2039<\/span><\/div><div class=\"gallery-buddy-next\"><span class=\"gallery-buddy-btn\">\u203a<\/span><\/div><\/div><p>LES BASES DE LA BRODERIE DE SCHWALM 6 \/ 8<\/p><\/div><div class=\"gallery-buddy-slide\"><div class=\"gallery-buddy-img\"><img loading=\"lazy\" decoding=\"async\" width=\"516\" height=\"730\" src=\"https:\/\/www.luzine-happel.de\/wp-content\/uploads\/2012\/06\/LES-BASES-DE-LA-BRODERIE-DE-SCHWALM-07.jpg\" class=\"attachment-610x730 size-610x730\" alt=\"LES BASES DE LA BRODERIE DE SCHWALM 7 \/ 8\" srcset=\"https:\/\/www.luzine-happel.de\/wp-content\/uploads\/2012\/06\/LES-BASES-DE-LA-BRODERIE-DE-SCHWALM-07.jpg 620w, https:\/\/www.luzine-happel.de\/wp-content\/uploads\/2012\/06\/LES-BASES-DE-LA-BRODERIE-DE-SCHWALM-07-197x280.jpg 197w\" sizes=\"(max-width: 516px) 100vw, 516px\" \/><div class=\"gallery-buddy-prev\"><span class=\"gallery-buddy-btn\">\u2039<\/span><\/div><div class=\"gallery-buddy-next\"><span class=\"gallery-buddy-btn\">\u203a<\/span><\/div><\/div><p>LES BASES DE LA BRODERIE DE SCHWALM 7 \/ 8<\/p><\/div><div class=\"gallery-buddy-slide\"><div class=\"gallery-buddy-img\"><img loading=\"lazy\" decoding=\"async\" width=\"516\" height=\"730\" src=\"https:\/\/www.luzine-happel.de\/wp-content\/uploads\/2012\/06\/LES-BASES-DE-LA-BRODERIE-DE-SCHWALM-08.jpg\" class=\"attachment-610x730 size-610x730\" alt=\"LES BASES DE LA BRODERIE DE SCHWALM 8 \/ 8\" srcset=\"https:\/\/www.luzine-happel.de\/wp-content\/uploads\/2012\/06\/LES-BASES-DE-LA-BRODERIE-DE-SCHWALM-08.jpg 620w, https:\/\/www.luzine-happel.de\/wp-content\/uploads\/2012\/06\/LES-BASES-DE-LA-BRODERIE-DE-SCHWALM-08-197x280.jpg 197w\" sizes=\"(max-width: 516px) 100vw, 516px\" \/><div class=\"gallery-buddy-prev\"><span class=\"gallery-buddy-btn\">\u2039<\/span><\/div><div class=\"gallery-buddy-next\"><span class=\"gallery-buddy-btn\">\u203a<\/span><\/div><\/div><p>LES BASES DE LA BRODERIE DE SCHWALM 8 \/ 8<\/p><\/div><\/div>","protected":false},"excerpt":{"rendered":"","protected":false},"author":1,"featured_media":0,"parent":57,"menu_order":0,"comment_status":"open","ping_status":"open","template":"page-FullWidth.php","meta":{"inline_featured_image":false,"footnotes":""},"yoast_head":"<!-- This site is optimized with the Yoast SEO plugin v24.5 - https:\/\/yoast.com\/wordpress\/plugins\/seo\/ -->\n<title>Les Bases De La Broderie De Schwalm - Luzine Happel<\/title>\n<meta name=\"robots\" content=\"index, follow, max-snippet:-1, max-image-preview:large, max-video-preview:-1\" \/>\n<link rel=\"canonical\" href=\"https:\/\/www.luzine-happel.de\/?page_id=297&lang=en\" \/>\n<meta property=\"og:locale\" content=\"de_DE\" \/>\n<meta property=\"og:type\" content=\"article\" \/>\n<meta property=\"og:title\" content=\"Les Bases De La Broderie De Schwalm - Luzine Happel\" \/>\n<meta property=\"og:url\" content=\"https:\/\/www.luzine-happel.de\/?page_id=297&amp;lang=en\" \/>\n<meta property=\"og:site_name\" content=\"Luzine Happel\" \/>\n<meta property=\"article:modified_time\" content=\"2019-02-25T20:29:55+00:00\" \/>\n<meta name=\"twitter:card\" content=\"summary_large_image\" \/>\n<script type=\"application\/ld+json\" class=\"yoast-schema-graph\">{\"@context\":\"https:\/\/schema.org\",\"@graph\":[{\"@type\":\"WebPage\",\"@id\":\"https:\/\/www.luzine-happel.de\/?page_id=297&lang=en\",\"url\":\"https:\/\/www.luzine-happel.de\/?page_id=297&lang=en\",\"name\":\"Les Bases De La Broderie De Schwalm - Luzine Happel\",\"isPartOf\":{\"@id\":\"https:\/\/www.luzine-happel.de\/#website\"},\"datePublished\":\"2012-06-29T13:01:47+00:00\",\"dateModified\":\"2019-02-25T20:29:55+00:00\",\"breadcrumb\":{\"@id\":\"https:\/\/www.luzine-happel.de\/?page_id=297&lang=en#breadcrumb\"},\"inLanguage\":\"de\",\"potentialAction\":[{\"@type\":\"ReadAction\",\"target\":[\"https:\/\/www.luzine-happel.de\/?page_id=297&lang=en\"]}]},{\"@type\":\"BreadcrumbList\",\"@id\":\"https:\/\/www.luzine-happel.de\/?page_id=297&lang=en#breadcrumb\",\"itemListElement\":[{\"@type\":\"ListItem\",\"position\":1,\"name\":\"Startseite\",\"item\":\"https:\/\/www.luzine-happel.de\/\"},{\"@type\":\"ListItem\",\"position\":2,\"name\":\"Shop\",\"item\":\"https:\/\/www.luzine-happel.de\/?page_id=57&lang=en\"},{\"@type\":\"ListItem\",\"position\":3,\"name\":\"Les Bases De La Broderie De Schwalm\"}]},{\"@type\":\"WebSite\",\"@id\":\"https:\/\/www.luzine-happel.de\/#website\",\"url\":\"https:\/\/www.luzine-happel.de\/\",\"name\":\"Luzine Happel\",\"description\":\"\",\"potentialAction\":[{\"@type\":\"SearchAction\",\"target\":{\"@type\":\"EntryPoint\",\"urlTemplate\":\"https:\/\/www.luzine-happel.de\/?s={search_term_string}\"},\"query-input\":{\"@type\":\"PropertyValueSpecification\",\"valueRequired\":true,\"valueName\":\"search_term_string\"}}],\"inLanguage\":\"de\"}]}<\/script>\n<!-- \/ Yoast SEO plugin. -->","yoast_head_json":{"title":"Les Bases De La Broderie De Schwalm - Luzine Happel","robots":{"index":"index","follow":"follow","max-snippet":"max-snippet:-1","max-image-preview":"max-image-preview:large","max-video-preview":"max-video-preview:-1"},"canonical":"https:\/\/www.luzine-happel.de\/?page_id=297&lang=en","og_locale":"de_DE","og_type":"article","og_title":"Les Bases De La Broderie De Schwalm - Luzine Happel","og_url":"https:\/\/www.luzine-happel.de\/?page_id=297&lang=en","og_site_name":"Luzine Happel","article_modified_time":"2019-02-25T20:29:55+00:00","twitter_card":"summary_large_image","schema":{"@context":"https:\/\/schema.org","@graph":[{"@type":"WebPage","@id":"https:\/\/www.luzine-happel.de\/?page_id=297&lang=en","url":"https:\/\/www.luzine-happel.de\/?page_id=297&lang=en","name":"Les Bases De La Broderie De Schwalm - Luzine Happel","isPartOf":{"@id":"https:\/\/www.luzine-happel.de\/#website"},"datePublished":"2012-06-29T13:01:47+00:00","dateModified":"2019-02-25T20:29:55+00:00","breadcrumb":{"@id":"https:\/\/www.luzine-happel.de\/?page_id=297&lang=en#breadcrumb"},"inLanguage":"de","potentialAction":[{"@type":"ReadAction","target":["https:\/\/www.luzine-happel.de\/?page_id=297&lang=en"]}]},{"@type":"BreadcrumbList","@id":"https:\/\/www.luzine-happel.de\/?page_id=297&lang=en#breadcrumb","itemListElement":[{"@type":"ListItem","position":1,"name":"Startseite","item":"https:\/\/www.luzine-happel.de\/"},{"@type":"ListItem","position":2,"name":"Shop","item":"https:\/\/www.luzine-happel.de\/?page_id=57&lang=en"},{"@type":"ListItem","position":3,"name":"Les Bases De La Broderie De Schwalm"}]},{"@type":"WebSite","@id":"https:\/\/www.luzine-happel.de\/#website","url":"https:\/\/www.luzine-happel.de\/","name":"Luzine Happel","description":"","potentialAction":[{"@type":"SearchAction","target":{"@type":"EntryPoint","urlTemplate":"https:\/\/www.luzine-happel.de\/?s={search_term_string}"},"query-input":{"@type":"PropertyValueSpecification","valueRequired":true,"valueName":"search_term_string"}}],"inLanguage":"de"}]}},"_links":{"self":[{"href":"https:\/\/www.luzine-happel.de\/index.php?rest_route=\/wp\/v2\/pages\/297"}],"collection":[{"href":"https:\/\/www.luzine-happel.de\/index.php?rest_route=\/wp\/v2\/pages"}],"about":[{"href":"https:\/\/www.luzine-happel.de\/index.php?rest_route=\/wp\/v2\/types\/page"}],"author":[{"embeddable":true,"href":"https:\/\/www.luzine-happel.de\/index.php?rest_route=\/wp\/v2\/users\/1"}],"replies":[{"embeddable":true,"href":"https:\/\/www.luzine-happel.de\/index.php?rest_route=%2Fwp%2Fv2%2Fcomments&post=297"}],"version-history":[{"count":3,"href":"https:\/\/www.luzine-happel.de\/index.php?rest_route=\/wp\/v2\/pages\/297\/revisions"}],"predecessor-version":[{"id":14509,"href":"https:\/\/www.luzine-happel.de\/index.php?rest_route=\/wp\/v2\/pages\/297\/revisions\/14509"}],"up":[{"embeddable":true,"href":"https:\/\/www.luzine-happel.de\/index.php?rest_route=\/wp\/v2\/pages\/57"}],"wp:attachment":[{"href":"https:\/\/www.luzine-happel.de\/index.php?rest_route=%2Fwp%2Fv2%2Fmedia&parent=297"}],"curies":[{"name":"wp","href":"https:\/\/api.w.org\/{rel}","templated":true}]}}