{"id":317,"date":"2012-07-01T10:04:46","date_gmt":"2012-07-01T08:04:46","guid":{"rendered":"https:\/\/www.luzine-happel.de\/?page_id=317"},"modified":"2019-02-25T22:21:48","modified_gmt":"2019-02-25T20:21:48","slug":"basic-principles-of-schwalm-whitework","status":"publish","type":"page","link":"https:\/\/www.luzine-happel.de\/?page_id=317","title":{"rendered":"Basic Principles of Schwalm Whitework"},"content":{"rendered":"<p><\/p>\n<div class=\"product-description\" data-name=\"Basic Principles of Schwalm Whitework\" data-price=\"29,90\">\n<h3 class=\"product-name\">Basic Principles of Schwalm Whitework<\/h3>\n<div class=\"produktbeschreibung\">\n<ul>\n<li>88 Seiten; durchgehend farbig<\/li>\n<li>mehr als 350 Abbildungen<\/li>\n<li>Ringbindung<\/li>\n<li>Text: englisch<\/li>\n<\/ul>\n<p>englische Ausgabe von \u201eGrundlagen der Schw\u00e4lmer Wei\u00dfstickerei\u201c ausf\u00fchrlich vermittelt durch bebilderte Schritt-f\u00fcr-Schritt-Anleitung &#8211; am Beispiel eines alten Schw\u00e4lmer Konturenmusters &#8211; Weitergehende Informationen finden Sie in der \u201e<a href=\"http:\/\/www.luzine-happel.de\/?page_id=748\">Bibliothek<\/a>\u201c.&#8220;<\/p>\n<\/div>\n<p class=\"produktpreis\">29,90 \u20ac <\/p>\n<p class=\"produktzusatz\">(zzgl. <a href=\"https:\/\/www.luzine-happel.de\/?page_id=13\">Versandkosten<\/a>)<br \/>Ohne Steuerausweis gem\u00e4\u00df Kleinunternehmerregelung \u00a7 19 UStG<\/p>\n<p><button class=\"btn btn-danger my-cart-btn luzinebutton\" data-id=\"004\" data-name=\"004 | Basic Principles of Schwalm Whitework\" data-summary=\"004 | Basic Principles of Schwalm Whitework\" data-price=\"29,90\" data-quantity=\"1\" data-image=\"https:\/\/www.luzine-happel.de\/wp-content\/uploads\/formidable\/21\/004-Basic_Principles_of_Schwalm_Whitework_01-198x280.jpg\" data-tax=\"7\">In den Warenkorb<\/button><\/p>\n<\/div>\n<p><\/p>\n<div class=\"gallery-buddy\" style=\"width: 610px\"><div class=\"gallery-buddy-slide\"><div class=\"gallery-buddy-img\"><img loading=\"lazy\" decoding=\"async\" width=\"516\" height=\"730\" src=\"https:\/\/www.luzine-happel.de\/wp-content\/uploads\/2012\/06\/Basic_Principles_of_Schwalm_Whitework_011.jpg\" class=\"attachment-610x730 size-610x730\" alt=\"Basic Principles of Schwalm Whitework 1 \/ 8\" srcset=\"https:\/\/www.luzine-happel.de\/wp-content\/uploads\/2012\/06\/Basic_Principles_of_Schwalm_Whitework_011.jpg 1240w, https:\/\/www.luzine-happel.de\/wp-content\/uploads\/2012\/06\/Basic_Principles_of_Schwalm_Whitework_011-106x150.jpg 106w, https:\/\/www.luzine-happel.de\/wp-content\/uploads\/2012\/06\/Basic_Principles_of_Schwalm_Whitework_011-197x280.jpg 197w, https:\/\/www.luzine-happel.de\/wp-content\/uploads\/2012\/06\/Basic_Principles_of_Schwalm_Whitework_011-723x1024.jpg 723w, https:\/\/www.luzine-happel.de\/wp-content\/uploads\/2012\/06\/Basic_Principles_of_Schwalm_Whitework_011-438x619.jpg 438w, https:\/\/www.luzine-happel.de\/wp-content\/uploads\/2012\/06\/Basic_Principles_of_Schwalm_Whitework_011-200x282.jpg 200w, https:\/\/www.luzine-happel.de\/wp-content\/uploads\/2012\/06\/Basic_Principles_of_Schwalm_Whitework_011-280x396.jpg 280w\" sizes=\"auto, (max-width: 516px) 100vw, 516px\" \/><div class=\"gallery-buddy-prev\"><span class=\"gallery-buddy-btn\">\u2039<\/span><\/div><div class=\"gallery-buddy-next\"><span class=\"gallery-buddy-btn\">\u203a<\/span><\/div><\/div><p>Basic Principles of Schwalm Whitework 1 \/ 8<\/p><\/div><div class=\"gallery-buddy-slide\"><div class=\"gallery-buddy-img\"><img loading=\"lazy\" decoding=\"async\" width=\"516\" height=\"730\" src=\"https:\/\/www.luzine-happel.de\/wp-content\/uploads\/2012\/07\/Basic_Principles_of_Schwalm_Whitework_02.jpg\" class=\"attachment-610x730 size-610x730\" alt=\"Basic Principles of Schwalm Whitework 2 \/ 8\" srcset=\"https:\/\/www.luzine-happel.de\/wp-content\/uploads\/2012\/07\/Basic_Principles_of_Schwalm_Whitework_02.jpg 1240w, https:\/\/www.luzine-happel.de\/wp-content\/uploads\/2012\/07\/Basic_Principles_of_Schwalm_Whitework_02-197x280.jpg 197w, https:\/\/www.luzine-happel.de\/wp-content\/uploads\/2012\/07\/Basic_Principles_of_Schwalm_Whitework_02-723x1024.jpg 723w\" sizes=\"auto, (max-width: 516px) 100vw, 516px\" \/><div class=\"gallery-buddy-prev\"><span class=\"gallery-buddy-btn\">\u2039<\/span><\/div><div class=\"gallery-buddy-next\"><span class=\"gallery-buddy-btn\">\u203a<\/span><\/div><\/div><p>Basic Principles of Schwalm Whitework 2 \/ 8<\/p><\/div><div class=\"gallery-buddy-slide\"><div class=\"gallery-buddy-img\"><img loading=\"lazy\" decoding=\"async\" width=\"516\" height=\"730\" src=\"https:\/\/www.luzine-happel.de\/wp-content\/uploads\/2012\/07\/Basic_Principles_of_Schwalm_Whitework_03.jpg\" class=\"attachment-610x730 size-610x730\" alt=\"Basic Principles of Schwalm Whitework 3 \/ 8\" srcset=\"https:\/\/www.luzine-happel.de\/wp-content\/uploads\/2012\/07\/Basic_Principles_of_Schwalm_Whitework_03.jpg 1240w, https:\/\/www.luzine-happel.de\/wp-content\/uploads\/2012\/07\/Basic_Principles_of_Schwalm_Whitework_03-197x280.jpg 197w, https:\/\/www.luzine-happel.de\/wp-content\/uploads\/2012\/07\/Basic_Principles_of_Schwalm_Whitework_03-723x1024.jpg 723w\" sizes=\"auto, (max-width: 516px) 100vw, 516px\" \/><div class=\"gallery-buddy-prev\"><span class=\"gallery-buddy-btn\">\u2039<\/span><\/div><div class=\"gallery-buddy-next\"><span class=\"gallery-buddy-btn\">\u203a<\/span><\/div><\/div><p>Basic Principles of Schwalm Whitework 3 \/ 8<\/p><\/div><div class=\"gallery-buddy-slide\"><div class=\"gallery-buddy-img\"><img loading=\"lazy\" decoding=\"async\" width=\"516\" height=\"730\" src=\"https:\/\/www.luzine-happel.de\/wp-content\/uploads\/2012\/07\/Basic_Principles_of_Schwalm_Whitework_04.jpg\" class=\"attachment-610x730 size-610x730\" alt=\"Basic Principles of Schwalm Whitework 4 \/ 8\" srcset=\"https:\/\/www.luzine-happel.de\/wp-content\/uploads\/2012\/07\/Basic_Principles_of_Schwalm_Whitework_04.jpg 1240w, https:\/\/www.luzine-happel.de\/wp-content\/uploads\/2012\/07\/Basic_Principles_of_Schwalm_Whitework_04-197x280.jpg 197w, https:\/\/www.luzine-happel.de\/wp-content\/uploads\/2012\/07\/Basic_Principles_of_Schwalm_Whitework_04-723x1024.jpg 723w\" sizes=\"auto, (max-width: 516px) 100vw, 516px\" \/><div class=\"gallery-buddy-prev\"><span class=\"gallery-buddy-btn\">\u2039<\/span><\/div><div class=\"gallery-buddy-next\"><span class=\"gallery-buddy-btn\">\u203a<\/span><\/div><\/div><p>Basic Principles of Schwalm Whitework 4 \/ 8<\/p><\/div><div class=\"gallery-buddy-slide\"><div class=\"gallery-buddy-img\"><img loading=\"lazy\" decoding=\"async\" width=\"516\" height=\"730\" src=\"https:\/\/www.luzine-happel.de\/wp-content\/uploads\/2012\/07\/Basic_Principles_of_Schwalm_Whitework_05.jpg\" class=\"attachment-610x730 size-610x730\" alt=\"Basic Principles of Schwalm Whitework 5 \/ 8\" srcset=\"https:\/\/www.luzine-happel.de\/wp-content\/uploads\/2012\/07\/Basic_Principles_of_Schwalm_Whitework_05.jpg 1240w, https:\/\/www.luzine-happel.de\/wp-content\/uploads\/2012\/07\/Basic_Principles_of_Schwalm_Whitework_05-197x280.jpg 197w, https:\/\/www.luzine-happel.de\/wp-content\/uploads\/2012\/07\/Basic_Principles_of_Schwalm_Whitework_05-723x1024.jpg 723w\" sizes=\"auto, (max-width: 516px) 100vw, 516px\" \/><div class=\"gallery-buddy-prev\"><span class=\"gallery-buddy-btn\">\u2039<\/span><\/div><div class=\"gallery-buddy-next\"><span class=\"gallery-buddy-btn\">\u203a<\/span><\/div><\/div><p>Basic Principles of Schwalm Whitework 5 \/ 8<\/p><\/div><div class=\"gallery-buddy-slide\"><div class=\"gallery-buddy-img\"><img loading=\"lazy\" decoding=\"async\" width=\"516\" height=\"730\" src=\"https:\/\/www.luzine-happel.de\/wp-content\/uploads\/2012\/07\/Basic_Principles_of_Schwalm_Whitework_06.jpg\" class=\"attachment-610x730 size-610x730\" alt=\"Basic Principles of Schwalm Whitework 6 \/ 8\" srcset=\"https:\/\/www.luzine-happel.de\/wp-content\/uploads\/2012\/07\/Basic_Principles_of_Schwalm_Whitework_06.jpg 1240w, https:\/\/www.luzine-happel.de\/wp-content\/uploads\/2012\/07\/Basic_Principles_of_Schwalm_Whitework_06-197x280.jpg 197w, https:\/\/www.luzine-happel.de\/wp-content\/uploads\/2012\/07\/Basic_Principles_of_Schwalm_Whitework_06-723x1024.jpg 723w\" sizes=\"auto, (max-width: 516px) 100vw, 516px\" \/><div class=\"gallery-buddy-prev\"><span class=\"gallery-buddy-btn\">\u2039<\/span><\/div><div class=\"gallery-buddy-next\"><span class=\"gallery-buddy-btn\">\u203a<\/span><\/div><\/div><p>Basic Principles of Schwalm Whitework 6 \/ 8<\/p><\/div><div class=\"gallery-buddy-slide\"><div class=\"gallery-buddy-img\"><img loading=\"lazy\" decoding=\"async\" width=\"516\" height=\"730\" src=\"https:\/\/www.luzine-happel.de\/wp-content\/uploads\/2012\/07\/Basic_Principles_of_Schwalm_Whitework_07.jpg\" class=\"attachment-610x730 size-610x730\" alt=\"Basic Principles of Schwalm Whitework 7 \/ 8\" srcset=\"https:\/\/www.luzine-happel.de\/wp-content\/uploads\/2012\/07\/Basic_Principles_of_Schwalm_Whitework_07.jpg 1240w, https:\/\/www.luzine-happel.de\/wp-content\/uploads\/2012\/07\/Basic_Principles_of_Schwalm_Whitework_07-197x280.jpg 197w, https:\/\/www.luzine-happel.de\/wp-content\/uploads\/2012\/07\/Basic_Principles_of_Schwalm_Whitework_07-723x1024.jpg 723w\" sizes=\"auto, (max-width: 516px) 100vw, 516px\" \/><div class=\"gallery-buddy-prev\"><span class=\"gallery-buddy-btn\">\u2039<\/span><\/div><div class=\"gallery-buddy-next\"><span class=\"gallery-buddy-btn\">\u203a<\/span><\/div><\/div><p>Basic Principles of Schwalm Whitework 7 \/ 8<\/p><\/div><div class=\"gallery-buddy-slide\"><div class=\"gallery-buddy-img\"><img loading=\"lazy\" decoding=\"async\" width=\"516\" height=\"730\" src=\"https:\/\/www.luzine-happel.de\/wp-content\/uploads\/2012\/07\/Basic_Principles_of_Schwalm_Whitework_08.jpg\" class=\"attachment-610x730 size-610x730\" alt=\"Basic Principles of Schwalm Whitework 8 \/ 8\" srcset=\"https:\/\/www.luzine-happel.de\/wp-content\/uploads\/2012\/07\/Basic_Principles_of_Schwalm_Whitework_08.jpg 1240w, https:\/\/www.luzine-happel.de\/wp-content\/uploads\/2012\/07\/Basic_Principles_of_Schwalm_Whitework_08-197x280.jpg 197w, https:\/\/www.luzine-happel.de\/wp-content\/uploads\/2012\/07\/Basic_Principles_of_Schwalm_Whitework_08-723x1024.jpg 723w\" sizes=\"auto, (max-width: 516px) 100vw, 516px\" \/><div class=\"gallery-buddy-prev\"><span class=\"gallery-buddy-btn\">\u2039<\/span><\/div><div class=\"gallery-buddy-next\"><span class=\"gallery-buddy-btn\">\u203a<\/span><\/div><\/div><p>Basic Principles of Schwalm Whitework 8 \/ 8<\/p><\/div><\/div>","protected":false},"excerpt":{"rendered":"","protected":false},"author":1,"featured_media":0,"parent":57,"menu_order":0,"comment_status":"open","ping_status":"open","template":"page-FullWidth.php","meta":{"inline_featured_image":false,"footnotes":""},"class_list":["post-317","page","type-page","status-publish","hentry","wpautop"],"yoast_head":"<!-- This site is optimized with the Yoast SEO plugin v27.4 - https:\/\/yoast.com\/product\/yoast-seo-wordpress\/ -->\n<title>Basic Principles of Schwalm Whitework - Luzine Happel<\/title>\n<meta name=\"robots\" content=\"index, follow, max-snippet:-1, max-image-preview:large, max-video-preview:-1\" \/>\n<link rel=\"canonical\" href=\"https:\/\/www.luzine-happel.de\/?page_id=317&lang=en\" \/>\n<meta property=\"og:locale\" content=\"de_DE\" \/>\n<meta property=\"og:type\" content=\"article\" \/>\n<meta property=\"og:title\" content=\"Basic Principles of Schwalm Whitework - Luzine Happel\" \/>\n<meta property=\"og:url\" content=\"https:\/\/www.luzine-happel.de\/?page_id=317&amp;lang=en\" \/>\n<meta property=\"og:site_name\" content=\"Luzine Happel\" \/>\n<meta property=\"article:modified_time\" content=\"2019-02-25T20:21:48+00:00\" \/>\n<meta name=\"twitter:card\" content=\"summary_large_image\" \/>\n<script type=\"application\/ld+json\" class=\"yoast-schema-graph\">{\"@context\":\"https:\\\/\\\/schema.org\",\"@graph\":[{\"@type\":\"WebPage\",\"@id\":\"https:\\\/\\\/www.luzine-happel.de\\\/?page_id=317&lang=en\",\"url\":\"https:\\\/\\\/www.luzine-happel.de\\\/?page_id=317&lang=en\",\"name\":\"Basic Principles of Schwalm Whitework - Luzine Happel\",\"isPartOf\":{\"@id\":\"https:\\\/\\\/www.luzine-happel.de\\\/#website\"},\"datePublished\":\"2012-07-01T08:04:46+00:00\",\"dateModified\":\"2019-02-25T20:21:48+00:00\",\"breadcrumb\":{\"@id\":\"https:\\\/\\\/www.luzine-happel.de\\\/?page_id=317&lang=en#breadcrumb\"},\"inLanguage\":\"de\",\"potentialAction\":[{\"@type\":\"ReadAction\",\"target\":[\"https:\\\/\\\/www.luzine-happel.de\\\/?page_id=317&lang=en\"]}]},{\"@type\":\"BreadcrumbList\",\"@id\":\"https:\\\/\\\/www.luzine-happel.de\\\/?page_id=317&lang=en#breadcrumb\",\"itemListElement\":[{\"@type\":\"ListItem\",\"position\":1,\"name\":\"Startseite\",\"item\":\"https:\\\/\\\/www.luzine-happel.de\\\/\"},{\"@type\":\"ListItem\",\"position\":2,\"name\":\"Shop\",\"item\":\"https:\\\/\\\/www.luzine-happel.de\\\/?page_id=57&lang=en\"},{\"@type\":\"ListItem\",\"position\":3,\"name\":\"Basic Principles of Schwalm Whitework\"}]},{\"@type\":\"WebSite\",\"@id\":\"https:\\\/\\\/www.luzine-happel.de\\\/#website\",\"url\":\"https:\\\/\\\/www.luzine-happel.de\\\/\",\"name\":\"Luzine Happel\",\"description\":\"\",\"potentialAction\":[{\"@type\":\"SearchAction\",\"target\":{\"@type\":\"EntryPoint\",\"urlTemplate\":\"https:\\\/\\\/www.luzine-happel.de\\\/?s={search_term_string}\"},\"query-input\":{\"@type\":\"PropertyValueSpecification\",\"valueRequired\":true,\"valueName\":\"search_term_string\"}}],\"inLanguage\":\"de\"}]}<\/script>\n<!-- \/ Yoast SEO plugin. -->","yoast_head_json":{"title":"Basic Principles of Schwalm Whitework - Luzine Happel","robots":{"index":"index","follow":"follow","max-snippet":"max-snippet:-1","max-image-preview":"max-image-preview:large","max-video-preview":"max-video-preview:-1"},"canonical":"https:\/\/www.luzine-happel.de\/?page_id=317&lang=en","og_locale":"de_DE","og_type":"article","og_title":"Basic Principles of Schwalm Whitework - Luzine Happel","og_url":"https:\/\/www.luzine-happel.de\/?page_id=317&lang=en","og_site_name":"Luzine Happel","article_modified_time":"2019-02-25T20:21:48+00:00","twitter_card":"summary_large_image","schema":{"@context":"https:\/\/schema.org","@graph":[{"@type":"WebPage","@id":"https:\/\/www.luzine-happel.de\/?page_id=317&lang=en","url":"https:\/\/www.luzine-happel.de\/?page_id=317&lang=en","name":"Basic Principles of Schwalm Whitework - Luzine Happel","isPartOf":{"@id":"https:\/\/www.luzine-happel.de\/#website"},"datePublished":"2012-07-01T08:04:46+00:00","dateModified":"2019-02-25T20:21:48+00:00","breadcrumb":{"@id":"https:\/\/www.luzine-happel.de\/?page_id=317&lang=en#breadcrumb"},"inLanguage":"de","potentialAction":[{"@type":"ReadAction","target":["https:\/\/www.luzine-happel.de\/?page_id=317&lang=en"]}]},{"@type":"BreadcrumbList","@id":"https:\/\/www.luzine-happel.de\/?page_id=317&lang=en#breadcrumb","itemListElement":[{"@type":"ListItem","position":1,"name":"Startseite","item":"https:\/\/www.luzine-happel.de\/"},{"@type":"ListItem","position":2,"name":"Shop","item":"https:\/\/www.luzine-happel.de\/?page_id=57&lang=en"},{"@type":"ListItem","position":3,"name":"Basic Principles of Schwalm Whitework"}]},{"@type":"WebSite","@id":"https:\/\/www.luzine-happel.de\/#website","url":"https:\/\/www.luzine-happel.de\/","name":"Luzine Happel","description":"","potentialAction":[{"@type":"SearchAction","target":{"@type":"EntryPoint","urlTemplate":"https:\/\/www.luzine-happel.de\/?s={search_term_string}"},"query-input":{"@type":"PropertyValueSpecification","valueRequired":true,"valueName":"search_term_string"}}],"inLanguage":"de"}]}},"_links":{"self":[{"href":"https:\/\/www.luzine-happel.de\/index.php?rest_route=\/wp\/v2\/pages\/317","targetHints":{"allow":["GET"]}}],"collection":[{"href":"https:\/\/www.luzine-happel.de\/index.php?rest_route=\/wp\/v2\/pages"}],"about":[{"href":"https:\/\/www.luzine-happel.de\/index.php?rest_route=\/wp\/v2\/types\/page"}],"author":[{"embeddable":true,"href":"https:\/\/www.luzine-happel.de\/index.php?rest_route=\/wp\/v2\/users\/1"}],"replies":[{"embeddable":true,"href":"https:\/\/www.luzine-happel.de\/index.php?rest_route=%2Fwp%2Fv2%2Fcomments&post=317"}],"version-history":[{"count":3,"href":"https:\/\/www.luzine-happel.de\/index.php?rest_route=\/wp\/v2\/pages\/317\/revisions"}],"predecessor-version":[{"id":14489,"href":"https:\/\/www.luzine-happel.de\/index.php?rest_route=\/wp\/v2\/pages\/317\/revisions\/14489"}],"up":[{"embeddable":true,"href":"https:\/\/www.luzine-happel.de\/index.php?rest_route=\/wp\/v2\/pages\/57"}],"wp:attachment":[{"href":"https:\/\/www.luzine-happel.de\/index.php?rest_route=%2Fwp%2Fv2%2Fmedia&parent=317"}],"curies":[{"name":"wp","href":"https:\/\/api.w.org\/{rel}","templated":true}]}}