{"id":379,"date":"2012-07-05T10:04:19","date_gmt":"2012-07-05T08:04:19","guid":{"rendered":"https:\/\/www.luzine-happel.de\/?page_id=379"},"modified":"2019-02-25T22:30:11","modified_gmt":"2019-02-25T20:30:11","slug":"finitions-et-bordures","status":"publish","type":"page","link":"https:\/\/www.luzine-happel.de\/?page_id=379","title":{"rendered":"Finitions et Bordures"},"content":{"rendered":"<p><\/p>\n<div class=\"product-description\" data-name=\"FINITIONS ET BORDURES\" data-price=\"29,90\">\n<h3 class=\"product-name\">FINITIONS ET BORDURES<\/h3>\n<div class=\"produktbeschreibung\">\n<ul>\n<li>franz\u00f6sische Ausgabe von \u201eRandabschl\u00fcsse\u201c<\/li>\n<li>88 Seiten DIN A 4<\/li>\n<li>Ringbindung<\/li>\n<li>durchgehend farbig<\/li>\n<li>mehr als 360 Abblidungen<\/li>\n<li>Text:\u00a0 franz\u00f6sisch<\/li>\n<\/ul>\n<p>Hohlnaht, K\u00e4stchenhohlsaum, Erbsl\u00f6cher, doppeltes Erbsloch, M\u00fcckenstiche, Waffelstiche, Hexenstiche, Wickelstiche, Stopfhohls\u00e4ume, Limet-Muster-S\u00e4ume, Randabschl\u00fcsse aus lichten Mustern; sowohl einzeln als auch in vielen Kombinationen und mit den verschiedensten Eckl\u00f6sungen, alles in bekannter Qualit\u00e4t und bebilderter Schritt-f\u00fcr-Schritt-Anleitung Weitergehende Informationen finden Sie in der \u201e<a>Bibliothek<\/a>\u201c.&#8220;<\/p>\n<\/div>\n<p class=\"produktpreis\">29,90 \u20ac <\/p>\n<p class=\"produktzusatz\">(zzgl. <a href=\"https:\/\/www.luzine-happel.de\/?page_id=13\">Versandkosten<\/a>)<br \/>Ohne Steuerausweis gem\u00e4\u00df Kleinunternehmerregelung \u00a7 19 UStG<\/p>\n<p><button class=\"btn btn-danger my-cart-btn luzinebutton\" data-id=\"008\" data-name=\"008 | FINITIONS ET BORDURES\" data-summary=\"008 | FINITIONS ET BORDURES\" data-price=\"29,90\" data-quantity=\"1\" data-image=\"https:\/\/www.luzine-happel.de\/wp-content\/uploads\/formidable\/21\/008-FINITIONS_ET_BORDURES_01-198x280.jpg\" data-tax=\"7\">In den Warenkorb<\/button><\/p>\n<\/div>\n<p><\/p>\n<div class=\"gallery-buddy\" style=\"width: 610px\"><div class=\"gallery-buddy-slide\"><div class=\"gallery-buddy-img\"><img loading=\"lazy\" decoding=\"async\" width=\"516\" height=\"730\" src=\"https:\/\/www.luzine-happel.de\/wp-content\/uploads\/2012\/07\/FINITIONS_ET_BORDURES_01.jpg\" class=\"attachment-610x730 size-610x730\" alt=\"FINITIONS ET BORDURES 1 \/ 10\" srcset=\"https:\/\/www.luzine-happel.de\/wp-content\/uploads\/2012\/07\/FINITIONS_ET_BORDURES_01.jpg 1240w, https:\/\/www.luzine-happel.de\/wp-content\/uploads\/2012\/07\/FINITIONS_ET_BORDURES_01-197x280.jpg 197w, https:\/\/www.luzine-happel.de\/wp-content\/uploads\/2012\/07\/FINITIONS_ET_BORDURES_01-723x1024.jpg 723w\" sizes=\"(max-width: 516px) 100vw, 516px\" \/><div class=\"gallery-buddy-prev\"><span class=\"gallery-buddy-btn\">\u2039<\/span><\/div><div class=\"gallery-buddy-next\"><span class=\"gallery-buddy-btn\">\u203a<\/span><\/div><\/div><p>FINITIONS ET BORDURES 1 \/ 10<\/p><\/div><div class=\"gallery-buddy-slide\"><div class=\"gallery-buddy-img\"><img loading=\"lazy\" decoding=\"async\" width=\"516\" height=\"730\" src=\"https:\/\/www.luzine-happel.de\/wp-content\/uploads\/2012\/07\/FINITIONS_ET_BORDURES_02.jpg\" class=\"attachment-610x730 size-610x730\" alt=\"FINITIONS ET BORDURES 2 \/ 10\" srcset=\"https:\/\/www.luzine-happel.de\/wp-content\/uploads\/2012\/07\/FINITIONS_ET_BORDURES_02.jpg 1240w, https:\/\/www.luzine-happel.de\/wp-content\/uploads\/2012\/07\/FINITIONS_ET_BORDURES_02-197x280.jpg 197w, https:\/\/www.luzine-happel.de\/wp-content\/uploads\/2012\/07\/FINITIONS_ET_BORDURES_02-723x1024.jpg 723w\" sizes=\"(max-width: 516px) 100vw, 516px\" \/><div class=\"gallery-buddy-prev\"><span class=\"gallery-buddy-btn\">\u2039<\/span><\/div><div class=\"gallery-buddy-next\"><span class=\"gallery-buddy-btn\">\u203a<\/span><\/div><\/div><p>FINITIONS ET BORDURES 2 \/ 10<\/p><\/div><div class=\"gallery-buddy-slide\"><div class=\"gallery-buddy-img\"><img loading=\"lazy\" decoding=\"async\" width=\"516\" height=\"730\" src=\"https:\/\/www.luzine-happel.de\/wp-content\/uploads\/2012\/07\/FINITIONS_ET_BORDURES_03.jpg\" class=\"attachment-610x730 size-610x730\" alt=\"FINITIONS ET BORDURES 3 \/ 10\" srcset=\"https:\/\/www.luzine-happel.de\/wp-content\/uploads\/2012\/07\/FINITIONS_ET_BORDURES_03.jpg 1240w, https:\/\/www.luzine-happel.de\/wp-content\/uploads\/2012\/07\/FINITIONS_ET_BORDURES_03-197x280.jpg 197w, https:\/\/www.luzine-happel.de\/wp-content\/uploads\/2012\/07\/FINITIONS_ET_BORDURES_03-723x1024.jpg 723w\" sizes=\"(max-width: 516px) 100vw, 516px\" \/><div class=\"gallery-buddy-prev\"><span class=\"gallery-buddy-btn\">\u2039<\/span><\/div><div class=\"gallery-buddy-next\"><span class=\"gallery-buddy-btn\">\u203a<\/span><\/div><\/div><p>FINITIONS ET BORDURES 3 \/ 10<\/p><\/div><div class=\"gallery-buddy-slide\"><div class=\"gallery-buddy-img\"><img loading=\"lazy\" decoding=\"async\" width=\"516\" height=\"730\" src=\"https:\/\/www.luzine-happel.de\/wp-content\/uploads\/2012\/07\/FINITIONS_ET_BORDURES_04.jpg\" class=\"attachment-610x730 size-610x730\" alt=\"FINITIONS ET BORDURES 4 \/ 10\" srcset=\"https:\/\/www.luzine-happel.de\/wp-content\/uploads\/2012\/07\/FINITIONS_ET_BORDURES_04.jpg 1240w, https:\/\/www.luzine-happel.de\/wp-content\/uploads\/2012\/07\/FINITIONS_ET_BORDURES_04-197x280.jpg 197w, https:\/\/www.luzine-happel.de\/wp-content\/uploads\/2012\/07\/FINITIONS_ET_BORDURES_04-723x1024.jpg 723w\" sizes=\"(max-width: 516px) 100vw, 516px\" \/><div class=\"gallery-buddy-prev\"><span class=\"gallery-buddy-btn\">\u2039<\/span><\/div><div class=\"gallery-buddy-next\"><span class=\"gallery-buddy-btn\">\u203a<\/span><\/div><\/div><p>FINITIONS ET BORDURES 4 \/ 10<\/p><\/div><div class=\"gallery-buddy-slide\"><div class=\"gallery-buddy-img\"><img loading=\"lazy\" decoding=\"async\" width=\"516\" height=\"730\" src=\"https:\/\/www.luzine-happel.de\/wp-content\/uploads\/2012\/07\/FINITIONS_ET_BORDURES_05.jpg\" class=\"attachment-610x730 size-610x730\" alt=\"FINITIONS ET BORDURES 5 \/ 10\" srcset=\"https:\/\/www.luzine-happel.de\/wp-content\/uploads\/2012\/07\/FINITIONS_ET_BORDURES_05.jpg 1240w, https:\/\/www.luzine-happel.de\/wp-content\/uploads\/2012\/07\/FINITIONS_ET_BORDURES_05-197x280.jpg 197w, https:\/\/www.luzine-happel.de\/wp-content\/uploads\/2012\/07\/FINITIONS_ET_BORDURES_05-723x1024.jpg 723w\" sizes=\"(max-width: 516px) 100vw, 516px\" \/><div class=\"gallery-buddy-prev\"><span class=\"gallery-buddy-btn\">\u2039<\/span><\/div><div class=\"gallery-buddy-next\"><span class=\"gallery-buddy-btn\">\u203a<\/span><\/div><\/div><p>FINITIONS ET BORDURES 5 \/ 10<\/p><\/div><div class=\"gallery-buddy-slide\"><div class=\"gallery-buddy-img\"><img loading=\"lazy\" decoding=\"async\" width=\"516\" height=\"730\" src=\"https:\/\/www.luzine-happel.de\/wp-content\/uploads\/2012\/07\/FINITIONS_ET_BORDURES_06.jpg\" class=\"attachment-610x730 size-610x730\" alt=\"FINITIONS ET BORDURES 6 \/ 10\" srcset=\"https:\/\/www.luzine-happel.de\/wp-content\/uploads\/2012\/07\/FINITIONS_ET_BORDURES_06.jpg 1240w, https:\/\/www.luzine-happel.de\/wp-content\/uploads\/2012\/07\/FINITIONS_ET_BORDURES_06-197x280.jpg 197w, https:\/\/www.luzine-happel.de\/wp-content\/uploads\/2012\/07\/FINITIONS_ET_BORDURES_06-723x1024.jpg 723w\" sizes=\"(max-width: 516px) 100vw, 516px\" \/><div class=\"gallery-buddy-prev\"><span class=\"gallery-buddy-btn\">\u2039<\/span><\/div><div class=\"gallery-buddy-next\"><span class=\"gallery-buddy-btn\">\u203a<\/span><\/div><\/div><p>FINITIONS ET BORDURES 6 \/ 10<\/p><\/div><div class=\"gallery-buddy-slide\"><div class=\"gallery-buddy-img\"><img loading=\"lazy\" decoding=\"async\" width=\"516\" height=\"730\" src=\"https:\/\/www.luzine-happel.de\/wp-content\/uploads\/2012\/07\/FINITIONS_ET_BORDURES_07.jpg\" class=\"attachment-610x730 size-610x730\" alt=\"FINITIONS ET BORDURES 7 \/ 10\" srcset=\"https:\/\/www.luzine-happel.de\/wp-content\/uploads\/2012\/07\/FINITIONS_ET_BORDURES_07.jpg 1240w, https:\/\/www.luzine-happel.de\/wp-content\/uploads\/2012\/07\/FINITIONS_ET_BORDURES_07-197x280.jpg 197w, https:\/\/www.luzine-happel.de\/wp-content\/uploads\/2012\/07\/FINITIONS_ET_BORDURES_07-723x1024.jpg 723w\" sizes=\"(max-width: 516px) 100vw, 516px\" \/><div class=\"gallery-buddy-prev\"><span class=\"gallery-buddy-btn\">\u2039<\/span><\/div><div class=\"gallery-buddy-next\"><span class=\"gallery-buddy-btn\">\u203a<\/span><\/div><\/div><p>FINITIONS ET BORDURES 7 \/ 10<\/p><\/div><div class=\"gallery-buddy-slide\"><div class=\"gallery-buddy-img\"><img loading=\"lazy\" decoding=\"async\" width=\"516\" height=\"730\" src=\"https:\/\/www.luzine-happel.de\/wp-content\/uploads\/2012\/07\/FINITIONS_ET_BORDURES_08.jpg\" class=\"attachment-610x730 size-610x730\" alt=\"FINITIONS ET BORDURES 8 \/ 10\" srcset=\"https:\/\/www.luzine-happel.de\/wp-content\/uploads\/2012\/07\/FINITIONS_ET_BORDURES_08.jpg 1240w, https:\/\/www.luzine-happel.de\/wp-content\/uploads\/2012\/07\/FINITIONS_ET_BORDURES_08-197x280.jpg 197w, https:\/\/www.luzine-happel.de\/wp-content\/uploads\/2012\/07\/FINITIONS_ET_BORDURES_08-723x1024.jpg 723w\" sizes=\"(max-width: 516px) 100vw, 516px\" \/><div class=\"gallery-buddy-prev\"><span class=\"gallery-buddy-btn\">\u2039<\/span><\/div><div class=\"gallery-buddy-next\"><span class=\"gallery-buddy-btn\">\u203a<\/span><\/div><\/div><p>FINITIONS ET BORDURES 8 \/ 10<\/p><\/div><div class=\"gallery-buddy-slide\"><div class=\"gallery-buddy-img\"><img loading=\"lazy\" decoding=\"async\" width=\"516\" height=\"730\" src=\"https:\/\/www.luzine-happel.de\/wp-content\/uploads\/2012\/07\/FINITIONS_ET_BORDURES_09.jpg\" class=\"attachment-610x730 size-610x730\" alt=\"FINITIONS ET BORDURES 9 \/ 10\" srcset=\"https:\/\/www.luzine-happel.de\/wp-content\/uploads\/2012\/07\/FINITIONS_ET_BORDURES_09.jpg 1240w, https:\/\/www.luzine-happel.de\/wp-content\/uploads\/2012\/07\/FINITIONS_ET_BORDURES_09-197x280.jpg 197w, https:\/\/www.luzine-happel.de\/wp-content\/uploads\/2012\/07\/FINITIONS_ET_BORDURES_09-723x1024.jpg 723w\" sizes=\"(max-width: 516px) 100vw, 516px\" \/><div class=\"gallery-buddy-prev\"><span class=\"gallery-buddy-btn\">\u2039<\/span><\/div><div class=\"gallery-buddy-next\"><span class=\"gallery-buddy-btn\">\u203a<\/span><\/div><\/div><p>FINITIONS ET BORDURES 9 \/ 10<\/p><\/div><div class=\"gallery-buddy-slide\"><div class=\"gallery-buddy-img\"><img loading=\"lazy\" decoding=\"async\" width=\"516\" height=\"730\" src=\"https:\/\/www.luzine-happel.de\/wp-content\/uploads\/2012\/07\/FINITIONS_ET_BORDURES_10.jpg\" class=\"attachment-610x730 size-610x730\" alt=\"FINITIONS ET BORDURES 10 \/ 10\" srcset=\"https:\/\/www.luzine-happel.de\/wp-content\/uploads\/2012\/07\/FINITIONS_ET_BORDURES_10.jpg 1240w, https:\/\/www.luzine-happel.de\/wp-content\/uploads\/2012\/07\/FINITIONS_ET_BORDURES_10-197x280.jpg 197w, https:\/\/www.luzine-happel.de\/wp-content\/uploads\/2012\/07\/FINITIONS_ET_BORDURES_10-723x1024.jpg 723w\" sizes=\"(max-width: 516px) 100vw, 516px\" \/><div class=\"gallery-buddy-prev\"><span class=\"gallery-buddy-btn\">\u2039<\/span><\/div><div class=\"gallery-buddy-next\"><span class=\"gallery-buddy-btn\">\u203a<\/span><\/div><\/div><p>FINITIONS ET BORDURES 10 \/ 10<\/p><\/div><\/div>","protected":false},"excerpt":{"rendered":"","protected":false},"author":1,"featured_media":0,"parent":57,"menu_order":0,"comment_status":"open","ping_status":"open","template":"page-FullWidth.php","meta":{"inline_featured_image":false,"footnotes":""},"yoast_head":"<!-- This site is optimized with the Yoast SEO plugin v24.5 - https:\/\/yoast.com\/wordpress\/plugins\/seo\/ -->\n<title>Finitions et Bordures - Luzine Happel<\/title>\n<meta name=\"robots\" content=\"index, follow, max-snippet:-1, max-image-preview:large, max-video-preview:-1\" \/>\n<link rel=\"canonical\" href=\"https:\/\/www.luzine-happel.de\/?page_id=379&lang=en\" \/>\n<meta property=\"og:locale\" content=\"de_DE\" \/>\n<meta property=\"og:type\" content=\"article\" \/>\n<meta property=\"og:title\" content=\"Finitions et Bordures - Luzine Happel\" \/>\n<meta property=\"og:url\" content=\"https:\/\/www.luzine-happel.de\/?page_id=379&amp;lang=en\" \/>\n<meta property=\"og:site_name\" content=\"Luzine Happel\" \/>\n<meta property=\"article:modified_time\" content=\"2019-02-25T20:30:11+00:00\" \/>\n<meta name=\"twitter:card\" content=\"summary_large_image\" \/>\n<script type=\"application\/ld+json\" class=\"yoast-schema-graph\">{\"@context\":\"https:\/\/schema.org\",\"@graph\":[{\"@type\":\"WebPage\",\"@id\":\"https:\/\/www.luzine-happel.de\/?page_id=379&lang=en\",\"url\":\"https:\/\/www.luzine-happel.de\/?page_id=379&lang=en\",\"name\":\"Finitions et Bordures - Luzine Happel\",\"isPartOf\":{\"@id\":\"https:\/\/www.luzine-happel.de\/#website\"},\"datePublished\":\"2012-07-05T08:04:19+00:00\",\"dateModified\":\"2019-02-25T20:30:11+00:00\",\"breadcrumb\":{\"@id\":\"https:\/\/www.luzine-happel.de\/?page_id=379&lang=en#breadcrumb\"},\"inLanguage\":\"de\",\"potentialAction\":[{\"@type\":\"ReadAction\",\"target\":[\"https:\/\/www.luzine-happel.de\/?page_id=379&lang=en\"]}]},{\"@type\":\"BreadcrumbList\",\"@id\":\"https:\/\/www.luzine-happel.de\/?page_id=379&lang=en#breadcrumb\",\"itemListElement\":[{\"@type\":\"ListItem\",\"position\":1,\"name\":\"Startseite\",\"item\":\"https:\/\/www.luzine-happel.de\/\"},{\"@type\":\"ListItem\",\"position\":2,\"name\":\"Shop\",\"item\":\"https:\/\/www.luzine-happel.de\/?page_id=57&lang=en\"},{\"@type\":\"ListItem\",\"position\":3,\"name\":\"Finitions et Bordures\"}]},{\"@type\":\"WebSite\",\"@id\":\"https:\/\/www.luzine-happel.de\/#website\",\"url\":\"https:\/\/www.luzine-happel.de\/\",\"name\":\"Luzine Happel\",\"description\":\"\",\"potentialAction\":[{\"@type\":\"SearchAction\",\"target\":{\"@type\":\"EntryPoint\",\"urlTemplate\":\"https:\/\/www.luzine-happel.de\/?s={search_term_string}\"},\"query-input\":{\"@type\":\"PropertyValueSpecification\",\"valueRequired\":true,\"valueName\":\"search_term_string\"}}],\"inLanguage\":\"de\"}]}<\/script>\n<!-- \/ Yoast SEO plugin. -->","yoast_head_json":{"title":"Finitions et Bordures - Luzine Happel","robots":{"index":"index","follow":"follow","max-snippet":"max-snippet:-1","max-image-preview":"max-image-preview:large","max-video-preview":"max-video-preview:-1"},"canonical":"https:\/\/www.luzine-happel.de\/?page_id=379&lang=en","og_locale":"de_DE","og_type":"article","og_title":"Finitions et Bordures - Luzine Happel","og_url":"https:\/\/www.luzine-happel.de\/?page_id=379&lang=en","og_site_name":"Luzine Happel","article_modified_time":"2019-02-25T20:30:11+00:00","twitter_card":"summary_large_image","schema":{"@context":"https:\/\/schema.org","@graph":[{"@type":"WebPage","@id":"https:\/\/www.luzine-happel.de\/?page_id=379&lang=en","url":"https:\/\/www.luzine-happel.de\/?page_id=379&lang=en","name":"Finitions et Bordures - Luzine Happel","isPartOf":{"@id":"https:\/\/www.luzine-happel.de\/#website"},"datePublished":"2012-07-05T08:04:19+00:00","dateModified":"2019-02-25T20:30:11+00:00","breadcrumb":{"@id":"https:\/\/www.luzine-happel.de\/?page_id=379&lang=en#breadcrumb"},"inLanguage":"de","potentialAction":[{"@type":"ReadAction","target":["https:\/\/www.luzine-happel.de\/?page_id=379&lang=en"]}]},{"@type":"BreadcrumbList","@id":"https:\/\/www.luzine-happel.de\/?page_id=379&lang=en#breadcrumb","itemListElement":[{"@type":"ListItem","position":1,"name":"Startseite","item":"https:\/\/www.luzine-happel.de\/"},{"@type":"ListItem","position":2,"name":"Shop","item":"https:\/\/www.luzine-happel.de\/?page_id=57&lang=en"},{"@type":"ListItem","position":3,"name":"Finitions et Bordures"}]},{"@type":"WebSite","@id":"https:\/\/www.luzine-happel.de\/#website","url":"https:\/\/www.luzine-happel.de\/","name":"Luzine Happel","description":"","potentialAction":[{"@type":"SearchAction","target":{"@type":"EntryPoint","urlTemplate":"https:\/\/www.luzine-happel.de\/?s={search_term_string}"},"query-input":{"@type":"PropertyValueSpecification","valueRequired":true,"valueName":"search_term_string"}}],"inLanguage":"de"}]}},"_links":{"self":[{"href":"https:\/\/www.luzine-happel.de\/index.php?rest_route=\/wp\/v2\/pages\/379"}],"collection":[{"href":"https:\/\/www.luzine-happel.de\/index.php?rest_route=\/wp\/v2\/pages"}],"about":[{"href":"https:\/\/www.luzine-happel.de\/index.php?rest_route=\/wp\/v2\/types\/page"}],"author":[{"embeddable":true,"href":"https:\/\/www.luzine-happel.de\/index.php?rest_route=\/wp\/v2\/users\/1"}],"replies":[{"embeddable":true,"href":"https:\/\/www.luzine-happel.de\/index.php?rest_route=%2Fwp%2Fv2%2Fcomments&post=379"}],"version-history":[{"count":3,"href":"https:\/\/www.luzine-happel.de\/index.php?rest_route=\/wp\/v2\/pages\/379\/revisions"}],"predecessor-version":[{"id":14511,"href":"https:\/\/www.luzine-happel.de\/index.php?rest_route=\/wp\/v2\/pages\/379\/revisions\/14511"}],"up":[{"embeddable":true,"href":"https:\/\/www.luzine-happel.de\/index.php?rest_route=\/wp\/v2\/pages\/57"}],"wp:attachment":[{"href":"https:\/\/www.luzine-happel.de\/index.php?rest_route=%2Fwp%2Fv2%2Fmedia&parent=379"}],"curies":[{"name":"wp","href":"https:\/\/api.w.org\/{rel}","templated":true}]}}