{"id":427,"date":"2012-07-05T10:23:28","date_gmt":"2012-07-05T08:23:28","guid":{"rendered":"https:\/\/www.luzine-happel.de\/?page_id=427"},"modified":"2019-02-25T22:19:42","modified_gmt":"2019-02-25T20:19:42","slug":"limetrosen-ii","status":"publish","type":"page","link":"https:\/\/www.luzine-happel.de\/?page_id=427","title":{"rendered":"Limetrosen 2"},"content":{"rendered":"<p><\/p>\n<div class=\"product-description\" data-name=\"Limetrosen II\" data-price=\"29,90\">\n<h3 class=\"product-name\">Limetrosen II<\/h3>\n<div class=\"produktbeschreibung\">\n<ul>\n<li>91\u00a0 Seiten<\/li>\n<li>durchgehend farbig<\/li>\n<li>Ringbindung<\/li>\n<li>Fl\u00e4chenf\u00fcllmuster mit bebilderter Schritt-f\u00fcr- Schritt Anleitung<\/li>\n<\/ul>\n<p>Limetrosen kann man \u2013 dem Limetraster folgend \u2013 in Teile aufgliedern. Daraus kann man neue Muster entstehen lassen. Es gibt drei Gruppen: einfache, doppelte und verzogene Limetrosen und deren jeweilige Teile. W\u00e4hrend der erste Band \u201eLimetrosen I\u201c Muster zeigt, die ausschlie\u00dflich aus je einer dieser Gruppen gebildet sind, greift der neu vorliegende Band \u201eLimetrosen II\u201c auch die Kombination dieser Gruppen untereinander auf. Dadurch entsteht eine Vielzahl an neuen, sehr interessanten Mustern zum Fl\u00e4chen f\u00fcllen. Die Muster werden in bekannter Art mit vielen Arbeitsschritt-Bildern vorgestellt. Weitergehende Informationen finden Sie in der \u201e<a href=\"http:\/\/www.luzine-happel.de\/?page_id=841\">Bibliothek<\/a>\u201c.&#8220;<\/p>\n<\/div>\n<p class=\"produktpreis\">29,90 \u20ac <\/p>\n<p class=\"produktzusatz\">(zzgl. <a href=\"https:\/\/www.luzine-happel.de\/?page_id=13\">Versandkosten<\/a>)<br \/>Ohne Steuerausweis gem\u00e4\u00df Kleinunternehmerregelung \u00a7 19 UStG<\/p>\n<p><button class=\"btn btn-danger my-cart-btn luzinebutton\" data-id=\"014\" data-name=\"014 | Limetrosen II\" data-summary=\"014 | Limetrosen II\" data-price=\"29,90\" data-quantity=\"1\" data-image=\"https:\/\/www.luzine-happel.de\/wp-content\/uploads\/formidable\/21\/014-Limetrosen_II_01-198x280.jpg\" data-tax=\"7\">In den Warenkorb<\/button><\/p>\n<\/div>\n<p><\/p>\n<div class=\"gallery-buddy\" style=\"width: 610px\"><div class=\"gallery-buddy-slide\"><div class=\"gallery-buddy-img\"><img loading=\"lazy\" decoding=\"async\" width=\"516\" height=\"730\" src=\"https:\/\/www.luzine-happel.de\/wp-content\/uploads\/2012\/07\/Limetrosen_II_01.jpg\" class=\"attachment-610x730 size-610x730\" alt=\"Limetrosen II 1 \/ 7\" srcset=\"https:\/\/www.luzine-happel.de\/wp-content\/uploads\/2012\/07\/Limetrosen_II_01.jpg 1240w, https:\/\/www.luzine-happel.de\/wp-content\/uploads\/2012\/07\/Limetrosen_II_01-197x280.jpg 197w, https:\/\/www.luzine-happel.de\/wp-content\/uploads\/2012\/07\/Limetrosen_II_01-723x1024.jpg 723w\" sizes=\"(max-width: 516px) 100vw, 516px\" \/><div class=\"gallery-buddy-prev\"><span class=\"gallery-buddy-btn\">\u2039<\/span><\/div><div class=\"gallery-buddy-next\"><span class=\"gallery-buddy-btn\">\u203a<\/span><\/div><\/div><p>Limetrosen II 1 \/ 7<\/p><\/div><div class=\"gallery-buddy-slide\"><div class=\"gallery-buddy-img\"><img loading=\"lazy\" decoding=\"async\" width=\"516\" height=\"730\" src=\"https:\/\/www.luzine-happel.de\/wp-content\/uploads\/2012\/07\/Limetrosen_II_02.jpg\" class=\"attachment-610x730 size-610x730\" alt=\"Limetrosen II 2 \/ 7\" srcset=\"https:\/\/www.luzine-happel.de\/wp-content\/uploads\/2012\/07\/Limetrosen_II_02.jpg 1240w, https:\/\/www.luzine-happel.de\/wp-content\/uploads\/2012\/07\/Limetrosen_II_02-197x280.jpg 197w, https:\/\/www.luzine-happel.de\/wp-content\/uploads\/2012\/07\/Limetrosen_II_02-723x1024.jpg 723w\" sizes=\"(max-width: 516px) 100vw, 516px\" \/><div class=\"gallery-buddy-prev\"><span class=\"gallery-buddy-btn\">\u2039<\/span><\/div><div class=\"gallery-buddy-next\"><span class=\"gallery-buddy-btn\">\u203a<\/span><\/div><\/div><p>Limetrosen II 2 \/ 7<\/p><\/div><div class=\"gallery-buddy-slide\"><div class=\"gallery-buddy-img\"><img loading=\"lazy\" decoding=\"async\" width=\"516\" height=\"730\" src=\"https:\/\/www.luzine-happel.de\/wp-content\/uploads\/2012\/07\/Limetrosen_II_03.jpg\" class=\"attachment-610x730 size-610x730\" alt=\"Limetrosen II 3 \/ 7\" srcset=\"https:\/\/www.luzine-happel.de\/wp-content\/uploads\/2012\/07\/Limetrosen_II_03.jpg 1240w, https:\/\/www.luzine-happel.de\/wp-content\/uploads\/2012\/07\/Limetrosen_II_03-197x280.jpg 197w, https:\/\/www.luzine-happel.de\/wp-content\/uploads\/2012\/07\/Limetrosen_II_03-723x1024.jpg 723w\" sizes=\"(max-width: 516px) 100vw, 516px\" \/><div class=\"gallery-buddy-prev\"><span class=\"gallery-buddy-btn\">\u2039<\/span><\/div><div class=\"gallery-buddy-next\"><span class=\"gallery-buddy-btn\">\u203a<\/span><\/div><\/div><p>Limetrosen II 3 \/ 7<\/p><\/div><div class=\"gallery-buddy-slide\"><div class=\"gallery-buddy-img\"><img loading=\"lazy\" decoding=\"async\" width=\"516\" height=\"730\" src=\"https:\/\/www.luzine-happel.de\/wp-content\/uploads\/2012\/07\/Limetrosen_II_04.jpg\" class=\"attachment-610x730 size-610x730\" alt=\"Limetrosen II 4 \/ 7\" srcset=\"https:\/\/www.luzine-happel.de\/wp-content\/uploads\/2012\/07\/Limetrosen_II_04.jpg 1240w, https:\/\/www.luzine-happel.de\/wp-content\/uploads\/2012\/07\/Limetrosen_II_04-197x280.jpg 197w, https:\/\/www.luzine-happel.de\/wp-content\/uploads\/2012\/07\/Limetrosen_II_04-723x1024.jpg 723w\" sizes=\"(max-width: 516px) 100vw, 516px\" \/><div class=\"gallery-buddy-prev\"><span class=\"gallery-buddy-btn\">\u2039<\/span><\/div><div class=\"gallery-buddy-next\"><span class=\"gallery-buddy-btn\">\u203a<\/span><\/div><\/div><p>Limetrosen II 4 \/ 7<\/p><\/div><div class=\"gallery-buddy-slide\"><div class=\"gallery-buddy-img\"><img loading=\"lazy\" decoding=\"async\" width=\"516\" height=\"730\" src=\"https:\/\/www.luzine-happel.de\/wp-content\/uploads\/2012\/07\/Limetrosen_II_05.jpg\" class=\"attachment-610x730 size-610x730\" alt=\"Limetrosen II 5 \/ 7\" srcset=\"https:\/\/www.luzine-happel.de\/wp-content\/uploads\/2012\/07\/Limetrosen_II_05.jpg 1240w, https:\/\/www.luzine-happel.de\/wp-content\/uploads\/2012\/07\/Limetrosen_II_05-197x280.jpg 197w, https:\/\/www.luzine-happel.de\/wp-content\/uploads\/2012\/07\/Limetrosen_II_05-723x1024.jpg 723w\" sizes=\"(max-width: 516px) 100vw, 516px\" \/><div class=\"gallery-buddy-prev\"><span class=\"gallery-buddy-btn\">\u2039<\/span><\/div><div class=\"gallery-buddy-next\"><span class=\"gallery-buddy-btn\">\u203a<\/span><\/div><\/div><p>Limetrosen II 5 \/ 7<\/p><\/div><div class=\"gallery-buddy-slide\"><div class=\"gallery-buddy-img\"><img loading=\"lazy\" decoding=\"async\" width=\"516\" height=\"730\" src=\"https:\/\/www.luzine-happel.de\/wp-content\/uploads\/2012\/07\/Limetrosen_II_06.jpg\" class=\"attachment-610x730 size-610x730\" alt=\"Limetrosen II 6 \/ 7\" srcset=\"https:\/\/www.luzine-happel.de\/wp-content\/uploads\/2012\/07\/Limetrosen_II_06.jpg 1240w, https:\/\/www.luzine-happel.de\/wp-content\/uploads\/2012\/07\/Limetrosen_II_06-197x280.jpg 197w, https:\/\/www.luzine-happel.de\/wp-content\/uploads\/2012\/07\/Limetrosen_II_06-723x1024.jpg 723w\" sizes=\"(max-width: 516px) 100vw, 516px\" \/><div class=\"gallery-buddy-prev\"><span class=\"gallery-buddy-btn\">\u2039<\/span><\/div><div class=\"gallery-buddy-next\"><span class=\"gallery-buddy-btn\">\u203a<\/span><\/div><\/div><p>Limetrosen II 6 \/ 7<\/p><\/div><div class=\"gallery-buddy-slide\"><div class=\"gallery-buddy-img\"><img loading=\"lazy\" decoding=\"async\" width=\"516\" height=\"730\" src=\"https:\/\/www.luzine-happel.de\/wp-content\/uploads\/2012\/07\/Limetrosen_II_07.jpg\" class=\"attachment-610x730 size-610x730\" alt=\"Limetrosen II 7 \/ 7\" srcset=\"https:\/\/www.luzine-happel.de\/wp-content\/uploads\/2012\/07\/Limetrosen_II_07.jpg 1240w, https:\/\/www.luzine-happel.de\/wp-content\/uploads\/2012\/07\/Limetrosen_II_07-197x280.jpg 197w, https:\/\/www.luzine-happel.de\/wp-content\/uploads\/2012\/07\/Limetrosen_II_07-723x1024.jpg 723w\" sizes=\"(max-width: 516px) 100vw, 516px\" \/><div class=\"gallery-buddy-prev\"><span class=\"gallery-buddy-btn\">\u2039<\/span><\/div><div class=\"gallery-buddy-next\"><span class=\"gallery-buddy-btn\">\u203a<\/span><\/div><\/div><p>Limetrosen II 7 \/ 7<\/p><\/div><\/div><\/p>\n<div class=\"product-description\" data-name=\"Limetrosen II\" data-price=\"29,90\">\n<h3 class=\"product-name\">Limetrosen II<\/h3>\n<div class=\"produktbeschreibung\">\n<ul>\n<li>91\u00a0 Seiten<\/li>\n<li>durchgehend farbig<\/li>\n<li>Ringbindung<\/li>\n<li>Fl\u00e4chenf\u00fcllmuster mit bebilderter Schritt-f\u00fcr- Schritt Anleitung<\/li>\n<\/ul>\n<p>Limetrosen kann man \u2013 dem Limetraster folgend \u2013 in Teile aufgliedern. Daraus kann man neue Muster entstehen lassen. Es gibt drei Gruppen: einfache, doppelte und verzogene Limetrosen und deren jeweilige Teile. W\u00e4hrend der erste Band \u201eLimetrosen I\u201c Muster zeigt, die ausschlie\u00dflich aus je einer dieser Gruppen gebildet sind, greift der neu vorliegende Band \u201eLimetrosen II\u201c auch die Kombination dieser Gruppen untereinander auf. Dadurch entsteht eine Vielzahl an neuen, sehr interessanten Mustern zum Fl\u00e4chen f\u00fcllen. Die Muster werden in bekannter Art mit vielen Arbeitsschritt-Bildern vorgestellt. Weitergehende Informationen finden Sie in der \u201e<a href=\"http:\/\/www.luzine-happel.de\/?page_id=841\">Bibliothek<\/a>\u201c.&#8220;<\/p>\n<\/div>\n<p class=\"produktpreis\">29,90 \u20ac <\/p>\n<p class=\"produktzusatz\">(zzgl. <a href=\"https:\/\/www.luzine-happel.de\/?page_id=13\">Versandkosten<\/a>)<br \/>Ohne Steuerausweis gem\u00e4\u00df Kleinunternehmerregelung \u00a7 19 UStG<\/p>\n<p><button class=\"btn btn-danger my-cart-btn luzinebutton\" data-id=\"014\" data-name=\"014 | Limetrosen II\" data-summary=\"014 | Limetrosen II\" data-price=\"29,90\" data-quantity=\"1\" data-image=\"https:\/\/www.luzine-happel.de\/wp-content\/uploads\/formidable\/21\/014-Limetrosen_II_01-198x280.jpg\" data-tax=\"7\">In den Warenkorb<\/button><\/p>\n<\/div>\n<p><\/p>\n<div class=\"gallery-buddy\" style=\"width: 610px\"><div class=\"gallery-buddy-slide\"><div class=\"gallery-buddy-img\"><img loading=\"lazy\" decoding=\"async\" width=\"516\" height=\"730\" src=\"https:\/\/www.luzine-happel.de\/wp-content\/uploads\/2012\/07\/Limetrosen_II_01.jpg\" class=\"attachment-610x730 size-610x730\" alt=\"Limetrosen II 1 \/ 7\" srcset=\"https:\/\/www.luzine-happel.de\/wp-content\/uploads\/2012\/07\/Limetrosen_II_01.jpg 1240w, https:\/\/www.luzine-happel.de\/wp-content\/uploads\/2012\/07\/Limetrosen_II_01-197x280.jpg 197w, https:\/\/www.luzine-happel.de\/wp-content\/uploads\/2012\/07\/Limetrosen_II_01-723x1024.jpg 723w\" sizes=\"(max-width: 516px) 100vw, 516px\" \/><div class=\"gallery-buddy-prev\"><span class=\"gallery-buddy-btn\">\u2039<\/span><\/div><div class=\"gallery-buddy-next\"><span class=\"gallery-buddy-btn\">\u203a<\/span><\/div><\/div><p>Limetrosen II 1 \/ 7<\/p><\/div><div class=\"gallery-buddy-slide\"><div class=\"gallery-buddy-img\"><img loading=\"lazy\" decoding=\"async\" width=\"516\" height=\"730\" src=\"https:\/\/www.luzine-happel.de\/wp-content\/uploads\/2012\/07\/Limetrosen_II_02.jpg\" class=\"attachment-610x730 size-610x730\" alt=\"Limetrosen II 2 \/ 7\" srcset=\"https:\/\/www.luzine-happel.de\/wp-content\/uploads\/2012\/07\/Limetrosen_II_02.jpg 1240w, https:\/\/www.luzine-happel.de\/wp-content\/uploads\/2012\/07\/Limetrosen_II_02-197x280.jpg 197w, https:\/\/www.luzine-happel.de\/wp-content\/uploads\/2012\/07\/Limetrosen_II_02-723x1024.jpg 723w\" sizes=\"(max-width: 516px) 100vw, 516px\" \/><div class=\"gallery-buddy-prev\"><span class=\"gallery-buddy-btn\">\u2039<\/span><\/div><div class=\"gallery-buddy-next\"><span class=\"gallery-buddy-btn\">\u203a<\/span><\/div><\/div><p>Limetrosen II 2 \/ 7<\/p><\/div><div class=\"gallery-buddy-slide\"><div class=\"gallery-buddy-img\"><img loading=\"lazy\" decoding=\"async\" width=\"516\" height=\"730\" src=\"https:\/\/www.luzine-happel.de\/wp-content\/uploads\/2012\/07\/Limetrosen_II_03.jpg\" class=\"attachment-610x730 size-610x730\" alt=\"Limetrosen II 3 \/ 7\" srcset=\"https:\/\/www.luzine-happel.de\/wp-content\/uploads\/2012\/07\/Limetrosen_II_03.jpg 1240w, https:\/\/www.luzine-happel.de\/wp-content\/uploads\/2012\/07\/Limetrosen_II_03-197x280.jpg 197w, https:\/\/www.luzine-happel.de\/wp-content\/uploads\/2012\/07\/Limetrosen_II_03-723x1024.jpg 723w\" sizes=\"(max-width: 516px) 100vw, 516px\" \/><div class=\"gallery-buddy-prev\"><span class=\"gallery-buddy-btn\">\u2039<\/span><\/div><div class=\"gallery-buddy-next\"><span class=\"gallery-buddy-btn\">\u203a<\/span><\/div><\/div><p>Limetrosen II 3 \/ 7<\/p><\/div><div class=\"gallery-buddy-slide\"><div class=\"gallery-buddy-img\"><img loading=\"lazy\" decoding=\"async\" width=\"516\" height=\"730\" src=\"https:\/\/www.luzine-happel.de\/wp-content\/uploads\/2012\/07\/Limetrosen_II_04.jpg\" class=\"attachment-610x730 size-610x730\" alt=\"Limetrosen II 4 \/ 7\" srcset=\"https:\/\/www.luzine-happel.de\/wp-content\/uploads\/2012\/07\/Limetrosen_II_04.jpg 1240w, https:\/\/www.luzine-happel.de\/wp-content\/uploads\/2012\/07\/Limetrosen_II_04-197x280.jpg 197w, https:\/\/www.luzine-happel.de\/wp-content\/uploads\/2012\/07\/Limetrosen_II_04-723x1024.jpg 723w\" sizes=\"(max-width: 516px) 100vw, 516px\" \/><div class=\"gallery-buddy-prev\"><span class=\"gallery-buddy-btn\">\u2039<\/span><\/div><div class=\"gallery-buddy-next\"><span class=\"gallery-buddy-btn\">\u203a<\/span><\/div><\/div><p>Limetrosen II 4 \/ 7<\/p><\/div><div class=\"gallery-buddy-slide\"><div class=\"gallery-buddy-img\"><img loading=\"lazy\" decoding=\"async\" width=\"516\" height=\"730\" src=\"https:\/\/www.luzine-happel.de\/wp-content\/uploads\/2012\/07\/Limetrosen_II_05.jpg\" class=\"attachment-610x730 size-610x730\" alt=\"Limetrosen II 5 \/ 7\" srcset=\"https:\/\/www.luzine-happel.de\/wp-content\/uploads\/2012\/07\/Limetrosen_II_05.jpg 1240w, https:\/\/www.luzine-happel.de\/wp-content\/uploads\/2012\/07\/Limetrosen_II_05-197x280.jpg 197w, https:\/\/www.luzine-happel.de\/wp-content\/uploads\/2012\/07\/Limetrosen_II_05-723x1024.jpg 723w\" sizes=\"(max-width: 516px) 100vw, 516px\" \/><div class=\"gallery-buddy-prev\"><span class=\"gallery-buddy-btn\">\u2039<\/span><\/div><div class=\"gallery-buddy-next\"><span class=\"gallery-buddy-btn\">\u203a<\/span><\/div><\/div><p>Limetrosen II 5 \/ 7<\/p><\/div><div class=\"gallery-buddy-slide\"><div class=\"gallery-buddy-img\"><img loading=\"lazy\" decoding=\"async\" width=\"516\" height=\"730\" src=\"https:\/\/www.luzine-happel.de\/wp-content\/uploads\/2012\/07\/Limetrosen_II_06.jpg\" class=\"attachment-610x730 size-610x730\" alt=\"Limetrosen II 6 \/ 7\" srcset=\"https:\/\/www.luzine-happel.de\/wp-content\/uploads\/2012\/07\/Limetrosen_II_06.jpg 1240w, https:\/\/www.luzine-happel.de\/wp-content\/uploads\/2012\/07\/Limetrosen_II_06-197x280.jpg 197w, https:\/\/www.luzine-happel.de\/wp-content\/uploads\/2012\/07\/Limetrosen_II_06-723x1024.jpg 723w\" sizes=\"(max-width: 516px) 100vw, 516px\" \/><div class=\"gallery-buddy-prev\"><span class=\"gallery-buddy-btn\">\u2039<\/span><\/div><div class=\"gallery-buddy-next\"><span class=\"gallery-buddy-btn\">\u203a<\/span><\/div><\/div><p>Limetrosen II 6 \/ 7<\/p><\/div><div class=\"gallery-buddy-slide\"><div class=\"gallery-buddy-img\"><img loading=\"lazy\" decoding=\"async\" width=\"516\" height=\"730\" src=\"https:\/\/www.luzine-happel.de\/wp-content\/uploads\/2012\/07\/Limetrosen_II_07.jpg\" class=\"attachment-610x730 size-610x730\" alt=\"Limetrosen II 7 \/ 7\" srcset=\"https:\/\/www.luzine-happel.de\/wp-content\/uploads\/2012\/07\/Limetrosen_II_07.jpg 1240w, https:\/\/www.luzine-happel.de\/wp-content\/uploads\/2012\/07\/Limetrosen_II_07-197x280.jpg 197w, https:\/\/www.luzine-happel.de\/wp-content\/uploads\/2012\/07\/Limetrosen_II_07-723x1024.jpg 723w\" sizes=\"(max-width: 516px) 100vw, 516px\" \/><div class=\"gallery-buddy-prev\"><span class=\"gallery-buddy-btn\">\u2039<\/span><\/div><div class=\"gallery-buddy-next\"><span class=\"gallery-buddy-btn\">\u203a<\/span><\/div><\/div><p>Limetrosen II 7 \/ 7<\/p><\/div><\/div>","protected":false},"excerpt":{"rendered":"<p>Leider ist der Eintrag nur auf English verf\u00fcgbar.<\/p>\n","protected":false},"author":1,"featured_media":0,"parent":57,"menu_order":0,"comment_status":"open","ping_status":"open","template":"page-FullWidth.php","meta":{"inline_featured_image":false,"footnotes":""},"yoast_head":"<!-- This site is optimized with the Yoast SEO plugin v24.5 - https:\/\/yoast.com\/wordpress\/plugins\/seo\/ -->\n<title>Limetrosen 2 - Luzine Happel<\/title>\n<meta name=\"robots\" content=\"index, follow, max-snippet:-1, max-image-preview:large, max-video-preview:-1\" \/>\n<link rel=\"canonical\" href=\"https:\/\/www.luzine-happel.de\/?page_id=427&lang=en\" \/>\n<meta property=\"og:locale\" content=\"de_DE\" \/>\n<meta property=\"og:type\" content=\"article\" \/>\n<meta property=\"og:title\" content=\"Limetrosen 2 - Luzine Happel\" \/>\n<meta property=\"og:description\" content=\"Leider ist der Eintrag nur auf English verf\u00fcgbar.\" \/>\n<meta property=\"og:url\" content=\"https:\/\/www.luzine-happel.de\/?page_id=427&amp;lang=en\" \/>\n<meta property=\"og:site_name\" content=\"Luzine Happel\" \/>\n<meta property=\"article:modified_time\" content=\"2019-02-25T20:19:42+00:00\" \/>\n<meta name=\"twitter:card\" content=\"summary_large_image\" \/>\n<script type=\"application\/ld+json\" class=\"yoast-schema-graph\">{\"@context\":\"https:\/\/schema.org\",\"@graph\":[{\"@type\":\"WebPage\",\"@id\":\"https:\/\/www.luzine-happel.de\/?page_id=427&lang=en\",\"url\":\"https:\/\/www.luzine-happel.de\/?page_id=427&lang=en\",\"name\":\"Limetrosen 2 - Luzine Happel\",\"isPartOf\":{\"@id\":\"https:\/\/www.luzine-happel.de\/#website\"},\"datePublished\":\"2012-07-05T08:23:28+00:00\",\"dateModified\":\"2019-02-25T20:19:42+00:00\",\"breadcrumb\":{\"@id\":\"https:\/\/www.luzine-happel.de\/?page_id=427&lang=en#breadcrumb\"},\"inLanguage\":\"de\",\"potentialAction\":[{\"@type\":\"ReadAction\",\"target\":[\"https:\/\/www.luzine-happel.de\/?page_id=427&lang=en\"]}]},{\"@type\":\"BreadcrumbList\",\"@id\":\"https:\/\/www.luzine-happel.de\/?page_id=427&lang=en#breadcrumb\",\"itemListElement\":[{\"@type\":\"ListItem\",\"position\":1,\"name\":\"Startseite\",\"item\":\"https:\/\/www.luzine-happel.de\/\"},{\"@type\":\"ListItem\",\"position\":2,\"name\":\"Shop\",\"item\":\"https:\/\/www.luzine-happel.de\/?page_id=57&lang=en\"},{\"@type\":\"ListItem\",\"position\":3,\"name\":\"Limetrosen 2\"}]},{\"@type\":\"WebSite\",\"@id\":\"https:\/\/www.luzine-happel.de\/#website\",\"url\":\"https:\/\/www.luzine-happel.de\/\",\"name\":\"Luzine Happel\",\"description\":\"\",\"potentialAction\":[{\"@type\":\"SearchAction\",\"target\":{\"@type\":\"EntryPoint\",\"urlTemplate\":\"https:\/\/www.luzine-happel.de\/?s={search_term_string}\"},\"query-input\":{\"@type\":\"PropertyValueSpecification\",\"valueRequired\":true,\"valueName\":\"search_term_string\"}}],\"inLanguage\":\"de\"}]}<\/script>\n<!-- \/ Yoast SEO plugin. -->","yoast_head_json":{"title":"Limetrosen 2 - Luzine Happel","robots":{"index":"index","follow":"follow","max-snippet":"max-snippet:-1","max-image-preview":"max-image-preview:large","max-video-preview":"max-video-preview:-1"},"canonical":"https:\/\/www.luzine-happel.de\/?page_id=427&lang=en","og_locale":"de_DE","og_type":"article","og_title":"Limetrosen 2 - Luzine Happel","og_description":"Leider ist der Eintrag nur auf English verf\u00fcgbar.","og_url":"https:\/\/www.luzine-happel.de\/?page_id=427&lang=en","og_site_name":"Luzine Happel","article_modified_time":"2019-02-25T20:19:42+00:00","twitter_card":"summary_large_image","schema":{"@context":"https:\/\/schema.org","@graph":[{"@type":"WebPage","@id":"https:\/\/www.luzine-happel.de\/?page_id=427&lang=en","url":"https:\/\/www.luzine-happel.de\/?page_id=427&lang=en","name":"Limetrosen 2 - Luzine Happel","isPartOf":{"@id":"https:\/\/www.luzine-happel.de\/#website"},"datePublished":"2012-07-05T08:23:28+00:00","dateModified":"2019-02-25T20:19:42+00:00","breadcrumb":{"@id":"https:\/\/www.luzine-happel.de\/?page_id=427&lang=en#breadcrumb"},"inLanguage":"de","potentialAction":[{"@type":"ReadAction","target":["https:\/\/www.luzine-happel.de\/?page_id=427&lang=en"]}]},{"@type":"BreadcrumbList","@id":"https:\/\/www.luzine-happel.de\/?page_id=427&lang=en#breadcrumb","itemListElement":[{"@type":"ListItem","position":1,"name":"Startseite","item":"https:\/\/www.luzine-happel.de\/"},{"@type":"ListItem","position":2,"name":"Shop","item":"https:\/\/www.luzine-happel.de\/?page_id=57&lang=en"},{"@type":"ListItem","position":3,"name":"Limetrosen 2"}]},{"@type":"WebSite","@id":"https:\/\/www.luzine-happel.de\/#website","url":"https:\/\/www.luzine-happel.de\/","name":"Luzine Happel","description":"","potentialAction":[{"@type":"SearchAction","target":{"@type":"EntryPoint","urlTemplate":"https:\/\/www.luzine-happel.de\/?s={search_term_string}"},"query-input":{"@type":"PropertyValueSpecification","valueRequired":true,"valueName":"search_term_string"}}],"inLanguage":"de"}]}},"_links":{"self":[{"href":"https:\/\/www.luzine-happel.de\/index.php?rest_route=\/wp\/v2\/pages\/427"}],"collection":[{"href":"https:\/\/www.luzine-happel.de\/index.php?rest_route=\/wp\/v2\/pages"}],"about":[{"href":"https:\/\/www.luzine-happel.de\/index.php?rest_route=\/wp\/v2\/types\/page"}],"author":[{"embeddable":true,"href":"https:\/\/www.luzine-happel.de\/index.php?rest_route=\/wp\/v2\/users\/1"}],"replies":[{"embeddable":true,"href":"https:\/\/www.luzine-happel.de\/index.php?rest_route=%2Fwp%2Fv2%2Fcomments&post=427"}],"version-history":[{"count":3,"href":"https:\/\/www.luzine-happel.de\/index.php?rest_route=\/wp\/v2\/pages\/427\/revisions"}],"predecessor-version":[{"id":14476,"href":"https:\/\/www.luzine-happel.de\/index.php?rest_route=\/wp\/v2\/pages\/427\/revisions\/14476"}],"up":[{"embeddable":true,"href":"https:\/\/www.luzine-happel.de\/index.php?rest_route=\/wp\/v2\/pages\/57"}],"wp:attachment":[{"href":"https:\/\/www.luzine-happel.de\/index.php?rest_route=%2Fwp%2Fv2%2Fmedia&parent=427"}],"curies":[{"name":"wp","href":"https:\/\/api.w.org\/{rel}","templated":true}]}}