{"id":4451,"date":"2014-10-21T19:07:32","date_gmt":"2014-10-21T18:07:32","guid":{"rendered":"https:\/\/www.luzine-happel.de\/?page_id=4451"},"modified":"2022-07-01T13:32:16","modified_gmt":"2022-07-01T11:32:16","slug":"roeserich-filling-patterns","status":"publish","type":"page","link":"https:\/\/www.luzine-happel.de\/?page_id=4451","title":{"rendered":"R\u00f6serich Filling Patterns"},"content":{"rendered":"<p><\/p>\n<div class=\"product-description\" data-name=\"R\u00f6serich Filling Patterns - download\" data-price=\"15,00\">\n<h3 class=\"product-name\">R\u00f6serich Filling Patterns &#8211; download<\/h3>\n<div class=\"produktbeschreibung\">\n<p>Die sch\u00f6nsten <b>R\u00f6serich Fl\u00e4chenf\u00fcllmuster <\/b>mit bebilderter Schritt-f\u00fcr-Schritt Anleitung<\/p>\n<ul>\n<li>25 Seiten<\/li>\n<li>17 verschiedenen Fl\u00e4chenf\u00fcllmuster<\/li>\n<li>15,1 MB Dateigr\u00f6\u00dfe<\/li>\n<li>Text: Englisch<\/li>\n<\/ul>\n<p>Weitergehende Informationen finden Sie <a href=\"http:\/\/www.luzine-happel.de\/?p=4455\">hier<\/a>.&#8220;<\/p>\n<\/div>\n<p class=\"produktpreis\">15,00 \u20ac <\/p>\n<p class=\"produktzusatz\">Ohne Steuerausweis gem\u00e4\u00df Kleinunternehmerregelung \u00a7 19 UStG<\/p>\n<p><button class=\"btn btn-danger my-cart-btn luzinebutton\" data-id=\"055\" data-name=\"055 | R\u00f6serich Filling Patterns - download\" data-summary=\"055 | R\u00f6serich Filling Patterns - download\" data-price=\"15,00\" data-quantity=\"1\" data-image=\"https:\/\/www.luzine-happel.de\/wp-content\/uploads\/formidable\/21\/055-Cover_Roeserich_Filling_Patterns-197x280.png\" data-tax=\"7\">In den Warenkorb<\/button><\/p>\n<\/div>\n<p><\/p>\n<img decoding=\"async\" src=\"https:\/\/www.luzine-happel.de\/wp-content\/uploads\/2014\/10\/Cover_Roeserich_Filling_Patterns-438x621.png\" alt=\"Cover_Roeserich_Filling_Patterns\" width=\"438\" style=\"border:1px solid #000000\" \/><\/p>\n<div class=\"product-description\" data-name=\"R\u00f6serich Filling Patterns - download\" data-price=\"15,00\">\n<h3 class=\"product-name\">R\u00f6serich Filling Patterns &#8211; download<\/h3>\n<div class=\"produktbeschreibung\">\n<p>Die sch\u00f6nsten <b>R\u00f6serich Fl\u00e4chenf\u00fcllmuster <\/b>mit bebilderter Schritt-f\u00fcr-Schritt Anleitung<\/p>\n<ul>\n<li>25 Seiten<\/li>\n<li>17 verschiedenen Fl\u00e4chenf\u00fcllmuster<\/li>\n<li>15,1 MB Dateigr\u00f6\u00dfe<\/li>\n<li>Text: Englisch<\/li>\n<\/ul>\n<p>Weitergehende Informationen finden Sie <a href=\"http:\/\/www.luzine-happel.de\/?p=4455\">hier<\/a>.&#8220;<\/p>\n<\/div>\n<p class=\"produktpreis\">15,00 \u20ac <\/p>\n<p class=\"produktzusatz\">Ohne Steuerausweis gem\u00e4\u00df Kleinunternehmerregelung \u00a7 19 UStG<\/p>\n<p><button class=\"btn btn-danger my-cart-btn luzinebutton\" data-id=\"055\" data-name=\"055 | R\u00f6serich Filling Patterns - download\" data-summary=\"055 | R\u00f6serich Filling Patterns - download\" data-price=\"15,00\" data-quantity=\"1\" data-image=\"https:\/\/www.luzine-happel.de\/wp-content\/uploads\/formidable\/21\/055-Cover_Roeserich_Filling_Patterns-197x280.png\" data-tax=\"7\">In den Warenkorb<\/button><\/p>\n<\/div>\n<p><\/p>\n<img decoding=\"async\" src=\"https:\/\/www.luzine-happel.de\/wp-content\/uploads\/2014\/10\/Cover_Roeserich_Filling_Patterns-438x621.png\" alt=\"Cover_Roeserich_Filling_Patterns\" width=\"438\"  style=\"border:1px solid #000000\" \/>","protected":false},"excerpt":{"rendered":"","protected":false},"author":1,"featured_media":0,"parent":57,"menu_order":0,"comment_status":"open","ping_status":"open","template":"page-FullWidth.php","meta":{"inline_featured_image":false,"footnotes":""},"yoast_head":"<!-- This site is optimized with the Yoast SEO plugin v24.5 - https:\/\/yoast.com\/wordpress\/plugins\/seo\/ -->\n<title>R\u00f6serich Filling Patterns - Luzine Happel<\/title>\n<meta name=\"robots\" content=\"index, follow, max-snippet:-1, max-image-preview:large, max-video-preview:-1\" \/>\n<link rel=\"canonical\" href=\"https:\/\/www.luzine-happel.de\/?page_id=4451\" \/>\n<meta property=\"og:locale\" content=\"de_DE\" \/>\n<meta property=\"og:type\" content=\"article\" \/>\n<meta property=\"og:title\" content=\"R\u00f6serich Filling Patterns - Luzine Happel\" \/>\n<meta property=\"og:url\" content=\"https:\/\/www.luzine-happel.de\/?page_id=4451\" \/>\n<meta property=\"og:site_name\" content=\"Luzine Happel\" \/>\n<meta property=\"article:modified_time\" content=\"2022-07-01T11:32:16+00:00\" \/>\n<meta property=\"og:image\" content=\"https:\/\/www.luzine-happel.de\/wp-content\/uploads\/2014\/10\/Cover_Roeserich_Filling_Patterns-438x621.png\" \/>\n<meta name=\"twitter:card\" content=\"summary_large_image\" \/>\n<script type=\"application\/ld+json\" class=\"yoast-schema-graph\">{\"@context\":\"https:\/\/schema.org\",\"@graph\":[{\"@type\":\"WebPage\",\"@id\":\"https:\/\/www.luzine-happel.de\/?page_id=4451\",\"url\":\"https:\/\/www.luzine-happel.de\/?page_id=4451\",\"name\":\"R\u00f6serich Filling Patterns - Luzine Happel\",\"isPartOf\":{\"@id\":\"https:\/\/www.luzine-happel.de\/#website\"},\"primaryImageOfPage\":{\"@id\":\"https:\/\/www.luzine-happel.de\/?page_id=4451#primaryimage\"},\"image\":{\"@id\":\"https:\/\/www.luzine-happel.de\/?page_id=4451#primaryimage\"},\"thumbnailUrl\":\"https:\/\/www.luzine-happel.de\/wp-content\/uploads\/2014\/10\/Cover_Roeserich_Filling_Patterns-438x621.png\",\"datePublished\":\"2014-10-21T18:07:32+00:00\",\"dateModified\":\"2022-07-01T11:32:16+00:00\",\"breadcrumb\":{\"@id\":\"https:\/\/www.luzine-happel.de\/?page_id=4451#breadcrumb\"},\"inLanguage\":\"de\",\"potentialAction\":[{\"@type\":\"ReadAction\",\"target\":[\"https:\/\/www.luzine-happel.de\/?page_id=4451\"]}]},{\"@type\":\"ImageObject\",\"inLanguage\":\"de\",\"@id\":\"https:\/\/www.luzine-happel.de\/?page_id=4451#primaryimage\",\"url\":\"https:\/\/www.luzine-happel.de\/wp-content\/uploads\/2014\/10\/Cover_Roeserich_Filling_Patterns.png\",\"contentUrl\":\"https:\/\/www.luzine-happel.de\/wp-content\/uploads\/2014\/10\/Cover_Roeserich_Filling_Patterns.png\",\"width\":677,\"height\":960,\"caption\":\"The most beautiful R\u00f6serich Filling Patterns described in great detail and illustrated with step-by-step instructions 25 pages 17 different patterns 15.1 MB file size Text: English 15,00 EUR download here\"},{\"@type\":\"BreadcrumbList\",\"@id\":\"https:\/\/www.luzine-happel.de\/?page_id=4451#breadcrumb\",\"itemListElement\":[{\"@type\":\"ListItem\",\"position\":1,\"name\":\"Startseite\",\"item\":\"https:\/\/www.luzine-happel.de\/\"},{\"@type\":\"ListItem\",\"position\":2,\"name\":\"Shop\",\"item\":\"https:\/\/www.luzine-happel.de\/?page_id=57&lang=en\"},{\"@type\":\"ListItem\",\"position\":3,\"name\":\"R\u00f6serich Filling Patterns\"}]},{\"@type\":\"WebSite\",\"@id\":\"https:\/\/www.luzine-happel.de\/#website\",\"url\":\"https:\/\/www.luzine-happel.de\/\",\"name\":\"Luzine Happel\",\"description\":\"\",\"potentialAction\":[{\"@type\":\"SearchAction\",\"target\":{\"@type\":\"EntryPoint\",\"urlTemplate\":\"https:\/\/www.luzine-happel.de\/?s={search_term_string}\"},\"query-input\":{\"@type\":\"PropertyValueSpecification\",\"valueRequired\":true,\"valueName\":\"search_term_string\"}}],\"inLanguage\":\"de\"}]}<\/script>\n<!-- \/ Yoast SEO plugin. -->","yoast_head_json":{"title":"R\u00f6serich Filling Patterns - Luzine Happel","robots":{"index":"index","follow":"follow","max-snippet":"max-snippet:-1","max-image-preview":"max-image-preview:large","max-video-preview":"max-video-preview:-1"},"canonical":"https:\/\/www.luzine-happel.de\/?page_id=4451","og_locale":"de_DE","og_type":"article","og_title":"R\u00f6serich Filling Patterns - Luzine Happel","og_url":"https:\/\/www.luzine-happel.de\/?page_id=4451","og_site_name":"Luzine Happel","article_modified_time":"2022-07-01T11:32:16+00:00","og_image":[{"url":"https:\/\/www.luzine-happel.de\/wp-content\/uploads\/2014\/10\/Cover_Roeserich_Filling_Patterns-438x621.png","type":"","width":"","height":""}],"twitter_card":"summary_large_image","schema":{"@context":"https:\/\/schema.org","@graph":[{"@type":"WebPage","@id":"https:\/\/www.luzine-happel.de\/?page_id=4451","url":"https:\/\/www.luzine-happel.de\/?page_id=4451","name":"R\u00f6serich Filling Patterns - Luzine Happel","isPartOf":{"@id":"https:\/\/www.luzine-happel.de\/#website"},"primaryImageOfPage":{"@id":"https:\/\/www.luzine-happel.de\/?page_id=4451#primaryimage"},"image":{"@id":"https:\/\/www.luzine-happel.de\/?page_id=4451#primaryimage"},"thumbnailUrl":"https:\/\/www.luzine-happel.de\/wp-content\/uploads\/2014\/10\/Cover_Roeserich_Filling_Patterns-438x621.png","datePublished":"2014-10-21T18:07:32+00:00","dateModified":"2022-07-01T11:32:16+00:00","breadcrumb":{"@id":"https:\/\/www.luzine-happel.de\/?page_id=4451#breadcrumb"},"inLanguage":"de","potentialAction":[{"@type":"ReadAction","target":["https:\/\/www.luzine-happel.de\/?page_id=4451"]}]},{"@type":"ImageObject","inLanguage":"de","@id":"https:\/\/www.luzine-happel.de\/?page_id=4451#primaryimage","url":"https:\/\/www.luzine-happel.de\/wp-content\/uploads\/2014\/10\/Cover_Roeserich_Filling_Patterns.png","contentUrl":"https:\/\/www.luzine-happel.de\/wp-content\/uploads\/2014\/10\/Cover_Roeserich_Filling_Patterns.png","width":677,"height":960,"caption":"The most beautiful R\u00f6serich Filling Patterns described in great detail and illustrated with step-by-step instructions 25 pages 17 different patterns 15.1 MB file size Text: English 15,00 EUR download here"},{"@type":"BreadcrumbList","@id":"https:\/\/www.luzine-happel.de\/?page_id=4451#breadcrumb","itemListElement":[{"@type":"ListItem","position":1,"name":"Startseite","item":"https:\/\/www.luzine-happel.de\/"},{"@type":"ListItem","position":2,"name":"Shop","item":"https:\/\/www.luzine-happel.de\/?page_id=57&lang=en"},{"@type":"ListItem","position":3,"name":"R\u00f6serich Filling Patterns"}]},{"@type":"WebSite","@id":"https:\/\/www.luzine-happel.de\/#website","url":"https:\/\/www.luzine-happel.de\/","name":"Luzine Happel","description":"","potentialAction":[{"@type":"SearchAction","target":{"@type":"EntryPoint","urlTemplate":"https:\/\/www.luzine-happel.de\/?s={search_term_string}"},"query-input":{"@type":"PropertyValueSpecification","valueRequired":true,"valueName":"search_term_string"}}],"inLanguage":"de"}]}},"_links":{"self":[{"href":"https:\/\/www.luzine-happel.de\/index.php?rest_route=\/wp\/v2\/pages\/4451"}],"collection":[{"href":"https:\/\/www.luzine-happel.de\/index.php?rest_route=\/wp\/v2\/pages"}],"about":[{"href":"https:\/\/www.luzine-happel.de\/index.php?rest_route=\/wp\/v2\/types\/page"}],"author":[{"embeddable":true,"href":"https:\/\/www.luzine-happel.de\/index.php?rest_route=\/wp\/v2\/users\/1"}],"replies":[{"embeddable":true,"href":"https:\/\/www.luzine-happel.de\/index.php?rest_route=%2Fwp%2Fv2%2Fcomments&post=4451"}],"version-history":[{"count":6,"href":"https:\/\/www.luzine-happel.de\/index.php?rest_route=\/wp\/v2\/pages\/4451\/revisions"}],"predecessor-version":[{"id":21362,"href":"https:\/\/www.luzine-happel.de\/index.php?rest_route=\/wp\/v2\/pages\/4451\/revisions\/21362"}],"up":[{"embeddable":true,"href":"https:\/\/www.luzine-happel.de\/index.php?rest_route=\/wp\/v2\/pages\/57"}],"wp:attachment":[{"href":"https:\/\/www.luzine-happel.de\/index.php?rest_route=%2Fwp%2Fv2%2Fmedia&parent=4451"}],"curies":[{"name":"wp","href":"https:\/\/api.w.org\/{rel}","templated":true}]}}