{"id":494,"date":"2012-07-05T11:08:08","date_gmt":"2012-07-05T09:08:08","guid":{"rendered":"https:\/\/www.luzine-happel.de\/?page_id=494"},"modified":"2019-02-25T22:27:29","modified_gmt":"2019-02-25T20:27:29","slug":"early-schwalm-whitework","status":"publish","type":"page","link":"https:\/\/www.luzine-happel.de\/?page_id=494","title":{"rendered":"Early Schwalm Whitework"},"content":{"rendered":"<p><\/p>\n<div class=\"product-description\" data-name=\"Early Schwalm Whitework\" data-price=\"35,00\">\n<h3 class=\"product-name\">Early Schwalm Whitework<\/h3>\n<div class=\"produktbeschreibung\">\n<ul>\n<li>Text: Englisch<\/li>\n<li>ausf\u00fchrlich vermittelt durch bebilderte Schritt-f\u00fcr-Schritt-Anleitung<\/li>\n<li>98 Seiten \u2013 farbig<\/li>\n<li>4 Bl\u00e4tter mit Markierungshilfen<\/li>\n<li>7 Bl\u00e4tter mit Konturenmustern<\/li>\n<li>Ringbindung<\/li>\n<\/ul>\n<p>Schw\u00e4lmer Wei\u00dfstickerei \u2013 ja, aber ohne Kn\u00f6tchenstiche, ohne Fadenauszug\u00a0 und ohne abz\u00e4hlen. Gezeigt werden 15 verschiedene Grundmuster mit insgesamt 78 Abwandlungen. Dazu gibt es einige besonders attraktive Konturenmuster \u2013 teilweise im Baukastensystem, das dabei hilft, diese Muster auf ganz einfache Art und Weise individuellen Bed\u00fcrfnissen anzupassen. Damit die Musterbildung gleichm\u00e4\u00dfig gelingt, habe ich Markierungshilfen erstellt. Durch deren Einsatz kann man alle Musterfl\u00e4chen leicht, schnell und regelm\u00e4\u00dfig einteilen. Weitergehende Informationen finden Sie in der \u201e<a href=\"http:\/\/www.luzine-happel.de\/?page_id=766\">Bibliothek<\/a>\u201c.&#8220;<\/p>\n<\/div>\n<p class=\"produktpreis\">35,00 \u20ac <\/p>\n<p class=\"produktzusatz\">(zzgl. <a href=\"https:\/\/www.luzine-happel.de\/?page_id=13\">Versandkosten<\/a>)<br \/>Ohne Steuerausweis gem\u00e4\u00df Kleinunternehmerregelung \u00a7 19 UStG<\/p>\n<p><button class=\"btn btn-danger my-cart-btn luzinebutton\" data-id=\"020\" data-name=\"020 | Early Schwalm Whitework\" data-summary=\"020 | Early Schwalm Whitework\" data-price=\"35,00\" data-quantity=\"1\" data-image=\"https:\/\/www.luzine-happel.de\/wp-content\/uploads\/formidable\/21\/020-Early_Schwalm_Whitework_01-198x280.jpg\" data-tax=\"7\">In den Warenkorb<\/button><\/p>\n<\/div>\n<p><\/p>\n<div class=\"gallery-buddy\" style=\"width: 610px\"><div class=\"gallery-buddy-slide\"><div class=\"gallery-buddy-img\"><img loading=\"lazy\" decoding=\"async\" width=\"516\" height=\"730\" src=\"https:\/\/www.luzine-happel.de\/wp-content\/uploads\/2012\/07\/Early_Schwalm_Whitework_01.jpg\" class=\"attachment-610x730 size-610x730\" alt=\"Early Schwalm Whitework 1 \/ 7\" srcset=\"https:\/\/www.luzine-happel.de\/wp-content\/uploads\/2012\/07\/Early_Schwalm_Whitework_01.jpg 1240w, https:\/\/www.luzine-happel.de\/wp-content\/uploads\/2012\/07\/Early_Schwalm_Whitework_01-197x280.jpg 197w, https:\/\/www.luzine-happel.de\/wp-content\/uploads\/2012\/07\/Early_Schwalm_Whitework_01-723x1024.jpg 723w\" sizes=\"auto, (max-width: 516px) 100vw, 516px\" \/><div class=\"gallery-buddy-prev\"><span class=\"gallery-buddy-btn\">\u2039<\/span><\/div><div class=\"gallery-buddy-next\"><span class=\"gallery-buddy-btn\">\u203a<\/span><\/div><\/div><p>Early Schwalm Whitework 1 \/ 7<\/p><\/div><div class=\"gallery-buddy-slide\"><div class=\"gallery-buddy-img\"><img loading=\"lazy\" decoding=\"async\" width=\"516\" height=\"730\" src=\"https:\/\/www.luzine-happel.de\/wp-content\/uploads\/2012\/07\/Early_Schwalm_Whitework_02.jpg\" class=\"attachment-610x730 size-610x730\" alt=\"Early Schwalm Whitework 2 \/ 7\" srcset=\"https:\/\/www.luzine-happel.de\/wp-content\/uploads\/2012\/07\/Early_Schwalm_Whitework_02.jpg 1240w, https:\/\/www.luzine-happel.de\/wp-content\/uploads\/2012\/07\/Early_Schwalm_Whitework_02-197x280.jpg 197w, https:\/\/www.luzine-happel.de\/wp-content\/uploads\/2012\/07\/Early_Schwalm_Whitework_02-723x1024.jpg 723w\" sizes=\"auto, (max-width: 516px) 100vw, 516px\" \/><div class=\"gallery-buddy-prev\"><span class=\"gallery-buddy-btn\">\u2039<\/span><\/div><div class=\"gallery-buddy-next\"><span class=\"gallery-buddy-btn\">\u203a<\/span><\/div><\/div><p>Early Schwalm Whitework 2 \/ 7<\/p><\/div><div class=\"gallery-buddy-slide\"><div class=\"gallery-buddy-img\"><img loading=\"lazy\" decoding=\"async\" width=\"516\" height=\"730\" src=\"https:\/\/www.luzine-happel.de\/wp-content\/uploads\/2012\/07\/Early_Schwalm_Whitework_03.jpg\" class=\"attachment-610x730 size-610x730\" alt=\"Early Schwalm Whitework 3 \/ 7\" srcset=\"https:\/\/www.luzine-happel.de\/wp-content\/uploads\/2012\/07\/Early_Schwalm_Whitework_03.jpg 1240w, https:\/\/www.luzine-happel.de\/wp-content\/uploads\/2012\/07\/Early_Schwalm_Whitework_03-197x280.jpg 197w, https:\/\/www.luzine-happel.de\/wp-content\/uploads\/2012\/07\/Early_Schwalm_Whitework_03-723x1024.jpg 723w\" sizes=\"auto, (max-width: 516px) 100vw, 516px\" \/><div class=\"gallery-buddy-prev\"><span class=\"gallery-buddy-btn\">\u2039<\/span><\/div><div class=\"gallery-buddy-next\"><span class=\"gallery-buddy-btn\">\u203a<\/span><\/div><\/div><p>Early Schwalm Whitework 3 \/ 7<\/p><\/div><div class=\"gallery-buddy-slide\"><div class=\"gallery-buddy-img\"><img loading=\"lazy\" decoding=\"async\" width=\"516\" height=\"730\" src=\"https:\/\/www.luzine-happel.de\/wp-content\/uploads\/2012\/07\/Early_Schwalm_Whitework_04.jpg\" class=\"attachment-610x730 size-610x730\" alt=\"Early Schwalm Whitework 4 \/ 7\" srcset=\"https:\/\/www.luzine-happel.de\/wp-content\/uploads\/2012\/07\/Early_Schwalm_Whitework_04.jpg 1240w, https:\/\/www.luzine-happel.de\/wp-content\/uploads\/2012\/07\/Early_Schwalm_Whitework_04-197x280.jpg 197w, https:\/\/www.luzine-happel.de\/wp-content\/uploads\/2012\/07\/Early_Schwalm_Whitework_04-723x1024.jpg 723w\" sizes=\"auto, (max-width: 516px) 100vw, 516px\" \/><div class=\"gallery-buddy-prev\"><span class=\"gallery-buddy-btn\">\u2039<\/span><\/div><div class=\"gallery-buddy-next\"><span class=\"gallery-buddy-btn\">\u203a<\/span><\/div><\/div><p>Early Schwalm Whitework 4 \/ 7<\/p><\/div><div class=\"gallery-buddy-slide\"><div class=\"gallery-buddy-img\"><img loading=\"lazy\" decoding=\"async\" width=\"516\" height=\"730\" src=\"https:\/\/www.luzine-happel.de\/wp-content\/uploads\/2012\/07\/Early_Schwalm_Whitework_05.jpg\" class=\"attachment-610x730 size-610x730\" alt=\"Early Schwalm Whitework 5 \/ 7\" srcset=\"https:\/\/www.luzine-happel.de\/wp-content\/uploads\/2012\/07\/Early_Schwalm_Whitework_05.jpg 1240w, https:\/\/www.luzine-happel.de\/wp-content\/uploads\/2012\/07\/Early_Schwalm_Whitework_05-197x280.jpg 197w, https:\/\/www.luzine-happel.de\/wp-content\/uploads\/2012\/07\/Early_Schwalm_Whitework_05-723x1024.jpg 723w\" sizes=\"auto, (max-width: 516px) 100vw, 516px\" \/><div class=\"gallery-buddy-prev\"><span class=\"gallery-buddy-btn\">\u2039<\/span><\/div><div class=\"gallery-buddy-next\"><span class=\"gallery-buddy-btn\">\u203a<\/span><\/div><\/div><p>Early Schwalm Whitework 5 \/ 7<\/p><\/div><div class=\"gallery-buddy-slide\"><div class=\"gallery-buddy-img\"><img loading=\"lazy\" decoding=\"async\" width=\"516\" height=\"730\" src=\"https:\/\/www.luzine-happel.de\/wp-content\/uploads\/2012\/07\/Early_Schwalm_Whitework_06.jpg\" class=\"attachment-610x730 size-610x730\" alt=\"Early Schwalm Whitework 6 \/ 7\" srcset=\"https:\/\/www.luzine-happel.de\/wp-content\/uploads\/2012\/07\/Early_Schwalm_Whitework_06.jpg 1240w, https:\/\/www.luzine-happel.de\/wp-content\/uploads\/2012\/07\/Early_Schwalm_Whitework_06-197x280.jpg 197w, https:\/\/www.luzine-happel.de\/wp-content\/uploads\/2012\/07\/Early_Schwalm_Whitework_06-723x1024.jpg 723w\" sizes=\"auto, (max-width: 516px) 100vw, 516px\" \/><div class=\"gallery-buddy-prev\"><span class=\"gallery-buddy-btn\">\u2039<\/span><\/div><div class=\"gallery-buddy-next\"><span class=\"gallery-buddy-btn\">\u203a<\/span><\/div><\/div><p>Early Schwalm Whitework 6 \/ 7<\/p><\/div><div class=\"gallery-buddy-slide\"><div class=\"gallery-buddy-img\"><img loading=\"lazy\" decoding=\"async\" width=\"516\" height=\"730\" src=\"https:\/\/www.luzine-happel.de\/wp-content\/uploads\/2012\/07\/Early_Schwalm_Whitework_07.jpg\" class=\"attachment-610x730 size-610x730\" alt=\"Early Schwalm Whitework 7 \/ 7\" srcset=\"https:\/\/www.luzine-happel.de\/wp-content\/uploads\/2012\/07\/Early_Schwalm_Whitework_07.jpg 1240w, https:\/\/www.luzine-happel.de\/wp-content\/uploads\/2012\/07\/Early_Schwalm_Whitework_07-197x280.jpg 197w, https:\/\/www.luzine-happel.de\/wp-content\/uploads\/2012\/07\/Early_Schwalm_Whitework_07-723x1024.jpg 723w\" sizes=\"auto, (max-width: 516px) 100vw, 516px\" \/><div class=\"gallery-buddy-prev\"><span class=\"gallery-buddy-btn\">\u2039<\/span><\/div><div class=\"gallery-buddy-next\"><span class=\"gallery-buddy-btn\">\u203a<\/span><\/div><\/div><p>Early Schwalm Whitework 7 \/ 7<\/p><\/div><\/div>","protected":false},"excerpt":{"rendered":"","protected":false},"author":1,"featured_media":0,"parent":57,"menu_order":0,"comment_status":"open","ping_status":"open","template":"page-FullWidth.php","meta":{"inline_featured_image":false,"footnotes":""},"class_list":["post-494","page","type-page","status-publish","hentry","wpautop"],"yoast_head":"<!-- This site is optimized with the Yoast SEO plugin v27.4 - https:\/\/yoast.com\/product\/yoast-seo-wordpress\/ -->\n<title>Early Schwalm Whitework - Luzine Happel<\/title>\n<meta name=\"robots\" content=\"index, follow, max-snippet:-1, max-image-preview:large, max-video-preview:-1\" \/>\n<link rel=\"canonical\" href=\"https:\/\/www.luzine-happel.de\/?page_id=494&lang=en\" \/>\n<meta property=\"og:locale\" content=\"de_DE\" \/>\n<meta property=\"og:type\" content=\"article\" \/>\n<meta property=\"og:title\" content=\"Early Schwalm Whitework - Luzine Happel\" \/>\n<meta property=\"og:url\" content=\"https:\/\/www.luzine-happel.de\/?page_id=494&amp;lang=en\" \/>\n<meta property=\"og:site_name\" content=\"Luzine Happel\" \/>\n<meta property=\"article:modified_time\" content=\"2019-02-25T20:27:29+00:00\" \/>\n<meta name=\"twitter:card\" content=\"summary_large_image\" \/>\n<script type=\"application\/ld+json\" class=\"yoast-schema-graph\">{\"@context\":\"https:\\\/\\\/schema.org\",\"@graph\":[{\"@type\":\"WebPage\",\"@id\":\"https:\\\/\\\/www.luzine-happel.de\\\/?page_id=494&lang=en\",\"url\":\"https:\\\/\\\/www.luzine-happel.de\\\/?page_id=494&lang=en\",\"name\":\"Early Schwalm Whitework - Luzine Happel\",\"isPartOf\":{\"@id\":\"https:\\\/\\\/www.luzine-happel.de\\\/#website\"},\"datePublished\":\"2012-07-05T09:08:08+00:00\",\"dateModified\":\"2019-02-25T20:27:29+00:00\",\"breadcrumb\":{\"@id\":\"https:\\\/\\\/www.luzine-happel.de\\\/?page_id=494&lang=en#breadcrumb\"},\"inLanguage\":\"de\",\"potentialAction\":[{\"@type\":\"ReadAction\",\"target\":[\"https:\\\/\\\/www.luzine-happel.de\\\/?page_id=494&lang=en\"]}]},{\"@type\":\"BreadcrumbList\",\"@id\":\"https:\\\/\\\/www.luzine-happel.de\\\/?page_id=494&lang=en#breadcrumb\",\"itemListElement\":[{\"@type\":\"ListItem\",\"position\":1,\"name\":\"Startseite\",\"item\":\"https:\\\/\\\/www.luzine-happel.de\\\/\"},{\"@type\":\"ListItem\",\"position\":2,\"name\":\"Shop\",\"item\":\"https:\\\/\\\/www.luzine-happel.de\\\/?page_id=57&lang=en\"},{\"@type\":\"ListItem\",\"position\":3,\"name\":\"Early Schwalm Whitework\"}]},{\"@type\":\"WebSite\",\"@id\":\"https:\\\/\\\/www.luzine-happel.de\\\/#website\",\"url\":\"https:\\\/\\\/www.luzine-happel.de\\\/\",\"name\":\"Luzine Happel\",\"description\":\"\",\"potentialAction\":[{\"@type\":\"SearchAction\",\"target\":{\"@type\":\"EntryPoint\",\"urlTemplate\":\"https:\\\/\\\/www.luzine-happel.de\\\/?s={search_term_string}\"},\"query-input\":{\"@type\":\"PropertyValueSpecification\",\"valueRequired\":true,\"valueName\":\"search_term_string\"}}],\"inLanguage\":\"de\"}]}<\/script>\n<!-- \/ Yoast SEO plugin. -->","yoast_head_json":{"title":"Early Schwalm Whitework - Luzine Happel","robots":{"index":"index","follow":"follow","max-snippet":"max-snippet:-1","max-image-preview":"max-image-preview:large","max-video-preview":"max-video-preview:-1"},"canonical":"https:\/\/www.luzine-happel.de\/?page_id=494&lang=en","og_locale":"de_DE","og_type":"article","og_title":"Early Schwalm Whitework - Luzine Happel","og_url":"https:\/\/www.luzine-happel.de\/?page_id=494&lang=en","og_site_name":"Luzine Happel","article_modified_time":"2019-02-25T20:27:29+00:00","twitter_card":"summary_large_image","schema":{"@context":"https:\/\/schema.org","@graph":[{"@type":"WebPage","@id":"https:\/\/www.luzine-happel.de\/?page_id=494&lang=en","url":"https:\/\/www.luzine-happel.de\/?page_id=494&lang=en","name":"Early Schwalm Whitework - Luzine Happel","isPartOf":{"@id":"https:\/\/www.luzine-happel.de\/#website"},"datePublished":"2012-07-05T09:08:08+00:00","dateModified":"2019-02-25T20:27:29+00:00","breadcrumb":{"@id":"https:\/\/www.luzine-happel.de\/?page_id=494&lang=en#breadcrumb"},"inLanguage":"de","potentialAction":[{"@type":"ReadAction","target":["https:\/\/www.luzine-happel.de\/?page_id=494&lang=en"]}]},{"@type":"BreadcrumbList","@id":"https:\/\/www.luzine-happel.de\/?page_id=494&lang=en#breadcrumb","itemListElement":[{"@type":"ListItem","position":1,"name":"Startseite","item":"https:\/\/www.luzine-happel.de\/"},{"@type":"ListItem","position":2,"name":"Shop","item":"https:\/\/www.luzine-happel.de\/?page_id=57&lang=en"},{"@type":"ListItem","position":3,"name":"Early Schwalm Whitework"}]},{"@type":"WebSite","@id":"https:\/\/www.luzine-happel.de\/#website","url":"https:\/\/www.luzine-happel.de\/","name":"Luzine Happel","description":"","potentialAction":[{"@type":"SearchAction","target":{"@type":"EntryPoint","urlTemplate":"https:\/\/www.luzine-happel.de\/?s={search_term_string}"},"query-input":{"@type":"PropertyValueSpecification","valueRequired":true,"valueName":"search_term_string"}}],"inLanguage":"de"}]}},"_links":{"self":[{"href":"https:\/\/www.luzine-happel.de\/index.php?rest_route=\/wp\/v2\/pages\/494","targetHints":{"allow":["GET"]}}],"collection":[{"href":"https:\/\/www.luzine-happel.de\/index.php?rest_route=\/wp\/v2\/pages"}],"about":[{"href":"https:\/\/www.luzine-happel.de\/index.php?rest_route=\/wp\/v2\/types\/page"}],"author":[{"embeddable":true,"href":"https:\/\/www.luzine-happel.de\/index.php?rest_route=\/wp\/v2\/users\/1"}],"replies":[{"embeddable":true,"href":"https:\/\/www.luzine-happel.de\/index.php?rest_route=%2Fwp%2Fv2%2Fcomments&post=494"}],"version-history":[{"count":3,"href":"https:\/\/www.luzine-happel.de\/index.php?rest_route=\/wp\/v2\/pages\/494\/revisions"}],"predecessor-version":[{"id":14491,"href":"https:\/\/www.luzine-happel.de\/index.php?rest_route=\/wp\/v2\/pages\/494\/revisions\/14491"}],"up":[{"embeddable":true,"href":"https:\/\/www.luzine-happel.de\/index.php?rest_route=\/wp\/v2\/pages\/57"}],"wp:attachment":[{"href":"https:\/\/www.luzine-happel.de\/index.php?rest_route=%2Fwp%2Fv2%2Fmedia&parent=494"}],"curies":[{"name":"wp","href":"https:\/\/api.w.org\/{rel}","templated":true}]}}