{"id":738,"date":"2012-07-12T13:45:47","date_gmt":"2012-07-12T11:45:47","guid":{"rendered":"https:\/\/www.luzine-happel.de\/?page_id=738"},"modified":"2012-07-12T13:45:47","modified_gmt":"2012-07-12T11:45:47","slug":"english-hessenstickerei-faszination-in-weis-sw-fascination-in-white","status":"publish","type":"page","link":"https:\/\/www.luzine-happel.de\/?page_id=738","title":{"rendered":"(English) Hessenstickerei Faszination in Wei\u00df (SW &#8211; Fascination in White)"},"content":{"rendered":"<p><a href=\"https:\/\/www.luzine-happel.de\/wp-content\/uploads\/2012\/06\/Fernau_1.jpg\"><img loading=\"lazy\" decoding=\"async\" class=\"alignleft size-2F4 wp-image-646\" title=\"Hessenstickerei Faszination in Wei\u00df - Renate Fernau\" src=\"https:\/\/www.luzine-happel.de\/wp-content\/uploads\/2012\/06\/Fernau_1-438x432.jpg\" alt=\"Hessenstickerei Faszination in Wei\u00df - Renate Fernau\" width=\"438\" height=\"432\" srcset=\"https:\/\/www.luzine-happel.de\/wp-content\/uploads\/2012\/06\/Fernau_1-438x432.jpg 438w, https:\/\/www.luzine-happel.de\/wp-content\/uploads\/2012\/06\/Fernau_1-150x148.jpg 150w, https:\/\/www.luzine-happel.de\/wp-content\/uploads\/2012\/06\/Fernau_1-280x276.jpg 280w, https:\/\/www.luzine-happel.de\/wp-content\/uploads\/2012\/06\/Fernau_1-100x100.jpg 100w, https:\/\/www.luzine-happel.de\/wp-content\/uploads\/2012\/06\/Fernau_1-200x197.jpg 200w, https:\/\/www.luzine-happel.de\/wp-content\/uploads\/2012\/06\/Fernau_1-120x118.jpg 120w, https:\/\/www.luzine-happel.de\/wp-content\/uploads\/2012\/06\/Fernau_1.jpg 1024w\" sizes=\"auto, (max-width: 438px) 100vw, 438px\" \/><\/a><br \/>\nHessenstickerei Faszination in Wei\u00df<\/p>\n<p>Renate Fernau<\/p>\n<ul>\n<li>Eigenverlag 1993<\/li>\n<li>Text: deutsch<\/li>\n<li>130 Seiten; schwarz-wei\u00df<\/li>\n<\/ul>\n<p>Das Buch ist in Englischer Schreibschrift gedruckt und liest sich daher nicht gerade einfach. Es werden alle notwendigen Schritte zur Anfertigung einer Schw\u00e4lmer Wei\u00dfstickerei ausf\u00fchrlich erkl\u00e4rt und zu jedem Gebiet verschiedene Muster gezeigt. Die Einzelheiten werden in Arbeitsschritten dargestellt. Allerdings kommt das Buch ausschlie\u00dflich mit Zeichnungen aus, die \u2013 wenn auch gut gestaltet \u2013 die Aussage eines Fotos nicht ersetzen k\u00f6nnen.<\/p>","protected":false},"excerpt":{"rendered":"<p>Hessenstickerei Faszination in Wei\u00df Renate Fernau Eigenverlag 1993 Text: deutsch 130 Seiten; schwarz-wei\u00df Das Buch ist in Englischer Schreibschrift gedruckt und liest sich daher nicht gerade einfach. Es werden alle notwendigen Schritte zur Anfertigung einer Schw\u00e4lmer Wei\u00dfstickerei ausf\u00fchrlich erkl\u00e4rt und zu jedem Gebiet verschiedene Muster gezeigt. Die Einzelheiten werden in Arbeitsschritten dargestellt. Allerdings kommt das Buch ausschlie\u00dflich mit Zeichnungen aus, die \u2013 wenn auch gut gestaltet \u2013 die Aussage eines Fotos nicht ersetzen k\u00f6nnen.<\/p>\n","protected":false},"author":1,"featured_media":0,"parent":55,"menu_order":0,"comment_status":"open","ping_status":"open","template":"page-FullWidth.php","meta":{"inline_featured_image":false,"footnotes":""},"class_list":["post-738","page","type-page","status-publish","hentry","wpautop"],"yoast_head":"<!-- This site is optimized with the Yoast SEO plugin v27.5 - https:\/\/yoast.com\/product\/yoast-seo-wordpress\/ -->\n<title>(English) Hessenstickerei Faszination in Wei\u00df (SW - Fascination in White) - Luzine Happel<\/title>\n<meta name=\"robots\" content=\"index, follow, max-snippet:-1, max-image-preview:large, max-video-preview:-1\" \/>\n<link rel=\"canonical\" href=\"https:\/\/www.luzine-happel.de\/?page_id=738&lang=en\" \/>\n<meta property=\"og:locale\" content=\"de_DE\" \/>\n<meta property=\"og:type\" content=\"article\" \/>\n<meta property=\"og:title\" content=\"(English) Hessenstickerei Faszination in Wei\u00df (SW - Fascination in White) - Luzine Happel\" \/>\n<meta property=\"og:description\" content=\"Hessenstickerei Faszination in Wei\u00df Renate Fernau Eigenverlag 1993 Text: deutsch 130 Seiten; schwarz-wei\u00df Das Buch ist in Englischer Schreibschrift gedruckt und liest sich daher nicht gerade einfach. Es werden alle notwendigen Schritte zur Anfertigung einer Schw\u00e4lmer Wei\u00dfstickerei ausf\u00fchrlich erkl\u00e4rt und zu jedem Gebiet verschiedene Muster gezeigt. Die Einzelheiten werden in Arbeitsschritten dargestellt. Allerdings kommt das Buch ausschlie\u00dflich mit Zeichnungen aus, die \u2013 wenn auch gut gestaltet \u2013 die Aussage eines Fotos nicht ersetzen k\u00f6nnen.\" \/>\n<meta property=\"og:url\" content=\"https:\/\/www.luzine-happel.de\/?page_id=738&amp;lang=en\" \/>\n<meta property=\"og:site_name\" content=\"Luzine Happel\" \/>\n<meta property=\"og:image\" content=\"https:\/\/www.luzine-happel.de\/wp-content\/uploads\/2012\/06\/Fernau_1-438x432.jpg\" \/>\n<meta name=\"twitter:card\" content=\"summary_large_image\" \/>\n<meta name=\"twitter:label1\" content=\"Gesch\u00e4tzte Lesezeit\" \/>\n\t<meta name=\"twitter:data1\" content=\"1\u00a0Minute\" \/>\n<script type=\"application\/ld+json\" class=\"yoast-schema-graph\">{\"@context\":\"https:\\\/\\\/schema.org\",\"@graph\":[{\"@type\":\"WebPage\",\"@id\":\"https:\\\/\\\/www.luzine-happel.de\\\/?page_id=738&lang=en\",\"url\":\"https:\\\/\\\/www.luzine-happel.de\\\/?page_id=738&lang=en\",\"name\":\"(English) Hessenstickerei Faszination in Wei\u00df (SW - Fascination in White) - Luzine Happel\",\"isPartOf\":{\"@id\":\"https:\\\/\\\/www.luzine-happel.de\\\/#website\"},\"primaryImageOfPage\":{\"@id\":\"https:\\\/\\\/www.luzine-happel.de\\\/?page_id=738&lang=en#primaryimage\"},\"image\":{\"@id\":\"https:\\\/\\\/www.luzine-happel.de\\\/?page_id=738&lang=en#primaryimage\"},\"thumbnailUrl\":\"https:\\\/\\\/www.luzine-happel.de\\\/wp-content\\\/uploads\\\/2012\\\/06\\\/Fernau_1-438x432.jpg\",\"datePublished\":\"2012-07-12T11:45:47+00:00\",\"breadcrumb\":{\"@id\":\"https:\\\/\\\/www.luzine-happel.de\\\/?page_id=738&lang=en#breadcrumb\"},\"inLanguage\":\"de\",\"potentialAction\":[{\"@type\":\"ReadAction\",\"target\":[\"https:\\\/\\\/www.luzine-happel.de\\\/?page_id=738&lang=en\"]}]},{\"@type\":\"ImageObject\",\"inLanguage\":\"de\",\"@id\":\"https:\\\/\\\/www.luzine-happel.de\\\/?page_id=738&lang=en#primaryimage\",\"url\":\"https:\\\/\\\/www.luzine-happel.de\\\/wp-content\\\/uploads\\\/2012\\\/06\\\/Fernau_1.jpg\",\"contentUrl\":\"https:\\\/\\\/www.luzine-happel.de\\\/wp-content\\\/uploads\\\/2012\\\/06\\\/Fernau_1.jpg\",\"width\":\"1024\",\"height\":\"1012\",\"caption\":\"Hessenstickerei Faszination in Wei\u00df - Renate Fernau\"},{\"@type\":\"BreadcrumbList\",\"@id\":\"https:\\\/\\\/www.luzine-happel.de\\\/?page_id=738&lang=en#breadcrumb\",\"itemListElement\":[{\"@type\":\"ListItem\",\"position\":1,\"name\":\"Startseite\",\"item\":\"https:\\\/\\\/www.luzine-happel.de\\\/\"},{\"@type\":\"ListItem\",\"position\":2,\"name\":\"Library\",\"item\":\"https:\\\/\\\/www.luzine-happel.de\\\/?page_id=55&lang=en\"},{\"@type\":\"ListItem\",\"position\":3,\"name\":\"Hessenstickerei Faszination in Wei\u00df (SW &#8211; Fascination in White)\"}]},{\"@type\":\"WebSite\",\"@id\":\"https:\\\/\\\/www.luzine-happel.de\\\/#website\",\"url\":\"https:\\\/\\\/www.luzine-happel.de\\\/\",\"name\":\"Luzine Happel\",\"description\":\"\",\"potentialAction\":[{\"@type\":\"SearchAction\",\"target\":{\"@type\":\"EntryPoint\",\"urlTemplate\":\"https:\\\/\\\/www.luzine-happel.de\\\/?s={search_term_string}\"},\"query-input\":{\"@type\":\"PropertyValueSpecification\",\"valueRequired\":true,\"valueName\":\"search_term_string\"}}],\"inLanguage\":\"de\"}]}<\/script>\n<!-- \/ Yoast SEO plugin. -->","yoast_head_json":{"title":"(English) Hessenstickerei Faszination in Wei\u00df (SW - Fascination in White) - Luzine Happel","robots":{"index":"index","follow":"follow","max-snippet":"max-snippet:-1","max-image-preview":"max-image-preview:large","max-video-preview":"max-video-preview:-1"},"canonical":"https:\/\/www.luzine-happel.de\/?page_id=738&lang=en","og_locale":"de_DE","og_type":"article","og_title":"(English) Hessenstickerei Faszination in Wei\u00df (SW - Fascination in White) - Luzine Happel","og_description":"Hessenstickerei Faszination in Wei\u00df Renate Fernau Eigenverlag 1993 Text: deutsch 130 Seiten; schwarz-wei\u00df Das Buch ist in Englischer Schreibschrift gedruckt und liest sich daher nicht gerade einfach. Es werden alle notwendigen Schritte zur Anfertigung einer Schw\u00e4lmer Wei\u00dfstickerei ausf\u00fchrlich erkl\u00e4rt und zu jedem Gebiet verschiedene Muster gezeigt. Die Einzelheiten werden in Arbeitsschritten dargestellt. Allerdings kommt das Buch ausschlie\u00dflich mit Zeichnungen aus, die \u2013 wenn auch gut gestaltet \u2013 die Aussage eines Fotos nicht ersetzen k\u00f6nnen.","og_url":"https:\/\/www.luzine-happel.de\/?page_id=738&lang=en","og_site_name":"Luzine Happel","og_image":[{"url":"https:\/\/www.luzine-happel.de\/wp-content\/uploads\/2012\/06\/Fernau_1-438x432.jpg","type":"","width":"","height":""}],"twitter_card":"summary_large_image","twitter_misc":{"Gesch\u00e4tzte Lesezeit":"1\u00a0Minute"},"schema":{"@context":"https:\/\/schema.org","@graph":[{"@type":"WebPage","@id":"https:\/\/www.luzine-happel.de\/?page_id=738&lang=en","url":"https:\/\/www.luzine-happel.de\/?page_id=738&lang=en","name":"(English) Hessenstickerei Faszination in Wei\u00df (SW - Fascination in White) - Luzine Happel","isPartOf":{"@id":"https:\/\/www.luzine-happel.de\/#website"},"primaryImageOfPage":{"@id":"https:\/\/www.luzine-happel.de\/?page_id=738&lang=en#primaryimage"},"image":{"@id":"https:\/\/www.luzine-happel.de\/?page_id=738&lang=en#primaryimage"},"thumbnailUrl":"https:\/\/www.luzine-happel.de\/wp-content\/uploads\/2012\/06\/Fernau_1-438x432.jpg","datePublished":"2012-07-12T11:45:47+00:00","breadcrumb":{"@id":"https:\/\/www.luzine-happel.de\/?page_id=738&lang=en#breadcrumb"},"inLanguage":"de","potentialAction":[{"@type":"ReadAction","target":["https:\/\/www.luzine-happel.de\/?page_id=738&lang=en"]}]},{"@type":"ImageObject","inLanguage":"de","@id":"https:\/\/www.luzine-happel.de\/?page_id=738&lang=en#primaryimage","url":"https:\/\/www.luzine-happel.de\/wp-content\/uploads\/2012\/06\/Fernau_1.jpg","contentUrl":"https:\/\/www.luzine-happel.de\/wp-content\/uploads\/2012\/06\/Fernau_1.jpg","width":"1024","height":"1012","caption":"Hessenstickerei Faszination in Wei\u00df - Renate Fernau"},{"@type":"BreadcrumbList","@id":"https:\/\/www.luzine-happel.de\/?page_id=738&lang=en#breadcrumb","itemListElement":[{"@type":"ListItem","position":1,"name":"Startseite","item":"https:\/\/www.luzine-happel.de\/"},{"@type":"ListItem","position":2,"name":"Library","item":"https:\/\/www.luzine-happel.de\/?page_id=55&lang=en"},{"@type":"ListItem","position":3,"name":"Hessenstickerei Faszination in Wei\u00df (SW &#8211; Fascination in White)"}]},{"@type":"WebSite","@id":"https:\/\/www.luzine-happel.de\/#website","url":"https:\/\/www.luzine-happel.de\/","name":"Luzine Happel","description":"","potentialAction":[{"@type":"SearchAction","target":{"@type":"EntryPoint","urlTemplate":"https:\/\/www.luzine-happel.de\/?s={search_term_string}"},"query-input":{"@type":"PropertyValueSpecification","valueRequired":true,"valueName":"search_term_string"}}],"inLanguage":"de"}]}},"_links":{"self":[{"href":"https:\/\/www.luzine-happel.de\/index.php?rest_route=\/wp\/v2\/pages\/738","targetHints":{"allow":["GET"]}}],"collection":[{"href":"https:\/\/www.luzine-happel.de\/index.php?rest_route=\/wp\/v2\/pages"}],"about":[{"href":"https:\/\/www.luzine-happel.de\/index.php?rest_route=\/wp\/v2\/types\/page"}],"author":[{"embeddable":true,"href":"https:\/\/www.luzine-happel.de\/index.php?rest_route=\/wp\/v2\/users\/1"}],"replies":[{"embeddable":true,"href":"https:\/\/www.luzine-happel.de\/index.php?rest_route=%2Fwp%2Fv2%2Fcomments&post=738"}],"version-history":[{"count":0,"href":"https:\/\/www.luzine-happel.de\/index.php?rest_route=\/wp\/v2\/pages\/738\/revisions"}],"up":[{"embeddable":true,"href":"https:\/\/www.luzine-happel.de\/index.php?rest_route=\/wp\/v2\/pages\/55"}],"wp:attachment":[{"href":"https:\/\/www.luzine-happel.de\/index.php?rest_route=%2Fwp%2Fv2%2Fmedia&parent=738"}],"curies":[{"name":"wp","href":"https:\/\/api.w.org\/{rel}","templated":true}]}}