{"id":742,"date":"2012-07-12T13:51:44","date_gmt":"2012-07-12T11:51:44","guid":{"rendered":"https:\/\/www.luzine-happel.de\/?page_id=742"},"modified":"2018-03-18T13:32:40","modified_gmt":"2018-03-18T11:32:40","slug":"schwalm-embroidery","status":"publish","type":"page","link":"https:\/\/www.luzine-happel.de\/?page_id=742","title":{"rendered":"Schwalm Embroidery"},"content":{"rendered":"<div class='content-column one_half'><a href=\"https:\/\/www.luzine-happel.de\/wp-content\/uploads\/2012\/06\/Bishop.jpg\"><img loading=\"lazy\" decoding=\"async\" class=\"alignleft lupenb\" title=\"Schwalm Embroidery - Christine Bishop\" src=\"https:\/\/www.luzine-happel.de\/wp-content\/uploads\/2012\/06\/Bishop-438x525.jpg\" alt=\"Schwalm Embroidery - Christine Bishop\" width=\"438\" height=\"525\" \/><\/a><center><strong>Schwalm Embroidery<\/strong><\/center><br \/><\/div>\n<div class='content-column one_half last_column'><strong>Schwalm Embroidery<\/strong><br \/>\nChristine Bishop<\/p>\n<p>&#8211; Techniques and Designs \u2013<\/p>\n<ul>\n<li>Sally Milner Publishing, Bowral NSW, Australien 1999<\/li>\n<li>Text: englisch<\/li>\n<li>112 Seiten, davon 12 farbig mit Fotos und Detailfotos der fertigen Gegenst\u00e4nde.<\/li>\n<\/ul>\n<p>Christine Bishop versucht in ihrem Buch auf 74 Seiten zehn verschiedene, mehr oder weniger gro\u00dfe Gegenst\u00e4nde vom Beginn bis zur Fertigstellung zu beschreiben. Das geschieht durch viel Text und einige Zeichnungen, die aber nicht auf den ersten Blick verst\u00e4ndlich erscheinen. Durch die Menge des Inhalts, den sie vermitteln m\u00f6chte, k\u00f6nnen Einzelheiten nat\u00fcrlich nicht ausf\u00fchrlich abgehandelt werden. Daher ist das Buch zum Erlernen der Schw\u00e4lmer Wei\u00dfstickerei nicht geeignet.<br \/>\nAm Ende des Buches zeigt sie 7 weitere, kleine Konturenmuster und auf weiteren 10 Seiten ein gezeichnetes Stiche-Verzeichnis.<br \/><\/div><div class='clear_column'><\/div>","protected":false},"excerpt":{"rendered":"","protected":false},"author":1,"featured_media":0,"parent":55,"menu_order":0,"comment_status":"open","ping_status":"open","template":"page-FullWidth.php","meta":{"inline_featured_image":false,"footnotes":""},"yoast_head":"<!-- This site is optimized with the Yoast SEO plugin v24.5 - https:\/\/yoast.com\/wordpress\/plugins\/seo\/ -->\n<title>Schwalm Embroidery - Luzine Happel<\/title>\n<meta name=\"robots\" content=\"index, follow, max-snippet:-1, max-image-preview:large, max-video-preview:-1\" \/>\n<link rel=\"canonical\" href=\"https:\/\/www.luzine-happel.de\/?page_id=742&lang=en\" \/>\n<meta property=\"og:locale\" content=\"de_DE\" \/>\n<meta property=\"og:type\" content=\"article\" \/>\n<meta property=\"og:title\" content=\"Schwalm Embroidery - Luzine Happel\" \/>\n<meta property=\"og:url\" content=\"https:\/\/www.luzine-happel.de\/?page_id=742&amp;lang=en\" \/>\n<meta property=\"og:site_name\" content=\"Luzine Happel\" \/>\n<meta property=\"article:modified_time\" content=\"2018-03-18T11:32:40+00:00\" \/>\n<meta property=\"og:image\" content=\"https:\/\/www.luzine-happel.de\/wp-content\/uploads\/2012\/06\/Bishop-438x525.jpg\" \/>\n<meta name=\"twitter:card\" content=\"summary_large_image\" \/>\n<meta name=\"twitter:label1\" content=\"Gesch\u00e4tzte Lesezeit\" \/>\n\t<meta name=\"twitter:data1\" content=\"1\u00a0Minute\" \/>\n<script type=\"application\/ld+json\" class=\"yoast-schema-graph\">{\"@context\":\"https:\/\/schema.org\",\"@graph\":[{\"@type\":\"WebPage\",\"@id\":\"https:\/\/www.luzine-happel.de\/?page_id=742&lang=en\",\"url\":\"https:\/\/www.luzine-happel.de\/?page_id=742&lang=en\",\"name\":\"Schwalm Embroidery - Luzine Happel\",\"isPartOf\":{\"@id\":\"https:\/\/www.luzine-happel.de\/#website\"},\"primaryImageOfPage\":{\"@id\":\"https:\/\/www.luzine-happel.de\/?page_id=742&lang=en#primaryimage\"},\"image\":{\"@id\":\"https:\/\/www.luzine-happel.de\/?page_id=742&lang=en#primaryimage\"},\"thumbnailUrl\":\"https:\/\/www.luzine-happel.de\/wp-content\/uploads\/2012\/06\/Bishop-438x525.jpg\",\"datePublished\":\"2012-07-12T11:51:44+00:00\",\"dateModified\":\"2018-03-18T11:32:40+00:00\",\"breadcrumb\":{\"@id\":\"https:\/\/www.luzine-happel.de\/?page_id=742&lang=en#breadcrumb\"},\"inLanguage\":\"de\",\"potentialAction\":[{\"@type\":\"ReadAction\",\"target\":[\"https:\/\/www.luzine-happel.de\/?page_id=742&lang=en\"]}]},{\"@type\":\"ImageObject\",\"inLanguage\":\"de\",\"@id\":\"https:\/\/www.luzine-happel.de\/?page_id=742&lang=en#primaryimage\",\"url\":\"https:\/\/www.luzine-happel.de\/wp-content\/uploads\/2012\/06\/Bishop.jpg\",\"contentUrl\":\"https:\/\/www.luzine-happel.de\/wp-content\/uploads\/2012\/06\/Bishop.jpg\",\"width\":\"854\",\"height\":\"1024\",\"caption\":\"Schwalm Embroidery - Christine Bishop\"},{\"@type\":\"BreadcrumbList\",\"@id\":\"https:\/\/www.luzine-happel.de\/?page_id=742&lang=en#breadcrumb\",\"itemListElement\":[{\"@type\":\"ListItem\",\"position\":1,\"name\":\"Startseite\",\"item\":\"https:\/\/www.luzine-happel.de\/\"},{\"@type\":\"ListItem\",\"position\":2,\"name\":\"Library\",\"item\":\"https:\/\/www.luzine-happel.de\/?page_id=55&lang=en\"},{\"@type\":\"ListItem\",\"position\":3,\"name\":\"Schwalm Embroidery\"}]},{\"@type\":\"WebSite\",\"@id\":\"https:\/\/www.luzine-happel.de\/#website\",\"url\":\"https:\/\/www.luzine-happel.de\/\",\"name\":\"Luzine Happel\",\"description\":\"\",\"potentialAction\":[{\"@type\":\"SearchAction\",\"target\":{\"@type\":\"EntryPoint\",\"urlTemplate\":\"https:\/\/www.luzine-happel.de\/?s={search_term_string}\"},\"query-input\":{\"@type\":\"PropertyValueSpecification\",\"valueRequired\":true,\"valueName\":\"search_term_string\"}}],\"inLanguage\":\"de\"}]}<\/script>\n<!-- \/ Yoast SEO plugin. -->","yoast_head_json":{"title":"Schwalm Embroidery - Luzine Happel","robots":{"index":"index","follow":"follow","max-snippet":"max-snippet:-1","max-image-preview":"max-image-preview:large","max-video-preview":"max-video-preview:-1"},"canonical":"https:\/\/www.luzine-happel.de\/?page_id=742&lang=en","og_locale":"de_DE","og_type":"article","og_title":"Schwalm Embroidery - Luzine Happel","og_url":"https:\/\/www.luzine-happel.de\/?page_id=742&lang=en","og_site_name":"Luzine Happel","article_modified_time":"2018-03-18T11:32:40+00:00","og_image":[{"url":"https:\/\/www.luzine-happel.de\/wp-content\/uploads\/2012\/06\/Bishop-438x525.jpg","type":"","width":"","height":""}],"twitter_card":"summary_large_image","twitter_misc":{"Gesch\u00e4tzte Lesezeit":"1\u00a0Minute"},"schema":{"@context":"https:\/\/schema.org","@graph":[{"@type":"WebPage","@id":"https:\/\/www.luzine-happel.de\/?page_id=742&lang=en","url":"https:\/\/www.luzine-happel.de\/?page_id=742&lang=en","name":"Schwalm Embroidery - Luzine Happel","isPartOf":{"@id":"https:\/\/www.luzine-happel.de\/#website"},"primaryImageOfPage":{"@id":"https:\/\/www.luzine-happel.de\/?page_id=742&lang=en#primaryimage"},"image":{"@id":"https:\/\/www.luzine-happel.de\/?page_id=742&lang=en#primaryimage"},"thumbnailUrl":"https:\/\/www.luzine-happel.de\/wp-content\/uploads\/2012\/06\/Bishop-438x525.jpg","datePublished":"2012-07-12T11:51:44+00:00","dateModified":"2018-03-18T11:32:40+00:00","breadcrumb":{"@id":"https:\/\/www.luzine-happel.de\/?page_id=742&lang=en#breadcrumb"},"inLanguage":"de","potentialAction":[{"@type":"ReadAction","target":["https:\/\/www.luzine-happel.de\/?page_id=742&lang=en"]}]},{"@type":"ImageObject","inLanguage":"de","@id":"https:\/\/www.luzine-happel.de\/?page_id=742&lang=en#primaryimage","url":"https:\/\/www.luzine-happel.de\/wp-content\/uploads\/2012\/06\/Bishop.jpg","contentUrl":"https:\/\/www.luzine-happel.de\/wp-content\/uploads\/2012\/06\/Bishop.jpg","width":"854","height":"1024","caption":"Schwalm Embroidery - Christine Bishop"},{"@type":"BreadcrumbList","@id":"https:\/\/www.luzine-happel.de\/?page_id=742&lang=en#breadcrumb","itemListElement":[{"@type":"ListItem","position":1,"name":"Startseite","item":"https:\/\/www.luzine-happel.de\/"},{"@type":"ListItem","position":2,"name":"Library","item":"https:\/\/www.luzine-happel.de\/?page_id=55&lang=en"},{"@type":"ListItem","position":3,"name":"Schwalm Embroidery"}]},{"@type":"WebSite","@id":"https:\/\/www.luzine-happel.de\/#website","url":"https:\/\/www.luzine-happel.de\/","name":"Luzine Happel","description":"","potentialAction":[{"@type":"SearchAction","target":{"@type":"EntryPoint","urlTemplate":"https:\/\/www.luzine-happel.de\/?s={search_term_string}"},"query-input":{"@type":"PropertyValueSpecification","valueRequired":true,"valueName":"search_term_string"}}],"inLanguage":"de"}]}},"_links":{"self":[{"href":"https:\/\/www.luzine-happel.de\/index.php?rest_route=\/wp\/v2\/pages\/742"}],"collection":[{"href":"https:\/\/www.luzine-happel.de\/index.php?rest_route=\/wp\/v2\/pages"}],"about":[{"href":"https:\/\/www.luzine-happel.de\/index.php?rest_route=\/wp\/v2\/types\/page"}],"author":[{"embeddable":true,"href":"https:\/\/www.luzine-happel.de\/index.php?rest_route=\/wp\/v2\/users\/1"}],"replies":[{"embeddable":true,"href":"https:\/\/www.luzine-happel.de\/index.php?rest_route=%2Fwp%2Fv2%2Fcomments&post=742"}],"version-history":[{"count":1,"href":"https:\/\/www.luzine-happel.de\/index.php?rest_route=\/wp\/v2\/pages\/742\/revisions"}],"predecessor-version":[{"id":11216,"href":"https:\/\/www.luzine-happel.de\/index.php?rest_route=\/wp\/v2\/pages\/742\/revisions\/11216"}],"up":[{"embeddable":true,"href":"https:\/\/www.luzine-happel.de\/index.php?rest_route=\/wp\/v2\/pages\/55"}],"wp:attachment":[{"href":"https:\/\/www.luzine-happel.de\/index.php?rest_route=%2Fwp%2Fv2%2Fmedia&parent=742"}],"curies":[{"name":"wp","href":"https:\/\/api.w.org\/{rel}","templated":true}]}}