{"id":744,"date":"2012-07-12T13:55:18","date_gmt":"2012-07-12T11:55:18","guid":{"rendered":"https:\/\/www.luzine-happel.de\/?page_id=744"},"modified":"2018-03-18T13:32:34","modified_gmt":"2018-03-18T11:32:34","slug":"schwalm","status":"publish","type":"page","link":"https:\/\/www.luzine-happel.de\/?page_id=744","title":{"rendered":"Schwalm"},"content":{"rendered":"<div class='content-column one_half'><a href=\"https:\/\/www.luzine-happel.de\/wp-content\/uploads\/2012\/06\/Davies.jpg\"><img loading=\"lazy\" decoding=\"async\" class=\"alignleft lupenb\" title=\"Schwalm - Janet M. Davies\" src=\"https:\/\/www.luzine-happel.de\/wp-content\/uploads\/2012\/06\/Davies-438x595.jpg\" alt=\"Schwalm - Janet M. Davies\" width=\"438\" height=\"595\" \/><\/a><center><strong>Schwalm<\/strong><\/center><br \/><\/div>\n<div class='content-column one_half last_column'><strong>Schwalm<\/strong><br \/>\nJanet M. Davies<\/p>\n<ul>\n<li>Eigenverlag 1999, Papakura, Neu Seeland<\/li>\n<li>Text: englisch<\/li>\n<li>59 Seiten; schwarz-wei\u00df; Ringbindung<\/li>\n<\/ul>\n<p>Auf den eigentlich 56 Seiten finden sich 6 Seiten mit Gedichten rund um die Stickerei, 5 Seiten mit den Bildern, die schon auf dem Cover zu sehen sind \u2013 jetzt nur ganzseitig, insgesamt 13 Seiten mit Konturenzeichnungen, von denen einige durchaus als Schw\u00e4lmer Motive zu bezeichnen sind., 1 Seite mit 8 Fotos von Fl\u00e4chenf\u00fcllmustern \u2013 teils in der Vergr\u00f6\u00dferung-, und ein Stiche-Verzeichnis auf 14 Seiten mit viel Text und schematischen Darstellungen der Stiche, auch der vorher gezeigten Fl\u00e4chenf\u00fcllmuster. Die restlichen Seiten f\u00fcllt beschreibender Text.<br \/>\nEs ist schade, dass man au\u00dfer durch die zwei Fotos auf dem Cover nicht mal einen Eindruck von der Schw\u00e4lmer Stickerei bekommen kann.<br \/><\/div><div class='clear_column'><\/div>","protected":false},"excerpt":{"rendered":"","protected":false},"author":1,"featured_media":0,"parent":55,"menu_order":0,"comment_status":"open","ping_status":"open","template":"page-FullWidth.php","meta":{"inline_featured_image":false,"footnotes":""},"yoast_head":"<!-- This site is optimized with the Yoast SEO plugin v24.5 - https:\/\/yoast.com\/wordpress\/plugins\/seo\/ -->\n<title>Schwalm - Luzine Happel<\/title>\n<meta name=\"robots\" content=\"index, follow, max-snippet:-1, max-image-preview:large, max-video-preview:-1\" \/>\n<link rel=\"canonical\" href=\"https:\/\/www.luzine-happel.de\/?page_id=744&lang=en\" \/>\n<meta property=\"og:locale\" content=\"de_DE\" \/>\n<meta property=\"og:type\" content=\"article\" \/>\n<meta property=\"og:title\" content=\"Schwalm - Luzine Happel\" \/>\n<meta property=\"og:url\" content=\"https:\/\/www.luzine-happel.de\/?page_id=744&amp;lang=en\" \/>\n<meta property=\"og:site_name\" content=\"Luzine Happel\" \/>\n<meta property=\"article:modified_time\" content=\"2018-03-18T11:32:34+00:00\" \/>\n<meta property=\"og:image\" content=\"https:\/\/www.luzine-happel.de\/wp-content\/uploads\/2012\/06\/Davies-438x595.jpg\" \/>\n<meta name=\"twitter:card\" content=\"summary_large_image\" \/>\n<meta name=\"twitter:label1\" content=\"Gesch\u00e4tzte Lesezeit\" \/>\n\t<meta name=\"twitter:data1\" content=\"1\u00a0Minute\" \/>\n<script type=\"application\/ld+json\" class=\"yoast-schema-graph\">{\"@context\":\"https:\/\/schema.org\",\"@graph\":[{\"@type\":\"WebPage\",\"@id\":\"https:\/\/www.luzine-happel.de\/?page_id=744&lang=en\",\"url\":\"https:\/\/www.luzine-happel.de\/?page_id=744&lang=en\",\"name\":\"Schwalm - Luzine Happel\",\"isPartOf\":{\"@id\":\"https:\/\/www.luzine-happel.de\/#website\"},\"primaryImageOfPage\":{\"@id\":\"https:\/\/www.luzine-happel.de\/?page_id=744&lang=en#primaryimage\"},\"image\":{\"@id\":\"https:\/\/www.luzine-happel.de\/?page_id=744&lang=en#primaryimage\"},\"thumbnailUrl\":\"https:\/\/www.luzine-happel.de\/wp-content\/uploads\/2012\/06\/Davies-438x595.jpg\",\"datePublished\":\"2012-07-12T11:55:18+00:00\",\"dateModified\":\"2018-03-18T11:32:34+00:00\",\"breadcrumb\":{\"@id\":\"https:\/\/www.luzine-happel.de\/?page_id=744&lang=en#breadcrumb\"},\"inLanguage\":\"de\",\"potentialAction\":[{\"@type\":\"ReadAction\",\"target\":[\"https:\/\/www.luzine-happel.de\/?page_id=744&lang=en\"]}]},{\"@type\":\"ImageObject\",\"inLanguage\":\"de\",\"@id\":\"https:\/\/www.luzine-happel.de\/?page_id=744&lang=en#primaryimage\",\"url\":\"https:\/\/www.luzine-happel.de\/wp-content\/uploads\/2012\/06\/Davies.jpg\",\"contentUrl\":\"https:\/\/www.luzine-happel.de\/wp-content\/uploads\/2012\/06\/Davies.jpg\",\"width\":\"753\",\"height\":\"1024\",\"caption\":\"Schwalm - Janet M. Davies\"},{\"@type\":\"BreadcrumbList\",\"@id\":\"https:\/\/www.luzine-happel.de\/?page_id=744&lang=en#breadcrumb\",\"itemListElement\":[{\"@type\":\"ListItem\",\"position\":1,\"name\":\"Startseite\",\"item\":\"https:\/\/www.luzine-happel.de\/\"},{\"@type\":\"ListItem\",\"position\":2,\"name\":\"Library\",\"item\":\"https:\/\/www.luzine-happel.de\/?page_id=55&lang=en\"},{\"@type\":\"ListItem\",\"position\":3,\"name\":\"Schwalm\"}]},{\"@type\":\"WebSite\",\"@id\":\"https:\/\/www.luzine-happel.de\/#website\",\"url\":\"https:\/\/www.luzine-happel.de\/\",\"name\":\"Luzine Happel\",\"description\":\"\",\"potentialAction\":[{\"@type\":\"SearchAction\",\"target\":{\"@type\":\"EntryPoint\",\"urlTemplate\":\"https:\/\/www.luzine-happel.de\/?s={search_term_string}\"},\"query-input\":{\"@type\":\"PropertyValueSpecification\",\"valueRequired\":true,\"valueName\":\"search_term_string\"}}],\"inLanguage\":\"de\"}]}<\/script>\n<!-- \/ Yoast SEO plugin. -->","yoast_head_json":{"title":"Schwalm - Luzine Happel","robots":{"index":"index","follow":"follow","max-snippet":"max-snippet:-1","max-image-preview":"max-image-preview:large","max-video-preview":"max-video-preview:-1"},"canonical":"https:\/\/www.luzine-happel.de\/?page_id=744&lang=en","og_locale":"de_DE","og_type":"article","og_title":"Schwalm - Luzine Happel","og_url":"https:\/\/www.luzine-happel.de\/?page_id=744&lang=en","og_site_name":"Luzine Happel","article_modified_time":"2018-03-18T11:32:34+00:00","og_image":[{"url":"https:\/\/www.luzine-happel.de\/wp-content\/uploads\/2012\/06\/Davies-438x595.jpg","type":"","width":"","height":""}],"twitter_card":"summary_large_image","twitter_misc":{"Gesch\u00e4tzte Lesezeit":"1\u00a0Minute"},"schema":{"@context":"https:\/\/schema.org","@graph":[{"@type":"WebPage","@id":"https:\/\/www.luzine-happel.de\/?page_id=744&lang=en","url":"https:\/\/www.luzine-happel.de\/?page_id=744&lang=en","name":"Schwalm - Luzine Happel","isPartOf":{"@id":"https:\/\/www.luzine-happel.de\/#website"},"primaryImageOfPage":{"@id":"https:\/\/www.luzine-happel.de\/?page_id=744&lang=en#primaryimage"},"image":{"@id":"https:\/\/www.luzine-happel.de\/?page_id=744&lang=en#primaryimage"},"thumbnailUrl":"https:\/\/www.luzine-happel.de\/wp-content\/uploads\/2012\/06\/Davies-438x595.jpg","datePublished":"2012-07-12T11:55:18+00:00","dateModified":"2018-03-18T11:32:34+00:00","breadcrumb":{"@id":"https:\/\/www.luzine-happel.de\/?page_id=744&lang=en#breadcrumb"},"inLanguage":"de","potentialAction":[{"@type":"ReadAction","target":["https:\/\/www.luzine-happel.de\/?page_id=744&lang=en"]}]},{"@type":"ImageObject","inLanguage":"de","@id":"https:\/\/www.luzine-happel.de\/?page_id=744&lang=en#primaryimage","url":"https:\/\/www.luzine-happel.de\/wp-content\/uploads\/2012\/06\/Davies.jpg","contentUrl":"https:\/\/www.luzine-happel.de\/wp-content\/uploads\/2012\/06\/Davies.jpg","width":"753","height":"1024","caption":"Schwalm - Janet M. Davies"},{"@type":"BreadcrumbList","@id":"https:\/\/www.luzine-happel.de\/?page_id=744&lang=en#breadcrumb","itemListElement":[{"@type":"ListItem","position":1,"name":"Startseite","item":"https:\/\/www.luzine-happel.de\/"},{"@type":"ListItem","position":2,"name":"Library","item":"https:\/\/www.luzine-happel.de\/?page_id=55&lang=en"},{"@type":"ListItem","position":3,"name":"Schwalm"}]},{"@type":"WebSite","@id":"https:\/\/www.luzine-happel.de\/#website","url":"https:\/\/www.luzine-happel.de\/","name":"Luzine Happel","description":"","potentialAction":[{"@type":"SearchAction","target":{"@type":"EntryPoint","urlTemplate":"https:\/\/www.luzine-happel.de\/?s={search_term_string}"},"query-input":{"@type":"PropertyValueSpecification","valueRequired":true,"valueName":"search_term_string"}}],"inLanguage":"de"}]}},"_links":{"self":[{"href":"https:\/\/www.luzine-happel.de\/index.php?rest_route=\/wp\/v2\/pages\/744"}],"collection":[{"href":"https:\/\/www.luzine-happel.de\/index.php?rest_route=\/wp\/v2\/pages"}],"about":[{"href":"https:\/\/www.luzine-happel.de\/index.php?rest_route=\/wp\/v2\/types\/page"}],"author":[{"embeddable":true,"href":"https:\/\/www.luzine-happel.de\/index.php?rest_route=\/wp\/v2\/users\/1"}],"replies":[{"embeddable":true,"href":"https:\/\/www.luzine-happel.de\/index.php?rest_route=%2Fwp%2Fv2%2Fcomments&post=744"}],"version-history":[{"count":1,"href":"https:\/\/www.luzine-happel.de\/index.php?rest_route=\/wp\/v2\/pages\/744\/revisions"}],"predecessor-version":[{"id":11215,"href":"https:\/\/www.luzine-happel.de\/index.php?rest_route=\/wp\/v2\/pages\/744\/revisions\/11215"}],"up":[{"embeddable":true,"href":"https:\/\/www.luzine-happel.de\/index.php?rest_route=\/wp\/v2\/pages\/55"}],"wp:attachment":[{"href":"https:\/\/www.luzine-happel.de\/index.php?rest_route=%2Fwp%2Fv2%2Fmedia&parent=744"}],"curies":[{"name":"wp","href":"https:\/\/api.w.org\/{rel}","templated":true}]}}