{"id":762,"date":"2012-07-12T14:35:26","date_gmt":"2012-07-12T12:35:26","guid":{"rendered":"https:\/\/www.luzine-happel.de\/?page_id=762"},"modified":"2018-03-18T13:32:02","modified_gmt":"2018-03-18T11:32:02","slug":"guida-al-ricamo-d%c2%b4assia","status":"publish","type":"page","link":"https:\/\/www.luzine-happel.de\/?page_id=762","title":{"rendered":"Guida al ricamo d\u00b4Assia"},"content":{"rendered":"<div class='content-column one_half'><a href=\"https:\/\/www.luzine-happel.de\/wp-content\/uploads\/2012\/06\/Bressan.jpg\"><img loading=\"lazy\" decoding=\"async\" class=\"alignleft lupenb\" title=\"Guida al ricamo d\u00b4Assia - Stefania Bressan\" src=\"https:\/\/www.luzine-happel.de\/wp-content\/uploads\/2012\/06\/Bressan-438x555.jpg\" alt=\"Guida al ricamo d\u00b4Assia - Stefania Bressan\" width=\"438\" height=\"555\" \/><\/a><center><strong>Guida al ricamo d\u00b4Assia<\/strong><\/center><br \/><\/div>\n<div class='content-column one_half last_column'><strong>Guida al ricamo d\u00b4Assia<\/strong><br \/>\nStefania Bressan<\/p>\n<ul>\n<li>Il Castello, Mailand, Italien 2009<\/li>\n<li>Text. italienisch<\/li>\n<li>64 Seiten farbig;<\/li>\n<\/ul>\n<p>Nach einer kurzen Einf\u00fchrung in die Charakteristik der Schw\u00e4lmer Wei\u00dfstickerei wird eine Materialliste gezeigt und Hinweise gegeben, wie man das Design auf den Stoff \u00fcbertr\u00e4gt.<br \/>\nEs werden 20 verschiedene Limet-Fl\u00e4chenf\u00fcllmuster in Fotos und guten, schematischen Darstellungen gezeigt. Die Muster kommen aber fast alle ohne Fadenauszug aus.<br \/>\nWeiterhin sind zu sehen: 5 lichte Endlos-Fl\u00e4chenf\u00fcllmuster und 4 Mittelmotive, wobei manche nur schematisch dargestellt sind. Es folgen: ein schematisches Stiche-Verzeichnis, 7 verschiedene Konturenmuster und Fotos gestickter Beispiele.<br \/><\/div><div class='clear_column'><\/div>","protected":false},"excerpt":{"rendered":"","protected":false},"author":1,"featured_media":0,"parent":55,"menu_order":0,"comment_status":"open","ping_status":"open","template":"page-FullWidth.php","meta":{"inline_featured_image":false,"footnotes":""},"yoast_head":"<!-- This site is optimized with the Yoast SEO plugin v24.5 - https:\/\/yoast.com\/wordpress\/plugins\/seo\/ -->\n<title>Guida al ricamo d\u00b4Assia - Luzine Happel<\/title>\n<meta name=\"robots\" content=\"index, follow, max-snippet:-1, max-image-preview:large, max-video-preview:-1\" \/>\n<link rel=\"canonical\" href=\"https:\/\/www.luzine-happel.de\/?page_id=762&lang=en\" \/>\n<meta property=\"og:locale\" content=\"de_DE\" \/>\n<meta property=\"og:type\" content=\"article\" \/>\n<meta property=\"og:title\" content=\"Guida al ricamo d\u00b4Assia - Luzine Happel\" \/>\n<meta property=\"og:url\" content=\"https:\/\/www.luzine-happel.de\/?page_id=762&amp;lang=en\" \/>\n<meta property=\"og:site_name\" content=\"Luzine Happel\" \/>\n<meta property=\"article:modified_time\" content=\"2018-03-18T11:32:02+00:00\" \/>\n<meta property=\"og:image\" content=\"https:\/\/www.luzine-happel.de\/wp-content\/uploads\/2012\/06\/Bressan-438x555.jpg\" \/>\n<meta name=\"twitter:card\" content=\"summary_large_image\" \/>\n<meta name=\"twitter:label1\" content=\"Gesch\u00e4tzte Lesezeit\" \/>\n\t<meta name=\"twitter:data1\" content=\"1\u00a0Minute\" \/>\n<script type=\"application\/ld+json\" class=\"yoast-schema-graph\">{\"@context\":\"https:\/\/schema.org\",\"@graph\":[{\"@type\":\"WebPage\",\"@id\":\"https:\/\/www.luzine-happel.de\/?page_id=762&lang=en\",\"url\":\"https:\/\/www.luzine-happel.de\/?page_id=762&lang=en\",\"name\":\"Guida al ricamo d\u00b4Assia - Luzine Happel\",\"isPartOf\":{\"@id\":\"https:\/\/www.luzine-happel.de\/#website\"},\"primaryImageOfPage\":{\"@id\":\"https:\/\/www.luzine-happel.de\/?page_id=762&lang=en#primaryimage\"},\"image\":{\"@id\":\"https:\/\/www.luzine-happel.de\/?page_id=762&lang=en#primaryimage\"},\"thumbnailUrl\":\"https:\/\/www.luzine-happel.de\/wp-content\/uploads\/2012\/06\/Bressan-438x555.jpg\",\"datePublished\":\"2012-07-12T12:35:26+00:00\",\"dateModified\":\"2018-03-18T11:32:02+00:00\",\"breadcrumb\":{\"@id\":\"https:\/\/www.luzine-happel.de\/?page_id=762&lang=en#breadcrumb\"},\"inLanguage\":\"de\",\"potentialAction\":[{\"@type\":\"ReadAction\",\"target\":[\"https:\/\/www.luzine-happel.de\/?page_id=762&lang=en\"]}]},{\"@type\":\"ImageObject\",\"inLanguage\":\"de\",\"@id\":\"https:\/\/www.luzine-happel.de\/?page_id=762&lang=en#primaryimage\",\"url\":\"https:\/\/www.luzine-happel.de\/wp-content\/uploads\/2012\/06\/Bressan.jpg\",\"contentUrl\":\"https:\/\/www.luzine-happel.de\/wp-content\/uploads\/2012\/06\/Bressan.jpg\",\"width\":\"807\",\"height\":\"1024\",\"caption\":\"Guida al ricamo d\u00b4Assia - Stefania Bressan\"},{\"@type\":\"BreadcrumbList\",\"@id\":\"https:\/\/www.luzine-happel.de\/?page_id=762&lang=en#breadcrumb\",\"itemListElement\":[{\"@type\":\"ListItem\",\"position\":1,\"name\":\"Startseite\",\"item\":\"https:\/\/www.luzine-happel.de\/\"},{\"@type\":\"ListItem\",\"position\":2,\"name\":\"Library\",\"item\":\"https:\/\/www.luzine-happel.de\/?page_id=55&lang=en\"},{\"@type\":\"ListItem\",\"position\":3,\"name\":\"Guida al ricamo d\u00b4Assia\"}]},{\"@type\":\"WebSite\",\"@id\":\"https:\/\/www.luzine-happel.de\/#website\",\"url\":\"https:\/\/www.luzine-happel.de\/\",\"name\":\"Luzine Happel\",\"description\":\"\",\"potentialAction\":[{\"@type\":\"SearchAction\",\"target\":{\"@type\":\"EntryPoint\",\"urlTemplate\":\"https:\/\/www.luzine-happel.de\/?s={search_term_string}\"},\"query-input\":{\"@type\":\"PropertyValueSpecification\",\"valueRequired\":true,\"valueName\":\"search_term_string\"}}],\"inLanguage\":\"de\"}]}<\/script>\n<!-- \/ Yoast SEO plugin. -->","yoast_head_json":{"title":"Guida al ricamo d\u00b4Assia - Luzine Happel","robots":{"index":"index","follow":"follow","max-snippet":"max-snippet:-1","max-image-preview":"max-image-preview:large","max-video-preview":"max-video-preview:-1"},"canonical":"https:\/\/www.luzine-happel.de\/?page_id=762&lang=en","og_locale":"de_DE","og_type":"article","og_title":"Guida al ricamo d\u00b4Assia - Luzine Happel","og_url":"https:\/\/www.luzine-happel.de\/?page_id=762&lang=en","og_site_name":"Luzine Happel","article_modified_time":"2018-03-18T11:32:02+00:00","og_image":[{"url":"https:\/\/www.luzine-happel.de\/wp-content\/uploads\/2012\/06\/Bressan-438x555.jpg","type":"","width":"","height":""}],"twitter_card":"summary_large_image","twitter_misc":{"Gesch\u00e4tzte Lesezeit":"1\u00a0Minute"},"schema":{"@context":"https:\/\/schema.org","@graph":[{"@type":"WebPage","@id":"https:\/\/www.luzine-happel.de\/?page_id=762&lang=en","url":"https:\/\/www.luzine-happel.de\/?page_id=762&lang=en","name":"Guida al ricamo d\u00b4Assia - Luzine Happel","isPartOf":{"@id":"https:\/\/www.luzine-happel.de\/#website"},"primaryImageOfPage":{"@id":"https:\/\/www.luzine-happel.de\/?page_id=762&lang=en#primaryimage"},"image":{"@id":"https:\/\/www.luzine-happel.de\/?page_id=762&lang=en#primaryimage"},"thumbnailUrl":"https:\/\/www.luzine-happel.de\/wp-content\/uploads\/2012\/06\/Bressan-438x555.jpg","datePublished":"2012-07-12T12:35:26+00:00","dateModified":"2018-03-18T11:32:02+00:00","breadcrumb":{"@id":"https:\/\/www.luzine-happel.de\/?page_id=762&lang=en#breadcrumb"},"inLanguage":"de","potentialAction":[{"@type":"ReadAction","target":["https:\/\/www.luzine-happel.de\/?page_id=762&lang=en"]}]},{"@type":"ImageObject","inLanguage":"de","@id":"https:\/\/www.luzine-happel.de\/?page_id=762&lang=en#primaryimage","url":"https:\/\/www.luzine-happel.de\/wp-content\/uploads\/2012\/06\/Bressan.jpg","contentUrl":"https:\/\/www.luzine-happel.de\/wp-content\/uploads\/2012\/06\/Bressan.jpg","width":"807","height":"1024","caption":"Guida al ricamo d\u00b4Assia - Stefania Bressan"},{"@type":"BreadcrumbList","@id":"https:\/\/www.luzine-happel.de\/?page_id=762&lang=en#breadcrumb","itemListElement":[{"@type":"ListItem","position":1,"name":"Startseite","item":"https:\/\/www.luzine-happel.de\/"},{"@type":"ListItem","position":2,"name":"Library","item":"https:\/\/www.luzine-happel.de\/?page_id=55&lang=en"},{"@type":"ListItem","position":3,"name":"Guida al ricamo d\u00b4Assia"}]},{"@type":"WebSite","@id":"https:\/\/www.luzine-happel.de\/#website","url":"https:\/\/www.luzine-happel.de\/","name":"Luzine Happel","description":"","potentialAction":[{"@type":"SearchAction","target":{"@type":"EntryPoint","urlTemplate":"https:\/\/www.luzine-happel.de\/?s={search_term_string}"},"query-input":{"@type":"PropertyValueSpecification","valueRequired":true,"valueName":"search_term_string"}}],"inLanguage":"de"}]}},"_links":{"self":[{"href":"https:\/\/www.luzine-happel.de\/index.php?rest_route=\/wp\/v2\/pages\/762"}],"collection":[{"href":"https:\/\/www.luzine-happel.de\/index.php?rest_route=\/wp\/v2\/pages"}],"about":[{"href":"https:\/\/www.luzine-happel.de\/index.php?rest_route=\/wp\/v2\/types\/page"}],"author":[{"embeddable":true,"href":"https:\/\/www.luzine-happel.de\/index.php?rest_route=\/wp\/v2\/users\/1"}],"replies":[{"embeddable":true,"href":"https:\/\/www.luzine-happel.de\/index.php?rest_route=%2Fwp%2Fv2%2Fcomments&post=762"}],"version-history":[{"count":1,"href":"https:\/\/www.luzine-happel.de\/index.php?rest_route=\/wp\/v2\/pages\/762\/revisions"}],"predecessor-version":[{"id":11211,"href":"https:\/\/www.luzine-happel.de\/index.php?rest_route=\/wp\/v2\/pages\/762\/revisions\/11211"}],"up":[{"embeddable":true,"href":"https:\/\/www.luzine-happel.de\/index.php?rest_route=\/wp\/v2\/pages\/55"}],"wp:attachment":[{"href":"https:\/\/www.luzine-happel.de\/index.php?rest_route=%2Fwp%2Fv2%2Fmedia&parent=762"}],"curies":[{"name":"wp","href":"https:\/\/api.w.org\/{rel}","templated":true}]}}