{"id":766,"date":"2012-07-12T14:41:03","date_gmt":"2012-07-12T12:41:03","guid":{"rendered":"https:\/\/www.luzine-happel.de\/?page_id=766"},"modified":"2018-03-18T11:55:41","modified_gmt":"2018-03-18T09:55:41","slug":"fruhe-schwalmer-weisstickerei","status":"publish","type":"page","link":"https:\/\/www.luzine-happel.de\/?page_id=766","title":{"rendered":"Fr\u00fche Schw\u00e4lmer Wei\u00dfstickerei"},"content":{"rendered":"<div class='content-column one_half'><a href=\"https:\/\/www.luzine-happel.de\/wp-content\/uploads\/2012\/06\/Fruehe_Schwaelmer_Weissstickerei013.jpg\"><img loading=\"lazy\" decoding=\"async\" class=\"alignleft lupenb\" title=\"Fr\u00fche Schw\u00e4lmer Wei\u00dfstickerei - Luzine Happel\" alt=\"Fr\u00fche Schw\u00e4lmer Wei\u00dfstickerei - Luzine Happel\" src=\"https:\/\/www.luzine-happel.de\/wp-content\/uploads\/2012\/06\/Fruehe_Schwaelmer_Weissstickerei013-438x619.jpg\" width=\"438\" height=\"619\" style=\"border:1px solid #000000;float:none;\"\/><\/a><strong><center>Fr\u00fche Schw\u00e4lmer Wei\u00dfstickerei<\/center><\/strong><br \/><\/div>\n<div class='content-column one_half last_column'>Luzine Happel<br \/>\n<strong>Fr\u00fche Schw\u00e4lmer Wei\u00dfstickerei<\/strong><\/p>\n<ul>\n<li>Eigenverlag 2010<\/li>\n<li>Text: deutsch<\/li>\n<li>98 Seiten &#8211; farbig<\/li>\n<li>4 Bl\u00e4tter mit Markierungshilfen<\/li>\n<li>7 Bl\u00e4tter mit Konturenmustern Ringbindung<\/li>\n<\/ul>\n<p>Schw\u00e4lmer Wei\u00dfstickerei ist inzwischen weit \u00fcber Deutschland hinaus bekannt. Typisch f\u00fcr diese Stickrichtung sind:<\/p>\n<p>viele verschiedenartige, meist gro\u00dfe Motive einfacher Formen, dicht gedr\u00e4ngt nebeneinander gesetzt, gef\u00fcllt mit mannigfachen Durchbruchmustern, verbunden durch d\u00fcnne Stiele und umgeben von vielen kleinen Ranken, Bl\u00e4ttern und Bl\u00fctchen. Kn\u00f6tchenstiche werden zum Nachzeichnen der Konturen, der Stiele und der Ranken gestickt.<\/p>\n<p>Fast unbekannt dagegen ist ein Vorl\u00e4ufer schwalmtypischer Stickerei: Die &#8222;fr\u00fche&#8220; Schw\u00e4lmer Wei\u00dfstickerei.<br \/>\nBei dieser reizvollen Technik werden dieselben Motive in gleicher Anordnung gezeigt. Aber statt mit Kn\u00f6tchenstichen wird mit Stielstichen gearbeitet. Die Fl\u00e4chen werden nicht mit Durchbruchmustern, sondern mit auf dem Stoff aufliegenden Mustern gef\u00fcllt. Bei diesen ist der Gro\u00dfteil des musterbildenden Garnes auf der Vorderseite des Stoffes zu finden, was dieser Stickerei einen ganz eigenen Charakter und faszinierenden Charme verleiht.<\/p>\n<p>Kurz und pr\u00e4gnant:<br \/>\nSchw\u00e4lmer Wei\u00dfstickerei &#8211; ja, aber<br \/>\nohne Kn\u00f6tchenstiche,<br \/>\nohne Fadenauszug,<br \/>\nohne Abz\u00e4hlen.<\/p>\n<p>Diese interessante und ansprechende Alternative der Schw\u00e4lmer Stickereikunst ist zu schade, um in Vergessenheit zu geraten, denn sie ist besonders bei der Arbeit mit altem handgewebtem, mit sehr dichtem und mit sehr feinem Leinen von Vorteil.<\/p>\n<p>Daher r\u00fcckt meine neue Publikation<br \/>\n&#8222;Fr\u00fche Schw\u00e4lmer Wei\u00dfstickerei&#8220;<br \/>\ndiese &#8222;alte&#8220; Technik in den Focus, zeigt und beschreibt mit ganz vielen Detailbildern alles Notwendige &#8211; Schritt-f\u00fcr-Schritt &#8211; in bew\u00e4hrter Weise, so dass sie jeder ohne sonstige Hilfe erlernen kann.<\/p>\n<p>Gezeigt werden 15 verschiedene Grundmuster mit insgesamt 78 Abwandlungen.<br \/>\nDazu gibt es einige besonders attraktive Konturenmuster &#8211; teilweise im Baukastensystem, das dabei hilft, diese Muster auf ganz einfache Art und Weise individuellen Bed\u00fcrfnissen anzupassen.<br \/>\nDamit die Musterbildung gleichm\u00e4\u00dfig gelingt, habe ich Markierungshilfen erstellt. Durch deren Einsatz kann man alle Musterfl\u00e4chen leicht, schnell und regelm\u00e4\u00dfig einteilen.<\/p>\n<p>Im &#8222;<a title=\"Fr\u00fche Schw\u00e4lmer Wei\u00dfstickerei\" href=\"https:\/\/www.luzine-happel.de\/?page_id=197\">Shop<\/a>&#8220; k\u00f6nnen Sie einen Blick in das Buch werfen.<br \/><\/div><div class='clear_column'><\/div>","protected":false},"excerpt":{"rendered":"","protected":false},"author":1,"featured_media":0,"parent":55,"menu_order":0,"comment_status":"open","ping_status":"open","template":"page-FullWidth.php","meta":{"inline_featured_image":false,"footnotes":""},"yoast_head":"<!-- This site is optimized with the Yoast SEO plugin v24.5 - https:\/\/yoast.com\/wordpress\/plugins\/seo\/ -->\n<title>Fr\u00fche Schw\u00e4lmer Wei\u00dfstickerei - Luzine Happel<\/title>\n<meta name=\"robots\" content=\"index, follow, max-snippet:-1, max-image-preview:large, max-video-preview:-1\" \/>\n<link rel=\"canonical\" href=\"https:\/\/www.luzine-happel.de\/?page_id=766&lang=en\" \/>\n<meta property=\"og:locale\" content=\"de_DE\" \/>\n<meta property=\"og:type\" content=\"article\" \/>\n<meta property=\"og:title\" content=\"Fr\u00fche Schw\u00e4lmer Wei\u00dfstickerei - Luzine Happel\" \/>\n<meta property=\"og:url\" content=\"https:\/\/www.luzine-happel.de\/?page_id=766&amp;lang=en\" \/>\n<meta property=\"og:site_name\" content=\"Luzine Happel\" \/>\n<meta property=\"article:modified_time\" content=\"2018-03-18T09:55:41+00:00\" \/>\n<meta property=\"og:image\" content=\"https:\/\/www.luzine-happel.de\/wp-content\/uploads\/2012\/06\/Fruehe_Schwaelmer_Weissstickerei013-438x619.jpg\" \/>\n<meta name=\"twitter:card\" content=\"summary_large_image\" \/>\n<meta name=\"twitter:label1\" content=\"Gesch\u00e4tzte Lesezeit\" \/>\n\t<meta name=\"twitter:data1\" content=\"4\u00a0Minuten\" \/>\n<script type=\"application\/ld+json\" class=\"yoast-schema-graph\">{\"@context\":\"https:\/\/schema.org\",\"@graph\":[{\"@type\":\"WebPage\",\"@id\":\"https:\/\/www.luzine-happel.de\/?page_id=766&lang=en\",\"url\":\"https:\/\/www.luzine-happel.de\/?page_id=766&lang=en\",\"name\":\"Fr\u00fche Schw\u00e4lmer Wei\u00dfstickerei - Luzine Happel\",\"isPartOf\":{\"@id\":\"https:\/\/www.luzine-happel.de\/#website\"},\"primaryImageOfPage\":{\"@id\":\"https:\/\/www.luzine-happel.de\/?page_id=766&lang=en#primaryimage\"},\"image\":{\"@id\":\"https:\/\/www.luzine-happel.de\/?page_id=766&lang=en#primaryimage\"},\"thumbnailUrl\":\"https:\/\/www.luzine-happel.de\/wp-content\/uploads\/2012\/06\/Fruehe_Schwaelmer_Weissstickerei013-438x619.jpg\",\"datePublished\":\"2012-07-12T12:41:03+00:00\",\"dateModified\":\"2018-03-18T09:55:41+00:00\",\"breadcrumb\":{\"@id\":\"https:\/\/www.luzine-happel.de\/?page_id=766&lang=en#breadcrumb\"},\"inLanguage\":\"de\",\"potentialAction\":[{\"@type\":\"ReadAction\",\"target\":[\"https:\/\/www.luzine-happel.de\/?page_id=766&lang=en\"]}]},{\"@type\":\"ImageObject\",\"inLanguage\":\"de\",\"@id\":\"https:\/\/www.luzine-happel.de\/?page_id=766&lang=en#primaryimage\",\"url\":\"https:\/\/www.luzine-happel.de\/wp-content\/uploads\/2012\/06\/Fruehe_Schwaelmer_Weissstickerei013.jpg\",\"contentUrl\":\"https:\/\/www.luzine-happel.de\/wp-content\/uploads\/2012\/06\/Fruehe_Schwaelmer_Weissstickerei013.jpg\",\"width\":\"1240\",\"height\":\"1754\",\"caption\":\"Fr\u00fche Schwaelmer Wei\u00dfstickerei 1 \/ 9\"},{\"@type\":\"BreadcrumbList\",\"@id\":\"https:\/\/www.luzine-happel.de\/?page_id=766&lang=en#breadcrumb\",\"itemListElement\":[{\"@type\":\"ListItem\",\"position\":1,\"name\":\"Startseite\",\"item\":\"https:\/\/www.luzine-happel.de\/\"},{\"@type\":\"ListItem\",\"position\":2,\"name\":\"Library\",\"item\":\"https:\/\/www.luzine-happel.de\/?page_id=55&lang=en\"},{\"@type\":\"ListItem\",\"position\":3,\"name\":\"Fr\u00fche Schw\u00e4lmer Wei\u00dfstickerei\"}]},{\"@type\":\"WebSite\",\"@id\":\"https:\/\/www.luzine-happel.de\/#website\",\"url\":\"https:\/\/www.luzine-happel.de\/\",\"name\":\"Luzine Happel\",\"description\":\"\",\"potentialAction\":[{\"@type\":\"SearchAction\",\"target\":{\"@type\":\"EntryPoint\",\"urlTemplate\":\"https:\/\/www.luzine-happel.de\/?s={search_term_string}\"},\"query-input\":{\"@type\":\"PropertyValueSpecification\",\"valueRequired\":true,\"valueName\":\"search_term_string\"}}],\"inLanguage\":\"de\"}]}<\/script>\n<!-- \/ Yoast SEO plugin. -->","yoast_head_json":{"title":"Fr\u00fche Schw\u00e4lmer Wei\u00dfstickerei - Luzine Happel","robots":{"index":"index","follow":"follow","max-snippet":"max-snippet:-1","max-image-preview":"max-image-preview:large","max-video-preview":"max-video-preview:-1"},"canonical":"https:\/\/www.luzine-happel.de\/?page_id=766&lang=en","og_locale":"de_DE","og_type":"article","og_title":"Fr\u00fche Schw\u00e4lmer Wei\u00dfstickerei - Luzine Happel","og_url":"https:\/\/www.luzine-happel.de\/?page_id=766&lang=en","og_site_name":"Luzine Happel","article_modified_time":"2018-03-18T09:55:41+00:00","og_image":[{"url":"https:\/\/www.luzine-happel.de\/wp-content\/uploads\/2012\/06\/Fruehe_Schwaelmer_Weissstickerei013-438x619.jpg","type":"","width":"","height":""}],"twitter_card":"summary_large_image","twitter_misc":{"Gesch\u00e4tzte Lesezeit":"4\u00a0Minuten"},"schema":{"@context":"https:\/\/schema.org","@graph":[{"@type":"WebPage","@id":"https:\/\/www.luzine-happel.de\/?page_id=766&lang=en","url":"https:\/\/www.luzine-happel.de\/?page_id=766&lang=en","name":"Fr\u00fche Schw\u00e4lmer Wei\u00dfstickerei - Luzine Happel","isPartOf":{"@id":"https:\/\/www.luzine-happel.de\/#website"},"primaryImageOfPage":{"@id":"https:\/\/www.luzine-happel.de\/?page_id=766&lang=en#primaryimage"},"image":{"@id":"https:\/\/www.luzine-happel.de\/?page_id=766&lang=en#primaryimage"},"thumbnailUrl":"https:\/\/www.luzine-happel.de\/wp-content\/uploads\/2012\/06\/Fruehe_Schwaelmer_Weissstickerei013-438x619.jpg","datePublished":"2012-07-12T12:41:03+00:00","dateModified":"2018-03-18T09:55:41+00:00","breadcrumb":{"@id":"https:\/\/www.luzine-happel.de\/?page_id=766&lang=en#breadcrumb"},"inLanguage":"de","potentialAction":[{"@type":"ReadAction","target":["https:\/\/www.luzine-happel.de\/?page_id=766&lang=en"]}]},{"@type":"ImageObject","inLanguage":"de","@id":"https:\/\/www.luzine-happel.de\/?page_id=766&lang=en#primaryimage","url":"https:\/\/www.luzine-happel.de\/wp-content\/uploads\/2012\/06\/Fruehe_Schwaelmer_Weissstickerei013.jpg","contentUrl":"https:\/\/www.luzine-happel.de\/wp-content\/uploads\/2012\/06\/Fruehe_Schwaelmer_Weissstickerei013.jpg","width":"1240","height":"1754","caption":"Fr\u00fche Schwaelmer Wei\u00dfstickerei 1 \/ 9"},{"@type":"BreadcrumbList","@id":"https:\/\/www.luzine-happel.de\/?page_id=766&lang=en#breadcrumb","itemListElement":[{"@type":"ListItem","position":1,"name":"Startseite","item":"https:\/\/www.luzine-happel.de\/"},{"@type":"ListItem","position":2,"name":"Library","item":"https:\/\/www.luzine-happel.de\/?page_id=55&lang=en"},{"@type":"ListItem","position":3,"name":"Fr\u00fche Schw\u00e4lmer Wei\u00dfstickerei"}]},{"@type":"WebSite","@id":"https:\/\/www.luzine-happel.de\/#website","url":"https:\/\/www.luzine-happel.de\/","name":"Luzine Happel","description":"","potentialAction":[{"@type":"SearchAction","target":{"@type":"EntryPoint","urlTemplate":"https:\/\/www.luzine-happel.de\/?s={search_term_string}"},"query-input":{"@type":"PropertyValueSpecification","valueRequired":true,"valueName":"search_term_string"}}],"inLanguage":"de"}]}},"_links":{"self":[{"href":"https:\/\/www.luzine-happel.de\/index.php?rest_route=\/wp\/v2\/pages\/766"}],"collection":[{"href":"https:\/\/www.luzine-happel.de\/index.php?rest_route=\/wp\/v2\/pages"}],"about":[{"href":"https:\/\/www.luzine-happel.de\/index.php?rest_route=\/wp\/v2\/types\/page"}],"author":[{"embeddable":true,"href":"https:\/\/www.luzine-happel.de\/index.php?rest_route=\/wp\/v2\/users\/1"}],"replies":[{"embeddable":true,"href":"https:\/\/www.luzine-happel.de\/index.php?rest_route=%2Fwp%2Fv2%2Fcomments&post=766"}],"version-history":[{"count":5,"href":"https:\/\/www.luzine-happel.de\/index.php?rest_route=\/wp\/v2\/pages\/766\/revisions"}],"predecessor-version":[{"id":11195,"href":"https:\/\/www.luzine-happel.de\/index.php?rest_route=\/wp\/v2\/pages\/766\/revisions\/11195"}],"up":[{"embeddable":true,"href":"https:\/\/www.luzine-happel.de\/index.php?rest_route=\/wp\/v2\/pages\/55"}],"wp:attachment":[{"href":"https:\/\/www.luzine-happel.de\/index.php?rest_route=%2Fwp%2Fv2%2Fmedia&parent=766"}],"curies":[{"name":"wp","href":"https:\/\/api.w.org\/{rel}","templated":true}]}}