{"id":782,"date":"2012-07-12T15:08:47","date_gmt":"2012-07-12T13:08:47","guid":{"rendered":"https:\/\/www.luzine-happel.de\/?page_id=782"},"modified":"2018-03-18T14:12:05","modified_gmt":"2018-03-18T12:12:05","slug":"mustertucher-2","status":"publish","type":"page","link":"https:\/\/www.luzine-happel.de\/?page_id=782","title":{"rendered":"Mustert\u00fccher \u201eLichte Muster\u201c"},"content":{"rendered":"<div class='content-column one_half'><a href=\"https:\/\/www.luzine-happel.de\/wp-content\/uploads\/2012\/06\/Mustert\u00fccher.jpg\"><img loading=\"lazy\" decoding=\"async\" style=\"border:1px solid #000000;float:none;\" class=\"alignleft lupenb\" title=\"Mustert\u00fccher - Luzine Happel\" src=\"https:\/\/www.luzine-happel.de\/wp-content\/uploads\/2012\/06\/Mustert\u00fccher-438x630.jpg\" alt=\"Mustert\u00fccher - Luzine Happel\" width=\"438\" height=\"630\" \/><\/a><center><strong>Mustert\u00fccher \u201eLichte Muster\u201c<\/strong><\/center><br \/><\/div>\n<div class='content-column one_half last_column'><strong>Mustert\u00fccher \u201eLichte Muster\u201c<\/strong><br \/>\nLuzine Happel<\/p>\n<ul>\n<li>Eigenverlag 2008<\/li>\n<li>Text: deutsch<\/li>\n<li>109 Seiten farbig; Ringbindung<\/li>\n<\/ul>\n<p>Haben Sie schon einmal versucht, ein Mustertuch zu sticken? Man beginnt mit dem Fadenauszug und f\u00e4ngt an zu sticken. Schon bald stellt man fest, dass man \u2013 trotz allergr\u00f6\u00dfter Sorgfalt in der Planung, einen Sachverhalt vergessen hat. Was nun?<br \/>\nDas Buch zeigt 7 unterschiedliche Mustert\u00fccher\/Musterl\u00e4ufer von der Stoffeinteilung bis zur Fertigstellung in kleinsten Schritten. Der Text ist jeweils mit Fotos unterlegt.<br \/>\nDazu gibt es 27, teilweise neu entwickelte, \u201elichte\u201c Fl\u00e4chenf\u00fcllmuster (Doppeldurchbruch-muster), alle in Schritt-f\u00fcr-Schritt-Fotos gezeigt.<br \/>\nDa es nicht sch\u00f6n aussieht, wenn man ein symmetrisches Fl\u00e4chenf\u00fcllmuster nicht mittig in eine Kontur arbeitet, gibt es wichtige Hinweise, wie man es bewerkstelligt, dass dies nicht passiert.<br \/>\nEinen Einblick in das Buch kann man nehmen unter &#8222;<a title=\"Mustert\u00fccher \u201eLichte Muster\u201c\" href=\"https:\/\/www.luzine-happel.de\/?page_id=445\">Shop<\/a>&#8222;.<br \/><\/div><div class='clear_column'><\/div>","protected":false},"excerpt":{"rendered":"","protected":false},"author":1,"featured_media":0,"parent":55,"menu_order":0,"comment_status":"open","ping_status":"open","template":"page-FullWidth.php","meta":{"inline_featured_image":false,"footnotes":""},"yoast_head":"<!-- This site is optimized with the Yoast SEO plugin v24.5 - https:\/\/yoast.com\/wordpress\/plugins\/seo\/ -->\n<title>Mustert\u00fccher \u201eLichte Muster\u201c - Luzine Happel<\/title>\n<meta name=\"robots\" content=\"index, follow, max-snippet:-1, max-image-preview:large, max-video-preview:-1\" \/>\n<link rel=\"canonical\" href=\"https:\/\/www.luzine-happel.de\/?page_id=782&lang=en\" \/>\n<meta property=\"og:locale\" content=\"de_DE\" \/>\n<meta property=\"og:type\" content=\"article\" \/>\n<meta property=\"og:title\" content=\"Mustert\u00fccher \u201eLichte Muster\u201c - Luzine Happel\" \/>\n<meta property=\"og:url\" content=\"https:\/\/www.luzine-happel.de\/?page_id=782&amp;lang=en\" \/>\n<meta property=\"og:site_name\" content=\"Luzine Happel\" \/>\n<meta property=\"article:modified_time\" content=\"2018-03-18T12:12:05+00:00\" \/>\n<meta property=\"og:image\" content=\"https:\/\/www.luzine-happel.de\/wp-content\/uploads\/2012\/06\/Mustert\u00fccher-438x630.jpg\" \/>\n<meta name=\"twitter:card\" content=\"summary_large_image\" \/>\n<meta name=\"twitter:label1\" content=\"Gesch\u00e4tzte Lesezeit\" \/>\n\t<meta name=\"twitter:data1\" content=\"1\u00a0Minute\" \/>\n<script type=\"application\/ld+json\" class=\"yoast-schema-graph\">{\"@context\":\"https:\/\/schema.org\",\"@graph\":[{\"@type\":\"WebPage\",\"@id\":\"https:\/\/www.luzine-happel.de\/?page_id=782&lang=en\",\"url\":\"https:\/\/www.luzine-happel.de\/?page_id=782&lang=en\",\"name\":\"Mustert\u00fccher \u201eLichte Muster\u201c - Luzine Happel\",\"isPartOf\":{\"@id\":\"https:\/\/www.luzine-happel.de\/#website\"},\"datePublished\":\"2012-07-12T13:08:47+00:00\",\"dateModified\":\"2018-03-18T12:12:05+00:00\",\"breadcrumb\":{\"@id\":\"https:\/\/www.luzine-happel.de\/?page_id=782&lang=en#breadcrumb\"},\"inLanguage\":\"de\",\"potentialAction\":[{\"@type\":\"ReadAction\",\"target\":[\"https:\/\/www.luzine-happel.de\/?page_id=782&lang=en\"]}]},{\"@type\":\"BreadcrumbList\",\"@id\":\"https:\/\/www.luzine-happel.de\/?page_id=782&lang=en#breadcrumb\",\"itemListElement\":[{\"@type\":\"ListItem\",\"position\":1,\"name\":\"Startseite\",\"item\":\"https:\/\/www.luzine-happel.de\/\"},{\"@type\":\"ListItem\",\"position\":2,\"name\":\"Library\",\"item\":\"https:\/\/www.luzine-happel.de\/?page_id=55&lang=en\"},{\"@type\":\"ListItem\",\"position\":3,\"name\":\"Mustert\u00fccher \u201eLichte Muster\u201c\"}]},{\"@type\":\"WebSite\",\"@id\":\"https:\/\/www.luzine-happel.de\/#website\",\"url\":\"https:\/\/www.luzine-happel.de\/\",\"name\":\"Luzine Happel\",\"description\":\"\",\"potentialAction\":[{\"@type\":\"SearchAction\",\"target\":{\"@type\":\"EntryPoint\",\"urlTemplate\":\"https:\/\/www.luzine-happel.de\/?s={search_term_string}\"},\"query-input\":{\"@type\":\"PropertyValueSpecification\",\"valueRequired\":true,\"valueName\":\"search_term_string\"}}],\"inLanguage\":\"de\"}]}<\/script>\n<!-- \/ Yoast SEO plugin. -->","yoast_head_json":{"title":"Mustert\u00fccher \u201eLichte Muster\u201c - Luzine Happel","robots":{"index":"index","follow":"follow","max-snippet":"max-snippet:-1","max-image-preview":"max-image-preview:large","max-video-preview":"max-video-preview:-1"},"canonical":"https:\/\/www.luzine-happel.de\/?page_id=782&lang=en","og_locale":"de_DE","og_type":"article","og_title":"Mustert\u00fccher \u201eLichte Muster\u201c - Luzine Happel","og_url":"https:\/\/www.luzine-happel.de\/?page_id=782&lang=en","og_site_name":"Luzine Happel","article_modified_time":"2018-03-18T12:12:05+00:00","og_image":[{"url":"https:\/\/www.luzine-happel.de\/wp-content\/uploads\/2012\/06\/Mustert\u00fccher-438x630.jpg","type":"","width":"","height":""}],"twitter_card":"summary_large_image","twitter_misc":{"Gesch\u00e4tzte Lesezeit":"1\u00a0Minute"},"schema":{"@context":"https:\/\/schema.org","@graph":[{"@type":"WebPage","@id":"https:\/\/www.luzine-happel.de\/?page_id=782&lang=en","url":"https:\/\/www.luzine-happel.de\/?page_id=782&lang=en","name":"Mustert\u00fccher \u201eLichte Muster\u201c - Luzine Happel","isPartOf":{"@id":"https:\/\/www.luzine-happel.de\/#website"},"datePublished":"2012-07-12T13:08:47+00:00","dateModified":"2018-03-18T12:12:05+00:00","breadcrumb":{"@id":"https:\/\/www.luzine-happel.de\/?page_id=782&lang=en#breadcrumb"},"inLanguage":"de","potentialAction":[{"@type":"ReadAction","target":["https:\/\/www.luzine-happel.de\/?page_id=782&lang=en"]}]},{"@type":"BreadcrumbList","@id":"https:\/\/www.luzine-happel.de\/?page_id=782&lang=en#breadcrumb","itemListElement":[{"@type":"ListItem","position":1,"name":"Startseite","item":"https:\/\/www.luzine-happel.de\/"},{"@type":"ListItem","position":2,"name":"Library","item":"https:\/\/www.luzine-happel.de\/?page_id=55&lang=en"},{"@type":"ListItem","position":3,"name":"Mustert\u00fccher \u201eLichte Muster\u201c"}]},{"@type":"WebSite","@id":"https:\/\/www.luzine-happel.de\/#website","url":"https:\/\/www.luzine-happel.de\/","name":"Luzine Happel","description":"","potentialAction":[{"@type":"SearchAction","target":{"@type":"EntryPoint","urlTemplate":"https:\/\/www.luzine-happel.de\/?s={search_term_string}"},"query-input":{"@type":"PropertyValueSpecification","valueRequired":true,"valueName":"search_term_string"}}],"inLanguage":"de"}]}},"_links":{"self":[{"href":"https:\/\/www.luzine-happel.de\/index.php?rest_route=\/wp\/v2\/pages\/782"}],"collection":[{"href":"https:\/\/www.luzine-happel.de\/index.php?rest_route=\/wp\/v2\/pages"}],"about":[{"href":"https:\/\/www.luzine-happel.de\/index.php?rest_route=\/wp\/v2\/types\/page"}],"author":[{"embeddable":true,"href":"https:\/\/www.luzine-happel.de\/index.php?rest_route=\/wp\/v2\/users\/1"}],"replies":[{"embeddable":true,"href":"https:\/\/www.luzine-happel.de\/index.php?rest_route=%2Fwp%2Fv2%2Fcomments&post=782"}],"version-history":[{"count":1,"href":"https:\/\/www.luzine-happel.de\/index.php?rest_route=\/wp\/v2\/pages\/782\/revisions"}],"predecessor-version":[{"id":11253,"href":"https:\/\/www.luzine-happel.de\/index.php?rest_route=\/wp\/v2\/pages\/782\/revisions\/11253"}],"up":[{"embeddable":true,"href":"https:\/\/www.luzine-happel.de\/index.php?rest_route=\/wp\/v2\/pages\/55"}],"wp:attachment":[{"href":"https:\/\/www.luzine-happel.de\/index.php?rest_route=%2Fwp%2Fv2%2Fmedia&parent=782"}],"curies":[{"name":"wp","href":"https:\/\/api.w.org\/{rel}","templated":true}]}}