{"id":8050,"date":"2017-01-13T09:25:24","date_gmt":"2017-01-13T07:25:24","guid":{"rendered":"https:\/\/www.luzine-happel.de\/?page_id=8050"},"modified":"2017-01-14T11:27:54","modified_gmt":"2017-01-14T09:27:54","slug":"kostenlose-motive","status":"publish","type":"page","link":"https:\/\/www.luzine-happel.de\/?page_id=8050","title":{"rendered":"kostenlose Motive"},"content":{"rendered":"<div class=\"blogthumbs\"><a href=\"https:\/\/www.luzine-happel.de\/?p=25427\" alt=\"Kleines Schw\u00e4lmer Motiv (1)\"><img decoding=\"async\" src=\"https:\/\/www.luzine-happel.de\/wp-content\/uploads\/formidable\/8\/7_Kleines-Schwaelmer-Motiv-1_Thumbnail_2-150x150.jpg\" style=\"width:200px;\"><\/p>\n<p class=\"blogtitle\">Kleines Schw\u00e4lmer Motiv (1)<\/p>\n<p class=\"blogdate\">30. Mai 2025<\/p>\n<p><\/a><\/div>\n\n<div class=\"blogthumbs\"><a href=\"https:\/\/www.luzine-happel.de\/?p=25300\" alt=\"Tulpenmotive\"><img decoding=\"async\" src=\"https:\/\/www.luzine-happel.de\/wp-content\/uploads\/formidable\/8\/Thumbnail-150x150.jpg\" style=\"width:200px;\"><\/p>\n<p class=\"blogtitle\">Tulpenmotive<\/p>\n<p class=\"blogdate\">25. April 2025<\/p>\n<p><\/a><\/div>\n\n<div class=\"blogthumbs\"><a href=\"https:\/\/www.luzine-happel.de\/?p=24791\" alt=\"Herzkissen\"><img decoding=\"async\" src=\"https:\/\/www.luzine-happel.de\/wp-content\/uploads\/formidable\/8\/15_Herzkissen-Thumbnail_2-150x150.jpg\" style=\"width:200px;\"><\/p>\n<p class=\"blogtitle\">Herzkissen<\/p>\n<p class=\"blogdate\">29. November 2024<\/p>\n<p><\/a><\/div>\n\n<div class=\"blogthumbs\"><a href=\"https:\/\/www.luzine-happel.de\/?p=24731\" alt=\"Schw\u00e4lmer Herz (1)\"><img decoding=\"async\" src=\"https:\/\/www.luzine-happel.de\/wp-content\/uploads\/formidable\/8\/12_Schwaelmer-Herz-1Thumbnail_2-150x150.jpg\" style=\"width:200px;\"><\/p>\n<p class=\"blogtitle\">Schw\u00e4lmer Herz (1)<\/p>\n<p class=\"blogdate\">15. November 2024<\/p>\n<p><\/a><\/div>\n\n<div class=\"blogthumbs\"><a href=\"https:\/\/www.luzine-happel.de\/?p=17245\" alt=\"Hasen\"><img decoding=\"async\" src=\"https:\/\/www.luzine-happel.de\/wp-content\/uploads\/formidable\/8\/13_Hasen_Thumbnail_2-150x150.jpg\" style=\"width:200px;\"><\/p>\n<p class=\"blogtitle\">Hasen<\/p>\n<p class=\"blogdate\">8. April 2020<\/p>\n<p><\/a><\/div>\n\n<div class=\"blogthumbs\"><a href=\"https:\/\/www.luzine-happel.de\/?p=17128\" alt=\"Aufgereiht (2)\"><img decoding=\"async\" src=\"https:\/\/www.luzine-happel.de\/wp-content\/uploads\/formidable\/8\/13_Aufgereiht-2_Thumbnail_2-150x150.jpg\" style=\"width:200px;\"><\/p>\n<p class=\"blogtitle\">Aufgereiht (2)<\/p>\n<p class=\"blogdate\">2. April 2020<\/p>\n<p><\/a><\/div>\n\n<div class=\"blogthumbs\"><a href=\"https:\/\/www.luzine-happel.de\/?p=17087\" alt=\"Schneckenh\u00e4user (2)\"><img decoding=\"async\" src=\"https:\/\/www.luzine-happel.de\/wp-content\/uploads\/formidable\/8\/6_Schneckenh\u00e4user-2_Thumbnail_2-150x150.jpg\" style=\"width:200px;\"><\/p>\n<p class=\"blogtitle\">Schneckenh\u00e4user (2)<\/p>\n<p class=\"blogdate\">29. M\u00e4rz 2020<\/p>\n<p><\/a><\/div>\n\n<div class=\"blogthumbs\"><a href=\"https:\/\/www.luzine-happel.de\/?p=17049\" alt=\"Schneckenh\u00e4user (1)\"><img decoding=\"async\" src=\"https:\/\/www.luzine-happel.de\/wp-content\/uploads\/formidable\/8\/8_Schneckenh\u00e4user-1_Thumbnail_2-150x150.jpg\" style=\"width:200px;\"><\/p>\n<p class=\"blogtitle\">Schneckenh\u00e4user (1)<\/p>\n<p class=\"blogdate\">24. M\u00e4rz 2020<\/p>\n<p><\/a><\/div>\n\n<div class=\"blogthumbs\"><a href=\"https:\/\/www.luzine-happel.de\/?p=14797\" alt=\"Osterei 2019\"><img decoding=\"async\" src=\"https:\/\/www.luzine-happel.de\/wp-content\/uploads\/formidable\/8\/Osterei_2019_Thumbnail-2-150x150.jpg\" style=\"width:200px;\"><\/p>\n<p class=\"blogtitle\">Osterei 2019<\/p>\n<p class=\"blogdate\">17. April 2019<\/p>\n<p><\/a><\/div>\n\n<div class=\"blogthumbs\"><a href=\"https:\/\/www.luzine-happel.de\/?p=14636\" alt=\"Ein besonderes Osterei\"><img decoding=\"async\" src=\"https:\/\/www.luzine-happel.de\/wp-content\/uploads\/formidable\/8\/12_Ein-besonderes-Osterei_Thumbnail-2-150x150.jpg\" style=\"width:200px;\"><\/p>\n<p class=\"blogtitle\">Ein besonderes Osterei<\/p>\n<p class=\"blogdate\">22. M\u00e4rz 2019<\/p>\n<p><\/a><\/div>\n\n<div class=\"blogthumbs\"><a href=\"https:\/\/www.luzine-happel.de\/?p=14224\" alt=\"Kissen mit Herz\"><img decoding=\"async\" src=\"https:\/\/www.luzine-happel.de\/wp-content\/uploads\/formidable\/8\/9_Kissen-mit-Herz_Thumbnail_2-150x150.jpg\" style=\"width:200px;\"><\/p>\n<p class=\"blogtitle\">Kissen mit Herz<\/p>\n<p class=\"blogdate\">8. Februar 2019<\/p>\n<p><\/a><\/div>\n\n<div class=\"blogthumbs\"><a href=\"https:\/\/www.luzine-happel.de\/?p=10790\" alt=\"Herzen in Holzrahmen\"><img decoding=\"async\" src=\"https:\/\/www.luzine-happel.de\/wp-content\/uploads\/formidable\/8\/11_09.02.2018_Herzen-in-Holzrahmen_Thumbnail-2-150x150.jpg\" style=\"width:200px;\"><\/p>\n<p class=\"blogtitle\">Herzen in Holzrahmen<\/p>\n<p class=\"blogdate\">9. Februar 2018<\/p>\n<p><\/a><\/div>\n\n<div class=\"blogthumbs\"><a href=\"https:\/\/www.luzine-happel.de\/?p=10555\" alt=\"\u00dcbungsmuster\"><img decoding=\"async\" src=\"https:\/\/www.luzine-happel.de\/wp-content\/uploads\/formidable\/8\/Download-Thumbnail_2017-01-05-1-150x150.jpg\" style=\"width:200px;\"><\/p>\n<p class=\"blogtitle\">\u00dcbungsmuster<\/p>\n<p class=\"blogdate\">5. Januar 2018<\/p>\n<p><\/a><\/div>\n\n<div class=\"blogthumbs\"><a href=\"https:\/\/www.luzine-happel.de\/?p=9907\" alt=\"Weihnachtsbaumschmuck: Glocke\"><img decoding=\"async\" src=\"https:\/\/www.luzine-happel.de\/wp-content\/uploads\/formidable\/8\/2017-11-1_-_A_Bell_Ornament_for_Trimming_the_Tree-150x150.jpg\" style=\"width:200px;\"><\/p>\n<p class=\"blogtitle\">Weihnachtsbaumschmuck: Glocke<\/p>\n<p class=\"blogdate\">18. November 2017<\/p>\n<p><\/a><\/div>\n\n<div class=\"blogthumbs\"><a href=\"https:\/\/www.luzine-happel.de\/?p=9835\" alt=\"Ein kleines Herbstkr\u00e4nzchen\"><img decoding=\"async\" src=\"https:\/\/www.luzine-happel.de\/wp-content\/uploads\/formidable\/8\/2017-11-04_A-Narrow_Autumn_Wreath-1-150x150.jpg\" style=\"width:200px;\"><\/p>\n<p class=\"blogtitle\">Ein kleines Herbstkr\u00e4nzchen<\/p>\n<p class=\"blogdate\">4. November 2017<\/p>\n<p><\/a><\/div>\n\n<div class=\"blogthumbs\"><a href=\"https:\/\/www.luzine-happel.de\/?p=9168\" alt=\"Abzweige und Spiralen \u2013 \u00dcbung\"><img decoding=\"async\" src=\"https:\/\/www.luzine-happel.de\/wp-content\/uploads\/formidable\/8\/Download_Thumbnail_2017-08-05-150x150.jpg\" style=\"width:200px;\"><\/p>\n<p class=\"blogtitle\">Abzweige und Spiralen \u2013 \u00dcbung<\/p>\n<p class=\"blogdate\">5. August 2017<\/p>\n<p><\/a><\/div>\n\n<div class=\"blogthumbs\"><a href=\"https:\/\/www.luzine-happel.de\/?p=9166\" alt=\"Kleine, spitze Bl\u00e4tter und Schn\u00fcrl\u00f6cher \u2013 \u00dcbung\"><img decoding=\"async\" src=\"https:\/\/www.luzine-happel.de\/wp-content\/uploads\/formidable\/8\/Download_Thumbnail_2017-07-15-150x150.jpg\" style=\"width:200px;\"><\/p>\n<p class=\"blogtitle\">Kleine, spitze Bl\u00e4tter und Schn\u00fcrl\u00f6cher \u2013 \u00dcbung<\/p>\n<p class=\"blogdate\">15. Juli 2017<\/p>\n<p><\/a><\/div>\n\n<div class=\"blogthumbs\"><a href=\"https:\/\/www.luzine-happel.de\/?p=8912\" alt=\"Schn\u00fcrl\u00f6cher - \u00dcbung\"><img decoding=\"async\" src=\"https:\/\/www.luzine-happel.de\/wp-content\/uploads\/formidable\/8\/Thumbnail_2017-06-03-150x150.jpg\" style=\"width:200px;\"><\/p>\n<p class=\"blogtitle\">Schn\u00fcrl\u00f6cher &#8211; \u00dcbung<\/p>\n<p class=\"blogdate\">3. Juni 2017<\/p>\n<p><\/a><\/div>\n\n<div class=\"blogthumbs\"><a href=\"https:\/\/www.luzine-happel.de\/?p=8797\" alt=\"Kleine, spitze Bl\u00e4tter und Spiralen \u2013 \u00dcbung\"><img decoding=\"async\" src=\"https:\/\/www.luzine-happel.de\/wp-content\/uploads\/formidable\/8\/Small_Pointed_Leaves_and_Tendrils_-_Practice-Exercises_Thumbnail_2017-05-13-150x150.jpg\" style=\"width:200px;\"><\/p>\n<p class=\"blogtitle\">Kleine, spitze Bl\u00e4tter und Spiralen \u2013 \u00dcbung<\/p>\n<p class=\"blogdate\">13. Mai 2017<\/p>\n<p><\/a><\/div>\n\n<div class=\"blogthumbs\"><a href=\"https:\/\/www.luzine-happel.de\/?p=8717\" alt=\"Kleine, spitze Bl\u00e4tter \u2013 \u00dcbung (1)\"><img decoding=\"async\" src=\"https:\/\/www.luzine-happel.de\/wp-content\/uploads\/formidable\/8\/Thumbnail_29.04.2017-150x150.jpg\" style=\"width:200px;\"><\/p>\n<p class=\"blogtitle\">Kleine, spitze Bl\u00e4tter \u2013 \u00dcbung (1)<\/p>\n<p class=\"blogdate\">29. April 2017<\/p>\n<p><\/a><\/div>\n\n<div class=\"blogthumbs\"><a href=\"https:\/\/www.luzine-happel.de\/?p=8603\" alt=\"Bunte Ostereier\"><img decoding=\"async\" src=\"https:\/\/www.luzine-happel.de\/wp-content\/uploads\/formidable\/8\/2017-04-08_Thumbnail-150x150.jpg\" style=\"width:200px;\"><\/p>\n<p class=\"blogtitle\">Bunte Ostereier<\/p>\n<p class=\"blogdate\">8. April 2017<\/p>\n<p><\/a><\/div>\n\n<div class=\"blogthumbs\"><a href=\"https:\/\/www.luzine-happel.de\/?p=8412\" alt=\"Abzweige \u2013 \u00dcbung (3)\"><img decoding=\"async\" src=\"https:\/\/www.luzine-happel.de\/wp-content\/uploads\/formidable\/8\/2017-03-11_Thumbnail-150x150.jpg\" style=\"width:200px;\"><\/p>\n<p class=\"blogtitle\">Abzweige \u2013 \u00dcbung (3)<\/p>\n<p class=\"blogdate\">11. M\u00e4rz 2017<\/p>\n<p><\/a><\/div>\n\n<div class=\"blogthumbs\"><a href=\"https:\/\/www.luzine-happel.de\/?p=8206\" alt=\"Herzband\"><img decoding=\"async\" src=\"https:\/\/www.luzine-happel.de\/wp-content\/uploads\/formidable\/8\/2017-02-11_Thumbnail-150x150.jpg\" style=\"width:200px;\"><\/p>\n<p class=\"blogtitle\">Herzband<\/p>\n<p class=\"blogdate\">11. Februar 2017<\/p>\n<p><\/a><\/div>\n\n<div class=\"blogthumbs\"><a href=\"https:\/\/www.luzine-happel.de\/?p=8204\" alt=\"Fl\u00e4chenf\u00fcllmuster  481\"><img decoding=\"async\" src=\"https:\/\/www.luzine-happel.de\/wp-content\/uploads\/formidable\/8\/2017-02-04_Thumbnail-150x150.jpg\" style=\"width:200px;\"><\/p>\n<p class=\"blogtitle\">Fl\u00e4chenf\u00fcllmuster  481<\/p>\n<p class=\"blogdate\">4. Februar 2017<\/p>\n<p><\/a><\/div>\n\n<div class=\"blogthumbs\"><a href=\"https:\/\/www.luzine-happel.de\/?p=8170\" alt=\"Abzweige - \u00dcbung (2)\"><img decoding=\"async\" src=\"https:\/\/www.luzine-happel.de\/wp-content\/uploads\/formidable\/8\/2017-01-28_Thumbnail-150x150.jpg\" style=\"width:200px;\"><\/p>\n<p class=\"blogtitle\">Abzweige &#8211; \u00dcbung (2)<\/p>\n<p class=\"blogdate\">28. Januar 2017<\/p>\n<p><\/a><\/div>\n\n<div class=\"blogthumbs\"><a href=\"https:\/\/www.luzine-happel.de\/?p=7422\" alt=\"Wie stickt man kleine, spitze Bl\u00e4tter?\"><img decoding=\"async\" src=\"https:\/\/www.luzine-happel.de\/wp-content\/uploads\/formidable\/8\/2016-11-19-150x150.jpg\" style=\"width:200px;\"><\/p>\n<p class=\"blogtitle\">Wie stickt man kleine, spitze Bl\u00e4tter?<\/p>\n<p class=\"blogdate\">19. November 2016<\/p>\n<p><\/a><\/div>\n\n<div class=\"blogthumbs\"><a href=\"https:\/\/www.luzine-happel.de\/?p=7118\" alt=\"Spiralen \u2013 \u00dcbung (3)\"><img decoding=\"async\" src=\"https:\/\/www.luzine-happel.de\/wp-content\/uploads\/formidable\/8\/2016-09-24-1-150x150.jpg\" style=\"width:200px;\"><\/p>\n<p class=\"blogtitle\">Spiralen \u2013 \u00dcbung (3)<\/p>\n<p class=\"blogdate\">24. September 2016<\/p>\n<p><\/a><\/div>\n\n<div class=\"blogthumbs\"><a href=\"https:\/\/www.luzine-happel.de\/?p=7086\" alt=\"Spiralen \u2013 \u00dcbung (2)\"><img decoding=\"async\" src=\"https:\/\/www.luzine-happel.de\/wp-content\/uploads\/formidable\/8\/2016-09-17-150x150.jpg\" style=\"width:200px;\"><\/p>\n<p class=\"blogtitle\">Spiralen \u2013 \u00dcbung (2)<\/p>\n<p class=\"blogdate\">17. September 2016<\/p>\n<p><\/a><\/div>\n\n<div class=\"blogthumbs\"><a href=\"https:\/\/www.luzine-happel.de\/?p=7056\" alt=\"Spiralen \u2013 \u00dcbung (1)\"><img decoding=\"async\" src=\"https:\/\/www.luzine-happel.de\/wp-content\/uploads\/formidable\/8\/2016-09-10-150x150.jpg\" style=\"width:200px;\"><\/p>\n<p class=\"blogtitle\">Spiralen \u2013 \u00dcbung (1)<\/p>\n<p class=\"blogdate\">10. September 2016<\/p>\n<p><\/a><\/div>\n\n<div class=\"blogthumbs\"><a href=\"https:\/\/www.luzine-happel.de\/?p=7019\" alt=\"Wie stickt man Spiralen?\"><img decoding=\"async\" src=\"https:\/\/www.luzine-happel.de\/wp-content\/uploads\/formidable\/8\/2016-09-03-150x150.jpg\" style=\"width:200px;\"><\/p>\n<p class=\"blogtitle\">Wie stickt man Spiralen?<\/p>\n<p class=\"blogdate\">3. September 2016<\/p>\n<p><\/a><\/div>\n\n<div class=\"blogthumbs\"><a href=\"https:\/\/www.luzine-happel.de\/?p=6270\" alt=\"Ein Osterei\"><img decoding=\"async\" src=\"https:\/\/www.luzine-happel.de\/wp-content\/uploads\/formidable\/8\/2016-03-23-150x150.jpg\" style=\"width:200px;\"><\/p>\n<p class=\"blogtitle\">Ein Osterei<\/p>\n<p class=\"blogdate\">25. M\u00e4rz 2016<\/p>\n<p><\/a><\/div>\n\n<div class=\"blogthumbs\"><a href=\"https:\/\/www.luzine-happel.de\/?p=5802\" alt=\"Ein Deckchen mit Messerspitzenverzierung\"><img decoding=\"async\" src=\"https:\/\/www.luzine-happel.de\/wp-content\/uploads\/formidable\/8\/2015-12-05-150x150.jpg\" style=\"width:200px;\"><\/p>\n<p class=\"blogtitle\">Ein Deckchen mit Messerspitzenverzierung<\/p>\n<p class=\"blogdate\">5. Dezember 2015<\/p>\n<p><\/a><\/div>\n\n<div class=\"blogthumbs\"><a href=\"https:\/\/www.luzine-happel.de\/?p=5701\" alt=\"Ein kleines Deckchen\"><img decoding=\"async\" src=\"https:\/\/www.luzine-happel.de\/wp-content\/uploads\/formidable\/8\/2015-11-07-150x150.jpg\" style=\"width:200px;\"><\/p>\n<p class=\"blogtitle\">Ein kleines Deckchen<\/p>\n<p class=\"blogdate\">7. November 2015<\/p>\n<p><\/a><\/div>\n\n<div class=\"blogthumbs\"><a href=\"https:\/\/www.luzine-happel.de\/?p=5231\" alt=\"Schw\u00e4lmer Konturenmuster (9) \u2013 2 kurz-2 lang\"><img decoding=\"async\" src=\"https:\/\/www.luzine-happel.de\/wp-content\/uploads\/formidable\/8\/2015-05-16-150x150.jpg\" style=\"width:200px;\"><\/p>\n<p class=\"blogtitle\">Schw\u00e4lmer Konturenmuster (9) \u2013 2 kurz-2 lang<\/p>\n<p class=\"blogdate\">16. Mai 2015<\/p>\n<p><\/a><\/div>\n\n<div class=\"blogthumbs\"><a href=\"https:\/\/www.luzine-happel.de\/?p=4765\" alt=\"Tischdecke f\u00fcr alle Jahreszeiten \u2013 Dezember: Zapfen\"><img decoding=\"async\" src=\"https:\/\/www.luzine-happel.de\/wp-content\/uploads\/formidable\/8\/2014-12-13-150x150.jpg\" style=\"width:200px;\"><\/p>\n<p class=\"blogtitle\">Tischdecke f\u00fcr alle Jahreszeiten \u2013 Dezember: Zapfen<\/p>\n<p class=\"blogdate\">13. Dezember 2014<\/p>\n<p><\/a><\/div>\n\n<div class=\"blogthumbs\"><a href=\"https:\/\/www.luzine-happel.de\/?p=4650\" alt=\"Weihnachtsbaumschmuck: Kissen\"><img decoding=\"async\" src=\"https:\/\/www.luzine-happel.de\/wp-content\/uploads\/formidable\/8\/2014-11-29-150x150.jpg\" style=\"width:200px;\"><\/p>\n<p class=\"blogtitle\">Weihnachtsbaumschmuck: Kissen<\/p>\n<p class=\"blogdate\">29. November 2014<\/p>\n<p><\/a><\/div>\n\n<div class=\"blogthumbs\"><a href=\"https:\/\/www.luzine-happel.de\/?p=4489\" alt=\"Tischdecke f\u00fcr alle Jahreszeiten \u2013 November: Eichblatt und Eicheln\"><img decoding=\"async\" src=\"https:\/\/www.luzine-happel.de\/wp-content\/uploads\/formidable\/8\/2014-11-01-150x150.jpg\" style=\"width:200px;\"><\/p>\n<p class=\"blogtitle\">Tischdecke f\u00fcr alle Jahreszeiten \u2013 November: Eichblatt und Eicheln<\/p>\n<p class=\"blogdate\">1. November 2014<\/p>\n<p><\/a><\/div>\n\n<div class=\"blogthumbs\"><a href=\"https:\/\/www.luzine-happel.de\/?p=4430\" alt=\"Tischdecke f\u00fcr alle Jahreszeiten \u2013 Oktober: Wilder Wein und Trauben\"><img decoding=\"async\" src=\"https:\/\/www.luzine-happel.de\/wp-content\/uploads\/formidable\/8\/2014-10-19-150x150.jpg\" style=\"width:200px;\"><\/p>\n<p class=\"blogtitle\">Tischdecke f\u00fcr alle Jahreszeiten \u2013 Oktober: Wilder Wein und Trauben<\/p>\n<p class=\"blogdate\">19. Oktober 2014<\/p>\n<p><\/a><\/div>\n\n<div class=\"blogthumbs\"><a href=\"https:\/\/www.luzine-happel.de\/?p=4315\" alt=\"Tischdecke f\u00fcr alle Jahreszeiten \u2013 September: Pilze\"><img decoding=\"async\" src=\"https:\/\/www.luzine-happel.de\/wp-content\/uploads\/formidable\/8\/2014-09-20-150x150.jpg\" style=\"width:200px;\"><\/p>\n<p class=\"blogtitle\">Tischdecke f\u00fcr alle Jahreszeiten \u2013 September: Pilze<\/p>\n<p class=\"blogdate\">20. September 2014<\/p>\n<p><\/a><\/div>\n\n<div class=\"blogthumbs\"><a href=\"https:\/\/www.luzine-happel.de\/?p=4228\" alt=\"Tischdecke f\u00fcr alle Jahreszeiten \u2013 August: Sonnenblumen\"><img decoding=\"async\" src=\"https:\/\/www.luzine-happel.de\/wp-content\/uploads\/formidable\/8\/2014-08-30-150x150.jpg\" style=\"width:200px;\"><\/p>\n<p class=\"blogtitle\">Tischdecke f\u00fcr alle Jahreszeiten \u2013 August: Sonnenblumen<\/p>\n<p class=\"blogdate\">30. August 2014<\/p>\n<p><\/a><\/div>\n\n<div class=\"blogthumbs\"><a href=\"https:\/\/www.luzine-happel.de\/?p=4089\" alt=\"Tischdecke f\u00fcr alle Jahreszeiten \u2013 Juli: Schmetterling\"><img decoding=\"async\" src=\"https:\/\/www.luzine-happel.de\/wp-content\/uploads\/formidable\/8\/2014-07-26-150x150.jpg\" style=\"width:200px;\"><\/p>\n<p class=\"blogtitle\">Tischdecke f\u00fcr alle Jahreszeiten \u2013 Juli: Schmetterling<\/p>\n<p class=\"blogdate\">26. Juli 2014<\/p>\n<p><\/a><\/div>\n\n<div class=\"blogthumbs\"><a href=\"https:\/\/www.luzine-happel.de\/?p=3943\" alt=\"Tischdecke f\u00fcr alle Jahreszeiten \u2013 Juni: Mohnbl\u00fcte\"><img decoding=\"async\" src=\"https:\/\/www.luzine-happel.de\/wp-content\/uploads\/formidable\/8\/2014-06-21-150x150.jpg\" style=\"width:200px;\"><\/p>\n<p class=\"blogtitle\">Tischdecke f\u00fcr alle Jahreszeiten \u2013 Juni: Mohnbl\u00fcte<\/p>\n<p class=\"blogdate\">21. Juni 2014<\/p>\n<p><\/a><\/div>\n\n<div class=\"blogthumbs\"><a href=\"https:\/\/www.luzine-happel.de\/?p=3800\" alt=\"Tischdecke f\u00fcr alle Jahreszeiten \u2013 Mai: Bl\u00e4tter\"><img decoding=\"async\" src=\"https:\/\/www.luzine-happel.de\/wp-content\/uploads\/formidable\/8\/2014-05-10-150x150.jpg\" style=\"width:200px;\"><\/p>\n<p class=\"blogtitle\">Tischdecke f\u00fcr alle Jahreszeiten \u2013 Mai: Bl\u00e4tter<\/p>\n<p class=\"blogdate\">10. Mai 2014<\/p>\n<p><\/a><\/div>\n\n<div class=\"blogthumbs\"><a href=\"https:\/\/www.luzine-happel.de\/?p=3750\" alt=\"Tischdecke f\u00fcr alle Jahreszeiten \u2013 April: Ostereier\"><img decoding=\"async\" src=\"https:\/\/www.luzine-happel.de\/wp-content\/uploads\/formidable\/8\/2014-04-19-150x150.jpg\" style=\"width:200px;\"><\/p>\n<p class=\"blogtitle\">Tischdecke f\u00fcr alle Jahreszeiten \u2013 April: Ostereier<\/p>\n<p class=\"blogdate\">19. April 2014<\/p>\n<p><\/a><\/div>\n\n<div class=\"blogthumbs\"><a href=\"https:\/\/www.luzine-happel.de\/?p=3709\" alt=\"Tischdecke f\u00fcr alle Jahreszeiten \u2013 M\u00e4rz: Tulpen\"><img decoding=\"async\" src=\"https:\/\/www.luzine-happel.de\/wp-content\/uploads\/formidable\/8\/2014-03-29-150x150.jpg\" style=\"width:200px;\"><\/p>\n<p class=\"blogtitle\">Tischdecke f\u00fcr alle Jahreszeiten \u2013 M\u00e4rz: Tulpen<\/p>\n<p class=\"blogdate\">29. M\u00e4rz 2014<\/p>\n<p><\/a><\/div>\n\n<div class=\"blogthumbs\"><a href=\"https:\/\/www.luzine-happel.de\/?p=3553\" alt=\"Tischdecke f\u00fcr alles Jahreszeiten \u2013 Februar: Herzen\"><img decoding=\"async\" src=\"https:\/\/www.luzine-happel.de\/wp-content\/uploads\/formidable\/8\/2014-02-08-150x150.jpg\" style=\"width:200px;\"><\/p>\n<p class=\"blogtitle\">Tischdecke f\u00fcr alles Jahreszeiten \u2013 Februar: Herzen<\/p>\n<p class=\"blogdate\">8. Februar 2014<\/p>\n<p><\/a><\/div>\n\n<div class=\"blogthumbs\"><a href=\"https:\/\/www.luzine-happel.de\/?p=3516\" alt=\"Tischdecke f\u00fcr alles Jahreszeiten \u2013 Januar: Schneeb\u00e4lle\"><img decoding=\"async\" src=\"https:\/\/www.luzine-happel.de\/wp-content\/uploads\/formidable\/8\/2014-01-18-150x150.jpg\" style=\"width:200px;\"><\/p>\n<p class=\"blogtitle\">Tischdecke f\u00fcr alles Jahreszeiten \u2013 Januar: Schneeb\u00e4lle<\/p>\n<p class=\"blogdate\">18. Januar 2014<\/p>\n<p><\/a><\/div>\n\n<div style=\"clear:both\"><\/div>\n","protected":false},"excerpt":{"rendered":"","protected":false},"author":1,"featured_media":0,"parent":0,"menu_order":0,"comment_status":"closed","ping_status":"closed","template":"page-FullWidth.php","meta":{"inline_featured_image":false,"footnotes":""},"yoast_head":"<!-- This site is optimized with the Yoast SEO plugin v24.5 - https:\/\/yoast.com\/wordpress\/plugins\/seo\/ -->\n<title>kostenlose Motive - Luzine Happel<\/title>\n<meta name=\"robots\" content=\"index, follow, max-snippet:-1, max-image-preview:large, max-video-preview:-1\" \/>\n<link rel=\"canonical\" href=\"https:\/\/www.luzine-happel.de\/?page_id=8050&lang=en\" \/>\n<meta property=\"og:locale\" content=\"de_DE\" \/>\n<meta property=\"og:type\" content=\"article\" \/>\n<meta property=\"og:title\" content=\"kostenlose Motive - Luzine Happel\" \/>\n<meta property=\"og:url\" content=\"https:\/\/www.luzine-happel.de\/?page_id=8050&amp;lang=en\" \/>\n<meta property=\"og:site_name\" content=\"Luzine Happel\" \/>\n<meta property=\"article:modified_time\" content=\"2017-01-14T09:27:54+00:00\" \/>\n<meta name=\"twitter:card\" content=\"summary_large_image\" \/>\n<script type=\"application\/ld+json\" class=\"yoast-schema-graph\">{\"@context\":\"https:\/\/schema.org\",\"@graph\":[{\"@type\":\"WebPage\",\"@id\":\"https:\/\/www.luzine-happel.de\/?page_id=8050&lang=en\",\"url\":\"https:\/\/www.luzine-happel.de\/?page_id=8050&lang=en\",\"name\":\"kostenlose Motive - Luzine Happel\",\"isPartOf\":{\"@id\":\"https:\/\/www.luzine-happel.de\/#website\"},\"datePublished\":\"2017-01-13T07:25:24+00:00\",\"dateModified\":\"2017-01-14T09:27:54+00:00\",\"breadcrumb\":{\"@id\":\"https:\/\/www.luzine-happel.de\/?page_id=8050&lang=en#breadcrumb\"},\"inLanguage\":\"de\",\"potentialAction\":[{\"@type\":\"ReadAction\",\"target\":[\"https:\/\/www.luzine-happel.de\/?page_id=8050&lang=en\"]}]},{\"@type\":\"BreadcrumbList\",\"@id\":\"https:\/\/www.luzine-happel.de\/?page_id=8050&lang=en#breadcrumb\",\"itemListElement\":[{\"@type\":\"ListItem\",\"position\":1,\"name\":\"Startseite\",\"item\":\"https:\/\/www.luzine-happel.de\/\"},{\"@type\":\"ListItem\",\"position\":2,\"name\":\"free designs\"}]},{\"@type\":\"WebSite\",\"@id\":\"https:\/\/www.luzine-happel.de\/#website\",\"url\":\"https:\/\/www.luzine-happel.de\/\",\"name\":\"Luzine Happel\",\"description\":\"\",\"potentialAction\":[{\"@type\":\"SearchAction\",\"target\":{\"@type\":\"EntryPoint\",\"urlTemplate\":\"https:\/\/www.luzine-happel.de\/?s={search_term_string}\"},\"query-input\":{\"@type\":\"PropertyValueSpecification\",\"valueRequired\":true,\"valueName\":\"search_term_string\"}}],\"inLanguage\":\"de\"}]}<\/script>\n<!-- \/ Yoast SEO plugin. -->","yoast_head_json":{"title":"kostenlose Motive - Luzine Happel","robots":{"index":"index","follow":"follow","max-snippet":"max-snippet:-1","max-image-preview":"max-image-preview:large","max-video-preview":"max-video-preview:-1"},"canonical":"https:\/\/www.luzine-happel.de\/?page_id=8050&lang=en","og_locale":"de_DE","og_type":"article","og_title":"kostenlose Motive - Luzine Happel","og_url":"https:\/\/www.luzine-happel.de\/?page_id=8050&lang=en","og_site_name":"Luzine Happel","article_modified_time":"2017-01-14T09:27:54+00:00","twitter_card":"summary_large_image","schema":{"@context":"https:\/\/schema.org","@graph":[{"@type":"WebPage","@id":"https:\/\/www.luzine-happel.de\/?page_id=8050&lang=en","url":"https:\/\/www.luzine-happel.de\/?page_id=8050&lang=en","name":"kostenlose Motive - Luzine Happel","isPartOf":{"@id":"https:\/\/www.luzine-happel.de\/#website"},"datePublished":"2017-01-13T07:25:24+00:00","dateModified":"2017-01-14T09:27:54+00:00","breadcrumb":{"@id":"https:\/\/www.luzine-happel.de\/?page_id=8050&lang=en#breadcrumb"},"inLanguage":"de","potentialAction":[{"@type":"ReadAction","target":["https:\/\/www.luzine-happel.de\/?page_id=8050&lang=en"]}]},{"@type":"BreadcrumbList","@id":"https:\/\/www.luzine-happel.de\/?page_id=8050&lang=en#breadcrumb","itemListElement":[{"@type":"ListItem","position":1,"name":"Startseite","item":"https:\/\/www.luzine-happel.de\/"},{"@type":"ListItem","position":2,"name":"free designs"}]},{"@type":"WebSite","@id":"https:\/\/www.luzine-happel.de\/#website","url":"https:\/\/www.luzine-happel.de\/","name":"Luzine Happel","description":"","potentialAction":[{"@type":"SearchAction","target":{"@type":"EntryPoint","urlTemplate":"https:\/\/www.luzine-happel.de\/?s={search_term_string}"},"query-input":{"@type":"PropertyValueSpecification","valueRequired":true,"valueName":"search_term_string"}}],"inLanguage":"de"}]}},"_links":{"self":[{"href":"https:\/\/www.luzine-happel.de\/index.php?rest_route=\/wp\/v2\/pages\/8050"}],"collection":[{"href":"https:\/\/www.luzine-happel.de\/index.php?rest_route=\/wp\/v2\/pages"}],"about":[{"href":"https:\/\/www.luzine-happel.de\/index.php?rest_route=\/wp\/v2\/types\/page"}],"author":[{"embeddable":true,"href":"https:\/\/www.luzine-happel.de\/index.php?rest_route=\/wp\/v2\/users\/1"}],"replies":[{"embeddable":true,"href":"https:\/\/www.luzine-happel.de\/index.php?rest_route=%2Fwp%2Fv2%2Fcomments&post=8050"}],"version-history":[{"count":1,"href":"https:\/\/www.luzine-happel.de\/index.php?rest_route=\/wp\/v2\/pages\/8050\/revisions"}],"predecessor-version":[{"id":8051,"href":"https:\/\/www.luzine-happel.de\/index.php?rest_route=\/wp\/v2\/pages\/8050\/revisions\/8051"}],"wp:attachment":[{"href":"https:\/\/www.luzine-happel.de\/index.php?rest_route=%2Fwp%2Fv2%2Fmedia&parent=8050"}],"curies":[{"name":"wp","href":"https:\/\/api.w.org\/{rel}","templated":true}]}}