{"id":827,"date":"2012-07-13T10:02:51","date_gmt":"2012-07-13T08:02:51","guid":{"rendered":"https:\/\/www.luzine-happel.de\/?page_id=827"},"modified":"2018-03-18T13:49:57","modified_gmt":"2018-03-18T11:49:57","slug":"musterheft-volume-2","status":"publish","type":"page","link":"https:\/\/www.luzine-happel.de\/?page_id=827","title":{"rendered":"Musterheft &#8211; Volume 2"},"content":{"rendered":"<div class='content-column one_half'><a href=\"https:\/\/www.luzine-happel.de\/wp-content\/uploads\/2012\/06\/Ditter_2.jpg\"><img loading=\"lazy\" decoding=\"async\" class=\"alignleft lupenb\" title=\"Musterheft - Edda Ditter\" src=\"https:\/\/www.luzine-happel.de\/wp-content\/uploads\/2012\/06\/Ditter_2-438x607.jpg\" alt=\"Musterheft - Edda Ditter\" width=\"438\" height=\"607\" \/><\/a><center><strong>Musterheft 2<\/strong><\/center><br \/><\/div>\n<div class='content-column one_half last_column'><strong>Musterheft (pattern book) Volume 2<\/strong><br \/>\nEdda Ditter<\/p>\n<ul>\n<li>Eigenverlag<\/li>\n<li>Text: deutsch<\/li>\n<li>Band 2 113 Seiten schwarz-wei\u00df<\/li>\n<\/ul>\n<p>Die Abbildungen in allen drei Heften sind nicht immer klar zu erkennen. Oft gleichen die Abbildungen schlechten Fotokopien. Die Kurzbeschreibungen und Strichzeichnungen sind nur von erfahrenen Stickerinnen nachzuvollziehen.<br \/>\nEs wurde aber eine sehr gro\u00dfe Vielfalt an Mustern zusammengetragen, die man sonst nirgendwo findet.<\/p>\n<p>Band 2 zeigt 79 lichte Endlos-Fl\u00e4chenf\u00fcllmuster, 180 lichte Mittelmotive (Sterne usw.), 50 kleine Kreuzstichmotive zur Verzierung von Kronen und Initialen, 71 fig\u00fcrliche Stopfmotive f\u00fcr lichte Muster, 6 Kreuzstich-Alphabete, 10 Nadelspitzen-Borten, 9 Nadelspitzen-Mittelmotive, 83 Stophhohls\u00e4ume und die dazugeh\u00f6rigen Schemata.<br \/><\/div><div class='clear_column'><\/div>","protected":false},"excerpt":{"rendered":"","protected":false},"author":1,"featured_media":0,"parent":55,"menu_order":0,"comment_status":"open","ping_status":"open","template":"page-FullWidth.php","meta":{"inline_featured_image":false,"footnotes":""},"yoast_head":"<!-- This site is optimized with the Yoast SEO plugin v24.5 - https:\/\/yoast.com\/wordpress\/plugins\/seo\/ -->\n<title>Musterheft - Volume 2 - Luzine Happel<\/title>\n<meta name=\"robots\" content=\"index, follow, max-snippet:-1, max-image-preview:large, max-video-preview:-1\" \/>\n<link rel=\"canonical\" href=\"https:\/\/www.luzine-happel.de\/?page_id=827&lang=en\" \/>\n<meta property=\"og:locale\" content=\"de_DE\" \/>\n<meta property=\"og:type\" content=\"article\" \/>\n<meta property=\"og:title\" content=\"Musterheft - Volume 2 - Luzine Happel\" \/>\n<meta property=\"og:url\" content=\"https:\/\/www.luzine-happel.de\/?page_id=827&amp;lang=en\" \/>\n<meta property=\"og:site_name\" content=\"Luzine Happel\" \/>\n<meta property=\"article:modified_time\" content=\"2018-03-18T11:49:57+00:00\" \/>\n<meta property=\"og:image\" content=\"https:\/\/www.luzine-happel.de\/wp-content\/uploads\/2012\/06\/Ditter_2-438x607.jpg\" \/>\n<meta name=\"twitter:card\" content=\"summary_large_image\" \/>\n<meta name=\"twitter:label1\" content=\"Gesch\u00e4tzte Lesezeit\" \/>\n\t<meta name=\"twitter:data1\" content=\"1\u00a0Minute\" \/>\n<script type=\"application\/ld+json\" class=\"yoast-schema-graph\">{\"@context\":\"https:\/\/schema.org\",\"@graph\":[{\"@type\":\"WebPage\",\"@id\":\"https:\/\/www.luzine-happel.de\/?page_id=827&lang=en\",\"url\":\"https:\/\/www.luzine-happel.de\/?page_id=827&lang=en\",\"name\":\"Musterheft - Volume 2 - Luzine Happel\",\"isPartOf\":{\"@id\":\"https:\/\/www.luzine-happel.de\/#website\"},\"primaryImageOfPage\":{\"@id\":\"https:\/\/www.luzine-happel.de\/?page_id=827&lang=en#primaryimage\"},\"image\":{\"@id\":\"https:\/\/www.luzine-happel.de\/?page_id=827&lang=en#primaryimage\"},\"thumbnailUrl\":\"https:\/\/www.luzine-happel.de\/wp-content\/uploads\/2012\/06\/Ditter_2-438x607.jpg\",\"datePublished\":\"2012-07-13T08:02:51+00:00\",\"dateModified\":\"2018-03-18T11:49:57+00:00\",\"breadcrumb\":{\"@id\":\"https:\/\/www.luzine-happel.de\/?page_id=827&lang=en#breadcrumb\"},\"inLanguage\":\"de\",\"potentialAction\":[{\"@type\":\"ReadAction\",\"target\":[\"https:\/\/www.luzine-happel.de\/?page_id=827&lang=en\"]}]},{\"@type\":\"ImageObject\",\"inLanguage\":\"de\",\"@id\":\"https:\/\/www.luzine-happel.de\/?page_id=827&lang=en#primaryimage\",\"url\":\"https:\/\/www.luzine-happel.de\/wp-content\/uploads\/2012\/06\/Ditter_2.jpg\",\"contentUrl\":\"https:\/\/www.luzine-happel.de\/wp-content\/uploads\/2012\/06\/Ditter_2.jpg\",\"width\":\"738\",\"height\":\"1024\",\"caption\":\"Musterheft - Edda Ditter\"},{\"@type\":\"BreadcrumbList\",\"@id\":\"https:\/\/www.luzine-happel.de\/?page_id=827&lang=en#breadcrumb\",\"itemListElement\":[{\"@type\":\"ListItem\",\"position\":1,\"name\":\"Startseite\",\"item\":\"https:\/\/www.luzine-happel.de\/\"},{\"@type\":\"ListItem\",\"position\":2,\"name\":\"Library\",\"item\":\"https:\/\/www.luzine-happel.de\/?page_id=55&lang=en\"},{\"@type\":\"ListItem\",\"position\":3,\"name\":\"Musterheft (pattern book) Volume 2\"}]},{\"@type\":\"WebSite\",\"@id\":\"https:\/\/www.luzine-happel.de\/#website\",\"url\":\"https:\/\/www.luzine-happel.de\/\",\"name\":\"Luzine Happel\",\"description\":\"\",\"potentialAction\":[{\"@type\":\"SearchAction\",\"target\":{\"@type\":\"EntryPoint\",\"urlTemplate\":\"https:\/\/www.luzine-happel.de\/?s={search_term_string}\"},\"query-input\":{\"@type\":\"PropertyValueSpecification\",\"valueRequired\":true,\"valueName\":\"search_term_string\"}}],\"inLanguage\":\"de\"}]}<\/script>\n<!-- \/ Yoast SEO plugin. -->","yoast_head_json":{"title":"Musterheft - Volume 2 - Luzine Happel","robots":{"index":"index","follow":"follow","max-snippet":"max-snippet:-1","max-image-preview":"max-image-preview:large","max-video-preview":"max-video-preview:-1"},"canonical":"https:\/\/www.luzine-happel.de\/?page_id=827&lang=en","og_locale":"de_DE","og_type":"article","og_title":"Musterheft - Volume 2 - Luzine Happel","og_url":"https:\/\/www.luzine-happel.de\/?page_id=827&lang=en","og_site_name":"Luzine Happel","article_modified_time":"2018-03-18T11:49:57+00:00","og_image":[{"url":"https:\/\/www.luzine-happel.de\/wp-content\/uploads\/2012\/06\/Ditter_2-438x607.jpg","type":"","width":"","height":""}],"twitter_card":"summary_large_image","twitter_misc":{"Gesch\u00e4tzte Lesezeit":"1\u00a0Minute"},"schema":{"@context":"https:\/\/schema.org","@graph":[{"@type":"WebPage","@id":"https:\/\/www.luzine-happel.de\/?page_id=827&lang=en","url":"https:\/\/www.luzine-happel.de\/?page_id=827&lang=en","name":"Musterheft - Volume 2 - Luzine Happel","isPartOf":{"@id":"https:\/\/www.luzine-happel.de\/#website"},"primaryImageOfPage":{"@id":"https:\/\/www.luzine-happel.de\/?page_id=827&lang=en#primaryimage"},"image":{"@id":"https:\/\/www.luzine-happel.de\/?page_id=827&lang=en#primaryimage"},"thumbnailUrl":"https:\/\/www.luzine-happel.de\/wp-content\/uploads\/2012\/06\/Ditter_2-438x607.jpg","datePublished":"2012-07-13T08:02:51+00:00","dateModified":"2018-03-18T11:49:57+00:00","breadcrumb":{"@id":"https:\/\/www.luzine-happel.de\/?page_id=827&lang=en#breadcrumb"},"inLanguage":"de","potentialAction":[{"@type":"ReadAction","target":["https:\/\/www.luzine-happel.de\/?page_id=827&lang=en"]}]},{"@type":"ImageObject","inLanguage":"de","@id":"https:\/\/www.luzine-happel.de\/?page_id=827&lang=en#primaryimage","url":"https:\/\/www.luzine-happel.de\/wp-content\/uploads\/2012\/06\/Ditter_2.jpg","contentUrl":"https:\/\/www.luzine-happel.de\/wp-content\/uploads\/2012\/06\/Ditter_2.jpg","width":"738","height":"1024","caption":"Musterheft - Edda Ditter"},{"@type":"BreadcrumbList","@id":"https:\/\/www.luzine-happel.de\/?page_id=827&lang=en#breadcrumb","itemListElement":[{"@type":"ListItem","position":1,"name":"Startseite","item":"https:\/\/www.luzine-happel.de\/"},{"@type":"ListItem","position":2,"name":"Library","item":"https:\/\/www.luzine-happel.de\/?page_id=55&lang=en"},{"@type":"ListItem","position":3,"name":"Musterheft (pattern book) Volume 2"}]},{"@type":"WebSite","@id":"https:\/\/www.luzine-happel.de\/#website","url":"https:\/\/www.luzine-happel.de\/","name":"Luzine Happel","description":"","potentialAction":[{"@type":"SearchAction","target":{"@type":"EntryPoint","urlTemplate":"https:\/\/www.luzine-happel.de\/?s={search_term_string}"},"query-input":{"@type":"PropertyValueSpecification","valueRequired":true,"valueName":"search_term_string"}}],"inLanguage":"de"}]}},"_links":{"self":[{"href":"https:\/\/www.luzine-happel.de\/index.php?rest_route=\/wp\/v2\/pages\/827"}],"collection":[{"href":"https:\/\/www.luzine-happel.de\/index.php?rest_route=\/wp\/v2\/pages"}],"about":[{"href":"https:\/\/www.luzine-happel.de\/index.php?rest_route=\/wp\/v2\/types\/page"}],"author":[{"embeddable":true,"href":"https:\/\/www.luzine-happel.de\/index.php?rest_route=\/wp\/v2\/users\/1"}],"replies":[{"embeddable":true,"href":"https:\/\/www.luzine-happel.de\/index.php?rest_route=%2Fwp%2Fv2%2Fcomments&post=827"}],"version-history":[{"count":1,"href":"https:\/\/www.luzine-happel.de\/index.php?rest_route=\/wp\/v2\/pages\/827\/revisions"}],"predecessor-version":[{"id":11231,"href":"https:\/\/www.luzine-happel.de\/index.php?rest_route=\/wp\/v2\/pages\/827\/revisions\/11231"}],"up":[{"embeddable":true,"href":"https:\/\/www.luzine-happel.de\/index.php?rest_route=\/wp\/v2\/pages\/55"}],"wp:attachment":[{"href":"https:\/\/www.luzine-happel.de\/index.php?rest_route=%2Fwp%2Fv2%2Fmedia&parent=827"}],"curies":[{"name":"wp","href":"https:\/\/api.w.org\/{rel}","templated":true}]}}