{"id":839,"date":"2012-07-13T10:20:11","date_gmt":"2012-07-13T08:20:11","guid":{"rendered":"https:\/\/www.luzine-happel.de\/?page_id=839"},"modified":"2018-03-18T14:11:58","modified_gmt":"2018-03-18T12:11:58","slug":"limetrosen-i","status":"publish","type":"page","link":"https:\/\/www.luzine-happel.de\/?page_id=839","title":{"rendered":"Limetrosen I"},"content":{"rendered":"<div class='content-column one_half'><a href=\"https:\/\/www.luzine-happel.de\/wp-content\/uploads\/2012\/06\/Limetrosen-I.jpg\"><img loading=\"lazy\" decoding=\"async\" style=\"border:1px solid #000000;float:none;\" class=\"alignleft lupenb\" title=\"Limetrosen I - Luzine Happel\" src=\"https:\/\/www.luzine-happel.de\/wp-content\/uploads\/2012\/06\/Limetrosen-I-438x609.jpg\" alt=\"Limetrosen I - Luzine Happel\" width=\"438\" height=\"609\" \/><\/a><center><strong>Limetrosen I<\/strong><\/center><br \/><\/div>\n<div class='content-column one_half last_column'><strong>Limetrosen I<\/strong><br \/>\nLuzine Happel<\/p>\n<ul>\n<li>Eigenverlag 1998<\/li>\n<li>Text: deutsch<\/li>\n<li>76 Seiten farbig; geheftet<\/li>\n<\/ul>\n<p>Einlagetext franz\u00f6sisch; Eigenverlag 2009<br \/>\nEinlagetext: englisch; Eigenverlag 2010<br \/>\nDie Limetrose ist ein Wickelstich, der um einen Mittelpunkt herum gearbeitet wird. Die Limetrose \u2013 auch als \u201eRosette\u201c oder \u201eMadeira-Sternchen\u201c (Hardanger-Stickerei) (Algerian Eye Stitch) bekannt, ist ein althergebrachtes Fl\u00e4chenf\u00fcllmuster der Schw\u00e4lmer Wei\u00dfstickerei. Auch die \u201edoppelte Limetrose\u201c \u2013 \u00fcber zwei Limet-K\u00e4stchen gestickt \u2013 war schon fr\u00fcher bekannt. Ebenso ein Muster, das aus einem Viertel der einfachen Limetrose gebildet wird und den Namen \u201eFederchen\u201c oder \u201eFl\u00fcgelstich\u201c \u2013 hier: \u201eGefieder\u201c \u2013 tr\u00e4gt, weil dieses Muster meist zum Schm\u00fccken der Fl\u00fcgel der V\u00f6gel eingesetzt wird.<br \/>\nNeu hinzu kommt hier die \u201everzogene Limetrose\u201c, die in der einen Richtung \u00fcber 1 Limet-K\u00e4stchen, in der anderen \u00fcber 2 gearbeitet wird.<br \/>\nAlle diese Limetrosen wurden, wurden \u2013 dem Limetraster folgend \u2013 in Teile aufgegliedert. Aus diesen Teilen entstanden neue Muster. Da bei diesen Mustern sehr viel Stickgarn auf der Oberseite des Stoffes liegt, wirken sie sehr plastisch. Ihr Glanz entfaltet einen besonders h\u00fcbschen, optischen Reiz.<br \/>\nGezeigt werden insgesamt 68 Muster, die allesamt durch einfach zu verstehende Schritt-f\u00fcr-Schritt \u2013Fotos erkl\u00e4rt werden.<br \/>\nDazu gibt es wichtige Hinweise zum effizienten Arbeiten der Muster und zum richtigen Einsatz in der jeweiligen Kontur.<\/p>\n<p>All die hier gezeigten Muster sind auch in der Ajourstickerei einsetzbar.<br \/>\nEinen Einblick in das Buch kann man nehmen unter &#8222;<a title=\"Limetrosen I\" href=\"https:\/\/www.luzine-happel.de\/?page_id=420\">Shop<\/a>&#8222;.<br \/><\/div><div class='clear_column'><\/div>","protected":false},"excerpt":{"rendered":"","protected":false},"author":1,"featured_media":0,"parent":55,"menu_order":0,"comment_status":"open","ping_status":"open","template":"page-FullWidth.php","meta":{"inline_featured_image":false,"footnotes":""},"yoast_head":"<!-- This site is optimized with the Yoast SEO plugin v24.5 - https:\/\/yoast.com\/wordpress\/plugins\/seo\/ -->\n<title>Limetrosen I - Luzine Happel<\/title>\n<meta name=\"robots\" content=\"index, follow, max-snippet:-1, max-image-preview:large, max-video-preview:-1\" \/>\n<link rel=\"canonical\" href=\"https:\/\/www.luzine-happel.de\/?page_id=839&lang=en\" \/>\n<meta property=\"og:locale\" content=\"de_DE\" \/>\n<meta property=\"og:type\" content=\"article\" \/>\n<meta property=\"og:title\" content=\"Limetrosen I - Luzine Happel\" \/>\n<meta property=\"og:url\" content=\"https:\/\/www.luzine-happel.de\/?page_id=839&amp;lang=en\" \/>\n<meta property=\"og:site_name\" content=\"Luzine Happel\" \/>\n<meta property=\"article:modified_time\" content=\"2018-03-18T12:11:58+00:00\" \/>\n<meta property=\"og:image\" content=\"https:\/\/www.luzine-happel.de\/wp-content\/uploads\/2012\/06\/Limetrosen-I-438x609.jpg\" \/>\n<meta name=\"twitter:card\" content=\"summary_large_image\" \/>\n<meta name=\"twitter:label1\" content=\"Gesch\u00e4tzte Lesezeit\" \/>\n\t<meta name=\"twitter:data1\" content=\"2\u00a0Minuten\" \/>\n<script type=\"application\/ld+json\" class=\"yoast-schema-graph\">{\"@context\":\"https:\/\/schema.org\",\"@graph\":[{\"@type\":\"WebPage\",\"@id\":\"https:\/\/www.luzine-happel.de\/?page_id=839&lang=en\",\"url\":\"https:\/\/www.luzine-happel.de\/?page_id=839&lang=en\",\"name\":\"Limetrosen I - Luzine Happel\",\"isPartOf\":{\"@id\":\"https:\/\/www.luzine-happel.de\/#website\"},\"primaryImageOfPage\":{\"@id\":\"https:\/\/www.luzine-happel.de\/?page_id=839&lang=en#primaryimage\"},\"image\":{\"@id\":\"https:\/\/www.luzine-happel.de\/?page_id=839&lang=en#primaryimage\"},\"thumbnailUrl\":\"https:\/\/www.luzine-happel.de\/wp-content\/uploads\/2012\/06\/Limetrosen-I-438x609.jpg\",\"datePublished\":\"2012-07-13T08:20:11+00:00\",\"dateModified\":\"2018-03-18T12:11:58+00:00\",\"breadcrumb\":{\"@id\":\"https:\/\/www.luzine-happel.de\/?page_id=839&lang=en#breadcrumb\"},\"inLanguage\":\"de\",\"potentialAction\":[{\"@type\":\"ReadAction\",\"target\":[\"https:\/\/www.luzine-happel.de\/?page_id=839&lang=en\"]}]},{\"@type\":\"ImageObject\",\"inLanguage\":\"de\",\"@id\":\"https:\/\/www.luzine-happel.de\/?page_id=839&lang=en#primaryimage\",\"url\":\"https:\/\/www.luzine-happel.de\/wp-content\/uploads\/2012\/06\/Limetrosen-I.jpg\",\"contentUrl\":\"https:\/\/www.luzine-happel.de\/wp-content\/uploads\/2012\/06\/Limetrosen-I.jpg\",\"width\":\"736\",\"height\":\"1024\",\"caption\":\"Limetrosen I - Luzine Happel\"},{\"@type\":\"BreadcrumbList\",\"@id\":\"https:\/\/www.luzine-happel.de\/?page_id=839&lang=en#breadcrumb\",\"itemListElement\":[{\"@type\":\"ListItem\",\"position\":1,\"name\":\"Startseite\",\"item\":\"https:\/\/www.luzine-happel.de\/\"},{\"@type\":\"ListItem\",\"position\":2,\"name\":\"Library\",\"item\":\"https:\/\/www.luzine-happel.de\/?page_id=55&lang=en\"},{\"@type\":\"ListItem\",\"position\":3,\"name\":\"Limetrosen I\"}]},{\"@type\":\"WebSite\",\"@id\":\"https:\/\/www.luzine-happel.de\/#website\",\"url\":\"https:\/\/www.luzine-happel.de\/\",\"name\":\"Luzine Happel\",\"description\":\"\",\"potentialAction\":[{\"@type\":\"SearchAction\",\"target\":{\"@type\":\"EntryPoint\",\"urlTemplate\":\"https:\/\/www.luzine-happel.de\/?s={search_term_string}\"},\"query-input\":{\"@type\":\"PropertyValueSpecification\",\"valueRequired\":true,\"valueName\":\"search_term_string\"}}],\"inLanguage\":\"de\"}]}<\/script>\n<!-- \/ Yoast SEO plugin. -->","yoast_head_json":{"title":"Limetrosen I - Luzine Happel","robots":{"index":"index","follow":"follow","max-snippet":"max-snippet:-1","max-image-preview":"max-image-preview:large","max-video-preview":"max-video-preview:-1"},"canonical":"https:\/\/www.luzine-happel.de\/?page_id=839&lang=en","og_locale":"de_DE","og_type":"article","og_title":"Limetrosen I - Luzine Happel","og_url":"https:\/\/www.luzine-happel.de\/?page_id=839&lang=en","og_site_name":"Luzine Happel","article_modified_time":"2018-03-18T12:11:58+00:00","og_image":[{"url":"https:\/\/www.luzine-happel.de\/wp-content\/uploads\/2012\/06\/Limetrosen-I-438x609.jpg","type":"","width":"","height":""}],"twitter_card":"summary_large_image","twitter_misc":{"Gesch\u00e4tzte Lesezeit":"2\u00a0Minuten"},"schema":{"@context":"https:\/\/schema.org","@graph":[{"@type":"WebPage","@id":"https:\/\/www.luzine-happel.de\/?page_id=839&lang=en","url":"https:\/\/www.luzine-happel.de\/?page_id=839&lang=en","name":"Limetrosen I - Luzine Happel","isPartOf":{"@id":"https:\/\/www.luzine-happel.de\/#website"},"primaryImageOfPage":{"@id":"https:\/\/www.luzine-happel.de\/?page_id=839&lang=en#primaryimage"},"image":{"@id":"https:\/\/www.luzine-happel.de\/?page_id=839&lang=en#primaryimage"},"thumbnailUrl":"https:\/\/www.luzine-happel.de\/wp-content\/uploads\/2012\/06\/Limetrosen-I-438x609.jpg","datePublished":"2012-07-13T08:20:11+00:00","dateModified":"2018-03-18T12:11:58+00:00","breadcrumb":{"@id":"https:\/\/www.luzine-happel.de\/?page_id=839&lang=en#breadcrumb"},"inLanguage":"de","potentialAction":[{"@type":"ReadAction","target":["https:\/\/www.luzine-happel.de\/?page_id=839&lang=en"]}]},{"@type":"ImageObject","inLanguage":"de","@id":"https:\/\/www.luzine-happel.de\/?page_id=839&lang=en#primaryimage","url":"https:\/\/www.luzine-happel.de\/wp-content\/uploads\/2012\/06\/Limetrosen-I.jpg","contentUrl":"https:\/\/www.luzine-happel.de\/wp-content\/uploads\/2012\/06\/Limetrosen-I.jpg","width":"736","height":"1024","caption":"Limetrosen I - Luzine Happel"},{"@type":"BreadcrumbList","@id":"https:\/\/www.luzine-happel.de\/?page_id=839&lang=en#breadcrumb","itemListElement":[{"@type":"ListItem","position":1,"name":"Startseite","item":"https:\/\/www.luzine-happel.de\/"},{"@type":"ListItem","position":2,"name":"Library","item":"https:\/\/www.luzine-happel.de\/?page_id=55&lang=en"},{"@type":"ListItem","position":3,"name":"Limetrosen I"}]},{"@type":"WebSite","@id":"https:\/\/www.luzine-happel.de\/#website","url":"https:\/\/www.luzine-happel.de\/","name":"Luzine Happel","description":"","potentialAction":[{"@type":"SearchAction","target":{"@type":"EntryPoint","urlTemplate":"https:\/\/www.luzine-happel.de\/?s={search_term_string}"},"query-input":{"@type":"PropertyValueSpecification","valueRequired":true,"valueName":"search_term_string"}}],"inLanguage":"de"}]}},"_links":{"self":[{"href":"https:\/\/www.luzine-happel.de\/index.php?rest_route=\/wp\/v2\/pages\/839"}],"collection":[{"href":"https:\/\/www.luzine-happel.de\/index.php?rest_route=\/wp\/v2\/pages"}],"about":[{"href":"https:\/\/www.luzine-happel.de\/index.php?rest_route=\/wp\/v2\/types\/page"}],"author":[{"embeddable":true,"href":"https:\/\/www.luzine-happel.de\/index.php?rest_route=\/wp\/v2\/users\/1"}],"replies":[{"embeddable":true,"href":"https:\/\/www.luzine-happel.de\/index.php?rest_route=%2Fwp%2Fv2%2Fcomments&post=839"}],"version-history":[{"count":1,"href":"https:\/\/www.luzine-happel.de\/index.php?rest_route=\/wp\/v2\/pages\/839\/revisions"}],"predecessor-version":[{"id":11251,"href":"https:\/\/www.luzine-happel.de\/index.php?rest_route=\/wp\/v2\/pages\/839\/revisions\/11251"}],"up":[{"embeddable":true,"href":"https:\/\/www.luzine-happel.de\/index.php?rest_route=\/wp\/v2\/pages\/55"}],"wp:attachment":[{"href":"https:\/\/www.luzine-happel.de\/index.php?rest_route=%2Fwp%2Fv2%2Fmedia&parent=839"}],"curies":[{"name":"wp","href":"https:\/\/api.w.org\/{rel}","templated":true}]}}