{"id":8473,"date":"2017-03-21T23:04:07","date_gmt":"2017-03-21T21:04:07","guid":{"rendered":"https:\/\/www.luzine-happel.de\/?page_id=8473"},"modified":"2024-06-27T21:51:46","modified_gmt":"2024-06-27T19:51:46","slug":"limetrosen-1-english","status":"publish","type":"page","link":"https:\/\/www.luzine-happel.de\/?page_id=8473","title":{"rendered":"Limetrosen 1  &#8211; English"},"content":{"rendered":"<p><\/p>\n<div class=\"product-description\" data-name=\"Limetrosen I - English\" data-price=\"35,00\">\n<h3 class=\"product-name\">Limetrosen I &#8211; English<\/h3>\n<div class=\"produktbeschreibung\">\n<p>Fl\u00e4chenf\u00fcllmuster mit bebilderter Schritt-f\u00fcr-Schritt Anleitung<\/p>\n<ul>\n<li>81 Seiten<\/li>\n<li>1032 Bilder<\/li>\n<li>67 Fl\u00e4chenf\u00fcllmuster<\/li>\n<li>mit Schnellfinde-\u00dcbersicht<\/li>\n<li>Ringbindung<\/li>\n<li>Text: englisch<\/li>\n<\/ul>\n<p>Weitergehende Informationen finden Sie <a href=\"https:\/\/www.luzine-happel.de\/?p=8475\">hier<\/a>.&#8220;<\/p>\n<\/div>\n<p class=\"produktpreis\">35,00 \u20ac <\/p>\n<p class=\"produktzusatz\">(zzgl. <a href=\"https:\/\/www.luzine-happel.de\/?page_id=13\">Versandkosten<\/a>)<br \/>Ohne Steuerausweis gem\u00e4\u00df Kleinunternehmerregelung \u00a7 19 UStG<\/p>\n<p><button class=\"btn btn-danger my-cart-btn luzinebutton\" data-id=\"079\" data-name=\"079 | Limetrosen I - English\" data-summary=\"079 | Limetrosen I - English\" data-price=\"35,00\" data-quantity=\"1\" data-image=\"https:\/\/www.luzine-happel.de\/wp-content\/uploads\/formidable\/21\/079-Limetrosen-I_Titel_englisch-198x280.jpg\" data-tax=\"7\">In den Warenkorb<\/button><\/p>\n<\/div>\n<p><\/p>\n\n<div style=\"max-width: 580px;\">\n<div class=\"slick-slider-wrapper\">\n<div class=\"slick-slider slick-slider--size-large\" id=\"slick-slider-1\" >\n<div class=\"slide\" data-attachment-id=\"8503\">\n<div class=\"slide__inner\">\n<a href='https:\/\/www.luzine-happel.de\/wp-content\/uploads\/2017\/03\/Limetrosen-I_Titel_englisch.jpg'><img width=\"600\" height=\"849\" class=\"attachment-large size-large\" alt=\"\" data-sizes=\"(max-width: 600px) 100vw, 600px\" data-lazy=\"https:\/\/www.luzine-happel.de\/wp-content\/uploads\/2017\/03\/Limetrosen-I_Titel_englisch-724x1024.jpg\" data-srcset=\"https:\/\/www.luzine-happel.de\/wp-content\/uploads\/2017\/03\/Limetrosen-I_Titel_englisch-724x1024.jpg 724w, https:\/\/www.luzine-happel.de\/wp-content\/uploads\/2017\/03\/Limetrosen-I_Titel_englisch-198x280.jpg 198w, https:\/\/www.luzine-happel.de\/wp-content\/uploads\/2017\/03\/Limetrosen-I_Titel_englisch-768x1086.jpg 768w, https:\/\/www.luzine-happel.de\/wp-content\/uploads\/2017\/03\/Limetrosen-I_Titel_englisch-438x619.jpg 438w, https:\/\/www.luzine-happel.de\/wp-content\/uploads\/2017\/03\/Limetrosen-I_Titel_englisch.jpg 849w\" \/><\/a>\n<\/div>\n<\/div>\n<div class=\"slide\" data-attachment-id=\"8484\">\n<div class=\"slide__inner\">\n<a href='https:\/\/www.luzine-happel.de\/wp-content\/uploads\/2017\/03\/Limetrosen-I-_Seite-2-englisch.jpg'><img width=\"600\" height=\"849\" class=\"attachment-large size-large\" alt=\"\" data-sizes=\"(max-width: 600px) 100vw, 600px\" data-lazy=\"https:\/\/www.luzine-happel.de\/wp-content\/uploads\/2017\/03\/Limetrosen-I-_Seite-2-englisch-724x1024.jpg\" data-srcset=\"https:\/\/www.luzine-happel.de\/wp-content\/uploads\/2017\/03\/Limetrosen-I-_Seite-2-englisch-724x1024.jpg 724w, https:\/\/www.luzine-happel.de\/wp-content\/uploads\/2017\/03\/Limetrosen-I-_Seite-2-englisch-198x280.jpg 198w, https:\/\/www.luzine-happel.de\/wp-content\/uploads\/2017\/03\/Limetrosen-I-_Seite-2-englisch-768x1086.jpg 768w, https:\/\/www.luzine-happel.de\/wp-content\/uploads\/2017\/03\/Limetrosen-I-_Seite-2-englisch-438x619.jpg 438w, https:\/\/www.luzine-happel.de\/wp-content\/uploads\/2017\/03\/Limetrosen-I-_Seite-2-englisch.jpg 849w\" \/><\/a>\n<\/div>\n<\/div>\n<div class=\"slide\" data-attachment-id=\"8485\">\n<div class=\"slide__inner\">\n<a href='https:\/\/www.luzine-happel.de\/wp-content\/uploads\/2017\/03\/Limetrosen-I_Seite-1-englisch.jpg'><img width=\"600\" height=\"849\" class=\"attachment-large size-large\" alt=\"\" data-sizes=\"(max-width: 600px) 100vw, 600px\" data-lazy=\"https:\/\/www.luzine-happel.de\/wp-content\/uploads\/2017\/03\/Limetrosen-I_Seite-1-englisch-724x1024.jpg\" data-srcset=\"https:\/\/www.luzine-happel.de\/wp-content\/uploads\/2017\/03\/Limetrosen-I_Seite-1-englisch-724x1024.jpg 724w, https:\/\/www.luzine-happel.de\/wp-content\/uploads\/2017\/03\/Limetrosen-I_Seite-1-englisch-198x280.jpg 198w, https:\/\/www.luzine-happel.de\/wp-content\/uploads\/2017\/03\/Limetrosen-I_Seite-1-englisch-768x1086.jpg 768w, https:\/\/www.luzine-happel.de\/wp-content\/uploads\/2017\/03\/Limetrosen-I_Seite-1-englisch-438x619.jpg 438w, https:\/\/www.luzine-happel.de\/wp-content\/uploads\/2017\/03\/Limetrosen-I_Seite-1-englisch.jpg 849w\" \/><\/a>\n<\/div>\n<\/div>\n<\/div>\n<\/div>\n<\/div>\n<\/p>\n<div class=\"product-description\" data-name=\"Limetrosen I - English\" data-price=\"35,00\">\n<h3 class=\"product-name\">Limetrosen I &#8211; English<\/h3>\n<div class=\"produktbeschreibung\">\n<p>Fl\u00e4chenf\u00fcllmuster mit bebilderter Schritt-f\u00fcr-Schritt Anleitung<\/p>\n<ul>\n<li>81 Seiten<\/li>\n<li>1032 Bilder<\/li>\n<li>67 Fl\u00e4chenf\u00fcllmuster<\/li>\n<li>mit Schnellfinde-\u00dcbersicht<\/li>\n<li>Ringbindung<\/li>\n<li>Text: englisch<\/li>\n<\/ul>\n<p>Weitergehende Informationen finden Sie <a href=\"https:\/\/www.luzine-happel.de\/?p=8475\">hier<\/a>.&#8220;<\/p>\n<\/div>\n<p class=\"produktpreis\">35,00 \u20ac <\/p>\n<p class=\"produktzusatz\">(zzgl. <a href=\"https:\/\/www.luzine-happel.de\/?page_id=13\">Versandkosten<\/a>)<br \/>Ohne Steuerausweis gem\u00e4\u00df Kleinunternehmerregelung \u00a7 19 UStG<\/p>\n<p><button class=\"btn btn-danger my-cart-btn luzinebutton\" data-id=\"079\" data-name=\"079 | Limetrosen I - English\" data-summary=\"079 | Limetrosen I - English\" data-price=\"35,00\" data-quantity=\"1\" data-image=\"https:\/\/www.luzine-happel.de\/wp-content\/uploads\/formidable\/21\/079-Limetrosen-I_Titel_englisch-198x280.jpg\" data-tax=\"7\">In den Warenkorb<\/button><\/p>\n<\/div>\n<p><\/p>\n\n<div style=\"max-width: 580px;\"><div class=\"slick-slider-wrapper\">\n<div class=\"slick-slider slick-slider--size-large\" id=\"slick-slider-2\" >\n<div class=\"slide\" data-attachment-id=\"8503\">\n<div class=\"slide__inner\">\n<a href='https:\/\/www.luzine-happel.de\/wp-content\/uploads\/2017\/03\/Limetrosen-I_Titel_englisch.jpg'><img width=\"600\" height=\"849\" class=\"attachment-large size-large\" alt=\"\" data-sizes=\"(max-width: 600px) 100vw, 600px\" data-lazy=\"https:\/\/www.luzine-happel.de\/wp-content\/uploads\/2017\/03\/Limetrosen-I_Titel_englisch-724x1024.jpg\" data-srcset=\"https:\/\/www.luzine-happel.de\/wp-content\/uploads\/2017\/03\/Limetrosen-I_Titel_englisch-724x1024.jpg 724w, https:\/\/www.luzine-happel.de\/wp-content\/uploads\/2017\/03\/Limetrosen-I_Titel_englisch-198x280.jpg 198w, https:\/\/www.luzine-happel.de\/wp-content\/uploads\/2017\/03\/Limetrosen-I_Titel_englisch-768x1086.jpg 768w, https:\/\/www.luzine-happel.de\/wp-content\/uploads\/2017\/03\/Limetrosen-I_Titel_englisch-438x619.jpg 438w, https:\/\/www.luzine-happel.de\/wp-content\/uploads\/2017\/03\/Limetrosen-I_Titel_englisch.jpg 849w\" \/><\/a>\n<\/div>\n<\/div>\n<div class=\"slide\" data-attachment-id=\"8484\">\n<div class=\"slide__inner\">\n<a href='https:\/\/www.luzine-happel.de\/wp-content\/uploads\/2017\/03\/Limetrosen-I-_Seite-2-englisch.jpg'><img width=\"600\" height=\"849\" class=\"attachment-large size-large\" alt=\"\" data-sizes=\"(max-width: 600px) 100vw, 600px\" data-lazy=\"https:\/\/www.luzine-happel.de\/wp-content\/uploads\/2017\/03\/Limetrosen-I-_Seite-2-englisch-724x1024.jpg\" data-srcset=\"https:\/\/www.luzine-happel.de\/wp-content\/uploads\/2017\/03\/Limetrosen-I-_Seite-2-englisch-724x1024.jpg 724w, https:\/\/www.luzine-happel.de\/wp-content\/uploads\/2017\/03\/Limetrosen-I-_Seite-2-englisch-198x280.jpg 198w, https:\/\/www.luzine-happel.de\/wp-content\/uploads\/2017\/03\/Limetrosen-I-_Seite-2-englisch-768x1086.jpg 768w, https:\/\/www.luzine-happel.de\/wp-content\/uploads\/2017\/03\/Limetrosen-I-_Seite-2-englisch-438x619.jpg 438w, https:\/\/www.luzine-happel.de\/wp-content\/uploads\/2017\/03\/Limetrosen-I-_Seite-2-englisch.jpg 849w\" \/><\/a>\n<\/div>\n<\/div>\n<div class=\"slide\" data-attachment-id=\"8485\">\n<div class=\"slide__inner\">\n<a href='https:\/\/www.luzine-happel.de\/wp-content\/uploads\/2017\/03\/Limetrosen-I_Seite-1-englisch.jpg'><img width=\"600\" height=\"849\" class=\"attachment-large size-large\" alt=\"\" data-sizes=\"(max-width: 600px) 100vw, 600px\" data-lazy=\"https:\/\/www.luzine-happel.de\/wp-content\/uploads\/2017\/03\/Limetrosen-I_Seite-1-englisch-724x1024.jpg\" data-srcset=\"https:\/\/www.luzine-happel.de\/wp-content\/uploads\/2017\/03\/Limetrosen-I_Seite-1-englisch-724x1024.jpg 724w, https:\/\/www.luzine-happel.de\/wp-content\/uploads\/2017\/03\/Limetrosen-I_Seite-1-englisch-198x280.jpg 198w, https:\/\/www.luzine-happel.de\/wp-content\/uploads\/2017\/03\/Limetrosen-I_Seite-1-englisch-768x1086.jpg 768w, https:\/\/www.luzine-happel.de\/wp-content\/uploads\/2017\/03\/Limetrosen-I_Seite-1-englisch-438x619.jpg 438w, https:\/\/www.luzine-happel.de\/wp-content\/uploads\/2017\/03\/Limetrosen-I_Seite-1-englisch.jpg 849w\" \/><\/a>\n<\/div>\n<\/div>\n<\/div>\n<\/div>\n<\/div>","protected":false},"excerpt":{"rendered":"","protected":false},"author":1,"featured_media":0,"parent":57,"menu_order":0,"comment_status":"closed","ping_status":"closed","template":"page-FullWidth.php","meta":{"inline_featured_image":false,"footnotes":""},"class_list":["post-8473","page","type-page","status-publish","hentry","wpautop"],"yoast_head":"<!-- This site is optimized with the Yoast SEO plugin v27.4 - https:\/\/yoast.com\/product\/yoast-seo-wordpress\/ -->\n<title>Limetrosen 1 - English - Luzine Happel<\/title>\n<meta name=\"robots\" content=\"index, follow, max-snippet:-1, max-image-preview:large, max-video-preview:-1\" \/>\n<link rel=\"canonical\" href=\"https:\/\/www.luzine-happel.de\/?page_id=8473\" \/>\n<meta property=\"og:locale\" content=\"de_DE\" \/>\n<meta property=\"og:type\" content=\"article\" \/>\n<meta property=\"og:title\" content=\"Limetrosen 1 - English - Luzine Happel\" \/>\n<meta property=\"og:url\" content=\"https:\/\/www.luzine-happel.de\/?page_id=8473\" \/>\n<meta property=\"og:site_name\" content=\"Luzine Happel\" \/>\n<meta property=\"article:modified_time\" content=\"2024-06-27T19:51:46+00:00\" \/>\n<meta property=\"og:image\" content=\"https:\/\/www.luzine-happel.de\/wp-content\/uploads\/2017\/03\/Limetrosen-I_Titel_englisch-724x1024.jpg\" \/>\n<meta name=\"twitter:card\" content=\"summary_large_image\" \/>\n<meta name=\"twitter:label1\" content=\"Gesch\u00e4tzte Lesezeit\" \/>\n\t<meta name=\"twitter:data1\" content=\"1\u00a0Minute\" \/>\n<script type=\"application\/ld+json\" class=\"yoast-schema-graph\">{\"@context\":\"https:\\\/\\\/schema.org\",\"@graph\":[{\"@type\":\"WebPage\",\"@id\":\"https:\\\/\\\/www.luzine-happel.de\\\/?page_id=8473\",\"url\":\"https:\\\/\\\/www.luzine-happel.de\\\/?page_id=8473\",\"name\":\"Limetrosen 1 - English - Luzine Happel\",\"isPartOf\":{\"@id\":\"https:\\\/\\\/www.luzine-happel.de\\\/#website\"},\"datePublished\":\"2017-03-21T21:04:07+00:00\",\"dateModified\":\"2024-06-27T19:51:46+00:00\",\"breadcrumb\":{\"@id\":\"https:\\\/\\\/www.luzine-happel.de\\\/?page_id=8473#breadcrumb\"},\"inLanguage\":\"de\",\"potentialAction\":[{\"@type\":\"ReadAction\",\"target\":[\"https:\\\/\\\/www.luzine-happel.de\\\/?page_id=8473\"]}]},{\"@type\":\"BreadcrumbList\",\"@id\":\"https:\\\/\\\/www.luzine-happel.de\\\/?page_id=8473#breadcrumb\",\"itemListElement\":[{\"@type\":\"ListItem\",\"position\":1,\"name\":\"Startseite\",\"item\":\"https:\\\/\\\/www.luzine-happel.de\\\/\"},{\"@type\":\"ListItem\",\"position\":2,\"name\":\"Shop\",\"item\":\"https:\\\/\\\/www.luzine-happel.de\\\/?page_id=57&lang=en\"},{\"@type\":\"ListItem\",\"position\":3,\"name\":\"Limetrosen 1 &#8211; English\"}]},{\"@type\":\"WebSite\",\"@id\":\"https:\\\/\\\/www.luzine-happel.de\\\/#website\",\"url\":\"https:\\\/\\\/www.luzine-happel.de\\\/\",\"name\":\"Luzine Happel\",\"description\":\"\",\"potentialAction\":[{\"@type\":\"SearchAction\",\"target\":{\"@type\":\"EntryPoint\",\"urlTemplate\":\"https:\\\/\\\/www.luzine-happel.de\\\/?s={search_term_string}\"},\"query-input\":{\"@type\":\"PropertyValueSpecification\",\"valueRequired\":true,\"valueName\":\"search_term_string\"}}],\"inLanguage\":\"de\"}]}<\/script>\n<!-- \/ Yoast SEO plugin. -->","yoast_head_json":{"title":"Limetrosen 1 - English - Luzine Happel","robots":{"index":"index","follow":"follow","max-snippet":"max-snippet:-1","max-image-preview":"max-image-preview:large","max-video-preview":"max-video-preview:-1"},"canonical":"https:\/\/www.luzine-happel.de\/?page_id=8473","og_locale":"de_DE","og_type":"article","og_title":"Limetrosen 1 - English - Luzine Happel","og_url":"https:\/\/www.luzine-happel.de\/?page_id=8473","og_site_name":"Luzine Happel","article_modified_time":"2024-06-27T19:51:46+00:00","og_image":[{"url":"https:\/\/www.luzine-happel.de\/wp-content\/uploads\/2017\/03\/Limetrosen-I_Titel_englisch-724x1024.jpg","type":"","width":"","height":""}],"twitter_card":"summary_large_image","twitter_misc":{"Gesch\u00e4tzte Lesezeit":"1\u00a0Minute"},"schema":{"@context":"https:\/\/schema.org","@graph":[{"@type":"WebPage","@id":"https:\/\/www.luzine-happel.de\/?page_id=8473","url":"https:\/\/www.luzine-happel.de\/?page_id=8473","name":"Limetrosen 1 - English - Luzine Happel","isPartOf":{"@id":"https:\/\/www.luzine-happel.de\/#website"},"datePublished":"2017-03-21T21:04:07+00:00","dateModified":"2024-06-27T19:51:46+00:00","breadcrumb":{"@id":"https:\/\/www.luzine-happel.de\/?page_id=8473#breadcrumb"},"inLanguage":"de","potentialAction":[{"@type":"ReadAction","target":["https:\/\/www.luzine-happel.de\/?page_id=8473"]}]},{"@type":"BreadcrumbList","@id":"https:\/\/www.luzine-happel.de\/?page_id=8473#breadcrumb","itemListElement":[{"@type":"ListItem","position":1,"name":"Startseite","item":"https:\/\/www.luzine-happel.de\/"},{"@type":"ListItem","position":2,"name":"Shop","item":"https:\/\/www.luzine-happel.de\/?page_id=57&lang=en"},{"@type":"ListItem","position":3,"name":"Limetrosen 1 &#8211; English"}]},{"@type":"WebSite","@id":"https:\/\/www.luzine-happel.de\/#website","url":"https:\/\/www.luzine-happel.de\/","name":"Luzine Happel","description":"","potentialAction":[{"@type":"SearchAction","target":{"@type":"EntryPoint","urlTemplate":"https:\/\/www.luzine-happel.de\/?s={search_term_string}"},"query-input":{"@type":"PropertyValueSpecification","valueRequired":true,"valueName":"search_term_string"}}],"inLanguage":"de"}]}},"_links":{"self":[{"href":"https:\/\/www.luzine-happel.de\/index.php?rest_route=\/wp\/v2\/pages\/8473","targetHints":{"allow":["GET"]}}],"collection":[{"href":"https:\/\/www.luzine-happel.de\/index.php?rest_route=\/wp\/v2\/pages"}],"about":[{"href":"https:\/\/www.luzine-happel.de\/index.php?rest_route=\/wp\/v2\/types\/page"}],"author":[{"embeddable":true,"href":"https:\/\/www.luzine-happel.de\/index.php?rest_route=\/wp\/v2\/users\/1"}],"replies":[{"embeddable":true,"href":"https:\/\/www.luzine-happel.de\/index.php?rest_route=%2Fwp%2Fv2%2Fcomments&post=8473"}],"version-history":[{"count":10,"href":"https:\/\/www.luzine-happel.de\/index.php?rest_route=\/wp\/v2\/pages\/8473\/revisions"}],"predecessor-version":[{"id":24213,"href":"https:\/\/www.luzine-happel.de\/index.php?rest_route=\/wp\/v2\/pages\/8473\/revisions\/24213"}],"up":[{"embeddable":true,"href":"https:\/\/www.luzine-happel.de\/index.php?rest_route=\/wp\/v2\/pages\/57"}],"wp:attachment":[{"href":"https:\/\/www.luzine-happel.de\/index.php?rest_route=%2Fwp%2Fv2%2Fmedia&parent=8473"}],"curies":[{"name":"wp","href":"https:\/\/api.w.org\/{rel}","templated":true}]}}