{"id":850,"date":"2012-07-13T11:09:41","date_gmt":"2012-07-13T09:09:41","guid":{"rendered":"https:\/\/www.luzine-happel.de\/?page_id=850"},"modified":"2018-03-18T14:11:43","modified_gmt":"2018-03-18T12:11:43","slug":"lichte-muster-stopfstiche","status":"publish","type":"page","link":"https:\/\/www.luzine-happel.de\/?page_id=850","title":{"rendered":"Lichte Muster \u201eStopfstiche\u201c"},"content":{"rendered":"<div class='content-column one_half'><a href=\"https:\/\/www.luzine-happel.de\/wp-content\/uploads\/2012\/06\/Stopfstiche.jpg\"><img loading=\"lazy\" decoding=\"async\" style=\"border:1px solid #000000;float:none;\" class=\"alignleft lupenb\" title=\"Lichte Muster \u201eStopfstiche\u201c - Luzine Happel\" src=\"https:\/\/www.luzine-happel.de\/wp-content\/uploads\/2012\/06\/Stopfstiche-438x619.jpg\" alt=\"Lichte Muster \u201eStopfstiche\u201c - Luzine Happel\" width=\"438\" height=\"619\" \/><\/a><center><strong>Lichte Muster \u201eStopfstiche\u201c<\/strong><\/center><br \/><\/div>\n<div class='content-column one_half last_column'><strong>Lichte Muster \u201eStopfstiche\u201c<\/strong><br \/>\nLuzine Happel<\/p>\n<ul>\n<li>Eigenverlag 2008<\/li>\n<li>Text: deutsch<\/li>\n<li>93 Seiten farbig; Ringbindung<\/li>\n<li>mit Schnellfinde-\u00dcbersicht<\/li>\n<\/ul>\n<p>\u201eLichte Muster\u201c werden auch als \u201eDoppeldurchbruch\u201c bezeichnet. Man entfernt aus einem Gewebe paarweise F\u00e4den in L\u00e4ngs- und Querrichtung und l\u00e4sst dazwischen Fadenpaare stehen. Das so entstehende Gitter wird mit Grundstichen gesichert und kann dann mit verschiedenen Musterungen verziert werden.<br \/>\nHier gezeigt werden ausschlie\u00dflich Endlos-Stopfstichmuster \u2013 insgesamt 175 verschiedene, deren Arbeitsweise durch einfach zu verstehende Schritt-f\u00fcr-Schritt-Fotos erkl\u00e4rt wird.<br \/>\nDazu gibt es wichtige Hinweise zum richtigen und effizienten Arbeiten der Muster und zum richtigen Einsatz in der jeweiligen Kontur sowie Beispiele. Hier wurde ein und dasselbe Schw\u00e4lmer Konturenmuster \u2013 eine Borte aus Tulpen, Knospen, Kreisen und Bl\u00e4ttern &#8211; 8 mal mit unterschiedlichen Stopfstichmustern gef\u00fcllt. So kann man die unterschiedliche Wirkungsweise der einzelnen Muster gut vergleichen.<br \/>\nEinen Einblick in das Buch kann man nehmen unter &#8222;<a title=\"Lichte Muster \u201eStopfstiche\u201c\" href=\"https:\/\/www.luzine-happel.de\/?page_id=455\">Shop<\/a>&#8222;.<br \/><\/div><div class='clear_column'><\/div>","protected":false},"excerpt":{"rendered":"","protected":false},"author":1,"featured_media":0,"parent":55,"menu_order":0,"comment_status":"open","ping_status":"open","template":"page-FullWidth.php","meta":{"inline_featured_image":false,"footnotes":""},"yoast_head":"<!-- This site is optimized with the Yoast SEO plugin v24.5 - https:\/\/yoast.com\/wordpress\/plugins\/seo\/ -->\n<title>Lichte Muster \u201eStopfstiche\u201c - Luzine Happel<\/title>\n<meta name=\"robots\" content=\"index, follow, max-snippet:-1, max-image-preview:large, max-video-preview:-1\" \/>\n<link rel=\"canonical\" href=\"https:\/\/www.luzine-happel.de\/?page_id=850&lang=en\" \/>\n<meta property=\"og:locale\" content=\"de_DE\" \/>\n<meta property=\"og:type\" content=\"article\" \/>\n<meta property=\"og:title\" content=\"Lichte Muster \u201eStopfstiche\u201c - Luzine Happel\" \/>\n<meta property=\"og:url\" content=\"https:\/\/www.luzine-happel.de\/?page_id=850&amp;lang=en\" \/>\n<meta property=\"og:site_name\" content=\"Luzine Happel\" \/>\n<meta property=\"article:modified_time\" content=\"2018-03-18T12:11:43+00:00\" \/>\n<meta property=\"og:image\" content=\"https:\/\/www.luzine-happel.de\/wp-content\/uploads\/2012\/06\/Stopfstiche-438x619.jpg\" \/>\n<meta name=\"twitter:card\" content=\"summary_large_image\" \/>\n<meta name=\"twitter:label1\" content=\"Gesch\u00e4tzte Lesezeit\" \/>\n\t<meta name=\"twitter:data1\" content=\"2\u00a0Minuten\" \/>\n<script type=\"application\/ld+json\" class=\"yoast-schema-graph\">{\"@context\":\"https:\/\/schema.org\",\"@graph\":[{\"@type\":\"WebPage\",\"@id\":\"https:\/\/www.luzine-happel.de\/?page_id=850&lang=en\",\"url\":\"https:\/\/www.luzine-happel.de\/?page_id=850&lang=en\",\"name\":\"Lichte Muster \u201eStopfstiche\u201c - Luzine Happel\",\"isPartOf\":{\"@id\":\"https:\/\/www.luzine-happel.de\/#website\"},\"primaryImageOfPage\":{\"@id\":\"https:\/\/www.luzine-happel.de\/?page_id=850&lang=en#primaryimage\"},\"image\":{\"@id\":\"https:\/\/www.luzine-happel.de\/?page_id=850&lang=en#primaryimage\"},\"thumbnailUrl\":\"https:\/\/www.luzine-happel.de\/wp-content\/uploads\/2012\/06\/Stopfstiche-438x619.jpg\",\"datePublished\":\"2012-07-13T09:09:41+00:00\",\"dateModified\":\"2018-03-18T12:11:43+00:00\",\"breadcrumb\":{\"@id\":\"https:\/\/www.luzine-happel.de\/?page_id=850&lang=en#breadcrumb\"},\"inLanguage\":\"de\",\"potentialAction\":[{\"@type\":\"ReadAction\",\"target\":[\"https:\/\/www.luzine-happel.de\/?page_id=850&lang=en\"]}]},{\"@type\":\"ImageObject\",\"inLanguage\":\"de\",\"@id\":\"https:\/\/www.luzine-happel.de\/?page_id=850&lang=en#primaryimage\",\"url\":\"https:\/\/www.luzine-happel.de\/wp-content\/uploads\/2012\/06\/Stopfstiche.jpg\",\"contentUrl\":\"https:\/\/www.luzine-happel.de\/wp-content\/uploads\/2012\/06\/Stopfstiche.jpg\",\"width\":\"724\",\"height\":\"1024\",\"caption\":\"Lichte Muster \u201eStopfstiche\u201c - Luzine Happel\"},{\"@type\":\"BreadcrumbList\",\"@id\":\"https:\/\/www.luzine-happel.de\/?page_id=850&lang=en#breadcrumb\",\"itemListElement\":[{\"@type\":\"ListItem\",\"position\":1,\"name\":\"Startseite\",\"item\":\"https:\/\/www.luzine-happel.de\/\"},{\"@type\":\"ListItem\",\"position\":2,\"name\":\"Library\",\"item\":\"https:\/\/www.luzine-happel.de\/?page_id=55&lang=en\"},{\"@type\":\"ListItem\",\"position\":3,\"name\":\"Lichte Muster \u201eStopfstiche\u201c\"}]},{\"@type\":\"WebSite\",\"@id\":\"https:\/\/www.luzine-happel.de\/#website\",\"url\":\"https:\/\/www.luzine-happel.de\/\",\"name\":\"Luzine Happel\",\"description\":\"\",\"potentialAction\":[{\"@type\":\"SearchAction\",\"target\":{\"@type\":\"EntryPoint\",\"urlTemplate\":\"https:\/\/www.luzine-happel.de\/?s={search_term_string}\"},\"query-input\":{\"@type\":\"PropertyValueSpecification\",\"valueRequired\":true,\"valueName\":\"search_term_string\"}}],\"inLanguage\":\"de\"}]}<\/script>\n<!-- \/ Yoast SEO plugin. -->","yoast_head_json":{"title":"Lichte Muster \u201eStopfstiche\u201c - Luzine Happel","robots":{"index":"index","follow":"follow","max-snippet":"max-snippet:-1","max-image-preview":"max-image-preview:large","max-video-preview":"max-video-preview:-1"},"canonical":"https:\/\/www.luzine-happel.de\/?page_id=850&lang=en","og_locale":"de_DE","og_type":"article","og_title":"Lichte Muster \u201eStopfstiche\u201c - Luzine Happel","og_url":"https:\/\/www.luzine-happel.de\/?page_id=850&lang=en","og_site_name":"Luzine Happel","article_modified_time":"2018-03-18T12:11:43+00:00","og_image":[{"url":"https:\/\/www.luzine-happel.de\/wp-content\/uploads\/2012\/06\/Stopfstiche-438x619.jpg","type":"","width":"","height":""}],"twitter_card":"summary_large_image","twitter_misc":{"Gesch\u00e4tzte Lesezeit":"2\u00a0Minuten"},"schema":{"@context":"https:\/\/schema.org","@graph":[{"@type":"WebPage","@id":"https:\/\/www.luzine-happel.de\/?page_id=850&lang=en","url":"https:\/\/www.luzine-happel.de\/?page_id=850&lang=en","name":"Lichte Muster \u201eStopfstiche\u201c - Luzine Happel","isPartOf":{"@id":"https:\/\/www.luzine-happel.de\/#website"},"primaryImageOfPage":{"@id":"https:\/\/www.luzine-happel.de\/?page_id=850&lang=en#primaryimage"},"image":{"@id":"https:\/\/www.luzine-happel.de\/?page_id=850&lang=en#primaryimage"},"thumbnailUrl":"https:\/\/www.luzine-happel.de\/wp-content\/uploads\/2012\/06\/Stopfstiche-438x619.jpg","datePublished":"2012-07-13T09:09:41+00:00","dateModified":"2018-03-18T12:11:43+00:00","breadcrumb":{"@id":"https:\/\/www.luzine-happel.de\/?page_id=850&lang=en#breadcrumb"},"inLanguage":"de","potentialAction":[{"@type":"ReadAction","target":["https:\/\/www.luzine-happel.de\/?page_id=850&lang=en"]}]},{"@type":"ImageObject","inLanguage":"de","@id":"https:\/\/www.luzine-happel.de\/?page_id=850&lang=en#primaryimage","url":"https:\/\/www.luzine-happel.de\/wp-content\/uploads\/2012\/06\/Stopfstiche.jpg","contentUrl":"https:\/\/www.luzine-happel.de\/wp-content\/uploads\/2012\/06\/Stopfstiche.jpg","width":"724","height":"1024","caption":"Lichte Muster \u201eStopfstiche\u201c - Luzine Happel"},{"@type":"BreadcrumbList","@id":"https:\/\/www.luzine-happel.de\/?page_id=850&lang=en#breadcrumb","itemListElement":[{"@type":"ListItem","position":1,"name":"Startseite","item":"https:\/\/www.luzine-happel.de\/"},{"@type":"ListItem","position":2,"name":"Library","item":"https:\/\/www.luzine-happel.de\/?page_id=55&lang=en"},{"@type":"ListItem","position":3,"name":"Lichte Muster \u201eStopfstiche\u201c"}]},{"@type":"WebSite","@id":"https:\/\/www.luzine-happel.de\/#website","url":"https:\/\/www.luzine-happel.de\/","name":"Luzine Happel","description":"","potentialAction":[{"@type":"SearchAction","target":{"@type":"EntryPoint","urlTemplate":"https:\/\/www.luzine-happel.de\/?s={search_term_string}"},"query-input":{"@type":"PropertyValueSpecification","valueRequired":true,"valueName":"search_term_string"}}],"inLanguage":"de"}]}},"_links":{"self":[{"href":"https:\/\/www.luzine-happel.de\/index.php?rest_route=\/wp\/v2\/pages\/850"}],"collection":[{"href":"https:\/\/www.luzine-happel.de\/index.php?rest_route=\/wp\/v2\/pages"}],"about":[{"href":"https:\/\/www.luzine-happel.de\/index.php?rest_route=\/wp\/v2\/types\/page"}],"author":[{"embeddable":true,"href":"https:\/\/www.luzine-happel.de\/index.php?rest_route=\/wp\/v2\/users\/1"}],"replies":[{"embeddable":true,"href":"https:\/\/www.luzine-happel.de\/index.php?rest_route=%2Fwp%2Fv2%2Fcomments&post=850"}],"version-history":[{"count":1,"href":"https:\/\/www.luzine-happel.de\/index.php?rest_route=\/wp\/v2\/pages\/850\/revisions"}],"predecessor-version":[{"id":11247,"href":"https:\/\/www.luzine-happel.de\/index.php?rest_route=\/wp\/v2\/pages\/850\/revisions\/11247"}],"up":[{"embeddable":true,"href":"https:\/\/www.luzine-happel.de\/index.php?rest_route=\/wp\/v2\/pages\/55"}],"wp:attachment":[{"href":"https:\/\/www.luzine-happel.de\/index.php?rest_route=%2Fwp%2Fv2%2Fmedia&parent=850"}],"curies":[{"name":"wp","href":"https:\/\/api.w.org\/{rel}","templated":true}]}}