{"id":868,"date":"2012-07-13T12:43:41","date_gmt":"2012-07-13T10:43:41","guid":{"rendered":"https:\/\/www.luzine-happel.de\/?page_id=868"},"modified":"2018-03-18T14:34:07","modified_gmt":"2018-03-18T12:34:07","slug":"saumbaukasten","status":"publish","type":"page","link":"https:\/\/www.luzine-happel.de\/?page_id=868","title":{"rendered":"Saumbaukasten"},"content":{"rendered":"<div class='content-column one_half'><a href=\"https:\/\/www.luzine-happel.de\/wp-content\/uploads\/2012\/06\/Saumbaukasten.jpg\"><img loading=\"lazy\" decoding=\"async\" style=\"border:1px solid #000000;float:none;\" src=\"https:\/\/www.luzine-happel.de\/wp-content\/uploads\/2012\/06\/Saumbaukasten-438x630.jpg\" alt=\"Saumbaukasten - Luzine Happel\" title=\"Saumbaukasten - Luzine Happel\" width=\"438\" height=\"630\" class=\"alignleft lupenb\" \/><\/a><center><strong>Saumbaukasten<\/strong><\/center><br \/><\/div>\n<div class='content-column one_half last_column'>Luzine Happel<br \/>\n<strong>Saumbaukasten<\/strong><\/p>\n<ul>\n<li>Eigenverlag 2004<\/li>\n<li>Text: deutsch<\/li>\n<li>50 B\u00f6gen DIN A 4 in Eckspannermappe; schwarz-wei\u00df<\/li>\n<li>Einlagetext franz\u00f6sisch; Eigenverlag 2009<\/li>\n<\/ul>\n<p>\u201eSaumbaukasten\u201c ist eine Erg\u00e4nzung und Erweiterung des Buches \u201eRandabschl\u00fcsse\u201c.<br \/>\nEr ist gedacht f\u00fcr Stickerinnen, die ihre vielen Arbeiten gerne mit unterschiedlichsten Saumgestaltungen verzieren wollen. Oder aber f\u00fcr Stickerinnen, die eine Decke ausschlie\u00dflich mit einer aufwendigen Kombination verschiedener Randabschl\u00fcsse besticken wollen.<br \/>\nAuf 22 Seiten finden sich Fotos von 22 verschiedenen Stopf- und Stopf-Wickel-Hohls\u00e4umen, dazu die jeweiligen Stopfschemata und die Arbeitsschritte in schematischer Darstellung. Weitere 22 Seiten sind Ausschneideb\u00f6gen mit insgesamt 76 verschiedenen Saumelementen, alle im gleichen Ma\u00dfstab. Hier finden sich (ein- und mehrreihig) K\u00e4stchenstiche, Erbsl\u00f6cher, Wickestich-Musterstreifen, Hexenstiche und Schl\u00e4ngchen, M\u00fcckenstiche, Wabenstiche, Lichte Muster und die sch\u00f6nsten Stopfhohls\u00e4ume. So kann man, nachdem man die einzelnen Elemente ausgeschnitten hat, spielerisch verschiedene Saumkombinationen zusammenlegen. Auf diese Weise kann man denjenigen Randabschluss finden, der einem am besten gef\u00e4llt, ohne ihn langwierig auf Stoff ausprobieren zu m\u00fcssen. Das macht einerseits gro\u00dfen Spa\u00df, auf der anderen Seite wird man \u00fcberrascht sein, wie vielf\u00e4ltig und abwechslungsreich eine Randabschlussgestaltung sein kann.<br \/>\nDie restlichen Seiten enthalten Abbildungen verschiedener Eck-Gestaltungen, Hinweise zum Fadenauszug und einige Tipps.<br \/>\nEinen Einblick in die Mappe kann man nehmen unter &#8222;<a title=\"Saumbaukasten\" href=\"https:\/\/www.luzine-happel.de\/?page_id=393\">Shop<\/a>&#8222;.<br \/><\/div><div class='clear_column'><\/div>","protected":false},"excerpt":{"rendered":"","protected":false},"author":1,"featured_media":0,"parent":55,"menu_order":0,"comment_status":"open","ping_status":"open","template":"page-FullWidth.php","meta":{"inline_featured_image":false,"footnotes":""},"class_list":["post-868","page","type-page","status-publish","hentry","wpautop"],"yoast_head":"<!-- This site is optimized with the Yoast SEO plugin v27.4 - https:\/\/yoast.com\/product\/yoast-seo-wordpress\/ -->\n<title>Saumbaukasten - Luzine Happel<\/title>\n<meta name=\"robots\" content=\"index, follow, max-snippet:-1, max-image-preview:large, max-video-preview:-1\" \/>\n<link rel=\"canonical\" href=\"https:\/\/www.luzine-happel.de\/?page_id=868&lang=en\" \/>\n<meta property=\"og:locale\" content=\"de_DE\" \/>\n<meta property=\"og:type\" content=\"article\" \/>\n<meta property=\"og:title\" content=\"Saumbaukasten - Luzine Happel\" \/>\n<meta property=\"og:url\" content=\"https:\/\/www.luzine-happel.de\/?page_id=868&amp;lang=en\" \/>\n<meta property=\"og:site_name\" content=\"Luzine Happel\" \/>\n<meta property=\"article:modified_time\" content=\"2018-03-18T12:34:07+00:00\" \/>\n<meta property=\"og:image\" content=\"https:\/\/www.luzine-happel.de\/wp-content\/uploads\/2012\/06\/Saumbaukasten-438x630.jpg\" \/>\n<meta name=\"twitter:card\" content=\"summary_large_image\" \/>\n<meta name=\"twitter:label1\" content=\"Gesch\u00e4tzte Lesezeit\" \/>\n\t<meta name=\"twitter:data1\" content=\"2\u00a0Minuten\" \/>\n<script type=\"application\/ld+json\" class=\"yoast-schema-graph\">{\"@context\":\"https:\\\/\\\/schema.org\",\"@graph\":[{\"@type\":\"WebPage\",\"@id\":\"https:\\\/\\\/www.luzine-happel.de\\\/?page_id=868&lang=en\",\"url\":\"https:\\\/\\\/www.luzine-happel.de\\\/?page_id=868&lang=en\",\"name\":\"Saumbaukasten - Luzine Happel\",\"isPartOf\":{\"@id\":\"https:\\\/\\\/www.luzine-happel.de\\\/#website\"},\"primaryImageOfPage\":{\"@id\":\"https:\\\/\\\/www.luzine-happel.de\\\/?page_id=868&lang=en#primaryimage\"},\"image\":{\"@id\":\"https:\\\/\\\/www.luzine-happel.de\\\/?page_id=868&lang=en#primaryimage\"},\"thumbnailUrl\":\"https:\\\/\\\/www.luzine-happel.de\\\/wp-content\\\/uploads\\\/2012\\\/06\\\/Saumbaukasten-438x630.jpg\",\"datePublished\":\"2012-07-13T10:43:41+00:00\",\"dateModified\":\"2018-03-18T12:34:07+00:00\",\"breadcrumb\":{\"@id\":\"https:\\\/\\\/www.luzine-happel.de\\\/?page_id=868&lang=en#breadcrumb\"},\"inLanguage\":\"de\",\"potentialAction\":[{\"@type\":\"ReadAction\",\"target\":[\"https:\\\/\\\/www.luzine-happel.de\\\/?page_id=868&lang=en\"]}]},{\"@type\":\"ImageObject\",\"inLanguage\":\"de\",\"@id\":\"https:\\\/\\\/www.luzine-happel.de\\\/?page_id=868&lang=en#primaryimage\",\"url\":\"https:\\\/\\\/www.luzine-happel.de\\\/wp-content\\\/uploads\\\/2012\\\/06\\\/Saumbaukasten.jpg\",\"contentUrl\":\"https:\\\/\\\/www.luzine-happel.de\\\/wp-content\\\/uploads\\\/2012\\\/06\\\/Saumbaukasten.jpg\",\"width\":\"711\",\"height\":\"1024\",\"caption\":\"Saumbaukasten - Luzine Happel\"},{\"@type\":\"BreadcrumbList\",\"@id\":\"https:\\\/\\\/www.luzine-happel.de\\\/?page_id=868&lang=en#breadcrumb\",\"itemListElement\":[{\"@type\":\"ListItem\",\"position\":1,\"name\":\"Startseite\",\"item\":\"https:\\\/\\\/www.luzine-happel.de\\\/\"},{\"@type\":\"ListItem\",\"position\":2,\"name\":\"Library\",\"item\":\"https:\\\/\\\/www.luzine-happel.de\\\/?page_id=55&lang=en\"},{\"@type\":\"ListItem\",\"position\":3,\"name\":\"Saumbaukasten\"}]},{\"@type\":\"WebSite\",\"@id\":\"https:\\\/\\\/www.luzine-happel.de\\\/#website\",\"url\":\"https:\\\/\\\/www.luzine-happel.de\\\/\",\"name\":\"Luzine Happel\",\"description\":\"\",\"potentialAction\":[{\"@type\":\"SearchAction\",\"target\":{\"@type\":\"EntryPoint\",\"urlTemplate\":\"https:\\\/\\\/www.luzine-happel.de\\\/?s={search_term_string}\"},\"query-input\":{\"@type\":\"PropertyValueSpecification\",\"valueRequired\":true,\"valueName\":\"search_term_string\"}}],\"inLanguage\":\"de\"}]}<\/script>\n<!-- \/ Yoast SEO plugin. -->","yoast_head_json":{"title":"Saumbaukasten - Luzine Happel","robots":{"index":"index","follow":"follow","max-snippet":"max-snippet:-1","max-image-preview":"max-image-preview:large","max-video-preview":"max-video-preview:-1"},"canonical":"https:\/\/www.luzine-happel.de\/?page_id=868&lang=en","og_locale":"de_DE","og_type":"article","og_title":"Saumbaukasten - Luzine Happel","og_url":"https:\/\/www.luzine-happel.de\/?page_id=868&lang=en","og_site_name":"Luzine Happel","article_modified_time":"2018-03-18T12:34:07+00:00","og_image":[{"url":"https:\/\/www.luzine-happel.de\/wp-content\/uploads\/2012\/06\/Saumbaukasten-438x630.jpg","type":"","width":"","height":""}],"twitter_card":"summary_large_image","twitter_misc":{"Gesch\u00e4tzte Lesezeit":"2\u00a0Minuten"},"schema":{"@context":"https:\/\/schema.org","@graph":[{"@type":"WebPage","@id":"https:\/\/www.luzine-happel.de\/?page_id=868&lang=en","url":"https:\/\/www.luzine-happel.de\/?page_id=868&lang=en","name":"Saumbaukasten - Luzine Happel","isPartOf":{"@id":"https:\/\/www.luzine-happel.de\/#website"},"primaryImageOfPage":{"@id":"https:\/\/www.luzine-happel.de\/?page_id=868&lang=en#primaryimage"},"image":{"@id":"https:\/\/www.luzine-happel.de\/?page_id=868&lang=en#primaryimage"},"thumbnailUrl":"https:\/\/www.luzine-happel.de\/wp-content\/uploads\/2012\/06\/Saumbaukasten-438x630.jpg","datePublished":"2012-07-13T10:43:41+00:00","dateModified":"2018-03-18T12:34:07+00:00","breadcrumb":{"@id":"https:\/\/www.luzine-happel.de\/?page_id=868&lang=en#breadcrumb"},"inLanguage":"de","potentialAction":[{"@type":"ReadAction","target":["https:\/\/www.luzine-happel.de\/?page_id=868&lang=en"]}]},{"@type":"ImageObject","inLanguage":"de","@id":"https:\/\/www.luzine-happel.de\/?page_id=868&lang=en#primaryimage","url":"https:\/\/www.luzine-happel.de\/wp-content\/uploads\/2012\/06\/Saumbaukasten.jpg","contentUrl":"https:\/\/www.luzine-happel.de\/wp-content\/uploads\/2012\/06\/Saumbaukasten.jpg","width":"711","height":"1024","caption":"Saumbaukasten - Luzine Happel"},{"@type":"BreadcrumbList","@id":"https:\/\/www.luzine-happel.de\/?page_id=868&lang=en#breadcrumb","itemListElement":[{"@type":"ListItem","position":1,"name":"Startseite","item":"https:\/\/www.luzine-happel.de\/"},{"@type":"ListItem","position":2,"name":"Library","item":"https:\/\/www.luzine-happel.de\/?page_id=55&lang=en"},{"@type":"ListItem","position":3,"name":"Saumbaukasten"}]},{"@type":"WebSite","@id":"https:\/\/www.luzine-happel.de\/#website","url":"https:\/\/www.luzine-happel.de\/","name":"Luzine Happel","description":"","potentialAction":[{"@type":"SearchAction","target":{"@type":"EntryPoint","urlTemplate":"https:\/\/www.luzine-happel.de\/?s={search_term_string}"},"query-input":{"@type":"PropertyValueSpecification","valueRequired":true,"valueName":"search_term_string"}}],"inLanguage":"de"}]}},"_links":{"self":[{"href":"https:\/\/www.luzine-happel.de\/index.php?rest_route=\/wp\/v2\/pages\/868","targetHints":{"allow":["GET"]}}],"collection":[{"href":"https:\/\/www.luzine-happel.de\/index.php?rest_route=\/wp\/v2\/pages"}],"about":[{"href":"https:\/\/www.luzine-happel.de\/index.php?rest_route=\/wp\/v2\/types\/page"}],"author":[{"embeddable":true,"href":"https:\/\/www.luzine-happel.de\/index.php?rest_route=\/wp\/v2\/users\/1"}],"replies":[{"embeddable":true,"href":"https:\/\/www.luzine-happel.de\/index.php?rest_route=%2Fwp%2Fv2%2Fcomments&post=868"}],"version-history":[{"count":2,"href":"https:\/\/www.luzine-happel.de\/index.php?rest_route=\/wp\/v2\/pages\/868\/revisions"}],"predecessor-version":[{"id":11265,"href":"https:\/\/www.luzine-happel.de\/index.php?rest_route=\/wp\/v2\/pages\/868\/revisions\/11265"}],"up":[{"embeddable":true,"href":"https:\/\/www.luzine-happel.de\/index.php?rest_route=\/wp\/v2\/pages\/55"}],"wp:attachment":[{"href":"https:\/\/www.luzine-happel.de\/index.php?rest_route=%2Fwp%2Fv2%2Fmedia&parent=868"}],"curies":[{"name":"wp","href":"https:\/\/api.w.org\/{rel}","templated":true}]}}