{"id":964,"date":"2012-07-20T09:45:18","date_gmt":"2012-07-20T07:45:18","guid":{"rendered":"https:\/\/www.luzine-happel.de\/?page_id=964"},"modified":"2019-02-25T22:30:19","modified_gmt":"2019-02-25T20:30:19","slug":"la-broderie-de-schwalm-ancienne","status":"publish","type":"page","link":"https:\/\/www.luzine-happel.de\/?page_id=964","title":{"rendered":"La broderie de Schwalm ancienne"},"content":{"rendered":"<p><\/p>\n<div class=\"product-description\" data-name=\"La broderie de Schwalm ancienne\" data-price=\"35,00\">\n<h3 class=\"product-name\">La broderie de Schwalm ancienne<\/h3>\n<div class=\"produktbeschreibung\">\n<ul>\n<li>Eigenverlag 2012<\/li>\n<li>Text: franz\u00f6sisch<\/li>\n<li>98 Seiten &#8211; farbig<\/li>\n<li>4 Bl\u00e4tter mit Markierungshilfen<\/li>\n<li>7 Bl\u00e4tter mit Konturenmustern<\/li>\n<li>Ringbindung<\/li>\n<\/ul>\n<p>franz\u00f6sische Ausgabe von \u201e<a title=\"Fr\u00fche\" href=\"http:\/\/s409015561.online.de\/wordpress\/?page_id=197\">Fr\u00fche Schw\u00e4lmer Wei\u00dfstickerei<\/a>\u201c Weitergehende Informationen finden Sie in der \u201e<a href=\"http:\/\/www.luzine-happel.de\/?page_id=766\">Bibliothek<\/a>\u201c.&#8220;<\/p>\n<\/div>\n<p class=\"produktpreis\">35,00 \u20ac <\/p>\n<p class=\"produktzusatz\">(zzgl. <a href=\"https:\/\/www.luzine-happel.de\/?page_id=13\">Versandkosten<\/a>)<br \/>Ohne Steuerausweis gem\u00e4\u00df Kleinunternehmerregelung \u00a7 19 UStG<\/p>\n<p><button class=\"btn btn-danger my-cart-btn luzinebutton\" data-id=\"021\" data-name=\"021 | La broderie de Schwalm ancienne\" data-summary=\"021 | La broderie de Schwalm ancienne\" data-price=\"35,00\" data-quantity=\"1\" data-image=\"https:\/\/www.luzine-happel.de\/wp-content\/uploads\/formidable\/21\/021-La_broderie_de_Schwalm_ancienne011-198x280.jpg\" data-tax=\"7\">In den Warenkorb<\/button><\/p>\n<\/div>\n<p><\/p>\n<div class=\"gallery-buddy\" style=\"width: 610px\"><div class=\"gallery-buddy-slide\"><div class=\"gallery-buddy-img\"><img loading=\"lazy\" decoding=\"async\" width=\"516\" height=\"730\" src=\"https:\/\/www.luzine-happel.de\/wp-content\/uploads\/2012\/06\/La_broderie_de_Schwalm_ancienne011.jpg\" class=\"attachment-610x730 size-610x730\" alt=\"La broderie de Schwalm ancienne 1 \/ 7\" srcset=\"https:\/\/www.luzine-happel.de\/wp-content\/uploads\/2012\/06\/La_broderie_de_Schwalm_ancienne011.jpg 1240w, https:\/\/www.luzine-happel.de\/wp-content\/uploads\/2012\/06\/La_broderie_de_Schwalm_ancienne011-106x150.jpg 106w, https:\/\/www.luzine-happel.de\/wp-content\/uploads\/2012\/06\/La_broderie_de_Schwalm_ancienne011-197x280.jpg 197w, https:\/\/www.luzine-happel.de\/wp-content\/uploads\/2012\/06\/La_broderie_de_Schwalm_ancienne011-723x1024.jpg 723w, https:\/\/www.luzine-happel.de\/wp-content\/uploads\/2012\/06\/La_broderie_de_Schwalm_ancienne011-438x619.jpg 438w, https:\/\/www.luzine-happel.de\/wp-content\/uploads\/2012\/06\/La_broderie_de_Schwalm_ancienne011-200x282.jpg 200w, https:\/\/www.luzine-happel.de\/wp-content\/uploads\/2012\/06\/La_broderie_de_Schwalm_ancienne011-280x396.jpg 280w\" sizes=\"auto, (max-width: 516px) 100vw, 516px\" \/><div class=\"gallery-buddy-prev\"><span class=\"gallery-buddy-btn\">\u2039<\/span><\/div><div class=\"gallery-buddy-next\"><span class=\"gallery-buddy-btn\">\u203a<\/span><\/div><\/div><p>La broderie de Schwalm ancienne 1 \/ 7<\/p><\/div><div class=\"gallery-buddy-slide\"><div class=\"gallery-buddy-img\"><img loading=\"lazy\" decoding=\"async\" width=\"516\" height=\"730\" src=\"https:\/\/www.luzine-happel.de\/wp-content\/uploads\/2012\/07\/La_broderie_de_Schwalm_ancienne02.jpg\" class=\"attachment-610x730 size-610x730\" alt=\"La broderie de Schwalm ancienne 2 \/ 7\" srcset=\"https:\/\/www.luzine-happel.de\/wp-content\/uploads\/2012\/07\/La_broderie_de_Schwalm_ancienne02.jpg 1240w, https:\/\/www.luzine-happel.de\/wp-content\/uploads\/2012\/07\/La_broderie_de_Schwalm_ancienne02-106x150.jpg 106w, https:\/\/www.luzine-happel.de\/wp-content\/uploads\/2012\/07\/La_broderie_de_Schwalm_ancienne02-197x280.jpg 197w, https:\/\/www.luzine-happel.de\/wp-content\/uploads\/2012\/07\/La_broderie_de_Schwalm_ancienne02-723x1024.jpg 723w, https:\/\/www.luzine-happel.de\/wp-content\/uploads\/2012\/07\/La_broderie_de_Schwalm_ancienne02-438x619.jpg 438w, https:\/\/www.luzine-happel.de\/wp-content\/uploads\/2012\/07\/La_broderie_de_Schwalm_ancienne02-200x282.jpg 200w, https:\/\/www.luzine-happel.de\/wp-content\/uploads\/2012\/07\/La_broderie_de_Schwalm_ancienne02-280x396.jpg 280w\" sizes=\"auto, (max-width: 516px) 100vw, 516px\" \/><div class=\"gallery-buddy-prev\"><span class=\"gallery-buddy-btn\">\u2039<\/span><\/div><div class=\"gallery-buddy-next\"><span class=\"gallery-buddy-btn\">\u203a<\/span><\/div><\/div><p>La broderie de Schwalm ancienne 2 \/ 7<\/p><\/div><div class=\"gallery-buddy-slide\"><div class=\"gallery-buddy-img\"><img loading=\"lazy\" decoding=\"async\" width=\"516\" height=\"730\" src=\"https:\/\/www.luzine-happel.de\/wp-content\/uploads\/2012\/07\/La_broderie_de_Schwalm_ancienne03.jpg\" class=\"attachment-610x730 size-610x730\" alt=\"La broderie de Schwalm ancienne 3 \/ 7\" srcset=\"https:\/\/www.luzine-happel.de\/wp-content\/uploads\/2012\/07\/La_broderie_de_Schwalm_ancienne03.jpg 1240w, https:\/\/www.luzine-happel.de\/wp-content\/uploads\/2012\/07\/La_broderie_de_Schwalm_ancienne03-106x150.jpg 106w, https:\/\/www.luzine-happel.de\/wp-content\/uploads\/2012\/07\/La_broderie_de_Schwalm_ancienne03-197x280.jpg 197w, https:\/\/www.luzine-happel.de\/wp-content\/uploads\/2012\/07\/La_broderie_de_Schwalm_ancienne03-723x1024.jpg 723w, https:\/\/www.luzine-happel.de\/wp-content\/uploads\/2012\/07\/La_broderie_de_Schwalm_ancienne03-438x619.jpg 438w, https:\/\/www.luzine-happel.de\/wp-content\/uploads\/2012\/07\/La_broderie_de_Schwalm_ancienne03-200x282.jpg 200w, https:\/\/www.luzine-happel.de\/wp-content\/uploads\/2012\/07\/La_broderie_de_Schwalm_ancienne03-280x396.jpg 280w\" sizes=\"auto, (max-width: 516px) 100vw, 516px\" \/><div class=\"gallery-buddy-prev\"><span class=\"gallery-buddy-btn\">\u2039<\/span><\/div><div class=\"gallery-buddy-next\"><span class=\"gallery-buddy-btn\">\u203a<\/span><\/div><\/div><p>La broderie de Schwalm ancienne 3 \/ 7<\/p><\/div><div class=\"gallery-buddy-slide\"><div class=\"gallery-buddy-img\"><img loading=\"lazy\" decoding=\"async\" width=\"516\" height=\"730\" src=\"https:\/\/www.luzine-happel.de\/wp-content\/uploads\/2012\/07\/La_broderie_de_Schwalm_ancienne04.jpg\" class=\"attachment-610x730 size-610x730\" alt=\"La broderie de Schwalm ancienne 4 \/ 7\" srcset=\"https:\/\/www.luzine-happel.de\/wp-content\/uploads\/2012\/07\/La_broderie_de_Schwalm_ancienne04.jpg 1240w, https:\/\/www.luzine-happel.de\/wp-content\/uploads\/2012\/07\/La_broderie_de_Schwalm_ancienne04-106x150.jpg 106w, https:\/\/www.luzine-happel.de\/wp-content\/uploads\/2012\/07\/La_broderie_de_Schwalm_ancienne04-197x280.jpg 197w, https:\/\/www.luzine-happel.de\/wp-content\/uploads\/2012\/07\/La_broderie_de_Schwalm_ancienne04-723x1024.jpg 723w, https:\/\/www.luzine-happel.de\/wp-content\/uploads\/2012\/07\/La_broderie_de_Schwalm_ancienne04-438x619.jpg 438w, https:\/\/www.luzine-happel.de\/wp-content\/uploads\/2012\/07\/La_broderie_de_Schwalm_ancienne04-200x282.jpg 200w, https:\/\/www.luzine-happel.de\/wp-content\/uploads\/2012\/07\/La_broderie_de_Schwalm_ancienne04-280x396.jpg 280w\" sizes=\"auto, (max-width: 516px) 100vw, 516px\" \/><div class=\"gallery-buddy-prev\"><span class=\"gallery-buddy-btn\">\u2039<\/span><\/div><div class=\"gallery-buddy-next\"><span class=\"gallery-buddy-btn\">\u203a<\/span><\/div><\/div><p>La broderie de Schwalm ancienne 4 \/ 7<\/p><\/div><div class=\"gallery-buddy-slide\"><div class=\"gallery-buddy-img\"><img loading=\"lazy\" decoding=\"async\" width=\"516\" height=\"730\" src=\"https:\/\/www.luzine-happel.de\/wp-content\/uploads\/2012\/07\/La_broderie_de_Schwalm_ancienne05.jpg\" class=\"attachment-610x730 size-610x730\" alt=\"La broderie de Schwalm ancienne 5 \/ 7\" srcset=\"https:\/\/www.luzine-happel.de\/wp-content\/uploads\/2012\/07\/La_broderie_de_Schwalm_ancienne05.jpg 1240w, https:\/\/www.luzine-happel.de\/wp-content\/uploads\/2012\/07\/La_broderie_de_Schwalm_ancienne05-106x150.jpg 106w, https:\/\/www.luzine-happel.de\/wp-content\/uploads\/2012\/07\/La_broderie_de_Schwalm_ancienne05-197x280.jpg 197w, https:\/\/www.luzine-happel.de\/wp-content\/uploads\/2012\/07\/La_broderie_de_Schwalm_ancienne05-723x1024.jpg 723w, https:\/\/www.luzine-happel.de\/wp-content\/uploads\/2012\/07\/La_broderie_de_Schwalm_ancienne05-438x619.jpg 438w, https:\/\/www.luzine-happel.de\/wp-content\/uploads\/2012\/07\/La_broderie_de_Schwalm_ancienne05-200x282.jpg 200w, https:\/\/www.luzine-happel.de\/wp-content\/uploads\/2012\/07\/La_broderie_de_Schwalm_ancienne05-280x396.jpg 280w\" sizes=\"auto, (max-width: 516px) 100vw, 516px\" \/><div class=\"gallery-buddy-prev\"><span class=\"gallery-buddy-btn\">\u2039<\/span><\/div><div class=\"gallery-buddy-next\"><span class=\"gallery-buddy-btn\">\u203a<\/span><\/div><\/div><p>La broderie de Schwalm ancienne 5 \/ 7<\/p><\/div><div class=\"gallery-buddy-slide\"><div class=\"gallery-buddy-img\"><img loading=\"lazy\" decoding=\"async\" width=\"516\" height=\"730\" src=\"https:\/\/www.luzine-happel.de\/wp-content\/uploads\/2012\/07\/La_broderie_de_Schwalm_ancienne06.jpg\" class=\"attachment-610x730 size-610x730\" alt=\"La broderie de Schwalm ancienne 6 \/ 7\" srcset=\"https:\/\/www.luzine-happel.de\/wp-content\/uploads\/2012\/07\/La_broderie_de_Schwalm_ancienne06.jpg 1240w, https:\/\/www.luzine-happel.de\/wp-content\/uploads\/2012\/07\/La_broderie_de_Schwalm_ancienne06-106x150.jpg 106w, https:\/\/www.luzine-happel.de\/wp-content\/uploads\/2012\/07\/La_broderie_de_Schwalm_ancienne06-197x280.jpg 197w, https:\/\/www.luzine-happel.de\/wp-content\/uploads\/2012\/07\/La_broderie_de_Schwalm_ancienne06-723x1024.jpg 723w, https:\/\/www.luzine-happel.de\/wp-content\/uploads\/2012\/07\/La_broderie_de_Schwalm_ancienne06-438x619.jpg 438w, https:\/\/www.luzine-happel.de\/wp-content\/uploads\/2012\/07\/La_broderie_de_Schwalm_ancienne06-200x282.jpg 200w, https:\/\/www.luzine-happel.de\/wp-content\/uploads\/2012\/07\/La_broderie_de_Schwalm_ancienne06-280x396.jpg 280w\" sizes=\"auto, (max-width: 516px) 100vw, 516px\" \/><div class=\"gallery-buddy-prev\"><span class=\"gallery-buddy-btn\">\u2039<\/span><\/div><div class=\"gallery-buddy-next\"><span class=\"gallery-buddy-btn\">\u203a<\/span><\/div><\/div><p>La broderie de Schwalm ancienne 6 \/ 7<\/p><\/div><div class=\"gallery-buddy-slide\"><div class=\"gallery-buddy-img\"><img loading=\"lazy\" decoding=\"async\" width=\"516\" height=\"730\" src=\"https:\/\/www.luzine-happel.de\/wp-content\/uploads\/2012\/07\/La_broderie_de_Schwalm_ancienne07.jpg\" class=\"attachment-610x730 size-610x730\" alt=\"La broderie de Schwalm ancienne 7 \/ 7\" srcset=\"https:\/\/www.luzine-happel.de\/wp-content\/uploads\/2012\/07\/La_broderie_de_Schwalm_ancienne07.jpg 1240w, https:\/\/www.luzine-happel.de\/wp-content\/uploads\/2012\/07\/La_broderie_de_Schwalm_ancienne07-106x150.jpg 106w, https:\/\/www.luzine-happel.de\/wp-content\/uploads\/2012\/07\/La_broderie_de_Schwalm_ancienne07-197x280.jpg 197w, https:\/\/www.luzine-happel.de\/wp-content\/uploads\/2012\/07\/La_broderie_de_Schwalm_ancienne07-723x1024.jpg 723w, https:\/\/www.luzine-happel.de\/wp-content\/uploads\/2012\/07\/La_broderie_de_Schwalm_ancienne07-438x619.jpg 438w, https:\/\/www.luzine-happel.de\/wp-content\/uploads\/2012\/07\/La_broderie_de_Schwalm_ancienne07-200x282.jpg 200w, https:\/\/www.luzine-happel.de\/wp-content\/uploads\/2012\/07\/La_broderie_de_Schwalm_ancienne07-280x396.jpg 280w\" sizes=\"auto, (max-width: 516px) 100vw, 516px\" \/><div class=\"gallery-buddy-prev\"><span class=\"gallery-buddy-btn\">\u2039<\/span><\/div><div class=\"gallery-buddy-next\"><span class=\"gallery-buddy-btn\">\u203a<\/span><\/div><\/div><p>La broderie de Schwalm ancienne 7 \/ 7<\/p><\/div><\/div>","protected":false},"excerpt":{"rendered":"","protected":false},"author":1,"featured_media":0,"parent":57,"menu_order":0,"comment_status":"open","ping_status":"open","template":"page-FullWidth.php","meta":{"inline_featured_image":false,"footnotes":""},"class_list":["post-964","page","type-page","status-publish","hentry","wpautop"],"yoast_head":"<!-- This site is optimized with the Yoast SEO plugin v27.4 - https:\/\/yoast.com\/product\/yoast-seo-wordpress\/ -->\n<title>La broderie de Schwalm ancienne - Luzine Happel<\/title>\n<meta name=\"robots\" content=\"index, follow, max-snippet:-1, max-image-preview:large, max-video-preview:-1\" \/>\n<link rel=\"canonical\" href=\"https:\/\/www.luzine-happel.de\/?page_id=964&lang=en\" \/>\n<meta property=\"og:locale\" content=\"de_DE\" \/>\n<meta property=\"og:type\" content=\"article\" \/>\n<meta property=\"og:title\" content=\"La broderie de Schwalm ancienne - Luzine Happel\" \/>\n<meta property=\"og:url\" content=\"https:\/\/www.luzine-happel.de\/?page_id=964&amp;lang=en\" \/>\n<meta property=\"og:site_name\" content=\"Luzine Happel\" \/>\n<meta property=\"article:modified_time\" content=\"2019-02-25T20:30:19+00:00\" \/>\n<meta name=\"twitter:card\" content=\"summary_large_image\" \/>\n<script type=\"application\/ld+json\" class=\"yoast-schema-graph\">{\"@context\":\"https:\\\/\\\/schema.org\",\"@graph\":[{\"@type\":\"WebPage\",\"@id\":\"https:\\\/\\\/www.luzine-happel.de\\\/?page_id=964&lang=en\",\"url\":\"https:\\\/\\\/www.luzine-happel.de\\\/?page_id=964&lang=en\",\"name\":\"La broderie de Schwalm ancienne - Luzine Happel\",\"isPartOf\":{\"@id\":\"https:\\\/\\\/www.luzine-happel.de\\\/#website\"},\"datePublished\":\"2012-07-20T07:45:18+00:00\",\"dateModified\":\"2019-02-25T20:30:19+00:00\",\"breadcrumb\":{\"@id\":\"https:\\\/\\\/www.luzine-happel.de\\\/?page_id=964&lang=en#breadcrumb\"},\"inLanguage\":\"de\",\"potentialAction\":[{\"@type\":\"ReadAction\",\"target\":[\"https:\\\/\\\/www.luzine-happel.de\\\/?page_id=964&lang=en\"]}]},{\"@type\":\"BreadcrumbList\",\"@id\":\"https:\\\/\\\/www.luzine-happel.de\\\/?page_id=964&lang=en#breadcrumb\",\"itemListElement\":[{\"@type\":\"ListItem\",\"position\":1,\"name\":\"Startseite\",\"item\":\"https:\\\/\\\/www.luzine-happel.de\\\/\"},{\"@type\":\"ListItem\",\"position\":2,\"name\":\"Shop\",\"item\":\"https:\\\/\\\/www.luzine-happel.de\\\/?page_id=57&lang=en\"},{\"@type\":\"ListItem\",\"position\":3,\"name\":\"La broderie de Schwalm ancienne\"}]},{\"@type\":\"WebSite\",\"@id\":\"https:\\\/\\\/www.luzine-happel.de\\\/#website\",\"url\":\"https:\\\/\\\/www.luzine-happel.de\\\/\",\"name\":\"Luzine Happel\",\"description\":\"\",\"potentialAction\":[{\"@type\":\"SearchAction\",\"target\":{\"@type\":\"EntryPoint\",\"urlTemplate\":\"https:\\\/\\\/www.luzine-happel.de\\\/?s={search_term_string}\"},\"query-input\":{\"@type\":\"PropertyValueSpecification\",\"valueRequired\":true,\"valueName\":\"search_term_string\"}}],\"inLanguage\":\"de\"}]}<\/script>\n<!-- \/ Yoast SEO plugin. -->","yoast_head_json":{"title":"La broderie de Schwalm ancienne - Luzine Happel","robots":{"index":"index","follow":"follow","max-snippet":"max-snippet:-1","max-image-preview":"max-image-preview:large","max-video-preview":"max-video-preview:-1"},"canonical":"https:\/\/www.luzine-happel.de\/?page_id=964&lang=en","og_locale":"de_DE","og_type":"article","og_title":"La broderie de Schwalm ancienne - Luzine Happel","og_url":"https:\/\/www.luzine-happel.de\/?page_id=964&lang=en","og_site_name":"Luzine Happel","article_modified_time":"2019-02-25T20:30:19+00:00","twitter_card":"summary_large_image","schema":{"@context":"https:\/\/schema.org","@graph":[{"@type":"WebPage","@id":"https:\/\/www.luzine-happel.de\/?page_id=964&lang=en","url":"https:\/\/www.luzine-happel.de\/?page_id=964&lang=en","name":"La broderie de Schwalm ancienne - Luzine Happel","isPartOf":{"@id":"https:\/\/www.luzine-happel.de\/#website"},"datePublished":"2012-07-20T07:45:18+00:00","dateModified":"2019-02-25T20:30:19+00:00","breadcrumb":{"@id":"https:\/\/www.luzine-happel.de\/?page_id=964&lang=en#breadcrumb"},"inLanguage":"de","potentialAction":[{"@type":"ReadAction","target":["https:\/\/www.luzine-happel.de\/?page_id=964&lang=en"]}]},{"@type":"BreadcrumbList","@id":"https:\/\/www.luzine-happel.de\/?page_id=964&lang=en#breadcrumb","itemListElement":[{"@type":"ListItem","position":1,"name":"Startseite","item":"https:\/\/www.luzine-happel.de\/"},{"@type":"ListItem","position":2,"name":"Shop","item":"https:\/\/www.luzine-happel.de\/?page_id=57&lang=en"},{"@type":"ListItem","position":3,"name":"La broderie de Schwalm ancienne"}]},{"@type":"WebSite","@id":"https:\/\/www.luzine-happel.de\/#website","url":"https:\/\/www.luzine-happel.de\/","name":"Luzine Happel","description":"","potentialAction":[{"@type":"SearchAction","target":{"@type":"EntryPoint","urlTemplate":"https:\/\/www.luzine-happel.de\/?s={search_term_string}"},"query-input":{"@type":"PropertyValueSpecification","valueRequired":true,"valueName":"search_term_string"}}],"inLanguage":"de"}]}},"_links":{"self":[{"href":"https:\/\/www.luzine-happel.de\/index.php?rest_route=\/wp\/v2\/pages\/964","targetHints":{"allow":["GET"]}}],"collection":[{"href":"https:\/\/www.luzine-happel.de\/index.php?rest_route=\/wp\/v2\/pages"}],"about":[{"href":"https:\/\/www.luzine-happel.de\/index.php?rest_route=\/wp\/v2\/types\/page"}],"author":[{"embeddable":true,"href":"https:\/\/www.luzine-happel.de\/index.php?rest_route=\/wp\/v2\/users\/1"}],"replies":[{"embeddable":true,"href":"https:\/\/www.luzine-happel.de\/index.php?rest_route=%2Fwp%2Fv2%2Fcomments&post=964"}],"version-history":[{"count":3,"href":"https:\/\/www.luzine-happel.de\/index.php?rest_route=\/wp\/v2\/pages\/964\/revisions"}],"predecessor-version":[{"id":14512,"href":"https:\/\/www.luzine-happel.de\/index.php?rest_route=\/wp\/v2\/pages\/964\/revisions\/14512"}],"up":[{"embeddable":true,"href":"https:\/\/www.luzine-happel.de\/index.php?rest_route=\/wp\/v2\/pages\/57"}],"wp:attachment":[{"href":"https:\/\/www.luzine-happel.de\/index.php?rest_route=%2Fwp%2Fv2%2Fmedia&parent=964"}],"curies":[{"name":"wp","href":"https:\/\/api.w.org\/{rel}","templated":true}]}}