{"id":9688,"date":"2017-10-12T17:21:56","date_gmt":"2017-10-12T15:21:56","guid":{"rendered":"https:\/\/www.luzine-happel.de\/?page_id=9688"},"modified":"2023-03-27T22:11:57","modified_gmt":"2023-03-27T20:11:57","slug":"tanzeckenquadrate","status":"publish","type":"page","link":"https:\/\/www.luzine-happel.de\/?page_id=9688","title":{"rendered":"Tanzeckenquadrate"},"content":{"rendered":"<p><\/p>\n<div class=\"product-description\" data-name=\"Tanzeckenquadrate - download\" data-price=\"25,00\">\n<h3 class=\"product-name\">Tanzeckenquadrate &#8211; download<\/h3>\n<div class=\"produktbeschreibung\">\n<ul>\n<li>Konturenmuster<\/li>\n<li>8 Seiten<\/li>\n<li>7 + 1 Zeichnungen in der Gr\u00f6\u00dfe von 18 cm x 18 cm<\/li>\n<li>2,28 MB Dateigr\u00f6\u00dfe<\/li>\n<\/ul>\n<p>Weitergehende Informationen finden Sie <a href=\"https:\/\/www.luzine-happel.de\/?p=9692\">hier<\/a>.&#8220;<\/p>\n<\/div>\n<p class=\"produktpreis\">25,00 \u20ac <\/p>\n<p class=\"produktzusatz\">Ohne Steuerausweis gem\u00e4\u00df Kleinunternehmerregelung \u00a7 19 UStG<\/p>\n<p><button class=\"btn btn-danger my-cart-btn luzinebutton\" data-id=\"084\" data-name=\"084 | Tanzeckenquadrate - download\" data-summary=\"084 | Tanzeckenquadrate - download\" data-price=\"25,00\" data-quantity=\"1\" data-image=\"https:\/\/www.luzine-happel.de\/wp-content\/uploads\/formidable\/21\/084-Titel_Tanzeckenquadrate-198x280.jpg\" data-tax=\"7\">In den Warenkorb<\/button><\/p>\n<\/div>\n<p><\/p>\n\n<div style=\"max-width: 580px;float: left;\"><img loading=\"lazy\" decoding=\"async\" src=\"https:\/\/www.luzine-happel.de\/wp-content\/uploads\/2017\/10\/Titel_Tanzeckenquadrate-438x619.jpg\" alt=\"\" width=\"438\" height=\"619\" class=\"aligncenter size-blog-pos-groesse wp-image-9695\" style=\"border:1px solid #000000\" srcset=\"https:\/\/www.luzine-happel.de\/wp-content\/uploads\/2017\/10\/Titel_Tanzeckenquadrate-438x619.jpg 438w, https:\/\/www.luzine-happel.de\/wp-content\/uploads\/2017\/10\/Titel_Tanzeckenquadrate-198x280.jpg 198w, https:\/\/www.luzine-happel.de\/wp-content\/uploads\/2017\/10\/Titel_Tanzeckenquadrate-768x1086.jpg 768w, https:\/\/www.luzine-happel.de\/wp-content\/uploads\/2017\/10\/Titel_Tanzeckenquadrate-724x1024.jpg 724w, https:\/\/www.luzine-happel.de\/wp-content\/uploads\/2017\/10\/Titel_Tanzeckenquadrate.jpg 1200w\" sizes=\"auto, (max-width: 438px) 100vw, 438px\" \/><\/div>","protected":false},"excerpt":{"rendered":"","protected":false},"author":1,"featured_media":0,"parent":57,"menu_order":0,"comment_status":"closed","ping_status":"closed","template":"page-FullWidth.php","meta":{"inline_featured_image":false,"footnotes":""},"class_list":["post-9688","page","type-page","status-publish","hentry","wpautop"],"yoast_head":"<!-- This site is optimized with the Yoast SEO plugin v27.4 - https:\/\/yoast.com\/product\/yoast-seo-wordpress\/ -->\n<title>Tanzeckenquadrate - Luzine Happel<\/title>\n<meta name=\"robots\" content=\"index, follow, max-snippet:-1, max-image-preview:large, max-video-preview:-1\" \/>\n<link rel=\"canonical\" href=\"https:\/\/www.luzine-happel.de\/?page_id=9688\" \/>\n<meta property=\"og:locale\" content=\"de_DE\" \/>\n<meta property=\"og:type\" content=\"article\" \/>\n<meta property=\"og:title\" content=\"Tanzeckenquadrate - Luzine Happel\" \/>\n<meta property=\"og:url\" content=\"https:\/\/www.luzine-happel.de\/?page_id=9688\" \/>\n<meta property=\"og:site_name\" content=\"Luzine Happel\" \/>\n<meta property=\"article:modified_time\" content=\"2023-03-27T20:11:57+00:00\" \/>\n<meta property=\"og:image\" content=\"https:\/\/www.luzine-happel.de\/wp-content\/uploads\/2017\/10\/Titel_Tanzeckenquadrate-438x619.jpg\" \/>\n<meta name=\"twitter:card\" content=\"summary_large_image\" \/>\n<meta name=\"twitter:label1\" content=\"Gesch\u00e4tzte Lesezeit\" \/>\n\t<meta name=\"twitter:data1\" content=\"1\u00a0Minute\" \/>\n<script type=\"application\/ld+json\" class=\"yoast-schema-graph\">{\"@context\":\"https:\\\/\\\/schema.org\",\"@graph\":[{\"@type\":\"WebPage\",\"@id\":\"https:\\\/\\\/www.luzine-happel.de\\\/?page_id=9688\",\"url\":\"https:\\\/\\\/www.luzine-happel.de\\\/?page_id=9688\",\"name\":\"Tanzeckenquadrate - Luzine Happel\",\"isPartOf\":{\"@id\":\"https:\\\/\\\/www.luzine-happel.de\\\/#website\"},\"primaryImageOfPage\":{\"@id\":\"https:\\\/\\\/www.luzine-happel.de\\\/?page_id=9688#primaryimage\"},\"image\":{\"@id\":\"https:\\\/\\\/www.luzine-happel.de\\\/?page_id=9688#primaryimage\"},\"thumbnailUrl\":\"https:\\\/\\\/www.luzine-happel.de\\\/wp-content\\\/uploads\\\/2017\\\/10\\\/Titel_Tanzeckenquadrate-438x619.jpg\",\"datePublished\":\"2017-10-12T15:21:56+00:00\",\"dateModified\":\"2023-03-27T20:11:57+00:00\",\"breadcrumb\":{\"@id\":\"https:\\\/\\\/www.luzine-happel.de\\\/?page_id=9688#breadcrumb\"},\"inLanguage\":\"de\",\"potentialAction\":[{\"@type\":\"ReadAction\",\"target\":[\"https:\\\/\\\/www.luzine-happel.de\\\/?page_id=9688\"]}]},{\"@type\":\"ImageObject\",\"inLanguage\":\"de\",\"@id\":\"https:\\\/\\\/www.luzine-happel.de\\\/?page_id=9688#primaryimage\",\"url\":\"https:\\\/\\\/www.luzine-happel.de\\\/wp-content\\\/uploads\\\/2017\\\/10\\\/Titel_Tanzeckenquadrate.jpg\",\"contentUrl\":\"https:\\\/\\\/www.luzine-happel.de\\\/wp-content\\\/uploads\\\/2017\\\/10\\\/Titel_Tanzeckenquadrate.jpg\",\"width\":1200,\"height\":1697,\"caption\":\"Tanzeckenquadrate Konturenmuster 8 Seiten 7 + 1 Zeichnungen in der Gr\u00f6\u00dfe von 18 cm x 18 cm 2,28 MB Dateigr\u00f6\u00dfe 25 \u20ac zum download\"},{\"@type\":\"BreadcrumbList\",\"@id\":\"https:\\\/\\\/www.luzine-happel.de\\\/?page_id=9688#breadcrumb\",\"itemListElement\":[{\"@type\":\"ListItem\",\"position\":1,\"name\":\"Startseite\",\"item\":\"https:\\\/\\\/www.luzine-happel.de\\\/\"},{\"@type\":\"ListItem\",\"position\":2,\"name\":\"Shop\",\"item\":\"https:\\\/\\\/www.luzine-happel.de\\\/?page_id=57&lang=en\"},{\"@type\":\"ListItem\",\"position\":3,\"name\":\"Tanzeckenquadrate\"}]},{\"@type\":\"WebSite\",\"@id\":\"https:\\\/\\\/www.luzine-happel.de\\\/#website\",\"url\":\"https:\\\/\\\/www.luzine-happel.de\\\/\",\"name\":\"Luzine Happel\",\"description\":\"\",\"potentialAction\":[{\"@type\":\"SearchAction\",\"target\":{\"@type\":\"EntryPoint\",\"urlTemplate\":\"https:\\\/\\\/www.luzine-happel.de\\\/?s={search_term_string}\"},\"query-input\":{\"@type\":\"PropertyValueSpecification\",\"valueRequired\":true,\"valueName\":\"search_term_string\"}}],\"inLanguage\":\"de\"}]}<\/script>\n<!-- \/ Yoast SEO plugin. -->","yoast_head_json":{"title":"Tanzeckenquadrate - Luzine Happel","robots":{"index":"index","follow":"follow","max-snippet":"max-snippet:-1","max-image-preview":"max-image-preview:large","max-video-preview":"max-video-preview:-1"},"canonical":"https:\/\/www.luzine-happel.de\/?page_id=9688","og_locale":"de_DE","og_type":"article","og_title":"Tanzeckenquadrate - Luzine Happel","og_url":"https:\/\/www.luzine-happel.de\/?page_id=9688","og_site_name":"Luzine Happel","article_modified_time":"2023-03-27T20:11:57+00:00","og_image":[{"url":"https:\/\/www.luzine-happel.de\/wp-content\/uploads\/2017\/10\/Titel_Tanzeckenquadrate-438x619.jpg","type":"","width":"","height":""}],"twitter_card":"summary_large_image","twitter_misc":{"Gesch\u00e4tzte Lesezeit":"1\u00a0Minute"},"schema":{"@context":"https:\/\/schema.org","@graph":[{"@type":"WebPage","@id":"https:\/\/www.luzine-happel.de\/?page_id=9688","url":"https:\/\/www.luzine-happel.de\/?page_id=9688","name":"Tanzeckenquadrate - Luzine Happel","isPartOf":{"@id":"https:\/\/www.luzine-happel.de\/#website"},"primaryImageOfPage":{"@id":"https:\/\/www.luzine-happel.de\/?page_id=9688#primaryimage"},"image":{"@id":"https:\/\/www.luzine-happel.de\/?page_id=9688#primaryimage"},"thumbnailUrl":"https:\/\/www.luzine-happel.de\/wp-content\/uploads\/2017\/10\/Titel_Tanzeckenquadrate-438x619.jpg","datePublished":"2017-10-12T15:21:56+00:00","dateModified":"2023-03-27T20:11:57+00:00","breadcrumb":{"@id":"https:\/\/www.luzine-happel.de\/?page_id=9688#breadcrumb"},"inLanguage":"de","potentialAction":[{"@type":"ReadAction","target":["https:\/\/www.luzine-happel.de\/?page_id=9688"]}]},{"@type":"ImageObject","inLanguage":"de","@id":"https:\/\/www.luzine-happel.de\/?page_id=9688#primaryimage","url":"https:\/\/www.luzine-happel.de\/wp-content\/uploads\/2017\/10\/Titel_Tanzeckenquadrate.jpg","contentUrl":"https:\/\/www.luzine-happel.de\/wp-content\/uploads\/2017\/10\/Titel_Tanzeckenquadrate.jpg","width":1200,"height":1697,"caption":"Tanzeckenquadrate Konturenmuster 8 Seiten 7 + 1 Zeichnungen in der Gr\u00f6\u00dfe von 18 cm x 18 cm 2,28 MB Dateigr\u00f6\u00dfe 25 \u20ac zum download"},{"@type":"BreadcrumbList","@id":"https:\/\/www.luzine-happel.de\/?page_id=9688#breadcrumb","itemListElement":[{"@type":"ListItem","position":1,"name":"Startseite","item":"https:\/\/www.luzine-happel.de\/"},{"@type":"ListItem","position":2,"name":"Shop","item":"https:\/\/www.luzine-happel.de\/?page_id=57&lang=en"},{"@type":"ListItem","position":3,"name":"Tanzeckenquadrate"}]},{"@type":"WebSite","@id":"https:\/\/www.luzine-happel.de\/#website","url":"https:\/\/www.luzine-happel.de\/","name":"Luzine Happel","description":"","potentialAction":[{"@type":"SearchAction","target":{"@type":"EntryPoint","urlTemplate":"https:\/\/www.luzine-happel.de\/?s={search_term_string}"},"query-input":{"@type":"PropertyValueSpecification","valueRequired":true,"valueName":"search_term_string"}}],"inLanguage":"de"}]}},"_links":{"self":[{"href":"https:\/\/www.luzine-happel.de\/index.php?rest_route=\/wp\/v2\/pages\/9688","targetHints":{"allow":["GET"]}}],"collection":[{"href":"https:\/\/www.luzine-happel.de\/index.php?rest_route=\/wp\/v2\/pages"}],"about":[{"href":"https:\/\/www.luzine-happel.de\/index.php?rest_route=\/wp\/v2\/types\/page"}],"author":[{"embeddable":true,"href":"https:\/\/www.luzine-happel.de\/index.php?rest_route=\/wp\/v2\/users\/1"}],"replies":[{"embeddable":true,"href":"https:\/\/www.luzine-happel.de\/index.php?rest_route=%2Fwp%2Fv2%2Fcomments&post=9688"}],"version-history":[{"count":6,"href":"https:\/\/www.luzine-happel.de\/index.php?rest_route=\/wp\/v2\/pages\/9688\/revisions"}],"predecessor-version":[{"id":22169,"href":"https:\/\/www.luzine-happel.de\/index.php?rest_route=\/wp\/v2\/pages\/9688\/revisions\/22169"}],"up":[{"embeddable":true,"href":"https:\/\/www.luzine-happel.de\/index.php?rest_route=\/wp\/v2\/pages\/57"}],"wp:attachment":[{"href":"https:\/\/www.luzine-happel.de\/index.php?rest_route=%2Fwp%2Fv2%2Fmedia&parent=9688"}],"curies":[{"name":"wp","href":"https:\/\/api.w.org\/{rel}","templated":true}]}}